{"id":3102,"date":"2024-07-12T03:29:39","date_gmt":"2024-07-12T03:29:39","guid":{"rendered":"https:\/\/www.ceramicbasin.com\/?post_type=product&#038;p=3102"},"modified":"2024-11-01T08:41:16","modified_gmt":"2024-11-01T08:41:16","slug":"countertop-wash-basins-wholesale","status":"publish","type":"product","link":"https:\/\/www.ceramicbasin.com\/es\/producto\/countertop-wash-basins-wholesale\/","title":{"rendered":"Lavabos De Lujo Al Por Mayor Para Ba\u00f1o De Hotel"},"content":{"rendered":"<div class=\"wp-block-columns is-layout-flex wp-container-core-columns-is-layout-9d6595d7 wp-block-columns-is-layout-flex\">\n<div class=\"wp-block-column is-layout-flow wp-block-column-is-layout-flow\">\n<h2 class=\"wp-block-heading\">Lavabos de Encimera Premium al por mayor Caracter\u00edsticas:<\/h2>\n\n\n\n<ul class=\"wp-block-list\">\n<li><strong>Dise\u00f1o lujoso: <\/strong>Nuestros lavabos de encimera al por mayor est\u00e1n dise\u00f1ados para hoteles de lujo. Adopta un aspecto de alta gama y atmosf\u00e9rico, l\u00ednea elegante, detalle exquisito, que puede realzar inmediatamente el gusto total del cuarto de ba\u00f1o y traer a hu\u00e9spedes una experiencia lujosa del uso.<\/li>\n\n\n\n<li><strong>Duradera: <\/strong>El material cer\u00e1mico de alta calidad hace que nuestros lavabos al por mayor sean resistentes y duraderos, antiincrustantes y antiara\u00f1azos durante mucho tiempo, manteni\u00e9ndolos brillantes y nuevos. Ya sea uso constante o limpieza regular; maneja f\u00e1cilmente eso.<\/li>\n\n\n\n<li><strong>Ahorro de costes: <\/strong>Proporcionamos el precio m\u00e1s competitivo ofreciendo servicios de cuenca al por mayor y suministrando directamente de f\u00e1brica para que pueda ofrecer la mejor calidad al precio m\u00e1s competitivo. Las ventajas adicionales con las compras al por mayor incluyen m\u00e1s descuentos, por lo que ayudan a los propietarios de hoteles a ahorrar costes de decoraci\u00f3n.<\/li>\n\n\n\n<li><strong>Salud y seguridad:<\/strong> Estos lavabos de encimera de cer\u00e1mica al por mayor est\u00e1n sometidos a un proceso de producci\u00f3n respetuoso con el medio ambiente, y no utilizan sustancias nocivas, por lo que pueden garantizar la inocuidad de los productos para el cuerpo humano. Se compromete a proporcionar a su hotel productos de ba\u00f1o seguros y ecol\u00f3gicos.<\/li>\n<\/ul>\n<\/div>\n\n\n\n<div class=\"wp-block-column is-layout-flow wp-block-column-is-layout-flow\">\n<figure class=\"wp-block-image size-full\"><img fetchpriority=\"high\" decoding=\"async\" width=\"750\" height=\"750\" src=\"https:\/\/www.ceramicbasin.com\/wp-content\/uploads\/2024\/07\/luxury-hotel-countertop-wash-basins-wholesale-for-bathroom-1.webp\" alt=\"lavabos-sobre-encimera-de-hotel-de-lujo-mayorista-para-ba\u00f1o-1\" class=\"wp-image-3106\" srcset=\"https:\/\/www.ceramicbasin.com\/wp-content\/uploads\/2024\/07\/luxury-hotel-countertop-wash-basins-wholesale-for-bathroom-1.webp 750w, https:\/\/www.ceramicbasin.com\/wp-content\/uploads\/2024\/07\/luxury-hotel-countertop-wash-basins-wholesale-for-bathroom-1-300x300.webp 300w, https:\/\/www.ceramicbasin.com\/wp-content\/uploads\/2024\/07\/luxury-hotel-countertop-wash-basins-wholesale-for-bathroom-1-150x150.webp 150w, https:\/\/www.ceramicbasin.com\/wp-content\/uploads\/2024\/07\/luxury-hotel-countertop-wash-basins-wholesale-for-bathroom-1-12x12.webp 12w, https:\/\/www.ceramicbasin.com\/wp-content\/uploads\/2024\/07\/luxury-hotel-countertop-wash-basins-wholesale-for-bathroom-1-285x285.webp 285w, https:\/\/www.ceramicbasin.com\/wp-content\/uploads\/2024\/07\/luxury-hotel-countertop-wash-basins-wholesale-for-bathroom-1-270x270.webp 270w, https:\/\/www.ceramicbasin.com\/wp-content\/uploads\/2024\/07\/luxury-hotel-countertop-wash-basins-wholesale-for-bathroom-1-540x540.webp 540w, https:\/\/www.ceramicbasin.com\/wp-content\/uploads\/2024\/07\/luxury-hotel-countertop-wash-basins-wholesale-for-bathroom-1-660x660.webp 660w\" sizes=\"(max-width: 750px) 100vw, 750px\" \/><\/figure>\n<\/div>\n<\/div>","protected":false},"excerpt":{"rendered":"<p>Bienvenido a comprar lavabos de ba\u00f1o al por mayor. Nuestros lavabos de lujo al por mayor est\u00e1n exquisitamente dise\u00f1ados y hechos de materiales cer\u00e1micos de alta calidad, que son duraderos y pueden mejorar el sabor general del cuarto de ba\u00f1o. Nuestros lavabos de ba\u00f1o al por mayor son suministrados de f\u00e1brica y ofrecen precios muy competitivos, proporcionando soluciones de ba\u00f1o de alta calidad para su hotel.<\/p>\n<table style=\"border-collapse: collapse; width: 311.02pt;\" border=\"0\" width=\"311\" cellspacing=\"0\" cellpadding=\"0\">\n<tbody>\n<tr style=\"height: 17.60pt;\">\n<td class=\"et3\" style=\"height: 17.60pt; width: 108.35pt;\" width=\"108\" height=\"17\">Fabricante<\/td>\n<td class=\"et3\" style=\"width: 202.95pt;\" width=\"202\">HanYu<\/td>\n<\/tr>\n<tr style=\"height: 17.60pt;\">\n<td class=\"et3\" style=\"height: 17.60pt;\" height=\"17\">N\u00ba de modelo<\/td>\n<td class=\"et4\">HY-5102<\/td>\n<\/tr>\n<tr style=\"height: 17.60pt;\">\n<td class=\"et3\" style=\"height: 17.60pt;\" height=\"17\">Tipo<\/td>\n<td class=\"et3\">Lavabo de Encimera<\/td>\n<\/tr>\n<tr style=\"height: 17.60pt;\">\n<td class=\"et3\" style=\"height: 17.60pt;\" height=\"17\">Forma<\/td>\n<td class=\"et3\">Forma de hoja<\/td>\n<\/tr>\n<tr style=\"height: 17.60pt;\">\n<td class=\"et4\" style=\"height: 17.60pt;\" height=\"17\">Color<\/td>\n<td class=\"et3\">Blanco<\/td>\n<\/tr>\n<tr style=\"height: 18.00pt;\">\n<td class=\"et3\" style=\"height: 18.00pt;\" height=\"18\">Dimensi\u00f3n<\/td>\n<td class=\"et5\" style=\"width: 202.95pt;\" width=\"202\">73*37*13<\/td>\n<\/tr>\n<tr style=\"height: 17.60pt;\">\n<td class=\"et3\" style=\"height: 17.60pt;\" height=\"17\">N.W \/SET<\/td>\n<td class=\"et3\">10KG\/PCS<\/td>\n<\/tr>\n<tr style=\"height: 17.60pt;\">\n<td class=\"et3\" style=\"height: 17.60pt;\" height=\"17\">MOQ<\/td>\n<td class=\"et3\">20 piezas<\/td>\n<\/tr>\n<tr style=\"height: 17.60pt;\">\n<td class=\"et3\" style=\"height: 17.60pt;\" height=\"17\">Opci\u00f3n personalizada<\/td>\n<td class=\"et3\">Color\/Patr\u00f3n\/Tama\u00f1o\/Logotipo\/Embalaje<\/td>\n<\/tr>\n<\/tbody>\n<\/table>","protected":false},"featured_media":3109,"comment_status":"closed","ping_status":"closed","template":"","meta":{"_acf_changed":false},"product_brand":[],"product_cat":[50],"product_tag":[],"class_list":{"0":"post-3102","1":"product","2":"type-product","3":"status-publish","4":"has-post-thumbnail","6":"product_cat-wholesale-countertop-sinks","8":"first","9":"instock","10":"shipping-taxable","11":"product-type-simple"},"acf":[],"_links":{"self":[{"href":"https:\/\/www.ceramicbasin.com\/es\/wp-json\/wp\/v2\/product\/3102","targetHints":{"allow":["GET"]}}],"collection":[{"href":"https:\/\/www.ceramicbasin.com\/es\/wp-json\/wp\/v2\/product"}],"about":[{"href":"https:\/\/www.ceramicbasin.com\/es\/wp-json\/wp\/v2\/types\/product"}],"replies":[{"embeddable":true,"href":"https:\/\/www.ceramicbasin.com\/es\/wp-json\/wp\/v2\/comments?post=3102"}],"wp:featuredmedia":[{"embeddable":true,"href":"https:\/\/www.ceramicbasin.com\/es\/wp-json\/wp\/v2\/media\/3109"}],"wp:attachment":[{"href":"https:\/\/www.ceramicbasin.com\/es\/wp-json\/wp\/v2\/media?parent=3102"}],"wp:term":[{"taxonomy":"product_brand","embeddable":true,"href":"https:\/\/www.ceramicbasin.com\/es\/wp-json\/wp\/v2\/product_brand?post=3102"},{"taxonomy":"product_cat","embeddable":true,"href":"https:\/\/www.ceramicbasin.com\/es\/wp-json\/wp\/v2\/product_cat?post=3102"},{"taxonomy":"product_tag","embeddable":true,"href":"https:\/\/www.ceramicbasin.com\/es\/wp-json\/wp\/v2\/product_tag?post=3102"}],"curies":[{"name":"wp","href":"https:\/\/api.w.org\/{rel}","templated":true}]}}