{"id":3112,"date":"2024-07-12T03:49:28","date_gmt":"2024-07-12T03:49:28","guid":{"rendered":"https:\/\/www.ceramicbasin.com\/?post_type=product&#038;p=3112"},"modified":"2024-11-01T08:46:31","modified_gmt":"2024-11-01T08:46:31","slug":"unique-wholesale-sinks-for-bathroom","status":"publish","type":"product","link":"https:\/\/www.ceramicbasin.com\/es\/producto\/unique-wholesale-sinks-for-bathroom\/","title":{"rendered":"Fregaderos Al Por Mayor De Nuevo Dise\u00f1o Para Cuarto De Ba\u00f1o Con Forma Irregular \u00danica"},"content":{"rendered":"<div class=\"wp-block-columns is-layout-flex wp-container-core-columns-is-layout-9d6595d7 wp-block-columns-is-layout-flex\">\n<div class=\"wp-block-column is-layout-flow wp-block-column-is-layout-flow\">\n<h2 class=\"wp-block-heading\">Fregaderos al por mayor de alta calidad para el cuarto de ba\u00f1o Caracter\u00edsticas:<\/h2>\n\n\n\n<ul class=\"wp-block-list\">\n<li><strong>Forma \u00fanica: <\/strong>El dise\u00f1o \u00fanico de nuestros lavabos al por mayor de forma irregular para cuartos de ba\u00f1o, incomparable con los estilos tradicionales, descarta las convenciones del estilo tradicional. El lavabo en forma de hoja crea un ambiente moderno y art\u00edstico en el espacio de ba\u00f1o y atrae la mirada para crear un sorprendente efecto visual integral.<\/li>\n\n\n\n<li><strong>Cer\u00e1mica de alta calidad: <\/strong>Los lavabos de ba\u00f1o a granel se fabrican con cer\u00e1mica de alta calidad cocida a temperaturas elevadas, lo que los hace firmes, duraderos, resistentes a las manchas y ara\u00f1azos, con una superficie lisa y f\u00e1cil de limpiar, conservando su belleza durante mucho tiempo.<\/li>\n\n\n\n<li><strong>Diversas opciones de dise\u00f1o: <\/strong>En nuestros fregaderos al por mayor para cuartos de ba\u00f1o, hay varios dise\u00f1os y colores para que coincida con diversos estilos de decoraci\u00f3n de ba\u00f1o, no importa si es moderno, sencillo o lujoso, se puede encontrar el estilo a juego.<\/li>\n\n\n\n<li><strong>Ventaja del precio al por mayor: <\/strong>Le garantizamos que obtendr\u00e1 lavabos de cer\u00e1mica de alta calidad a granel de f\u00e1brica al precio m\u00e1s competitivo, lo que le ayudar\u00e1 a ahorrar costes y aumentar el margen de beneficios.<\/li>\n<\/ul>\n<\/div>\n\n\n\n<div class=\"wp-block-column is-layout-flow wp-block-column-is-layout-flow\">\n<figure class=\"wp-block-image size-full\"><img fetchpriority=\"high\" decoding=\"async\" width=\"750\" height=\"750\" src=\"https:\/\/www.ceramicbasin.com\/wp-content\/uploads\/2024\/07\/new-design-wholesale-sinks-for-bathroom-with-unique-shape-1.webp\" alt=\"nuevo-dise\u00f1o-mayorista-fregaderos-para-ba\u00f1o-con-forma-\u00fanica-1\" class=\"wp-image-3113\" srcset=\"https:\/\/www.ceramicbasin.com\/wp-content\/uploads\/2024\/07\/new-design-wholesale-sinks-for-bathroom-with-unique-shape-1.webp 750w, https:\/\/www.ceramicbasin.com\/wp-content\/uploads\/2024\/07\/new-design-wholesale-sinks-for-bathroom-with-unique-shape-1-300x300.webp 300w, https:\/\/www.ceramicbasin.com\/wp-content\/uploads\/2024\/07\/new-design-wholesale-sinks-for-bathroom-with-unique-shape-1-150x150.webp 150w, https:\/\/www.ceramicbasin.com\/wp-content\/uploads\/2024\/07\/new-design-wholesale-sinks-for-bathroom-with-unique-shape-1-12x12.webp 12w, https:\/\/www.ceramicbasin.com\/wp-content\/uploads\/2024\/07\/new-design-wholesale-sinks-for-bathroom-with-unique-shape-1-285x285.webp 285w, https:\/\/www.ceramicbasin.com\/wp-content\/uploads\/2024\/07\/new-design-wholesale-sinks-for-bathroom-with-unique-shape-1-270x270.webp 270w, https:\/\/www.ceramicbasin.com\/wp-content\/uploads\/2024\/07\/new-design-wholesale-sinks-for-bathroom-with-unique-shape-1-540x540.webp 540w, https:\/\/www.ceramicbasin.com\/wp-content\/uploads\/2024\/07\/new-design-wholesale-sinks-for-bathroom-with-unique-shape-1-660x660.webp 660w\" sizes=\"(max-width: 750px) 100vw, 750px\" \/><\/figure>\n<\/div>\n<\/div>","protected":false},"excerpt":{"rendered":"<p>Bienvenido a comprar lavabos para ba\u00f1o a medida. Nuestros lavabos al por mayor para cuartos de ba\u00f1o est\u00e1n fabricados con materiales cer\u00e1micos de alta calidad y est\u00e1n disponibles con algunas caracter\u00edsticas especiales para formas irregulares. Debido a esta singularidad, que permiten grandes variedades en las opciones de dise\u00f1o para adaptarse a muchos gustos en la decoraci\u00f3n del ba\u00f1o.<\/p>\n<table style=\"border-collapse: collapse; width: 311.02pt;\" border=\"0\" width=\"311\" cellspacing=\"0\" cellpadding=\"0\">\n<tbody>\n<tr style=\"height: 17.60pt;\">\n<td class=\"et3\" style=\"height: 17.60pt; width: 108.35pt;\" width=\"108\" height=\"17\">Fabricante<\/td>\n<td class=\"et3\" style=\"width: 202.95pt;\" width=\"202\">HanYu<\/td>\n<\/tr>\n<tr style=\"height: 17.60pt;\">\n<td class=\"et3\" style=\"height: 17.60pt;\" height=\"17\">N\u00ba de modelo<\/td>\n<td class=\"et4\">HY-8023<\/td>\n<\/tr>\n<tr style=\"height: 17.60pt;\">\n<td class=\"et3\" style=\"height: 17.60pt;\" height=\"17\">Tipo<\/td>\n<td class=\"et3\">Lavabo de Encimera<\/td>\n<\/tr>\n<tr style=\"height: 17.60pt;\">\n<td class=\"et3\" style=\"height: 17.60pt;\" height=\"17\">Forma<\/td>\n<td class=\"et3\">Forma de hoja<\/td>\n<\/tr>\n<tr style=\"height: 17.60pt;\">\n<td class=\"et4\" style=\"height: 17.60pt;\" height=\"17\">Color<\/td>\n<td class=\"et3\">Blanco<\/td>\n<\/tr>\n<tr style=\"height: 18.00pt;\">\n<td class=\"et3\" style=\"height: 18.00pt;\" height=\"18\">Dimensi\u00f3n<\/td>\n<td class=\"et5\" style=\"width: 202.95pt;\" width=\"202\">65*38.5*16<\/td>\n<\/tr>\n<tr style=\"height: 17.60pt;\">\n<td class=\"et3\" style=\"height: 17.60pt;\" height=\"17\">N.W \/SET<\/td>\n<td class=\"et3\">10KG\/PCS<\/td>\n<\/tr>\n<tr style=\"height: 17.60pt;\">\n<td class=\"et3\" style=\"height: 17.60pt;\" height=\"17\">MOQ<\/td>\n<td class=\"et3\">20 piezas<\/td>\n<\/tr>\n<tr style=\"height: 17.60pt;\">\n<td class=\"et3\" style=\"height: 17.60pt;\" height=\"17\">Opci\u00f3n personalizada<\/td>\n<td class=\"et3\">Color\/Patr\u00f3n\/Tama\u00f1o\/Logotipo\/Embalaje<\/td>\n<\/tr>\n<\/tbody>\n<\/table>\n<p>&nbsp;<\/p>","protected":false},"featured_media":3116,"comment_status":"closed","ping_status":"closed","template":"","meta":{"_acf_changed":false},"product_brand":[],"product_cat":[50],"product_tag":[],"class_list":{"0":"post-3112","1":"product","2":"type-product","3":"status-publish","4":"has-post-thumbnail","6":"product_cat-wholesale-countertop-sinks","8":"first","9":"instock","10":"shipping-taxable","11":"product-type-simple"},"acf":[],"_links":{"self":[{"href":"https:\/\/www.ceramicbasin.com\/es\/wp-json\/wp\/v2\/product\/3112","targetHints":{"allow":["GET"]}}],"collection":[{"href":"https:\/\/www.ceramicbasin.com\/es\/wp-json\/wp\/v2\/product"}],"about":[{"href":"https:\/\/www.ceramicbasin.com\/es\/wp-json\/wp\/v2\/types\/product"}],"replies":[{"embeddable":true,"href":"https:\/\/www.ceramicbasin.com\/es\/wp-json\/wp\/v2\/comments?post=3112"}],"wp:featuredmedia":[{"embeddable":true,"href":"https:\/\/www.ceramicbasin.com\/es\/wp-json\/wp\/v2\/media\/3116"}],"wp:attachment":[{"href":"https:\/\/www.ceramicbasin.com\/es\/wp-json\/wp\/v2\/media?parent=3112"}],"wp:term":[{"taxonomy":"product_brand","embeddable":true,"href":"https:\/\/www.ceramicbasin.com\/es\/wp-json\/wp\/v2\/product_brand?post=3112"},{"taxonomy":"product_cat","embeddable":true,"href":"https:\/\/www.ceramicbasin.com\/es\/wp-json\/wp\/v2\/product_cat?post=3112"},{"taxonomy":"product_tag","embeddable":true,"href":"https:\/\/www.ceramicbasin.com\/es\/wp-json\/wp\/v2\/product_tag?post=3112"}],"curies":[{"name":"wp","href":"https:\/\/api.w.org\/{rel}","templated":true}]}}