{"id":3119,"date":"2024-07-12T06:18:30","date_gmt":"2024-07-12T06:18:30","guid":{"rendered":"https:\/\/www.ceramicbasin.com\/?post_type=product&#038;p=3119"},"modified":"2024-11-01T08:51:21","modified_gmt":"2024-11-01T08:51:21","slug":"countertop-art-basin-wholesale","status":"publish","type":"product","link":"https:\/\/www.ceramicbasin.com\/es\/producto\/countertop-art-basin-wholesale\/","title":{"rendered":"Lavabo De Arte De Encimera De Alta Calidad Al Por Mayor Con Un Solo Agujero Para Grifo"},"content":{"rendered":"<div class=\"wp-block-columns is-layout-flex wp-container-core-columns-is-layout-9d6595d7 wp-block-columns-is-layout-flex\">\n<div class=\"wp-block-column is-layout-flow wp-block-column-is-layout-flow\">\n<h2 class=\"wp-block-heading\">Premium Art Lavabo al por mayor Caracter\u00edsticas:<\/h2>\n\n\n\n<ul class=\"wp-block-list\">\n<li><strong>Resistente y duradero: <\/strong>Gracias al material cer\u00e1mico de calidad y a la alta temperatura, esta encimera de lavabo de arte al por mayor es fuerte y duradera, antimanchas y resistente a los ara\u00f1azos. La superficie lisa se limpia f\u00e1cilmente y siempre es hermoso y brillante.<\/li>\n\n\n\n<li><strong>Dise\u00f1o sencillo:<\/strong> Equipado con un orificio para grifo, este lavabo de cer\u00e1mica al por mayor es f\u00e1cil de instalar y funciona con la mayor\u00eda de grifos est\u00e1ndar. Es muy pr\u00e1ctico y bonito debido al dise\u00f1o simple, adecuado para un mont\u00f3n de estilos de ba\u00f1o.<\/li>\n\n\n\n<li><strong>Dise\u00f1o exquisito: <\/strong>Exquisitamente dise\u00f1ado y dotado de un moderno sentido del arte, este lavabo sobre encimera al por mayor a\u00f1adir\u00e1 un efecto est\u00e9tico sin igual al espacio del cuarto de ba\u00f1o y elevar\u00e1 el nivel general de la decoraci\u00f3n.<\/li>\n\n\n\n<li><strong>Precio ventajoso: <\/strong>Hemos obtenido la mercanc\u00eda directamente de la f\u00e1brica, lo que garantiza un lavabo de cer\u00e1mica al por mayor de alta calidad suministrado a nuestros clientes al mejor precio, ayudando a ahorrar dinero a las empresas y aumentar los m\u00e1rgenes de beneficio en la venta de productos.<\/li>\n<\/ul>\n<\/div>\n\n\n\n<div class=\"wp-block-column is-layout-flow wp-block-column-is-layout-flow\">\n<figure class=\"wp-block-image size-full\"><img fetchpriority=\"high\" decoding=\"async\" width=\"750\" height=\"750\" src=\"https:\/\/www.ceramicbasin.com\/wp-content\/uploads\/2024\/07\/high-quality-countertop-art-basin-wholesale-with-single-tap-hole-1.webp\" alt=\"lavabo-arte-sobre-encimera-de-alta-calidad-con-un-solo-agujero-1\" class=\"wp-image-3120\" srcset=\"https:\/\/www.ceramicbasin.com\/wp-content\/uploads\/2024\/07\/high-quality-countertop-art-basin-wholesale-with-single-tap-hole-1.webp 750w, https:\/\/www.ceramicbasin.com\/wp-content\/uploads\/2024\/07\/high-quality-countertop-art-basin-wholesale-with-single-tap-hole-1-300x300.webp 300w, https:\/\/www.ceramicbasin.com\/wp-content\/uploads\/2024\/07\/high-quality-countertop-art-basin-wholesale-with-single-tap-hole-1-150x150.webp 150w, https:\/\/www.ceramicbasin.com\/wp-content\/uploads\/2024\/07\/high-quality-countertop-art-basin-wholesale-with-single-tap-hole-1-12x12.webp 12w, https:\/\/www.ceramicbasin.com\/wp-content\/uploads\/2024\/07\/high-quality-countertop-art-basin-wholesale-with-single-tap-hole-1-285x285.webp 285w, https:\/\/www.ceramicbasin.com\/wp-content\/uploads\/2024\/07\/high-quality-countertop-art-basin-wholesale-with-single-tap-hole-1-270x270.webp 270w, https:\/\/www.ceramicbasin.com\/wp-content\/uploads\/2024\/07\/high-quality-countertop-art-basin-wholesale-with-single-tap-hole-1-540x540.webp 540w, https:\/\/www.ceramicbasin.com\/wp-content\/uploads\/2024\/07\/high-quality-countertop-art-basin-wholesale-with-single-tap-hole-1-660x660.webp 660w\" sizes=\"(max-width: 750px) 100vw, 750px\" \/><\/figure>\n<\/div>\n<\/div>","protected":false},"excerpt":{"rendered":"<p>Bienvenido a comprar lavabos de cer\u00e1mica al por mayor. Esta clase alta de un solo orificio del grifo encimera blanca lavabo de arte al por mayor est\u00e1 hecho de material cer\u00e1mico de alta calidad con un dise\u00f1o simple y exquisito para una f\u00e1cil instalaci\u00f3n y compatibilidad. Los productos son vendidos directamente por la f\u00e1brica, y los precios son muy competitivos.<\/p>\n<table style=\"border-collapse: collapse; width: 311.02pt;\" border=\"0\" width=\"311\" cellspacing=\"0\" cellpadding=\"0\">\n<tbody>\n<tr style=\"height: 17.60pt;\">\n<td class=\"et3\" style=\"height: 17.60pt; width: 108.35pt;\" width=\"108\" height=\"17\">Fabricante<\/td>\n<td class=\"et3\" style=\"width: 202.95pt;\" width=\"202\">HanYu<\/td>\n<\/tr>\n<tr style=\"height: 17.60pt;\">\n<td class=\"et3\" style=\"height: 17.60pt;\" height=\"17\">N\u00ba de modelo<\/td>\n<td class=\"et4\">HY-8023<\/td>\n<\/tr>\n<tr style=\"height: 17.60pt;\">\n<td class=\"et3\" style=\"height: 17.60pt;\" height=\"17\">Tipo<\/td>\n<td class=\"et3\">Lavabo de Encimera<\/td>\n<\/tr>\n<tr style=\"height: 17.60pt;\">\n<td class=\"et3\" style=\"height: 17.60pt;\" height=\"17\">Forma<\/td>\n<td class=\"et3\">Forma de hoja<\/td>\n<\/tr>\n<tr style=\"height: 17.60pt;\">\n<td class=\"et4\" style=\"height: 17.60pt;\" height=\"17\">Color<\/td>\n<td class=\"et3\">Blanco<\/td>\n<\/tr>\n<tr style=\"height: 18.00pt;\">\n<td class=\"et3\" style=\"height: 18.00pt;\" height=\"18\">Dimensi\u00f3n<\/td>\n<td class=\"et5\" style=\"width: 202.95pt;\" width=\"202\">65*38.5*16<\/td>\n<\/tr>\n<tr style=\"height: 17.60pt;\">\n<td class=\"et3\" style=\"height: 17.60pt;\" height=\"17\">N.W \/SET<\/td>\n<td class=\"et3\">10KG\/PCS<\/td>\n<\/tr>\n<tr style=\"height: 17.60pt;\">\n<td class=\"et3\" style=\"height: 17.60pt;\" height=\"17\">MOQ<\/td>\n<td class=\"et3\">20 piezas<\/td>\n<\/tr>\n<tr style=\"height: 17.60pt;\">\n<td class=\"et3\" style=\"height: 17.60pt;\" height=\"17\">Opci\u00f3n personalizada<\/td>\n<td class=\"et3\">Color\/Patr\u00f3n\/Tama\u00f1o\/Logotipo\/Embalaje<\/td>\n<\/tr>\n<\/tbody>\n<\/table>\n<p>&nbsp;<\/p>","protected":false},"featured_media":3121,"comment_status":"closed","ping_status":"closed","template":"","meta":{"_acf_changed":false},"product_brand":[],"product_cat":[50],"product_tag":[],"class_list":{"0":"post-3119","1":"product","2":"type-product","3":"status-publish","4":"has-post-thumbnail","6":"product_cat-wholesale-countertop-sinks","8":"first","9":"instock","10":"shipping-taxable","11":"product-type-simple"},"acf":[],"_links":{"self":[{"href":"https:\/\/www.ceramicbasin.com\/es\/wp-json\/wp\/v2\/product\/3119","targetHints":{"allow":["GET"]}}],"collection":[{"href":"https:\/\/www.ceramicbasin.com\/es\/wp-json\/wp\/v2\/product"}],"about":[{"href":"https:\/\/www.ceramicbasin.com\/es\/wp-json\/wp\/v2\/types\/product"}],"replies":[{"embeddable":true,"href":"https:\/\/www.ceramicbasin.com\/es\/wp-json\/wp\/v2\/comments?post=3119"}],"wp:featuredmedia":[{"embeddable":true,"href":"https:\/\/www.ceramicbasin.com\/es\/wp-json\/wp\/v2\/media\/3121"}],"wp:attachment":[{"href":"https:\/\/www.ceramicbasin.com\/es\/wp-json\/wp\/v2\/media?parent=3119"}],"wp:term":[{"taxonomy":"product_brand","embeddable":true,"href":"https:\/\/www.ceramicbasin.com\/es\/wp-json\/wp\/v2\/product_brand?post=3119"},{"taxonomy":"product_cat","embeddable":true,"href":"https:\/\/www.ceramicbasin.com\/es\/wp-json\/wp\/v2\/product_cat?post=3119"},{"taxonomy":"product_tag","embeddable":true,"href":"https:\/\/www.ceramicbasin.com\/es\/wp-json\/wp\/v2\/product_tag?post=3119"}],"curies":[{"name":"wp","href":"https:\/\/api.w.org\/{rel}","templated":true}]}}