{"id":3126,"date":"2024-07-12T06:54:20","date_gmt":"2024-07-12T06:54:20","guid":{"rendered":"https:\/\/www.ceramicbasin.com\/?post_type=product&#038;p=3126"},"modified":"2024-11-01T08:57:59","modified_gmt":"2024-11-01T08:57:59","slug":"countertop-bathroom-sink-wholesale","status":"publish","type":"product","link":"https:\/\/www.ceramicbasin.com\/es\/producto\/countertop-bathroom-sink-wholesale\/","title":{"rendered":"Fregadero De Ba\u00f1o Moderno De Encimera Al Por Mayor Con Orificio Para Grifo"},"content":{"rendered":"<div class=\"wp-block-columns is-layout-flex wp-container-core-columns-is-layout-9d6595d7 wp-block-columns-is-layout-flex\">\n<div class=\"wp-block-column is-layout-flow wp-block-column-is-layout-flow\">\n<h2 class=\"wp-block-heading\">Premium Lavabo de Ba\u00f1o de Encimera al por mayor Caracter\u00edsticas:<\/h2>\n\n\n\n<ul class=\"wp-block-list\">\n<li><strong>Dise\u00f1o moderno: <\/strong>Este lavabo de ba\u00f1o de encimera al por mayor presenta un dise\u00f1o moderno de estructura sencilla. El dise\u00f1o liso, redondo puede ir bien con varios estilos en cuartos de ba\u00f1o, a\u00f1adiendo un factor moderno y de alto grado en el espacio de ba\u00f1o.<\/li>\n\n\n\n<li><strong>Materiales de alta calidad: <\/strong>La cer\u00e1mica de alta calidad seleccionada se calcina a altas temperaturas para garantizar la durabilidad del producto. Adem\u00e1s, al ser resistente a la suciedad y los ara\u00f1azos, la superficie lisa de nuestra encimera de lavabo de ba\u00f1o al por mayor es f\u00e1cil de limpiar y se mantiene bella y brillante durante mucho tiempo.<\/li>\n\n\n\n<li><strong>Orificios pretaladrados para grifos: <\/strong>Nuestro lavabo de encimera al por mayor viene con orificios de grifo pretaladrados para una instalaci\u00f3n r\u00e1pida y sencilla que puede adaptarse a la mayor\u00eda de grifos est\u00e1ndar. El dise\u00f1o simple es muy funcional, de aspecto agradable al mismo tiempo, y asegura la comodidad para el usuario.<\/li>\n\n\n\n<li><strong>Precio ventajoso: <\/strong>Dado que nuestros lavabos de ba\u00f1o al por mayor se suministran directamente de f\u00e1brica, seguramente podr\u00e1 suministrar a sus clientes la mejor calidad a los precios m\u00e1s competitivos. Las compras al por mayor vienen con descuentos adicionales que le ayudar\u00e1n como mayorista o minorista ahorrar dinero y aumentar los m\u00e1rgenes de beneficio.<\/li>\n<\/ul>\n<\/div>\n\n\n\n<div class=\"wp-block-column is-layout-flow wp-block-column-is-layout-flow\">\n<figure class=\"wp-block-image size-full\"><img fetchpriority=\"high\" decoding=\"async\" width=\"750\" height=\"750\" src=\"https:\/\/www.ceramicbasin.com\/wp-content\/uploads\/2024\/07\/modern-countertop-bathroom-sink-wholesale-with-faucet-hole-1.webp\" alt=\"fregadero-lavabo-encimera-moderno-con-agujero-de-grifo-1\" class=\"wp-image-3127\" srcset=\"https:\/\/www.ceramicbasin.com\/wp-content\/uploads\/2024\/07\/modern-countertop-bathroom-sink-wholesale-with-faucet-hole-1.webp 750w, https:\/\/www.ceramicbasin.com\/wp-content\/uploads\/2024\/07\/modern-countertop-bathroom-sink-wholesale-with-faucet-hole-1-300x300.webp 300w, https:\/\/www.ceramicbasin.com\/wp-content\/uploads\/2024\/07\/modern-countertop-bathroom-sink-wholesale-with-faucet-hole-1-150x150.webp 150w, https:\/\/www.ceramicbasin.com\/wp-content\/uploads\/2024\/07\/modern-countertop-bathroom-sink-wholesale-with-faucet-hole-1-12x12.webp 12w, https:\/\/www.ceramicbasin.com\/wp-content\/uploads\/2024\/07\/modern-countertop-bathroom-sink-wholesale-with-faucet-hole-1-285x285.webp 285w, https:\/\/www.ceramicbasin.com\/wp-content\/uploads\/2024\/07\/modern-countertop-bathroom-sink-wholesale-with-faucet-hole-1-270x270.webp 270w, https:\/\/www.ceramicbasin.com\/wp-content\/uploads\/2024\/07\/modern-countertop-bathroom-sink-wholesale-with-faucet-hole-1-540x540.webp 540w, https:\/\/www.ceramicbasin.com\/wp-content\/uploads\/2024\/07\/modern-countertop-bathroom-sink-wholesale-with-faucet-hole-1-660x660.webp 660w\" sizes=\"(max-width: 750px) 100vw, 750px\" \/><\/figure>\n<\/div>\n<\/div>","protected":false},"excerpt":{"rendered":"<p>Bienvenido a comprar al por mayor lavabos de ba\u00f1o. Hanyu lavabo de ba\u00f1o de encimera al por mayor con agujeros de grifo pre-perforados, ser\u00e1 mucho m\u00e1s f\u00e1cil de instalar y ampliamente compatible con los accesorios relacionados. A trav\u00e9s de la venta directa de f\u00e1brica al por mayor, podemos ofrecer precios muy competitivos.<\/p>\n<table style=\"border-collapse: collapse; width: 311.02pt;\" border=\"0\" width=\"311\" cellspacing=\"0\" cellpadding=\"0\">\n<tbody>\n<tr style=\"height: 17.60pt;\">\n<td class=\"et3\" style=\"height: 17.60pt; width: 108.35pt;\" width=\"108\" height=\"17\">Fabricante<\/td>\n<td class=\"et3\" style=\"width: 202.95pt;\" width=\"202\">HanYu<\/td>\n<\/tr>\n<tr style=\"height: 17.60pt;\">\n<td class=\"et3\" style=\"height: 17.60pt;\" height=\"17\">N\u00ba de modelo<\/td>\n<td class=\"et4\">HY-8127<\/td>\n<\/tr>\n<tr style=\"height: 17.60pt;\">\n<td class=\"et3\" style=\"height: 17.60pt;\" height=\"17\">Tipo<\/td>\n<td class=\"et3\">Lavabo de Encimera<\/td>\n<\/tr>\n<tr style=\"height: 17.60pt;\">\n<td class=\"et3\" style=\"height: 17.60pt;\" height=\"17\">Forma<\/td>\n<td class=\"et3\">Redondo<\/td>\n<\/tr>\n<tr style=\"height: 17.60pt;\">\n<td class=\"et4\" style=\"height: 17.60pt;\" height=\"17\">Color<\/td>\n<td class=\"et3\">Blanco<\/td>\n<\/tr>\n<tr style=\"height: 18.00pt;\">\n<td class=\"et3\" style=\"height: 18.00pt;\" height=\"18\">Dimensi\u00f3n<\/td>\n<td class=\"et5\" style=\"width: 202.95pt;\" width=\"202\">42*42*11.5<\/td>\n<\/tr>\n<tr style=\"height: 17.60pt;\">\n<td class=\"et3\" style=\"height: 17.60pt;\" height=\"17\">N.W \/SET<\/td>\n<td class=\"et3\">6.5KG\/PCS<\/td>\n<\/tr>\n<tr style=\"height: 17.60pt;\">\n<td class=\"et3\" style=\"height: 17.60pt;\" height=\"17\">MOQ<\/td>\n<td class=\"et3\">20 piezas<\/td>\n<\/tr>\n<tr style=\"height: 17.60pt;\">\n<td class=\"et3\" style=\"height: 17.60pt;\" height=\"17\">Opci\u00f3n personalizada<\/td>\n<td class=\"et3\">Color\/Patr\u00f3n\/Tama\u00f1o\/Logotipo\/Embalaje<\/td>\n<\/tr>\n<\/tbody>\n<\/table>\n<p>&nbsp;<\/p>","protected":false},"featured_media":3132,"comment_status":"closed","ping_status":"closed","template":"","meta":{"_acf_changed":false},"product_brand":[],"product_cat":[50],"product_tag":[],"class_list":{"0":"post-3126","1":"product","2":"type-product","3":"status-publish","4":"has-post-thumbnail","6":"product_cat-wholesale-countertop-sinks","8":"first","9":"instock","10":"shipping-taxable","11":"product-type-simple"},"acf":[],"_links":{"self":[{"href":"https:\/\/www.ceramicbasin.com\/es\/wp-json\/wp\/v2\/product\/3126","targetHints":{"allow":["GET"]}}],"collection":[{"href":"https:\/\/www.ceramicbasin.com\/es\/wp-json\/wp\/v2\/product"}],"about":[{"href":"https:\/\/www.ceramicbasin.com\/es\/wp-json\/wp\/v2\/types\/product"}],"replies":[{"embeddable":true,"href":"https:\/\/www.ceramicbasin.com\/es\/wp-json\/wp\/v2\/comments?post=3126"}],"wp:featuredmedia":[{"embeddable":true,"href":"https:\/\/www.ceramicbasin.com\/es\/wp-json\/wp\/v2\/media\/3132"}],"wp:attachment":[{"href":"https:\/\/www.ceramicbasin.com\/es\/wp-json\/wp\/v2\/media?parent=3126"}],"wp:term":[{"taxonomy":"product_brand","embeddable":true,"href":"https:\/\/www.ceramicbasin.com\/es\/wp-json\/wp\/v2\/product_brand?post=3126"},{"taxonomy":"product_cat","embeddable":true,"href":"https:\/\/www.ceramicbasin.com\/es\/wp-json\/wp\/v2\/product_cat?post=3126"},{"taxonomy":"product_tag","embeddable":true,"href":"https:\/\/www.ceramicbasin.com\/es\/wp-json\/wp\/v2\/product_tag?post=3126"}],"curies":[{"name":"wp","href":"https:\/\/api.w.org\/{rel}","templated":true}]}}