{"id":3133,"date":"2024-07-12T07:11:06","date_gmt":"2024-07-12T07:11:06","guid":{"rendered":"https:\/\/www.ceramicbasin.com\/?post_type=product&#038;p=3133"},"modified":"2024-11-21T08:30:22","modified_gmt":"2024-11-21T08:30:22","slug":"custom-wash-basin-for-bathroom","status":"publish","type":"product","link":"https:\/\/www.ceramicbasin.com\/es\/producto\/custom-wash-basin-for-bathroom\/","title":{"rendered":"Lavabo de encargo directo de la f\u00e1brica a granel para la encimera de la vanidad del cuarto de ba\u00f1o"},"content":{"rendered":"<div class=\"wp-block-columns is-layout-flex wp-container-core-columns-is-layout-9d6595d7 wp-block-columns-is-layout-flex\">\n<div class=\"wp-block-column is-layout-flow wp-block-column-is-layout-flow\">\n<h2 class=\"wp-block-heading\">Lavabo Premium Custom Caracter\u00edsticas:<\/h2>\n\n\n\n<ul class=\"wp-block-list\">\n<li><strong>Resistente y antimanchas: <\/strong>El fregadero de cer\u00e1mica a medida de HanYu utiliza material cer\u00e1mico de calidad para garantizar que el producto sea resistente, duradero, antimanchas y antirrayaduras. La superficie lisa es f\u00e1cil de limpiar, y su belleza no cambiar\u00e1 despu\u00e9s de mucho tiempo de uso.<\/li>\n\n\n\n<li><strong>Suministro directo de f\u00e1brica: <\/strong>Nuestro lavabo a medida a granel es suministrado directamente por la f\u00e1brica, sin intermediarios. Por lo tanto, obtendr\u00e1 un lavabo de alta calidad al precio m\u00e1s competitivo. Adem\u00e1s, cuanto m\u00e1s compre, m\u00e1s descuento obtendr\u00e1 para ahorrar costes y mejorar su margen de beneficios.<\/li>\n\n\n\n<li><strong>Garant\u00eda de calidad:<\/strong> Los avanzados equipos de producci\u00f3n con un estricto sistema de control de calidad garantizan que cada fregadero de cer\u00e1mica a medida que sale de las f\u00e1bricas goce de la m\u00e1xima calidad, tanto en durabilidad como en belleza, satisfaciendo as\u00ed las elevadas exigencias de los clientes.<\/li>\n\n\n\n<li><strong>Dise\u00f1o personalizado: <\/strong>Nuestro lavabo al por mayor est\u00e1 dise\u00f1ado en varios tipos de estilos y tama\u00f1os para su personalizaci\u00f3n, lo que nos permite satisfacer las necesidades de los distintos clientes. Esto permite ajustar el color, la forma y la textura seg\u00fan sus necesidades espec\u00edficas e integrarlo en una gran variedad de dise\u00f1os de ba\u00f1o.<\/li>\n<\/ul>\n<\/div>\n\n\n\n<div class=\"wp-block-column is-layout-flow wp-block-column-is-layout-flow\">\n<figure class=\"wp-block-image size-full\"><img fetchpriority=\"high\" decoding=\"async\" width=\"750\" height=\"750\" src=\"https:\/\/www.ceramicbasin.com\/wp-content\/uploads\/2024\/07\/factory-direct-custom-wash-basin-for-bathroom-vanity-countertop-1.webp\" alt=\"lavabo-lavabo-para-ba\u00f1o-encimera-directo-de-f\u00e1brica-1\" class=\"wp-image-3134\" srcset=\"https:\/\/www.ceramicbasin.com\/wp-content\/uploads\/2024\/07\/factory-direct-custom-wash-basin-for-bathroom-vanity-countertop-1.webp 750w, https:\/\/www.ceramicbasin.com\/wp-content\/uploads\/2024\/07\/factory-direct-custom-wash-basin-for-bathroom-vanity-countertop-1-300x300.webp 300w, https:\/\/www.ceramicbasin.com\/wp-content\/uploads\/2024\/07\/factory-direct-custom-wash-basin-for-bathroom-vanity-countertop-1-150x150.webp 150w, https:\/\/www.ceramicbasin.com\/wp-content\/uploads\/2024\/07\/factory-direct-custom-wash-basin-for-bathroom-vanity-countertop-1-12x12.webp 12w, https:\/\/www.ceramicbasin.com\/wp-content\/uploads\/2024\/07\/factory-direct-custom-wash-basin-for-bathroom-vanity-countertop-1-285x285.webp 285w, https:\/\/www.ceramicbasin.com\/wp-content\/uploads\/2024\/07\/factory-direct-custom-wash-basin-for-bathroom-vanity-countertop-1-270x270.webp 270w, https:\/\/www.ceramicbasin.com\/wp-content\/uploads\/2024\/07\/factory-direct-custom-wash-basin-for-bathroom-vanity-countertop-1-540x540.webp 540w, https:\/\/www.ceramicbasin.com\/wp-content\/uploads\/2024\/07\/factory-direct-custom-wash-basin-for-bathroom-vanity-countertop-1-660x660.webp 660w\" sizes=\"(max-width: 750px) 100vw, 750px\" \/><\/figure>\n<\/div>\n<\/div>","protected":false},"excerpt":{"rendered":"<p>Bienvenido a comprar lavabo al por mayor. El lavabo personalizado de Hanyu tiene un dise\u00f1o elegante con cer\u00e1mica de alta calidad, tecnolog\u00eda de producci\u00f3n profesional, duradero y bonito. Nuestra empresa da un precio muy competitivo para una compra a granel mediante el suministro de la f\u00e1brica.<\/p>\n<table style=\"border-collapse: collapse; width: 311.02pt;\" border=\"0\" width=\"311\" cellspacing=\"0\" cellpadding=\"0\">\n<tbody>\n<tr style=\"height: 17.60pt;\">\n<td class=\"et3\" style=\"height: 17.60pt; width: 108.35pt;\" width=\"108\" height=\"17\">Fabricante<\/td>\n<td class=\"et3\" style=\"width: 202.95pt;\" width=\"202\">HanYu<\/td>\n<\/tr>\n<tr style=\"height: 17.60pt;\">\n<td class=\"et3\" style=\"height: 17.60pt;\" height=\"17\">N\u00ba de modelo<\/td>\n<td class=\"et4\">HY-8194<\/td>\n<\/tr>\n<tr style=\"height: 17.60pt;\">\n<td class=\"et3\" style=\"height: 17.60pt;\" height=\"17\">Tipo<\/td>\n<td class=\"et3\">Lavabo de Encimera<\/td>\n<\/tr>\n<tr style=\"height: 17.60pt;\">\n<td class=\"et3\" style=\"height: 17.60pt;\" height=\"17\">Forma<\/td>\n<td class=\"et3\">Forma irregular<\/td>\n<\/tr>\n<tr style=\"height: 17.60pt;\">\n<td class=\"et4\" style=\"height: 17.60pt;\" height=\"17\">Color<\/td>\n<td class=\"et3\">Blanco<\/td>\n<\/tr>\n<tr style=\"height: 18.00pt;\">\n<td class=\"et3\" style=\"height: 18.00pt;\" height=\"18\">Dimensi\u00f3n<\/td>\n<td class=\"et5\" style=\"width: 202.95pt;\" width=\"202\">51*40*18<\/td>\n<\/tr>\n<tr style=\"height: 17.60pt;\">\n<td class=\"et3\" style=\"height: 17.60pt;\" height=\"17\">N.W \/SET<\/td>\n<td class=\"et3\">7KG\/PCS<\/td>\n<\/tr>\n<tr style=\"height: 17.60pt;\">\n<td class=\"et3\" style=\"height: 17.60pt;\" height=\"17\">MOQ<\/td>\n<td class=\"et3\">20 piezas<\/td>\n<\/tr>\n<tr style=\"height: 17.60pt;\">\n<td class=\"et3\" style=\"height: 17.60pt;\" height=\"17\">Opci\u00f3n personalizada<\/td>\n<td class=\"et3\">Color\/Patr\u00f3n\/Tama\u00f1o\/Logotipo\/Embalaje<\/td>\n<\/tr>\n<\/tbody>\n<\/table>\n<p>&nbsp;<\/p>","protected":false},"featured_media":3135,"comment_status":"closed","ping_status":"closed","template":"","meta":{"_acf_changed":false},"product_brand":[],"product_cat":[50],"product_tag":[],"class_list":{"0":"post-3133","1":"product","2":"type-product","3":"status-publish","4":"has-post-thumbnail","6":"product_cat-wholesale-countertop-sinks","8":"first","9":"instock","10":"shipping-taxable","11":"product-type-simple"},"acf":[],"_links":{"self":[{"href":"https:\/\/www.ceramicbasin.com\/es\/wp-json\/wp\/v2\/product\/3133","targetHints":{"allow":["GET"]}}],"collection":[{"href":"https:\/\/www.ceramicbasin.com\/es\/wp-json\/wp\/v2\/product"}],"about":[{"href":"https:\/\/www.ceramicbasin.com\/es\/wp-json\/wp\/v2\/types\/product"}],"replies":[{"embeddable":true,"href":"https:\/\/www.ceramicbasin.com\/es\/wp-json\/wp\/v2\/comments?post=3133"}],"wp:featuredmedia":[{"embeddable":true,"href":"https:\/\/www.ceramicbasin.com\/es\/wp-json\/wp\/v2\/media\/3135"}],"wp:attachment":[{"href":"https:\/\/www.ceramicbasin.com\/es\/wp-json\/wp\/v2\/media?parent=3133"}],"wp:term":[{"taxonomy":"product_brand","embeddable":true,"href":"https:\/\/www.ceramicbasin.com\/es\/wp-json\/wp\/v2\/product_brand?post=3133"},{"taxonomy":"product_cat","embeddable":true,"href":"https:\/\/www.ceramicbasin.com\/es\/wp-json\/wp\/v2\/product_cat?post=3133"},{"taxonomy":"product_tag","embeddable":true,"href":"https:\/\/www.ceramicbasin.com\/es\/wp-json\/wp\/v2\/product_tag?post=3133"}],"curies":[{"name":"wp","href":"https:\/\/api.w.org\/{rel}","templated":true}]}}