{"id":3140,"date":"2024-07-12T07:37:40","date_gmt":"2024-07-12T07:37:40","guid":{"rendered":"https:\/\/www.ceramicbasin.com\/?post_type=product&#038;p=3140"},"modified":"2024-11-01T09:06:01","modified_gmt":"2024-11-01T09:06:01","slug":"wholesale-vessel-sink-for-vanity","status":"publish","type":"product","link":"https:\/\/www.ceramicbasin.com\/es\/producto\/wholesale-vessel-sink-for-vanity\/","title":{"rendered":"Fregadero al por mayor del recipiente del dise\u00f1o irregular para la vanidad del cuarto de ba\u00f1o"},"content":{"rendered":"<div class=\"wp-block-columns is-layout-flex wp-container-core-columns-is-layout-9d6595d7 wp-block-columns-is-layout-flex\">\n<div class=\"wp-block-column is-layout-flow wp-block-column-is-layout-flow\">\n<h2 class=\"wp-block-heading\">Fregadero al por mayor de primera calidad Caracter\u00edsticas:<\/h2>\n\n\n\n<ul class=\"wp-block-list\">\n<li><strong>Dise\u00f1o sencillo: <\/strong>Este lavabo de recipiente al por mayor adopta un dise\u00f1o \u00fanico, rompiendo la forma tradicional, a\u00f1adiendo un toque art\u00edstico y moderno al cuarto de ba\u00f1o.<\/li>\n\n\n\n<li><strong>Materiales de alta calidad: <\/strong>Los materiales cer\u00e1micos de alta calidad seleccionados, cocidos a altas temperaturas, garantizan que nuestro fregadero de recipiente al por mayor sea duradero, resistente a las manchas y a los ara\u00f1azos. La superficie lisa es f\u00e1cil de limpiar y puede mantener su belleza y brillo despu\u00e9s de un uso prolongado.<\/li>\n\n\n\n<li><strong>Ampliamente adaptable: <\/strong>Hay disponibles varios tama\u00f1os y colores de lavabo de recipiente a medida al por mayor, que pueden adaptarse a las necesidades de decoraci\u00f3n de ba\u00f1os de diferentes estilos. Tanto si se trata de un ba\u00f1o de estilo minimalista moderno como de un ba\u00f1o de estilo art\u00edstico, este lavabo puede integrarse perfectamente.<\/li>\n\n\n\n<li><strong>Precio al por mayor: <\/strong>La f\u00e1brica Hanyu ofrece una variedad de lavabos al por mayor, garantizando productos de alta calidad a los precios m\u00e1s competitivos, ayudando a mayoristas, minoristas y proyectos de construcci\u00f3n a ahorrar costes y aumentar los m\u00e1rgenes de beneficio.<\/li>\n<\/ul>\n<\/div>\n\n\n\n<div class=\"wp-block-column is-layout-flow wp-block-column-is-layout-flow\">\n<figure class=\"wp-block-image size-full\"><img fetchpriority=\"high\" decoding=\"async\" width=\"750\" height=\"750\" src=\"https:\/\/www.ceramicbasin.com\/wp-content\/uploads\/2024\/07\/irregular-design-wholesale-vessel-sink-for-bathroom-vanity-1.webp\" alt=\"fregadero-vaso-de-dise\u00f1o-irregular-al-mayor-para-ba\u00f1o-vanity-1\" class=\"wp-image-3141\" srcset=\"https:\/\/www.ceramicbasin.com\/wp-content\/uploads\/2024\/07\/irregular-design-wholesale-vessel-sink-for-bathroom-vanity-1.webp 750w, https:\/\/www.ceramicbasin.com\/wp-content\/uploads\/2024\/07\/irregular-design-wholesale-vessel-sink-for-bathroom-vanity-1-300x300.webp 300w, https:\/\/www.ceramicbasin.com\/wp-content\/uploads\/2024\/07\/irregular-design-wholesale-vessel-sink-for-bathroom-vanity-1-150x150.webp 150w, https:\/\/www.ceramicbasin.com\/wp-content\/uploads\/2024\/07\/irregular-design-wholesale-vessel-sink-for-bathroom-vanity-1-12x12.webp 12w, https:\/\/www.ceramicbasin.com\/wp-content\/uploads\/2024\/07\/irregular-design-wholesale-vessel-sink-for-bathroom-vanity-1-285x285.webp 285w, https:\/\/www.ceramicbasin.com\/wp-content\/uploads\/2024\/07\/irregular-design-wholesale-vessel-sink-for-bathroom-vanity-1-270x270.webp 270w, https:\/\/www.ceramicbasin.com\/wp-content\/uploads\/2024\/07\/irregular-design-wholesale-vessel-sink-for-bathroom-vanity-1-540x540.webp 540w, https:\/\/www.ceramicbasin.com\/wp-content\/uploads\/2024\/07\/irregular-design-wholesale-vessel-sink-for-bathroom-vanity-1-660x660.webp 660w\" sizes=\"(max-width: 750px) 100vw, 750px\" \/><\/figure>\n<\/div>\n<\/div>","protected":false},"excerpt":{"rendered":"<p>Bienvenido a comprar al por mayor lavabos de ba\u00f1o. Este fregadero de recipiente de dise\u00f1o irregular al por mayor para la vanidad del cuarto de ba\u00f1o es a la vez hermoso y duradero, adecuado para diversos estilos de decoraci\u00f3n de ba\u00f1o. Nuestro precio al por mayor de f\u00e1brica le ayuda a ahorrar costes de adquisici\u00f3n.\u00a0<\/p>\n<table style=\"border-collapse: collapse; width: 311.02pt;\" border=\"0\" width=\"311\" cellspacing=\"0\" cellpadding=\"0\">\n<tbody>\n<tr style=\"height: 17.60pt;\">\n<td class=\"et3\" style=\"height: 17.60pt; width: 108.35pt;\" width=\"108\" height=\"17\">Fabricante<\/td>\n<td class=\"et3\" style=\"width: 202.95pt;\" width=\"202\">HanYu<\/td>\n<\/tr>\n<tr style=\"height: 17.60pt;\">\n<td class=\"et3\" style=\"height: 17.60pt;\" height=\"17\">N\u00ba de modelo<\/td>\n<td class=\"et4\">HY-8209<\/td>\n<\/tr>\n<tr style=\"height: 17.60pt;\">\n<td class=\"et3\" style=\"height: 17.60pt;\" height=\"17\">Tipo<\/td>\n<td class=\"et3\">Lavabo de Encimera<\/td>\n<\/tr>\n<tr style=\"height: 17.60pt;\">\n<td class=\"et3\" style=\"height: 17.60pt;\" height=\"17\">Forma<\/td>\n<td class=\"et3\">Forma irregular<\/td>\n<\/tr>\n<tr style=\"height: 17.60pt;\">\n<td class=\"et4\" style=\"height: 17.60pt;\" height=\"17\">Color<\/td>\n<td class=\"et3\">Blanco<\/td>\n<\/tr>\n<tr style=\"height: 18.00pt;\">\n<td class=\"et3\" style=\"height: 18.00pt;\" height=\"18\">Dimensi\u00f3n<\/td>\n<td class=\"et5\" style=\"width: 202.95pt;\" width=\"202\">40*35.5*13<\/td>\n<\/tr>\n<tr style=\"height: 17.60pt;\">\n<td class=\"et3\" style=\"height: 17.60pt;\" height=\"17\">N.W \/SET<\/td>\n<td class=\"et3\">6KG\/PCS<\/td>\n<\/tr>\n<tr style=\"height: 17.60pt;\">\n<td class=\"et3\" style=\"height: 17.60pt;\" height=\"17\">MOQ<\/td>\n<td class=\"et3\">20 piezas<\/td>\n<\/tr>\n<tr style=\"height: 17.60pt;\">\n<td class=\"et3\" style=\"height: 17.60pt;\" height=\"17\">Opci\u00f3n personalizada<\/td>\n<td class=\"et3\">Color\/Patr\u00f3n\/Tama\u00f1o\/Logotipo\/Embalaje<\/td>\n<\/tr>\n<\/tbody>\n<\/table>\n<p>&nbsp;<\/p>","protected":false},"featured_media":3145,"comment_status":"closed","ping_status":"closed","template":"","meta":{"_acf_changed":false},"product_brand":[],"product_cat":[50],"product_tag":[],"class_list":{"0":"post-3140","1":"product","2":"type-product","3":"status-publish","4":"has-post-thumbnail","6":"product_cat-wholesale-countertop-sinks","8":"first","9":"instock","10":"shipping-taxable","11":"product-type-simple"},"acf":[],"_links":{"self":[{"href":"https:\/\/www.ceramicbasin.com\/es\/wp-json\/wp\/v2\/product\/3140","targetHints":{"allow":["GET"]}}],"collection":[{"href":"https:\/\/www.ceramicbasin.com\/es\/wp-json\/wp\/v2\/product"}],"about":[{"href":"https:\/\/www.ceramicbasin.com\/es\/wp-json\/wp\/v2\/types\/product"}],"replies":[{"embeddable":true,"href":"https:\/\/www.ceramicbasin.com\/es\/wp-json\/wp\/v2\/comments?post=3140"}],"wp:featuredmedia":[{"embeddable":true,"href":"https:\/\/www.ceramicbasin.com\/es\/wp-json\/wp\/v2\/media\/3145"}],"wp:attachment":[{"href":"https:\/\/www.ceramicbasin.com\/es\/wp-json\/wp\/v2\/media?parent=3140"}],"wp:term":[{"taxonomy":"product_brand","embeddable":true,"href":"https:\/\/www.ceramicbasin.com\/es\/wp-json\/wp\/v2\/product_brand?post=3140"},{"taxonomy":"product_cat","embeddable":true,"href":"https:\/\/www.ceramicbasin.com\/es\/wp-json\/wp\/v2\/product_cat?post=3140"},{"taxonomy":"product_tag","embeddable":true,"href":"https:\/\/www.ceramicbasin.com\/es\/wp-json\/wp\/v2\/product_tag?post=3140"}],"curies":[{"name":"wp","href":"https:\/\/api.w.org\/{rel}","templated":true}]}}