{"id":3164,"date":"2024-07-12T08:57:56","date_gmt":"2024-07-12T08:57:56","guid":{"rendered":"https:\/\/www.ceramicbasin.com\/?post_type=product&#038;p=3164"},"modified":"2024-07-23T09:45:29","modified_gmt":"2024-07-23T09:45:29","slug":"custom-bathroom-countertop-sink","status":"publish","type":"product","link":"https:\/\/www.ceramicbasin.com\/es\/producto\/custom-bathroom-countertop-sink\/","title":{"rendered":"Premium Custom Ba\u00f1o Encimera Fregadero Con Precio Directo De F\u00e1brica"},"content":{"rendered":"<div class=\"wp-block-columns is-layout-flex wp-container-core-columns-is-layout-9d6595d7 wp-block-columns-is-layout-flex\">\n<div class=\"wp-block-column is-layout-flow wp-block-column-is-layout-flow\">\n<h2 class=\"wp-block-heading\">Fregadero de Encimera de Ba\u00f1o Premium Custom Caracter\u00edsticas:<\/h2>\n\n\n\n<ul class=\"wp-block-list\">\n<li><strong>Dise\u00f1o rectangular cl\u00e1sico: <\/strong>Este lavabo de encimera de ba\u00f1o a medida adopta un dise\u00f1o rectangular cl\u00e1sico, con l\u00edneas sencillas y elegantes y forma cl\u00e1sica vers\u00e1til, adecuado para varios estilos de ba\u00f1o, a\u00f1adiendo un temperamento moderno y elegante al espacio del ba\u00f1o.<\/li>\n\n\n\n<li><strong>Material de primera calidad:<\/strong> Fabricado con materiales cer\u00e1micos de alta calidad, cocidos a alta temperatura, garantizan que nuestro lavabo sobre encimera de ba\u00f1o a medida sea robusto, duradero, resistente a las manchas y a los ara\u00f1azos. La superficie lisa no s\u00f3lo es f\u00e1cil de limpiar, pero tambi\u00e9n mantiene hermoso y brillante durante mucho tiempo, a\u00f1adiendo un temperamento de gama alta para el cuarto de ba\u00f1o.<\/li>\n\n\n\n<li><strong>Respetuoso con el medio ambiente y saludable: <\/strong>Adoptando una tecnolog\u00eda de producci\u00f3n respetuosa con el medio ambiente, no contiene sustancias nocivas para garantizar que el producto sea inocuo para el cuerpo humano. Nos centramos en el desarrollo sostenible, nos comprometemos a reducir el impacto de la producci\u00f3n en el medio ambiente y le proporcionamos lavabos de ba\u00f1o al por mayor m\u00e1s ecol\u00f3gicos.<\/li>\n\n\n\n<li><strong>Personalizaci\u00f3n profesional<\/strong>: Hanyu ofrece una variedad de opciones de personalizaci\u00f3n para lavabos de ba\u00f1o personalizados. Ya sea color, forma o textura, puede satisfacer sus necesidades y proporcionarle productos de lavabo de cer\u00e1mica m\u00e1s competitivos al por mayor.<\/li>\n<\/ul>\n<\/div>\n\n\n\n<div class=\"wp-block-column is-layout-flow wp-block-column-is-layout-flow\">\n<figure class=\"wp-block-image size-full\"><img fetchpriority=\"high\" decoding=\"async\" width=\"651\" height=\"945\" src=\"https:\/\/www.ceramicbasin.com\/wp-content\/uploads\/2024\/07\/premium-custom-bathroom-countertop-sink-with-factory-price-6.webp\" alt=\"fregadero-sobre-encimera-para-ba\u00f1o-personalizado-con-precio-factory-6\" class=\"wp-image-3170\" srcset=\"https:\/\/www.ceramicbasin.com\/wp-content\/uploads\/2024\/07\/premium-custom-bathroom-countertop-sink-with-factory-price-6.webp 651w, https:\/\/www.ceramicbasin.com\/wp-content\/uploads\/2024\/07\/premium-custom-bathroom-countertop-sink-with-factory-price-6-207x300.webp 207w, https:\/\/www.ceramicbasin.com\/wp-content\/uploads\/2024\/07\/premium-custom-bathroom-countertop-sink-with-factory-price-6-8x12.webp 8w, https:\/\/www.ceramicbasin.com\/wp-content\/uploads\/2024\/07\/premium-custom-bathroom-countertop-sink-with-factory-price-6-285x414.webp 285w, https:\/\/www.ceramicbasin.com\/wp-content\/uploads\/2024\/07\/premium-custom-bathroom-countertop-sink-with-factory-price-6-455x660.webp 455w, https:\/\/www.ceramicbasin.com\/wp-content\/uploads\/2024\/07\/premium-custom-bathroom-countertop-sink-with-factory-price-6-103x150.webp 103w\" sizes=\"(max-width: 651px) 100vw, 651px\" \/><\/figure>\n<\/div>\n<\/div>","protected":false},"excerpt":{"rendered":"<p>El lavabo de encimera de ba\u00f1o personalizado de HanYu con dise\u00f1o cuadrado cl\u00e1sico est\u00e1 hecho de material cer\u00e1mico de alta calidad, que es m\u00e1s duradero y hermoso. Ofrecemos precios muy competitivos para satisfacer sus necesidades de compra de lavabos de ba\u00f1o.<\/p>\n<table style=\"border-collapse: collapse; width: 311.02pt;\" border=\"0\" width=\"311\" cellspacing=\"0\" cellpadding=\"0\">\n<tbody>\n<tr style=\"height: 17.60pt;\">\n<td class=\"et3\" style=\"height: 17.60pt; width: 108.35pt;\" width=\"108\" height=\"17\">Fabricante<\/td>\n<td class=\"et3\" style=\"width: 202.95pt;\" width=\"202\">HanYu<\/td>\n<\/tr>\n<tr style=\"height: 17.60pt;\">\n<td class=\"et3\" style=\"height: 17.60pt;\" height=\"17\">N\u00ba de modelo<\/td>\n<td class=\"et4\">HY-482<\/td>\n<\/tr>\n<tr style=\"height: 17.60pt;\">\n<td class=\"et3\" style=\"height: 17.60pt;\" height=\"17\">Tipo<\/td>\n<td class=\"et3\">Lavabo de Encimera<\/td>\n<\/tr>\n<tr style=\"height: 17.60pt;\">\n<td class=\"et3\" style=\"height: 17.60pt;\" height=\"17\">Forma<\/td>\n<td class=\"et3\">Forma rectangular<\/td>\n<\/tr>\n<tr style=\"height: 17.60pt;\">\n<td class=\"et4\" style=\"height: 17.60pt;\" height=\"17\">Color<\/td>\n<td class=\"et3\">Blanco<\/td>\n<\/tr>\n<tr style=\"height: 18.00pt;\">\n<td class=\"et3\" style=\"height: 18.00pt;\" height=\"18\">Dimensi\u00f3n<\/td>\n<td class=\"et5\" style=\"width: 202.95pt;\" width=\"202\">58*45*16<\/td>\n<\/tr>\n<tr style=\"height: 17.60pt;\">\n<td class=\"et3\" style=\"height: 17.60pt;\" height=\"17\">N.W \/SET<\/td>\n<td class=\"et3\">20KGS\/PCS<\/td>\n<\/tr>\n<tr style=\"height: 17.60pt;\">\n<td class=\"et3\" style=\"height: 17.60pt;\" height=\"17\">MOQ<\/td>\n<td class=\"et3\">20 piezas<\/td>\n<\/tr>\n<tr style=\"height: 17.60pt;\">\n<td class=\"et3\" style=\"height: 17.60pt;\" height=\"17\">Opci\u00f3n personalizada<\/td>\n<td class=\"et3\">Color\/Patr\u00f3n\/Tama\u00f1o\/Logotipo\/Embalaje<\/td>\n<\/tr>\n<\/tbody>\n<\/table>","protected":false},"featured_media":3165,"comment_status":"closed","ping_status":"closed","template":"","meta":{"_acf_changed":false},"product_brand":[],"product_cat":[50],"product_tag":[],"class_list":{"0":"post-3164","1":"product","2":"type-product","3":"status-publish","4":"has-post-thumbnail","6":"product_cat-wholesale-countertop-sinks","8":"first","9":"instock","10":"shipping-taxable","11":"product-type-simple"},"acf":[],"_links":{"self":[{"href":"https:\/\/www.ceramicbasin.com\/es\/wp-json\/wp\/v2\/product\/3164","targetHints":{"allow":["GET"]}}],"collection":[{"href":"https:\/\/www.ceramicbasin.com\/es\/wp-json\/wp\/v2\/product"}],"about":[{"href":"https:\/\/www.ceramicbasin.com\/es\/wp-json\/wp\/v2\/types\/product"}],"replies":[{"embeddable":true,"href":"https:\/\/www.ceramicbasin.com\/es\/wp-json\/wp\/v2\/comments?post=3164"}],"wp:featuredmedia":[{"embeddable":true,"href":"https:\/\/www.ceramicbasin.com\/es\/wp-json\/wp\/v2\/media\/3165"}],"wp:attachment":[{"href":"https:\/\/www.ceramicbasin.com\/es\/wp-json\/wp\/v2\/media?parent=3164"}],"wp:term":[{"taxonomy":"product_brand","embeddable":true,"href":"https:\/\/www.ceramicbasin.com\/es\/wp-json\/wp\/v2\/product_brand?post=3164"},{"taxonomy":"product_cat","embeddable":true,"href":"https:\/\/www.ceramicbasin.com\/es\/wp-json\/wp\/v2\/product_cat?post=3164"},{"taxonomy":"product_tag","embeddable":true,"href":"https:\/\/www.ceramicbasin.com\/es\/wp-json\/wp\/v2\/product_tag?post=3164"}],"curies":[{"name":"wp","href":"https:\/\/api.w.org\/{rel}","templated":true}]}}