{"id":3180,"date":"2024-07-12T09:54:33","date_gmt":"2024-07-12T09:54:33","guid":{"rendered":"https:\/\/www.ceramicbasin.com\/?post_type=product&#038;p=3180"},"modified":"2024-07-23T09:45:22","modified_gmt":"2024-07-23T09:45:22","slug":"new-above-counter-basins-wholesale","status":"publish","type":"product","link":"https:\/\/www.ceramicbasin.com\/es\/producto\/new-above-counter-basins-wholesale\/","title":{"rendered":"Nuevo Estilo Por Encima Del Mostrador Lavabos Al Por Mayor Con Precio De F\u00e1brica"},"content":{"rendered":"<div class=\"wp-block-columns is-layout-flex wp-container-core-columns-is-layout-9d6595d7 wp-block-columns-is-layout-flex\">\n<div class=\"wp-block-column is-layout-flow wp-block-column-is-layout-flow\">\n<h2 class=\"wp-block-heading\">Lavabos de Encimera Premium al por mayor Caracter\u00edsticas:<\/h2>\n\n\n\n<ul class=\"wp-block-list\">\n<li><strong>Dise\u00f1o a la moda:<\/strong> Este lavabo sobre encimera al por mayor es precioso y adopta un nuevo dise\u00f1o de moda, combinando la est\u00e9tica moderna con funciones pr\u00e1cticas para a\u00f1adir un efecto visual \u00fanico al cuarto de ba\u00f1o.<\/li>\n\n\n\n<li><strong>Materiales cuidadosamente seleccionados: <\/strong>La f\u00e1brica HanYu selecciona cuidadosamente materiales cer\u00e1micos de alta calidad para garantizar que el producto sea duradero, resistente a las manchas y a los ara\u00f1azos. Los lavabos de mostrador al por mayor tienen un esmalte suave que es f\u00e1cil de limpiar y puede mantener su belleza y brillo durante mucho tiempo.<\/li>\n\n\n\n<li><strong>Instalaci\u00f3n sobre encimera: <\/strong>Este lavabo de venta al por mayor est\u00e1 dise\u00f1ado para instalarse sobre la encimera, y el proceso de instalaci\u00f3n es sencillo y c\u00f3modo, adem\u00e1s de poder adaptarse a la mayor\u00eda de los armarios de ba\u00f1o est\u00e1ndar.<\/li>\n\n\n\n<li><strong>Ahorro de costes:<\/strong> La f\u00e1brica de lavabos de cer\u00e1mica HanYu le suministra directamente lavabos de ba\u00f1o al por mayor, y nuestros precios competitivos pueden ayudar a su negocio a aumentar los m\u00e1rgenes de beneficio.<\/li>\n<\/ul>\n<\/div>\n\n\n\n<div class=\"wp-block-column is-layout-flow wp-block-column-is-layout-flow\">\n<figure class=\"wp-block-image size-full\"><img fetchpriority=\"high\" decoding=\"async\" width=\"659\" height=\"831\" src=\"https:\/\/www.ceramicbasin.com\/wp-content\/uploads\/2024\/07\/new-style-above-counter-basins-wholesale-with-factory-price-6.webp\" alt=\"nuevo-estilo-sobre-encimera-lavabos-mayorista-con-factor-precio-6\" class=\"wp-image-3186\" srcset=\"https:\/\/www.ceramicbasin.com\/wp-content\/uploads\/2024\/07\/new-style-above-counter-basins-wholesale-with-factory-price-6.webp 659w, https:\/\/www.ceramicbasin.com\/wp-content\/uploads\/2024\/07\/new-style-above-counter-basins-wholesale-with-factory-price-6-238x300.webp 238w, https:\/\/www.ceramicbasin.com\/wp-content\/uploads\/2024\/07\/new-style-above-counter-basins-wholesale-with-factory-price-6-10x12.webp 10w, https:\/\/www.ceramicbasin.com\/wp-content\/uploads\/2024\/07\/new-style-above-counter-basins-wholesale-with-factory-price-6-285x359.webp 285w, https:\/\/www.ceramicbasin.com\/wp-content\/uploads\/2024\/07\/new-style-above-counter-basins-wholesale-with-factory-price-6-523x660.webp 523w, https:\/\/www.ceramicbasin.com\/wp-content\/uploads\/2024\/07\/new-style-above-counter-basins-wholesale-with-factory-price-6-119x150.webp 119w\" sizes=\"(max-width: 659px) 100vw, 659px\" \/><\/figure>\n<\/div>\n<\/div>","protected":false},"excerpt":{"rendered":"<p>Este elegante e innovador dise\u00f1o de lavabos sobre encimera al por mayor a un precio competitivo. Hecho de materiales cer\u00e1micos de alta calidad, es a la vez hermoso y duradero, f\u00e1cil y eficiente de instalar, y adecuado para varios estilos de ba\u00f1o. A trav\u00e9s de la venta directa de f\u00e1brica al por mayor, ofrecemos precios altamente competitivos para ayudar a su negocio a aumentar los m\u00e1rgenes de beneficio.<\/p>\n<table style=\"border-collapse: collapse; width: 311.02pt;\" border=\"0\" width=\"311\" cellspacing=\"0\" cellpadding=\"0\">\n<tbody>\n<tr style=\"height: 17.60pt;\">\n<td class=\"et3\" style=\"height: 17.60pt; width: 108.35pt;\" width=\"108\" height=\"17\">Fabricante<\/td>\n<td class=\"et3\" style=\"width: 202.95pt;\" width=\"202\">HanYu<\/td>\n<\/tr>\n<tr style=\"height: 17.60pt;\">\n<td class=\"et3\" style=\"height: 17.60pt;\" height=\"17\">N\u00ba de modelo<\/td>\n<td class=\"et4\">HY-8025<\/td>\n<\/tr>\n<tr style=\"height: 17.60pt;\">\n<td class=\"et3\" style=\"height: 17.60pt;\" height=\"17\">Tipo<\/td>\n<td class=\"et3\">Lavabo de Encimera<\/td>\n<\/tr>\n<tr style=\"height: 17.60pt;\">\n<td class=\"et3\" style=\"height: 17.60pt;\" height=\"17\">Forma<\/td>\n<td class=\"et3\">Forma rectangular<\/td>\n<\/tr>\n<tr style=\"height: 17.60pt;\">\n<td class=\"et4\" style=\"height: 17.60pt;\" height=\"17\">Color<\/td>\n<td class=\"et3\">Blanco<\/td>\n<\/tr>\n<tr style=\"height: 18.00pt;\">\n<td class=\"et3\" style=\"height: 18.00pt;\" height=\"18\">Dimensi\u00f3n<\/td>\n<td class=\"et5\" style=\"width: 202.95pt;\" width=\"202\">38.5*38.5*13.5<\/td>\n<\/tr>\n<tr style=\"height: 17.60pt;\">\n<td class=\"et3\" style=\"height: 17.60pt;\" height=\"17\">N.W \/SET<\/td>\n<td class=\"et3\">9.5KGS\/PCS<\/td>\n<\/tr>\n<tr style=\"height: 17.60pt;\">\n<td class=\"et3\" style=\"height: 17.60pt;\" height=\"17\">MOQ<\/td>\n<td class=\"et3\">20 piezas<\/td>\n<\/tr>\n<tr style=\"height: 17.60pt;\">\n<td class=\"et3\" style=\"height: 17.60pt;\" height=\"17\">Opci\u00f3n personalizada<\/td>\n<td class=\"et3\">Color\/Patr\u00f3n\/Tama\u00f1o\/Logotipo\/Embalaje<\/td>\n<\/tr>\n<\/tbody>\n<\/table>","protected":false},"featured_media":3181,"comment_status":"closed","ping_status":"closed","template":"","meta":{"_acf_changed":false},"product_brand":[],"product_cat":[50],"product_tag":[],"class_list":{"0":"post-3180","1":"product","2":"type-product","3":"status-publish","4":"has-post-thumbnail","6":"product_cat-wholesale-countertop-sinks","8":"first","9":"instock","10":"shipping-taxable","11":"product-type-simple"},"acf":[],"_links":{"self":[{"href":"https:\/\/www.ceramicbasin.com\/es\/wp-json\/wp\/v2\/product\/3180","targetHints":{"allow":["GET"]}}],"collection":[{"href":"https:\/\/www.ceramicbasin.com\/es\/wp-json\/wp\/v2\/product"}],"about":[{"href":"https:\/\/www.ceramicbasin.com\/es\/wp-json\/wp\/v2\/types\/product"}],"replies":[{"embeddable":true,"href":"https:\/\/www.ceramicbasin.com\/es\/wp-json\/wp\/v2\/comments?post=3180"}],"wp:featuredmedia":[{"embeddable":true,"href":"https:\/\/www.ceramicbasin.com\/es\/wp-json\/wp\/v2\/media\/3181"}],"wp:attachment":[{"href":"https:\/\/www.ceramicbasin.com\/es\/wp-json\/wp\/v2\/media?parent=3180"}],"wp:term":[{"taxonomy":"product_brand","embeddable":true,"href":"https:\/\/www.ceramicbasin.com\/es\/wp-json\/wp\/v2\/product_brand?post=3180"},{"taxonomy":"product_cat","embeddable":true,"href":"https:\/\/www.ceramicbasin.com\/es\/wp-json\/wp\/v2\/product_cat?post=3180"},{"taxonomy":"product_tag","embeddable":true,"href":"https:\/\/www.ceramicbasin.com\/es\/wp-json\/wp\/v2\/product_tag?post=3180"}],"curies":[{"name":"wp","href":"https:\/\/api.w.org\/{rel}","templated":true}]}}