{"id":3205,"date":"2024-07-13T01:36:01","date_gmt":"2024-07-13T01:36:01","guid":{"rendered":"https:\/\/www.ceramicbasin.com\/?post_type=product&#038;p=3205"},"modified":"2024-11-01T09:18:21","modified_gmt":"2024-11-01T09:18:21","slug":"custom-bathroom-countertop-sinks-bulk","status":"publish","type":"product","link":"https:\/\/www.ceramicbasin.com\/es\/producto\/custom-bathroom-countertop-sinks-bulk\/","title":{"rendered":"China F\u00e1brica Custom Ba\u00f1o Encimera Fregaderos A Granel"},"content":{"rendered":"<div class=\"wp-block-columns is-layout-flex wp-container-core-columns-is-layout-9d6595d7 wp-block-columns-is-layout-flex\">\n<div class=\"wp-block-column is-layout-flow wp-block-column-is-layout-flow\">\n<h2 class=\"wp-block-heading\">Premium Custom Lavabos de Encimera de Ba\u00f1o Caracter\u00edsticas:<\/h2>\n\n\n\n<ul class=\"wp-block-list\">\n<li><strong>Dise\u00f1o perfecto:<\/strong> Nuestros lavabos a medida para encimeras de ba\u00f1o a granel utilizan t\u00e9cnicas de cocci\u00f3n tradicionales y combinan conceptos de dise\u00f1o modernos para crear un efecto est\u00e9tico cl\u00e1sico y a la moda.<\/li>\n\n\n\n<li><strong>Suave y delicado:<\/strong> Nuestros lavabos de ba\u00f1o al por mayor tienen una superficie suave y delicada que es f\u00e1cil de limpiar y puede resistir el desgaste y las manchas del uso diario, manteni\u00e9ndose como nuevos durante mucho tiempo.<\/li>\n\n\n\n<li><strong>Soluciones a medida: <\/strong>Ofrecemos servicios de lavabos para encimeras de ba\u00f1o a medida y dise\u00f1amos la forma, el tama\u00f1o y el color del lavabo seg\u00fan las necesidades espec\u00edficas de los clientes. Tanto si persigue un estilo sencillo como un encanto retro, podemos satisfacerlo.<\/li>\n\n\n\n<li><strong>Entrega r\u00e1pida: <\/strong>La f\u00e1brica HanYu dispone de un amplio inventario. Las \u00f3rdenes a granel pueden no s\u00f3lo ayudarle a ahorrar costes, pero tambi\u00e9n aseguran entrega r\u00e1pida para cubrir las necesidades de la puntualidad de proyectos comerciales o de renovaciones residenciales.<\/li>\n<\/ul>\n<\/div>\n\n\n\n<div class=\"wp-block-column is-layout-flow wp-block-column-is-layout-flow\">\n<figure class=\"wp-block-image size-full\"><img fetchpriority=\"high\" decoding=\"async\" width=\"751\" height=\"859\" src=\"https:\/\/www.ceramicbasin.com\/wp-content\/uploads\/2024\/07\/china-factory-custom-bathroom-countertop-sinks-in-bulk-6.webp\" alt=\"china-f\u00e1brica-de-fregaderos-encimera-de-ba\u00f1o-a-medida-a-granel-6\" class=\"wp-image-3211\" srcset=\"https:\/\/www.ceramicbasin.com\/wp-content\/uploads\/2024\/07\/china-factory-custom-bathroom-countertop-sinks-in-bulk-6.webp 751w, https:\/\/www.ceramicbasin.com\/wp-content\/uploads\/2024\/07\/china-factory-custom-bathroom-countertop-sinks-in-bulk-6-262x300.webp 262w, https:\/\/www.ceramicbasin.com\/wp-content\/uploads\/2024\/07\/china-factory-custom-bathroom-countertop-sinks-in-bulk-6-10x12.webp 10w, https:\/\/www.ceramicbasin.com\/wp-content\/uploads\/2024\/07\/china-factory-custom-bathroom-countertop-sinks-in-bulk-6-285x326.webp 285w, https:\/\/www.ceramicbasin.com\/wp-content\/uploads\/2024\/07\/china-factory-custom-bathroom-countertop-sinks-in-bulk-6-577x660.webp 577w, https:\/\/www.ceramicbasin.com\/wp-content\/uploads\/2024\/07\/china-factory-custom-bathroom-countertop-sinks-in-bulk-6-131x150.webp 131w\" sizes=\"(max-width: 751px) 100vw, 751px\" \/><\/figure>\n<\/div>\n<\/div>","protected":false},"excerpt":{"rendered":"<p>Bienvenido a comprar lavabos al por mayor. Nuestros lavabos a medida para encimeras de ba\u00f1o al por mayor est\u00e1n fabricados en cer\u00e1mica de alta calidad, combinando la artesan\u00eda tradicional con el dise\u00f1o moderno. Son bonitos, duraderos y f\u00e1ciles de limpiar. Ofrecemos precios favorables y entrega r\u00e1pida para garantizar la puntualidad de las necesidades de los proyectos comerciales o renovaciones residenciales.<\/p>\n<table style=\"border-collapse: collapse; width: 311.02pt;\" border=\"0\" width=\"311\" cellspacing=\"0\" cellpadding=\"0\">\n<tbody>\n<tr style=\"height: 17.60pt;\">\n<td class=\"et3\" style=\"height: 17.60pt; width: 108.35pt;\" width=\"108\" height=\"17\">Fabricante<\/td>\n<td class=\"et3\" style=\"width: 202.95pt;\" width=\"202\">HanYu<\/td>\n<\/tr>\n<tr style=\"height: 17.60pt;\">\n<td class=\"et3\" style=\"height: 17.60pt;\" height=\"17\">N\u00ba de modelo<\/td>\n<td class=\"et4\">HY-8030<\/td>\n<\/tr>\n<tr style=\"height: 17.60pt;\">\n<td class=\"et3\" style=\"height: 17.60pt;\" height=\"17\">Tipo<\/td>\n<td class=\"et3\">Lavabo de Encimera<\/td>\n<\/tr>\n<tr style=\"height: 17.60pt;\">\n<td class=\"et3\" style=\"height: 17.60pt;\" height=\"17\">Forma<\/td>\n<td class=\"et3\">Forma rectangular<\/td>\n<\/tr>\n<tr style=\"height: 17.60pt;\">\n<td class=\"et4\" style=\"height: 17.60pt;\" height=\"17\">Color<\/td>\n<td class=\"et3\">Blanco<\/td>\n<\/tr>\n<tr style=\"height: 18.00pt;\">\n<td class=\"et3\" style=\"height: 18.00pt;\" height=\"18\">Dimensi\u00f3n<\/td>\n<td class=\"et5\" style=\"width: 202.95pt;\" width=\"202\">60.5*35*11<\/td>\n<\/tr>\n<tr style=\"height: 17.60pt;\">\n<td class=\"et3\" style=\"height: 17.60pt;\" height=\"17\">N.W \/SET<\/td>\n<td class=\"et3\">10KGS\/PCS<\/td>\n<\/tr>\n<tr style=\"height: 17.60pt;\">\n<td class=\"et3\" style=\"height: 17.60pt;\" height=\"17\">MOQ<\/td>\n<td class=\"et3\">20 piezas<\/td>\n<\/tr>\n<tr style=\"height: 17.60pt;\">\n<td class=\"et3\" style=\"height: 17.60pt;\" height=\"17\">Opci\u00f3n personalizada<\/td>\n<td class=\"et3\">Color\/Patr\u00f3n\/Tama\u00f1o\/Logotipo\/Embalaje<\/td>\n<\/tr>\n<\/tbody>\n<\/table>","protected":false},"featured_media":3206,"comment_status":"closed","ping_status":"closed","template":"","meta":{"_acf_changed":false},"product_brand":[],"product_cat":[50],"product_tag":[],"class_list":{"0":"post-3205","1":"product","2":"type-product","3":"status-publish","4":"has-post-thumbnail","6":"product_cat-wholesale-countertop-sinks","8":"first","9":"instock","10":"shipping-taxable","11":"product-type-simple"},"acf":[],"_links":{"self":[{"href":"https:\/\/www.ceramicbasin.com\/es\/wp-json\/wp\/v2\/product\/3205","targetHints":{"allow":["GET"]}}],"collection":[{"href":"https:\/\/www.ceramicbasin.com\/es\/wp-json\/wp\/v2\/product"}],"about":[{"href":"https:\/\/www.ceramicbasin.com\/es\/wp-json\/wp\/v2\/types\/product"}],"replies":[{"embeddable":true,"href":"https:\/\/www.ceramicbasin.com\/es\/wp-json\/wp\/v2\/comments?post=3205"}],"wp:featuredmedia":[{"embeddable":true,"href":"https:\/\/www.ceramicbasin.com\/es\/wp-json\/wp\/v2\/media\/3206"}],"wp:attachment":[{"href":"https:\/\/www.ceramicbasin.com\/es\/wp-json\/wp\/v2\/media?parent=3205"}],"wp:term":[{"taxonomy":"product_brand","embeddable":true,"href":"https:\/\/www.ceramicbasin.com\/es\/wp-json\/wp\/v2\/product_brand?post=3205"},{"taxonomy":"product_cat","embeddable":true,"href":"https:\/\/www.ceramicbasin.com\/es\/wp-json\/wp\/v2\/product_cat?post=3205"},{"taxonomy":"product_tag","embeddable":true,"href":"https:\/\/www.ceramicbasin.com\/es\/wp-json\/wp\/v2\/product_tag?post=3205"}],"curies":[{"name":"wp","href":"https:\/\/api.w.org\/{rel}","templated":true}]}}