{"id":3212,"date":"2024-07-13T02:18:16","date_gmt":"2024-07-13T02:18:16","guid":{"rendered":"https:\/\/www.ceramicbasin.com\/?post_type=product&#038;p=3212"},"modified":"2024-07-23T09:44:21","modified_gmt":"2024-07-23T09:44:21","slug":"custom-bathroom-sink-countertop","status":"publish","type":"product","link":"https:\/\/www.ceramicbasin.com\/es\/producto\/custom-bathroom-sink-countertop\/","title":{"rendered":"Exquisita Encimera De Lavabo De Ba\u00f1o A Medida Con Dise\u00f1o Moderno"},"content":{"rendered":"<div class=\"wp-block-columns is-layout-flex wp-container-core-columns-is-layout-9d6595d7 wp-block-columns-is-layout-flex\">\n<div class=\"wp-block-column is-layout-flow wp-block-column-is-layout-flow\">\n<h2 class=\"wp-block-heading\">Encimera de fregadero de ba\u00f1o Premium Custom Caracter\u00edsticas:<\/h2>\n\n\n\n<ul class=\"wp-block-list\">\n<li><strong>Dise\u00f1o moderno:<\/strong> Nuestras encimeras a medida para lavabos de ba\u00f1o presentan un dise\u00f1o moderno que combina l\u00edneas suaves con una est\u00e9tica pr\u00e1ctica, combinando a la perfecci\u00f3n con cualquier estilo de interior moderno.<\/li>\n\n\n\n<li><strong>Materiales de primera calidad: <\/strong>Fabricadas con materiales cer\u00e1micos de primera calidad y elaboradas con precisi\u00f3n, nuestras encimeras de lavabo a medida no s\u00f3lo son bonitas, sino tambi\u00e9n duraderas.<\/li>\n\n\n\n<li><strong>Altamente personalizable: <\/strong>Ofrecemos servicios de lavabos de ba\u00f1o a medida, desde la forma y el tama\u00f1o hasta el color y el material, todo puede ajustarse a sus necesidades.<\/li>\n\n\n\n<li><strong>Servicio r\u00e1pido y eficaz: <\/strong>Gracias a nuestra avanzada f\u00e1brica de lavabos de cer\u00e1mica y a un eficiente trabajo en equipo, podemos responder r\u00e1pidamente a sus pedidos, garantizando que cada paso, desde el dise\u00f1o hasta la entrega, se realice sin problemas ni contratiempos.<\/li>\n<\/ul>\n<\/div>\n\n\n\n<div class=\"wp-block-column is-layout-flow wp-block-column-is-layout-flow\">\n<figure class=\"wp-block-image size-full\"><img fetchpriority=\"high\" decoding=\"async\" width=\"717\" height=\"905\" src=\"https:\/\/www.ceramicbasin.com\/wp-content\/uploads\/2024\/07\/exquisite-custom-bathroom-sink-countertop-with-modern-design-6.webp\" alt=\"exquisito-fregadero-encimera-de-ba\u00f1o-a-la-medida-con-dise\u00f1o-moderno-6\" class=\"wp-image-3218\" srcset=\"https:\/\/www.ceramicbasin.com\/wp-content\/uploads\/2024\/07\/exquisite-custom-bathroom-sink-countertop-with-modern-design-6.webp 717w, https:\/\/www.ceramicbasin.com\/wp-content\/uploads\/2024\/07\/exquisite-custom-bathroom-sink-countertop-with-modern-design-6-238x300.webp 238w, https:\/\/www.ceramicbasin.com\/wp-content\/uploads\/2024\/07\/exquisite-custom-bathroom-sink-countertop-with-modern-design-6-10x12.webp 10w, https:\/\/www.ceramicbasin.com\/wp-content\/uploads\/2024\/07\/exquisite-custom-bathroom-sink-countertop-with-modern-design-6-285x360.webp 285w, https:\/\/www.ceramicbasin.com\/wp-content\/uploads\/2024\/07\/exquisite-custom-bathroom-sink-countertop-with-modern-design-6-523x660.webp 523w, https:\/\/www.ceramicbasin.com\/wp-content\/uploads\/2024\/07\/exquisite-custom-bathroom-sink-countertop-with-modern-design-6-119x150.webp 119w\" sizes=\"(max-width: 717px) 100vw, 717px\" \/><\/figure>\n<\/div>\n<\/div>","protected":false},"excerpt":{"rendered":"<p>Nuestras encimeras a medida para lavabo de ba\u00f1o est\u00e1n fabricadas con materiales de alta calidad y una exquisita artesan\u00eda, que resultan a la vez bellas y duraderas. Liderando la tendencia con un dise\u00f1o moderno e innovador, combinando l\u00edneas suaves y una est\u00e9tica pr\u00e1ctica, se adaptan perfectamente a todo tipo de estilos de interior.<\/p>\n<table style=\"border-collapse: collapse; width: 311.02pt;\" border=\"0\" width=\"311\" cellspacing=\"0\" cellpadding=\"0\">\n<tbody>\n<tr style=\"height: 17.60pt;\">\n<td class=\"et3\" style=\"height: 17.60pt; width: 108.35pt;\" width=\"108\" height=\"17\">Fabricante<\/td>\n<td class=\"et3\" style=\"width: 202.95pt;\" width=\"202\">HanYu<\/td>\n<\/tr>\n<tr style=\"height: 17.60pt;\">\n<td class=\"et3\" style=\"height: 17.60pt;\" height=\"17\">N\u00ba de modelo<\/td>\n<td class=\"et4\">HY-8034<\/td>\n<\/tr>\n<tr style=\"height: 17.60pt;\">\n<td class=\"et3\" style=\"height: 17.60pt;\" height=\"17\">Tipo<\/td>\n<td class=\"et3\">Lavabo de Encimera<\/td>\n<\/tr>\n<tr style=\"height: 17.60pt;\">\n<td class=\"et3\" style=\"height: 17.60pt;\" height=\"17\">Forma<\/td>\n<td class=\"et3\">Forma rectangular<\/td>\n<\/tr>\n<tr style=\"height: 17.60pt;\">\n<td class=\"et4\" style=\"height: 17.60pt;\" height=\"17\">Color<\/td>\n<td class=\"et3\">Blanco<\/td>\n<\/tr>\n<tr style=\"height: 18.00pt;\">\n<td class=\"et3\" style=\"height: 18.00pt;\" height=\"18\">Dimensi\u00f3n<\/td>\n<td class=\"et5\" style=\"width: 202.95pt;\" width=\"202\">60*42*13<\/td>\n<\/tr>\n<tr style=\"height: 17.60pt;\">\n<td class=\"et3\" style=\"height: 17.60pt;\" height=\"17\">N.W \/SET<\/td>\n<td class=\"et3\">18KGS\/PCS<\/td>\n<\/tr>\n<tr style=\"height: 17.60pt;\">\n<td class=\"et3\" style=\"height: 17.60pt;\" height=\"17\">MOQ<\/td>\n<td class=\"et3\">20 piezas<\/td>\n<\/tr>\n<tr style=\"height: 17.60pt;\">\n<td class=\"et3\" style=\"height: 17.60pt;\" height=\"17\">Opci\u00f3n personalizada<\/td>\n<td class=\"et3\">Color\/Patr\u00f3n\/Tama\u00f1o\/Logotipo\/Embalaje<\/td>\n<\/tr>\n<\/tbody>\n<\/table>","protected":false},"featured_media":3213,"comment_status":"closed","ping_status":"closed","template":"","meta":{"_acf_changed":false},"product_brand":[],"product_cat":[50],"product_tag":[],"class_list":{"0":"post-3212","1":"product","2":"type-product","3":"status-publish","4":"has-post-thumbnail","6":"product_cat-wholesale-countertop-sinks","8":"first","9":"instock","10":"shipping-taxable","11":"product-type-simple"},"acf":[],"_links":{"self":[{"href":"https:\/\/www.ceramicbasin.com\/es\/wp-json\/wp\/v2\/product\/3212","targetHints":{"allow":["GET"]}}],"collection":[{"href":"https:\/\/www.ceramicbasin.com\/es\/wp-json\/wp\/v2\/product"}],"about":[{"href":"https:\/\/www.ceramicbasin.com\/es\/wp-json\/wp\/v2\/types\/product"}],"replies":[{"embeddable":true,"href":"https:\/\/www.ceramicbasin.com\/es\/wp-json\/wp\/v2\/comments?post=3212"}],"wp:featuredmedia":[{"embeddable":true,"href":"https:\/\/www.ceramicbasin.com\/es\/wp-json\/wp\/v2\/media\/3213"}],"wp:attachment":[{"href":"https:\/\/www.ceramicbasin.com\/es\/wp-json\/wp\/v2\/media?parent=3212"}],"wp:term":[{"taxonomy":"product_brand","embeddable":true,"href":"https:\/\/www.ceramicbasin.com\/es\/wp-json\/wp\/v2\/product_brand?post=3212"},{"taxonomy":"product_cat","embeddable":true,"href":"https:\/\/www.ceramicbasin.com\/es\/wp-json\/wp\/v2\/product_cat?post=3212"},{"taxonomy":"product_tag","embeddable":true,"href":"https:\/\/www.ceramicbasin.com\/es\/wp-json\/wp\/v2\/product_tag?post=3212"}],"curies":[{"name":"wp","href":"https:\/\/api.w.org\/{rel}","templated":true}]}}