{"id":3219,"date":"2024-07-13T02:36:10","date_gmt":"2024-07-13T02:36:10","guid":{"rendered":"https:\/\/www.ceramicbasin.com\/?post_type=product&#038;p=3219"},"modified":"2024-11-01T09:21:48","modified_gmt":"2024-11-01T09:21:48","slug":"exquisite-custom-bath-sinks","status":"publish","type":"product","link":"https:\/\/www.ceramicbasin.com\/es\/producto\/exquisite-custom-bath-sinks\/","title":{"rendered":"Exquisito Fregaderos A Medida Para Encimera De Ba\u00f1o A Granel"},"content":{"rendered":"<div class=\"wp-block-columns is-layout-flex wp-container-core-columns-is-layout-9d6595d7 wp-block-columns-is-layout-flex\">\n<div class=\"wp-block-column is-layout-flow wp-block-column-is-layout-flow\">\n<h2 class=\"wp-block-heading\">Premium Custom Fregaderos Caracter\u00edsticas:<\/h2>\n\n\n\n<ul class=\"wp-block-list\">\n<li><strong>Dise\u00f1o exquisito: <\/strong>Nuestros lavabos personalizados a granel adoptan un exquisito dise\u00f1o moderno. Cada pieza es un homenaje a la est\u00e9tica y pretende a\u00f1adir elegancia y gusto al espacio de ba\u00f1o.<\/li>\n\n\n\n<li><strong>Materiales de alta calidad:<\/strong> La selecci\u00f3n de materiales cer\u00e1micos de alta calidad y el exquisito trabajo artesanal garantizan que cada lavabo de ba\u00f1era a medida a granel no s\u00f3lo tenga un bonito aspecto, sino tambi\u00e9n una excelente durabilidad y sea f\u00e1cil de limpiar.<\/li>\n\n\n\n<li><strong>Personalizaci\u00f3n ilimitada: <\/strong>Como fabricante profesional de lavabos de cer\u00e1mica, HanYu ofrece una amplia gama de opciones de lavabos de ba\u00f1o personalizados, incluyendo formas, tama\u00f1os, colores, etc. para satisfacer sus necesidades comerciales.<\/li>\n\n\n\n<li><strong>Precio ventajoso: <\/strong>Ofrecemos servicios de pedidos al por mayor, que no s\u00f3lo son asequibles, sino que tambi\u00e9n se entregan r\u00e1pidamente, adecuados para proyectos comerciales y decoraci\u00f3n residencial a gran escala, satisfaciendo las necesidades de alta eficiencia y bajo coste.<\/li>\n<\/ul>\n<\/div>\n\n\n\n<div class=\"wp-block-column is-layout-flow wp-block-column-is-layout-flow\">\n<figure class=\"wp-block-image size-full\"><img fetchpriority=\"high\" decoding=\"async\" width=\"625\" height=\"863\" src=\"https:\/\/www.ceramicbasin.com\/wp-content\/uploads\/2024\/07\/exquisite-custom-bath-sinks-for-bathroom-countertop-in-bulk-6.webp\" alt=\"exquisito-fregadero-para-encimera-de-ba\u00f1o-a-medida-en-bultos-6\" class=\"wp-image-3228\" srcset=\"https:\/\/www.ceramicbasin.com\/wp-content\/uploads\/2024\/07\/exquisite-custom-bath-sinks-for-bathroom-countertop-in-bulk-6.webp 625w, https:\/\/www.ceramicbasin.com\/wp-content\/uploads\/2024\/07\/exquisite-custom-bath-sinks-for-bathroom-countertop-in-bulk-6-217x300.webp 217w, https:\/\/www.ceramicbasin.com\/wp-content\/uploads\/2024\/07\/exquisite-custom-bath-sinks-for-bathroom-countertop-in-bulk-6-9x12.webp 9w, https:\/\/www.ceramicbasin.com\/wp-content\/uploads\/2024\/07\/exquisite-custom-bath-sinks-for-bathroom-countertop-in-bulk-6-285x394.webp 285w, https:\/\/www.ceramicbasin.com\/wp-content\/uploads\/2024\/07\/exquisite-custom-bath-sinks-for-bathroom-countertop-in-bulk-6-478x660.webp 478w, https:\/\/www.ceramicbasin.com\/wp-content\/uploads\/2024\/07\/exquisite-custom-bath-sinks-for-bathroom-countertop-in-bulk-6-109x150.webp 109w\" sizes=\"(max-width: 625px) 100vw, 625px\" \/><\/figure>\n<\/div>\n<\/div>","protected":false},"excerpt":{"rendered":"<p>Bienvenido a comprar lavabos de encimera de cer\u00e1mica al por mayor. Nuestros lavabos de ba\u00f1o a medida est\u00e1n fabricados con materiales de alta calidad y est\u00e1n dise\u00f1ados para aportar elegancia y practicidad a cualquier espacio de ba\u00f1o. Al aprovechar la compra al por mayor, no solo ofrecemos precios muy competitivos, sino que tambi\u00e9n garantizamos una entrega r\u00e1pida para satisfacer las eficientes necesidades de proyectos comerciales y reformas a gran escala.<\/p>\n<table style=\"border-collapse: collapse; width: 311.02pt;\" border=\"0\" width=\"311\" cellspacing=\"0\" cellpadding=\"0\">\n<tbody>\n<tr style=\"height: 17.60pt;\">\n<td class=\"et3\" style=\"height: 17.60pt; width: 108.35pt;\" width=\"108\" height=\"17\">Fabricante<\/td>\n<td class=\"et3\" style=\"width: 202.95pt;\" width=\"202\">HanYu<\/td>\n<\/tr>\n<tr style=\"height: 17.60pt;\">\n<td class=\"et3\" style=\"height: 17.60pt;\" height=\"17\">N\u00ba de modelo<\/td>\n<td class=\"et4\">HY-8041<\/td>\n<\/tr>\n<tr style=\"height: 17.60pt;\">\n<td class=\"et3\" style=\"height: 17.60pt;\" height=\"17\">Tipo<\/td>\n<td class=\"et3\">Lavabo de Encimera<\/td>\n<\/tr>\n<tr style=\"height: 17.60pt;\">\n<td class=\"et3\" style=\"height: 17.60pt;\" height=\"17\">Forma<\/td>\n<td class=\"et3\">Forma rectangular<\/td>\n<\/tr>\n<tr style=\"height: 17.60pt;\">\n<td class=\"et4\" style=\"height: 17.60pt;\" height=\"17\">Color<\/td>\n<td class=\"et3\">Blanco<\/td>\n<\/tr>\n<tr style=\"height: 18.00pt;\">\n<td class=\"et3\" style=\"height: 18.00pt;\" height=\"18\">Dimensi\u00f3n<\/td>\n<td class=\"et5\" style=\"width: 202.95pt;\" width=\"202\">51*40*14<\/td>\n<\/tr>\n<tr style=\"height: 17.60pt;\">\n<td class=\"et3\" style=\"height: 17.60pt;\" height=\"17\">N.W \/SET<\/td>\n<td class=\"et3\">13KGS\/PCS<\/td>\n<\/tr>\n<tr style=\"height: 17.60pt;\">\n<td class=\"et3\" style=\"height: 17.60pt;\" height=\"17\">MOQ<\/td>\n<td class=\"et3\">20 piezas<\/td>\n<\/tr>\n<tr style=\"height: 17.60pt;\">\n<td class=\"et3\" style=\"height: 17.60pt;\" height=\"17\">Opci\u00f3n personalizada<\/td>\n<td class=\"et3\">Color\/Patr\u00f3n\/Tama\u00f1o\/Logotipo\/Embalaje<\/td>\n<\/tr>\n<\/tbody>\n<\/table>","protected":false},"featured_media":3220,"comment_status":"closed","ping_status":"closed","template":"","meta":{"_acf_changed":false},"product_brand":[],"product_cat":[50],"product_tag":[],"class_list":{"0":"post-3219","1":"product","2":"type-product","3":"status-publish","4":"has-post-thumbnail","6":"product_cat-wholesale-countertop-sinks","8":"first","9":"instock","10":"shipping-taxable","11":"product-type-simple"},"acf":[],"_links":{"self":[{"href":"https:\/\/www.ceramicbasin.com\/es\/wp-json\/wp\/v2\/product\/3219","targetHints":{"allow":["GET"]}}],"collection":[{"href":"https:\/\/www.ceramicbasin.com\/es\/wp-json\/wp\/v2\/product"}],"about":[{"href":"https:\/\/www.ceramicbasin.com\/es\/wp-json\/wp\/v2\/types\/product"}],"replies":[{"embeddable":true,"href":"https:\/\/www.ceramicbasin.com\/es\/wp-json\/wp\/v2\/comments?post=3219"}],"wp:featuredmedia":[{"embeddable":true,"href":"https:\/\/www.ceramicbasin.com\/es\/wp-json\/wp\/v2\/media\/3220"}],"wp:attachment":[{"href":"https:\/\/www.ceramicbasin.com\/es\/wp-json\/wp\/v2\/media?parent=3219"}],"wp:term":[{"taxonomy":"product_brand","embeddable":true,"href":"https:\/\/www.ceramicbasin.com\/es\/wp-json\/wp\/v2\/product_brand?post=3219"},{"taxonomy":"product_cat","embeddable":true,"href":"https:\/\/www.ceramicbasin.com\/es\/wp-json\/wp\/v2\/product_cat?post=3219"},{"taxonomy":"product_tag","embeddable":true,"href":"https:\/\/www.ceramicbasin.com\/es\/wp-json\/wp\/v2\/product_tag?post=3219"}],"curies":[{"name":"wp","href":"https:\/\/api.w.org\/{rel}","templated":true}]}}