{"id":3233,"date":"2024-07-13T02:52:42","date_gmt":"2024-07-13T02:52:42","guid":{"rendered":"https:\/\/www.ceramicbasin.com\/?post_type=product&#038;p=3233"},"modified":"2024-07-23T09:44:11","modified_gmt":"2024-07-23T09:44:11","slug":"wholesale-porcelain-bathroom-sinks","status":"publish","type":"product","link":"https:\/\/www.ceramicbasin.com\/es\/producto\/wholesale-porcelain-bathroom-sinks\/","title":{"rendered":"Premium Wholesale Porcelana Lavabos de Ba\u00f1o En Stock + Listo Para Enviar"},"content":{"rendered":"<div class=\"wp-block-columns is-layout-flex wp-container-core-columns-is-layout-9d6595d7 wp-block-columns-is-layout-flex\">\n<div class=\"wp-block-column is-layout-flow wp-block-column-is-layout-flow\">\n<h2 class=\"wp-block-heading\">Premium al por mayor de porcelana fregaderos de ba\u00f1o Caracter\u00edsticas:<\/h2>\n\n\n\n<ul class=\"wp-block-list\">\n<li><strong>Calidad de gama alta: <\/strong>Nuestros lavabos de ba\u00f1o de porcelana al por mayor est\u00e1n hechos de arcilla de porcelana de alta calidad, con textura fina y alto brillo, mostrando una excelente calidad.<\/li>\n\n\n\n<li><strong>F\u00e1cil de mantener: <\/strong>La superficie de nuestros lavabos de porcelana al por mayor es lisa y no se mancha f\u00e1cilmente. La limpieza diaria es simple y conveniente, y puede permanecer brillante y nuevo despu\u00e9s de su uso a largo plazo.<\/li>\n\n\n\n<li><strong>Entrega r\u00e1pida: <\/strong>Nuestros lavabos de ba\u00f1o al por mayor est\u00e1n en stock, sin necesidad de esperar un largo ciclo de producci\u00f3n. Despu\u00e9s de realizar un pedido, la entrega se puede organizar r\u00e1pidamente, lo que acorta en gran medida el tiempo de finalizaci\u00f3n de su proyecto y satisface las necesidades urgentes.<\/li>\n\n\n\n<li><strong>Descuento por compra al por mayor: <\/strong>HanYu ofrece un amplio stock de lavabos de cer\u00e1mica para ayudarle a conseguir lavabos de cer\u00e1mica para ba\u00f1o de alta calidad controlando los costes, lo que resulta adecuado para proyectos de decoraci\u00f3n a gran escala como hoteles y apartamentos.<\/li>\n<\/ul>\n<\/div>\n\n\n\n<div class=\"wp-block-column is-layout-flow wp-block-column-is-layout-flow\">\n<figure class=\"wp-block-image size-full\"><img fetchpriority=\"high\" decoding=\"async\" width=\"634\" height=\"855\" src=\"https:\/\/www.ceramicbasin.com\/wp-content\/uploads\/2024\/07\/wholesale-porcelain-bathroom-sinks-in-stock-ready-to-ship-6.webp\" alt=\"mayorista-fregaderos-de-ba\u00f1o-de-porcelana-en-stock-listos-para-embarcar-6\" class=\"wp-image-3243\" srcset=\"https:\/\/www.ceramicbasin.com\/wp-content\/uploads\/2024\/07\/wholesale-porcelain-bathroom-sinks-in-stock-ready-to-ship-6.webp 634w, https:\/\/www.ceramicbasin.com\/wp-content\/uploads\/2024\/07\/wholesale-porcelain-bathroom-sinks-in-stock-ready-to-ship-6-222x300.webp 222w, https:\/\/www.ceramicbasin.com\/wp-content\/uploads\/2024\/07\/wholesale-porcelain-bathroom-sinks-in-stock-ready-to-ship-6-9x12.webp 9w, https:\/\/www.ceramicbasin.com\/wp-content\/uploads\/2024\/07\/wholesale-porcelain-bathroom-sinks-in-stock-ready-to-ship-6-285x384.webp 285w, https:\/\/www.ceramicbasin.com\/wp-content\/uploads\/2024\/07\/wholesale-porcelain-bathroom-sinks-in-stock-ready-to-ship-6-489x660.webp 489w, https:\/\/www.ceramicbasin.com\/wp-content\/uploads\/2024\/07\/wholesale-porcelain-bathroom-sinks-in-stock-ready-to-ship-6-111x150.webp 111w\" sizes=\"(max-width: 634px) 100vw, 634px\" \/><\/figure>\n<\/div>\n<\/div>","protected":false},"excerpt":{"rendered":"<p>Nuestros lavabos de porcelana al por mayor son suaves y f\u00e1ciles de limpiar. Son de alta calidad y permanecer\u00e1n como nuevos tras un uso prolongado. Son ideales para la decoraci\u00f3n de cuartos de ba\u00f1o. Disponemos de existencias suficientes y podemos realizar entregas con rapidez.<\/p>\n<table style=\"border-collapse: collapse; width: 311.02pt;\" border=\"0\" width=\"311\" cellspacing=\"0\" cellpadding=\"0\">\n<tbody>\n<tr style=\"height: 17.60pt;\">\n<td class=\"et3\" style=\"height: 17.60pt; width: 108.35pt;\" width=\"108\" height=\"17\">Fabricante<\/td>\n<td class=\"et3\" style=\"width: 202.95pt;\" width=\"202\">HanYu<\/td>\n<\/tr>\n<tr style=\"height: 17.60pt;\">\n<td class=\"et3\" style=\"height: 17.60pt;\" height=\"17\">N\u00ba de modelo<\/td>\n<td class=\"et4\">HY-8064-55<\/td>\n<\/tr>\n<tr style=\"height: 17.60pt;\">\n<td class=\"et3\" style=\"height: 17.60pt;\" height=\"17\">Tipo<\/td>\n<td class=\"et3\">Lavabo de Encimera<\/td>\n<\/tr>\n<tr style=\"height: 17.60pt;\">\n<td class=\"et3\" style=\"height: 17.60pt;\" height=\"17\">Forma<\/td>\n<td class=\"et3\">Forma rectangular<\/td>\n<\/tr>\n<tr style=\"height: 17.60pt;\">\n<td class=\"et4\" style=\"height: 17.60pt;\" height=\"17\">Color<\/td>\n<td class=\"et3\">Blanco<\/td>\n<\/tr>\n<tr style=\"height: 18.00pt;\">\n<td class=\"et3\" style=\"height: 18.00pt;\" height=\"18\">Dimensi\u00f3n<\/td>\n<td class=\"et5\" style=\"width: 202.95pt;\" width=\"202\">55*38*11<\/td>\n<\/tr>\n<tr style=\"height: 17.60pt;\">\n<td class=\"et3\" style=\"height: 17.60pt;\" height=\"17\">N.W \/SET<\/td>\n<td class=\"et3\">12.5KGS\/PCS<\/td>\n<\/tr>\n<tr style=\"height: 17.60pt;\">\n<td class=\"et3\" style=\"height: 17.60pt;\" height=\"17\">MOQ<\/td>\n<td class=\"et3\">20 piezas<\/td>\n<\/tr>\n<tr style=\"height: 17.60pt;\">\n<td class=\"et3\" style=\"height: 17.60pt;\" height=\"17\">Opci\u00f3n personalizada<\/td>\n<td class=\"et3\">Color\/Patr\u00f3n\/Tama\u00f1o\/Logotipo\/Embalaje<\/td>\n<\/tr>\n<\/tbody>\n<\/table>","protected":false},"featured_media":3238,"comment_status":"closed","ping_status":"closed","template":"","meta":{"_acf_changed":false},"product_brand":[],"product_cat":[50],"product_tag":[],"class_list":{"0":"post-3233","1":"product","2":"type-product","3":"status-publish","4":"has-post-thumbnail","6":"product_cat-wholesale-countertop-sinks","8":"first","9":"instock","10":"shipping-taxable","11":"product-type-simple"},"acf":[],"_links":{"self":[{"href":"https:\/\/www.ceramicbasin.com\/es\/wp-json\/wp\/v2\/product\/3233","targetHints":{"allow":["GET"]}}],"collection":[{"href":"https:\/\/www.ceramicbasin.com\/es\/wp-json\/wp\/v2\/product"}],"about":[{"href":"https:\/\/www.ceramicbasin.com\/es\/wp-json\/wp\/v2\/types\/product"}],"replies":[{"embeddable":true,"href":"https:\/\/www.ceramicbasin.com\/es\/wp-json\/wp\/v2\/comments?post=3233"}],"wp:featuredmedia":[{"embeddable":true,"href":"https:\/\/www.ceramicbasin.com\/es\/wp-json\/wp\/v2\/media\/3238"}],"wp:attachment":[{"href":"https:\/\/www.ceramicbasin.com\/es\/wp-json\/wp\/v2\/media?parent=3233"}],"wp:term":[{"taxonomy":"product_brand","embeddable":true,"href":"https:\/\/www.ceramicbasin.com\/es\/wp-json\/wp\/v2\/product_brand?post=3233"},{"taxonomy":"product_cat","embeddable":true,"href":"https:\/\/www.ceramicbasin.com\/es\/wp-json\/wp\/v2\/product_cat?post=3233"},{"taxonomy":"product_tag","embeddable":true,"href":"https:\/\/www.ceramicbasin.com\/es\/wp-json\/wp\/v2\/product_tag?post=3233"}],"curies":[{"name":"wp","href":"https:\/\/api.w.org\/{rel}","templated":true}]}}