{"id":3244,"date":"2024-07-13T03:12:56","date_gmt":"2024-07-13T03:12:56","guid":{"rendered":"https:\/\/www.ceramicbasin.com\/?post_type=product&#038;p=3244"},"modified":"2024-11-01T09:26:35","modified_gmt":"2024-11-01T09:26:35","slug":"luxury-wholesale-porcelain-sinks","status":"publish","type":"product","link":"https:\/\/www.ceramicbasin.com\/es\/producto\/luxury-wholesale-porcelain-sinks\/","title":{"rendered":"Fregaderos de porcelana al por mayor de lujo para el cuarto de ba\u00f1o con precio al por mayor y entrega r\u00e1pida"},"content":{"rendered":"<div class=\"wp-block-columns is-layout-flex wp-container-core-columns-is-layout-9d6595d7 wp-block-columns-is-layout-flex\">\n<div class=\"wp-block-column is-layout-flow wp-block-column-is-layout-flow\">\n<h2 class=\"wp-block-heading\">Premium Fregaderos de porcelana al por mayor Caracter\u00edsticas:<\/h2>\n\n\n\n<ul class=\"wp-block-list\">\n<li><strong>La textura del lujo: <\/strong>Estos lavabos de porcelana al por mayor de arcilla de alta calidad muestran un brillo y una textura delicados, lo que a\u00f1ade una sensaci\u00f3n de nobleza y elegancia al cuarto de ba\u00f1o.<\/li>\n\n\n\n<li><strong>F\u00e1cil de limpiar, c\u00f3modo de mantener: <\/strong>La superficie de nuestros fregaderos de porcelana al por mayor es lisa, no absorbe f\u00e1cilmente las manchas. Es simple y conveniente para el mantenimiento diario. Despu\u00e9s de un largo tiempo de uso, se mantiene como nuevo.<\/li>\n\n\n\n<li><strong>Descuento por volumen: <\/strong>Como proveedor de fregaderos de cer\u00e1mica, HanYu ofrece un amplio inventario de fregaderos de cer\u00e1mica al por mayor. Las compras a granel pueden disfrutar de descuentos del valor estupendo, asegur\u00e1ndose de que usted puede disfrutar de productos de calidad superior mientras que permanece dentro de su presupuesto.<\/li>\n\n\n\n<li><strong>Entrega r\u00e1pida: <\/strong>Los fregaderos de cer\u00e1mica al por mayor de HanYu tienen existencias suficientes. Despu\u00e9s de hacer un pedido, se pueden organizar r\u00e1pidamente para la entrega sin largas esperas, asegurando que su proyecto de decoraci\u00f3n o las necesidades de su negocio se cumplan a tiempo.<\/li>\n<\/ul>\n<\/div>\n\n\n\n<div class=\"wp-block-column is-layout-flow wp-block-column-is-layout-flow\">\n<figure class=\"wp-block-image size-full\"><img fetchpriority=\"high\" decoding=\"async\" width=\"1345\" height=\"1787\" src=\"https:\/\/www.ceramicbasin.com\/wp-content\/uploads\/2024\/07\/luxury-wholesale-porcelain-sinks-for-bathroom-fast-delivery-6.webp\" alt=\"fregaderos de porcelana al por mayor de lujo para cuartos de ba\u00f1o - entrega r\u00e1pida-6\" class=\"wp-image-3250\" srcset=\"https:\/\/www.ceramicbasin.com\/wp-content\/uploads\/2024\/07\/luxury-wholesale-porcelain-sinks-for-bathroom-fast-delivery-6.webp 1345w, https:\/\/www.ceramicbasin.com\/wp-content\/uploads\/2024\/07\/luxury-wholesale-porcelain-sinks-for-bathroom-fast-delivery-6-226x300.webp 226w, https:\/\/www.ceramicbasin.com\/wp-content\/uploads\/2024\/07\/luxury-wholesale-porcelain-sinks-for-bathroom-fast-delivery-6-768x1020.webp 768w, https:\/\/www.ceramicbasin.com\/wp-content\/uploads\/2024\/07\/luxury-wholesale-porcelain-sinks-for-bathroom-fast-delivery-6-9x12.webp 9w, https:\/\/www.ceramicbasin.com\/wp-content\/uploads\/2024\/07\/luxury-wholesale-porcelain-sinks-for-bathroom-fast-delivery-6-285x379.webp 285w, https:\/\/www.ceramicbasin.com\/wp-content\/uploads\/2024\/07\/luxury-wholesale-porcelain-sinks-for-bathroom-fast-delivery-6-497x660.webp 497w, https:\/\/www.ceramicbasin.com\/wp-content\/uploads\/2024\/07\/luxury-wholesale-porcelain-sinks-for-bathroom-fast-delivery-6-113x150.webp 113w\" sizes=\"(max-width: 1345px) 100vw, 1345px\" \/><\/figure>\n<\/div>\n<\/div>","protected":false},"excerpt":{"rendered":"<p>Bienvenido a comprar fregaderos de cer\u00e1mica al por mayor. Nuestros fregaderos de porcelana al por mayor de lujo tienen una superficie de porcelana lisa, hermosa y f\u00e1cil de limpiar, grandes descuentos para compras al por mayor, y servicios de entrega r\u00e1pida. Ofrecemos a los clientes una soluci\u00f3n de lavabo de porcelana de ba\u00f1o que combina la textura de lujo con la asequibilidad.<\/p>\n<table style=\"border-collapse: collapse; width: 311.02pt;\" border=\"0\" width=\"311\" cellspacing=\"0\" cellpadding=\"0\">\n<tbody>\n<tr style=\"height: 17.60pt;\">\n<td class=\"et3\" style=\"height: 17.60pt; width: 108.35pt;\" width=\"108\" height=\"17\">Fabricante<\/td>\n<td class=\"et3\" style=\"width: 202.95pt;\" width=\"202\">HanYu<\/td>\n<\/tr>\n<tr style=\"height: 17.60pt;\">\n<td class=\"et3\" style=\"height: 17.60pt;\" height=\"17\">N\u00ba de modelo<\/td>\n<td class=\"et4\">HY-8105<\/td>\n<\/tr>\n<tr style=\"height: 17.60pt;\">\n<td class=\"et3\" style=\"height: 17.60pt;\" height=\"17\">Tipo<\/td>\n<td class=\"et3\">Lavabo de Encimera<\/td>\n<\/tr>\n<tr style=\"height: 17.60pt;\">\n<td class=\"et3\" style=\"height: 17.60pt;\" height=\"17\">Forma<\/td>\n<td class=\"et3\">Forma rectangular<\/td>\n<\/tr>\n<tr style=\"height: 17.60pt;\">\n<td class=\"et4\" style=\"height: 17.60pt;\" height=\"17\">Color<\/td>\n<td class=\"et3\">Blanco<\/td>\n<\/tr>\n<tr style=\"height: 18.00pt;\">\n<td class=\"et3\" style=\"height: 18.00pt;\" height=\"18\">Dimensi\u00f3n<\/td>\n<td class=\"et5\" style=\"width: 202.95pt;\" width=\"202\">61*35.5*12<\/td>\n<\/tr>\n<tr style=\"height: 17.60pt;\">\n<td class=\"et3\" style=\"height: 17.60pt;\" height=\"17\">N.W \/SET<\/td>\n<td class=\"et3\">12KGS\/PCS<\/td>\n<\/tr>\n<tr style=\"height: 17.60pt;\">\n<td class=\"et3\" style=\"height: 17.60pt;\" height=\"17\">MOQ<\/td>\n<td class=\"et3\">20 piezas<\/td>\n<\/tr>\n<tr style=\"height: 17.60pt;\">\n<td class=\"et3\" style=\"height: 17.60pt;\" height=\"17\">Opci\u00f3n personalizada<\/td>\n<td class=\"et3\">Color\/Patr\u00f3n\/Tama\u00f1o\/Logotipo\/Embalaje<\/td>\n<\/tr>\n<\/tbody>\n<\/table>","protected":false},"featured_media":3245,"comment_status":"closed","ping_status":"closed","template":"","meta":{"_acf_changed":false},"product_brand":[],"product_cat":[50],"product_tag":[],"class_list":{"0":"post-3244","1":"product","2":"type-product","3":"status-publish","4":"has-post-thumbnail","6":"product_cat-wholesale-countertop-sinks","8":"first","9":"instock","10":"shipping-taxable","11":"product-type-simple"},"acf":[],"_links":{"self":[{"href":"https:\/\/www.ceramicbasin.com\/es\/wp-json\/wp\/v2\/product\/3244","targetHints":{"allow":["GET"]}}],"collection":[{"href":"https:\/\/www.ceramicbasin.com\/es\/wp-json\/wp\/v2\/product"}],"about":[{"href":"https:\/\/www.ceramicbasin.com\/es\/wp-json\/wp\/v2\/types\/product"}],"replies":[{"embeddable":true,"href":"https:\/\/www.ceramicbasin.com\/es\/wp-json\/wp\/v2\/comments?post=3244"}],"wp:featuredmedia":[{"embeddable":true,"href":"https:\/\/www.ceramicbasin.com\/es\/wp-json\/wp\/v2\/media\/3245"}],"wp:attachment":[{"href":"https:\/\/www.ceramicbasin.com\/es\/wp-json\/wp\/v2\/media?parent=3244"}],"wp:term":[{"taxonomy":"product_brand","embeddable":true,"href":"https:\/\/www.ceramicbasin.com\/es\/wp-json\/wp\/v2\/product_brand?post=3244"},{"taxonomy":"product_cat","embeddable":true,"href":"https:\/\/www.ceramicbasin.com\/es\/wp-json\/wp\/v2\/product_cat?post=3244"},{"taxonomy":"product_tag","embeddable":true,"href":"https:\/\/www.ceramicbasin.com\/es\/wp-json\/wp\/v2\/product_tag?post=3244"}],"curies":[{"name":"wp","href":"https:\/\/api.w.org\/{rel}","templated":true}]}}