{"id":3275,"date":"2024-07-13T03:49:46","date_gmt":"2024-07-13T03:49:46","guid":{"rendered":"https:\/\/www.ceramicbasin.com\/?post_type=product&#038;p=3275"},"modified":"2024-11-09T07:09:57","modified_gmt":"2024-11-09T07:09:57","slug":"ceramic-basin-wholesale-top-counter","status":"publish","type":"product","link":"https:\/\/www.ceramicbasin.com\/es\/producto\/ceramic-basin-wholesale-top-counter\/","title":{"rendered":"Venta al por mayor lavabo de cer\u00e1mica lavabo de montaje en mostrador superior"},"content":{"rendered":"<div class=\"wp-block-columns is-layout-flex wp-container-core-columns-is-layout-9d6595d7 wp-block-columns-is-layout-flex\">\n<div class=\"wp-block-column is-layout-flow wp-block-column-is-layout-flow\">\n<h2 class=\"wp-block-heading\">Lavabo de cer\u00e1mica Premium al por mayor Caracter\u00edsticas:<\/h2>\n\n\n\n<ul class=\"wp-block-list\">\n<li><strong>Venta urgente: <\/strong>Resistente, duradero, con color uniforme y de f\u00e1cil limpieza y mantenimiento, aumenta su valor. Es por eso que este lavabo de cer\u00e1mica al por mayor ha estado en la cima del mercado.<\/li>\n\n\n\n<li><strong>Material de primera calidad:<\/strong> Se utiliza materia prima cer\u00e1mica de alta calidad para fabricar este lavabo de cer\u00e1mica al por mayor proporcionado por HanYu. Cocido a altas temperaturas, la textura con cuerpo muestra una superficie lisa que puede evitar que la suciedad se adhiera con eficacia.<\/li>\n\n\n\n<li><strong>Dise\u00f1o montado en la parte superior:<\/strong> Este lavabo de cer\u00e1mica al por mayor tiene un m\u00e9todo \u00fanico de montaje superior, estable y fiable. Ahorra espacio, cumple con la sensaci\u00f3n moderna en el cuarto de ba\u00f1o, y se adapta a varios estilos de decoraci\u00f3n.<\/li>\n\n\n\n<li><strong>Descuento al por mayor: <\/strong>Proporcionamos un descuento al por mayor de venta caliente para este lavabo de cer\u00e1mica al por mayor para realizar el requisito de proyecto comercial y la decoraci\u00f3n residencial a gran escala.<\/li>\n<\/ul>\n<\/div>\n\n\n\n<div class=\"wp-block-column is-layout-flow wp-block-column-is-layout-flow\">\n<figure class=\"wp-block-image size-full\"><img fetchpriority=\"high\" decoding=\"async\" width=\"827\" height=\"1240\" src=\"https:\/\/www.ceramicbasin.com\/wp-content\/uploads\/2024\/07\/hot-sales-ceramic-basin-wholesale-top-counter-mounting-basin-6.webp\" alt=\"Venta al por mayor lavabo de cer\u00e1mica lavabo de montaje superior-1\" class=\"wp-image-3284\" srcset=\"https:\/\/www.ceramicbasin.com\/wp-content\/uploads\/2024\/07\/hot-sales-ceramic-basin-wholesale-top-counter-mounting-basin-6.webp 827w, https:\/\/www.ceramicbasin.com\/wp-content\/uploads\/2024\/07\/hot-sales-ceramic-basin-wholesale-top-counter-mounting-basin-6-200x300.webp 200w, https:\/\/www.ceramicbasin.com\/wp-content\/uploads\/2024\/07\/hot-sales-ceramic-basin-wholesale-top-counter-mounting-basin-6-768x1152.webp 768w, https:\/\/www.ceramicbasin.com\/wp-content\/uploads\/2024\/07\/hot-sales-ceramic-basin-wholesale-top-counter-mounting-basin-6-8x12.webp 8w, https:\/\/www.ceramicbasin.com\/wp-content\/uploads\/2024\/07\/hot-sales-ceramic-basin-wholesale-top-counter-mounting-basin-6-285x427.webp 285w, https:\/\/www.ceramicbasin.com\/wp-content\/uploads\/2024\/07\/hot-sales-ceramic-basin-wholesale-top-counter-mounting-basin-6-440x660.webp 440w, https:\/\/www.ceramicbasin.com\/wp-content\/uploads\/2024\/07\/hot-sales-ceramic-basin-wholesale-top-counter-mounting-basin-6-100x150.webp 100w\" sizes=\"(max-width: 827px) 100vw, 827px\" \/><\/figure>\n<\/div>\n<\/div>","protected":false},"excerpt":{"rendered":"<p>Bienvenido a comprar lavabos de cer\u00e1mica al por mayor. La excelente calidad y el amplio reconocimiento del mercado han hecho de este lavabo de cer\u00e1mica al por mayor la primera elecci\u00f3n tanto para familias como para locales comerciales. Se utiliza material cer\u00e1mico superior en el cuerpo principal del producto, combinado con una exquisita artesan\u00eda. Cada producto es de excelente durabilidad y belleza.<\/p>\n<table style=\"border-collapse: collapse; width: 311.02pt;\" border=\"0\" width=\"311\" cellspacing=\"0\" cellpadding=\"0\">\n<tbody>\n<tr style=\"height: 17.60pt;\">\n<td class=\"et3\" style=\"height: 17.60pt; width: 108.35pt;\" width=\"108\" height=\"17\">Fabricante<\/td>\n<td class=\"et3\" style=\"width: 202.95pt;\" width=\"202\">HanYu<\/td>\n<\/tr>\n<tr style=\"height: 17.60pt;\">\n<td class=\"et3\" style=\"height: 17.60pt;\" height=\"17\">N\u00ba de modelo<\/td>\n<td class=\"et4\">HY-8175-60<\/td>\n<\/tr>\n<tr style=\"height: 17.60pt;\">\n<td class=\"et3\" style=\"height: 17.60pt;\" height=\"17\">Tipo<\/td>\n<td class=\"et3\">Lavabo de Encimera<\/td>\n<\/tr>\n<tr style=\"height: 17.60pt;\">\n<td class=\"et3\" style=\"height: 17.60pt;\" height=\"17\">Forma<\/td>\n<td class=\"et3\">Forma rectangular<\/td>\n<\/tr>\n<tr style=\"height: 17.60pt;\">\n<td class=\"et4\" style=\"height: 17.60pt;\" height=\"17\">Color<\/td>\n<td class=\"et3\">Blanco<\/td>\n<\/tr>\n<tr style=\"height: 18.00pt;\">\n<td class=\"et3\" style=\"height: 18.00pt;\" height=\"18\">Dimensi\u00f3n<\/td>\n<td class=\"et5\" style=\"width: 202.95pt;\" width=\"202\">60*45*16.5<\/td>\n<\/tr>\n<tr style=\"height: 17.60pt;\">\n<td class=\"et3\" style=\"height: 17.60pt;\" height=\"17\">N.W \/SET<\/td>\n<td class=\"et3\">21KGS\/PCS<\/td>\n<\/tr>\n<tr style=\"height: 17.60pt;\">\n<td class=\"et3\" style=\"height: 17.60pt;\" height=\"17\">MOQ<\/td>\n<td class=\"et3\">20 piezas<\/td>\n<\/tr>\n<tr style=\"height: 17.60pt;\">\n<td class=\"et3\" style=\"height: 17.60pt;\" height=\"17\">Opci\u00f3n personalizada<\/td>\n<td class=\"et3\">Color\/Patr\u00f3n\/Tama\u00f1o\/Logotipo\/Embalaje<\/td>\n<\/tr>\n<\/tbody>\n<\/table>","protected":false},"featured_media":3279,"comment_status":"closed","ping_status":"closed","template":"","meta":{"_acf_changed":false},"product_brand":[],"product_cat":[50],"product_tag":[],"class_list":{"0":"post-3275","1":"product","2":"type-product","3":"status-publish","4":"has-post-thumbnail","6":"product_cat-wholesale-countertop-sinks","8":"first","9":"instock","10":"shipping-taxable","11":"product-type-simple"},"acf":[],"_links":{"self":[{"href":"https:\/\/www.ceramicbasin.com\/es\/wp-json\/wp\/v2\/product\/3275","targetHints":{"allow":["GET"]}}],"collection":[{"href":"https:\/\/www.ceramicbasin.com\/es\/wp-json\/wp\/v2\/product"}],"about":[{"href":"https:\/\/www.ceramicbasin.com\/es\/wp-json\/wp\/v2\/types\/product"}],"replies":[{"embeddable":true,"href":"https:\/\/www.ceramicbasin.com\/es\/wp-json\/wp\/v2\/comments?post=3275"}],"wp:featuredmedia":[{"embeddable":true,"href":"https:\/\/www.ceramicbasin.com\/es\/wp-json\/wp\/v2\/media\/3279"}],"wp:attachment":[{"href":"https:\/\/www.ceramicbasin.com\/es\/wp-json\/wp\/v2\/media?parent=3275"}],"wp:term":[{"taxonomy":"product_brand","embeddable":true,"href":"https:\/\/www.ceramicbasin.com\/es\/wp-json\/wp\/v2\/product_brand?post=3275"},{"taxonomy":"product_cat","embeddable":true,"href":"https:\/\/www.ceramicbasin.com\/es\/wp-json\/wp\/v2\/product_cat?post=3275"},{"taxonomy":"product_tag","embeddable":true,"href":"https:\/\/www.ceramicbasin.com\/es\/wp-json\/wp\/v2\/product_tag?post=3275"}],"curies":[{"name":"wp","href":"https:\/\/api.w.org\/{rel}","templated":true}]}}