{"id":3308,"date":"2024-07-13T06:22:00","date_gmt":"2024-07-13T06:22:00","guid":{"rendered":"https:\/\/www.ceramicbasin.com\/?post_type=product&#038;p=3308"},"modified":"2024-11-02T01:34:50","modified_gmt":"2024-11-02T01:34:50","slug":"wall-hung-small-sinks-wholesale","status":"publish","type":"product","link":"https:\/\/www.ceramicbasin.com\/es\/producto\/wall-hung-small-sinks-wholesale\/","title":{"rendered":"Fregaderos rectangulares colgantes peque\u00f1os al por mayor para ba\u00f1o"},"content":{"rendered":"<div class=\"wp-block-columns is-layout-flex wp-container-core-columns-is-layout-9d6595d7 wp-block-columns-is-layout-flex\">\n<div class=\"wp-block-column is-layout-flow wp-block-column-is-layout-flow\">\n<h2 class=\"wp-block-heading\">Fregaderos Peque\u00f1os Premium al por mayor Caracter\u00edsticas:<\/h2>\n\n\n\n<ul class=\"wp-block-list\">\n<li><strong>Dise\u00f1o compacto: <\/strong>Nuestros lavabos murales peque\u00f1os al por mayor est\u00e1n pensados para espacios reducidos. Son compactos y relativamente peque\u00f1os en tama\u00f1o, pero funcionales para servir a la perfecci\u00f3n para ba\u00f1os peque\u00f1os o espacios compactos.<\/li>\n\n\n\n<li><strong>Cer\u00e1mica de alta calidad:<\/strong> Nuestro lavabo de pared al por mayor es de material cer\u00e1mico de alta calidad y artesan\u00eda finamente procesada para garantizar la estabilidad en la estructura del lavabo; la superficie es lisa y f\u00e1cil de limpiar, por lo tanto duradera.<\/li>\n\n\n\n<li><strong>Instalaci\u00f3n mural: <\/strong>La instalaci\u00f3n suspendida de estos lavabos peque\u00f1os al por mayor puede ahorrar m\u00e1s espacio en el suelo y facilitar el trabajo de limpieza debajo, lo que visualmente hace que todo el espacio del ba\u00f1o parezca m\u00e1s ordenado y abierto.<\/li>\n\n\n\n<li><strong>Descuento por compra al por mayor: <\/strong>Como fabricante de lavabos de ba\u00f1o al por mayor, ofrecemos lavabo montado en la pared al por mayor con precio competitivo. Las compras a granel disfrutar de m\u00e1s descuentos, que es adecuado para proyectos comerciales o necesidades de decoraci\u00f3n a granel residenciales.<\/li>\n<\/ul>\n<\/div>\n\n\n\n<div class=\"wp-block-column is-layout-flow wp-block-column-is-layout-flow\">\n<figure class=\"wp-block-image size-full\"><img fetchpriority=\"high\" decoding=\"async\" width=\"617\" height=\"831\" src=\"https:\/\/www.ceramicbasin.com\/wp-content\/uploads\/2024\/07\/rectangular-wall-hung-small-sinks-wholesale-for-bathroom-8.webp\" alt=\"fregaderos rectangulares-para-ba\u00f1o-peque\u00f1os-mayoristas-8\" class=\"wp-image-3316\" srcset=\"https:\/\/www.ceramicbasin.com\/wp-content\/uploads\/2024\/07\/rectangular-wall-hung-small-sinks-wholesale-for-bathroom-8.webp 617w, https:\/\/www.ceramicbasin.com\/wp-content\/uploads\/2024\/07\/rectangular-wall-hung-small-sinks-wholesale-for-bathroom-8-223x300.webp 223w, https:\/\/www.ceramicbasin.com\/wp-content\/uploads\/2024\/07\/rectangular-wall-hung-small-sinks-wholesale-for-bathroom-8-9x12.webp 9w, https:\/\/www.ceramicbasin.com\/wp-content\/uploads\/2024\/07\/rectangular-wall-hung-small-sinks-wholesale-for-bathroom-8-285x384.webp 285w, https:\/\/www.ceramicbasin.com\/wp-content\/uploads\/2024\/07\/rectangular-wall-hung-small-sinks-wholesale-for-bathroom-8-490x660.webp 490w, https:\/\/www.ceramicbasin.com\/wp-content\/uploads\/2024\/07\/rectangular-wall-hung-small-sinks-wholesale-for-bathroom-8-111x150.webp 111w\" sizes=\"(max-width: 617px) 100vw, 617px\" \/><\/figure>\n<\/div>\n<\/div>","protected":false},"excerpt":{"rendered":"<p>Bienvenido a comprar lavabos de cer\u00e1mica al por mayor. Nuestros lavabos peque\u00f1os colgados de la pared al por mayor est\u00e1n dise\u00f1ados para ofrecer una gran combinaci\u00f3n de practicidad y belleza. Es resistente y f\u00e1cil de limpiar, por lo que resulta muy adecuado para cuartos de ba\u00f1o de espacio reducido. El dise\u00f1o rectangular compacto y los m\u00e9todos de instalaci\u00f3n mural aprovechan al m\u00e1ximo el espacio de la pared. Ventaja de la compra al por mayor, opci\u00f3n rentable para proyectos comerciales y decoraci\u00f3n residencial.<\/p>\n<table style=\"border-collapse: collapse; width: 311.02pt;\" border=\"0\" width=\"311\" cellspacing=\"0\" cellpadding=\"0\">\n<tbody>\n<tr style=\"height: 17.60pt;\">\n<td class=\"et3\" style=\"height: 17.60pt; width: 108.35pt;\" width=\"108\" height=\"17\">Fabricante<\/td>\n<td class=\"et3\" style=\"width: 202.95pt;\" width=\"202\">HanYu<\/td>\n<\/tr>\n<tr style=\"height: 17.60pt;\">\n<td class=\"et3\" style=\"height: 17.60pt;\" height=\"17\">N\u00ba de modelo<\/td>\n<td class=\"et4\">HY3053<\/td>\n<\/tr>\n<tr style=\"height: 17.60pt;\">\n<td class=\"et3\" style=\"height: 17.60pt;\" height=\"17\">Tipo<\/td>\n<td class=\"et3\">Lavabo de pared, Lavabo peque\u00f1o<\/td>\n<\/tr>\n<tr style=\"height: 17.60pt;\">\n<td class=\"et3\" style=\"height: 17.60pt;\" height=\"17\">Forma<\/td>\n<td class=\"et3\">Forma rectangular<\/td>\n<\/tr>\n<tr style=\"height: 17.60pt;\">\n<td class=\"et4\" style=\"height: 17.60pt;\" height=\"17\">Color<\/td>\n<td class=\"et3\">Blanco<\/td>\n<\/tr>\n<tr style=\"height: 18.00pt;\">\n<td class=\"et3\" style=\"height: 18.00pt;\" height=\"18\">Dimensi\u00f3n<\/td>\n<td class=\"et5\" style=\"width: 202.95pt;\" width=\"202\">36*28*19<\/td>\n<\/tr>\n<tr style=\"height: 17.60pt;\">\n<td class=\"et3\" style=\"height: 17.60pt;\" height=\"17\">N.W \/SET<\/td>\n<td class=\"et3\">5.3KGS\/PCS<\/td>\n<\/tr>\n<tr style=\"height: 17.60pt;\">\n<td class=\"et3\" style=\"height: 17.60pt;\" height=\"17\">MOQ<\/td>\n<td class=\"et3\">20 piezas<\/td>\n<\/tr>\n<tr style=\"height: 17.60pt;\">\n<td class=\"et3\" style=\"height: 17.60pt;\" height=\"17\">Opci\u00f3n personalizada<\/td>\n<td class=\"et3\">Color\/Patr\u00f3n\/Tama\u00f1o\/Logotipo\/Embalaje<\/td>\n<\/tr>\n<\/tbody>\n<\/table>","protected":false},"featured_media":3309,"comment_status":"closed","ping_status":"closed","template":"","meta":{"_acf_changed":false},"product_brand":[],"product_cat":[56],"product_tag":[],"class_list":{"0":"post-3308","1":"product","2":"type-product","3":"status-publish","4":"has-post-thumbnail","6":"product_cat-wholesale-small-bathroom-sinks","8":"first","9":"instock","10":"shipping-taxable","11":"product-type-simple"},"acf":[],"_links":{"self":[{"href":"https:\/\/www.ceramicbasin.com\/es\/wp-json\/wp\/v2\/product\/3308","targetHints":{"allow":["GET"]}}],"collection":[{"href":"https:\/\/www.ceramicbasin.com\/es\/wp-json\/wp\/v2\/product"}],"about":[{"href":"https:\/\/www.ceramicbasin.com\/es\/wp-json\/wp\/v2\/types\/product"}],"replies":[{"embeddable":true,"href":"https:\/\/www.ceramicbasin.com\/es\/wp-json\/wp\/v2\/comments?post=3308"}],"wp:featuredmedia":[{"embeddable":true,"href":"https:\/\/www.ceramicbasin.com\/es\/wp-json\/wp\/v2\/media\/3309"}],"wp:attachment":[{"href":"https:\/\/www.ceramicbasin.com\/es\/wp-json\/wp\/v2\/media?parent=3308"}],"wp:term":[{"taxonomy":"product_brand","embeddable":true,"href":"https:\/\/www.ceramicbasin.com\/es\/wp-json\/wp\/v2\/product_brand?post=3308"},{"taxonomy":"product_cat","embeddable":true,"href":"https:\/\/www.ceramicbasin.com\/es\/wp-json\/wp\/v2\/product_cat?post=3308"},{"taxonomy":"product_tag","embeddable":true,"href":"https:\/\/www.ceramicbasin.com\/es\/wp-json\/wp\/v2\/product_tag?post=3308"}],"curies":[{"name":"wp","href":"https:\/\/api.w.org\/{rel}","templated":true}]}}