{"id":3317,"date":"2024-07-13T06:42:23","date_gmt":"2024-07-13T06:42:23","guid":{"rendered":"https:\/\/www.ceramicbasin.com\/?post_type=product&#038;p=3317"},"modified":"2025-10-24T02:52:07","modified_gmt":"2025-10-24T02:52:07","slug":"hot-sale-wholesale-wall-hung-basin","status":"publish","type":"product","link":"https:\/\/www.ceramicbasin.com\/es\/producto\/hot-sale-wholesale-wall-hung-basin\/","title":{"rendered":"Lavabo colgado de la pared al por mayor de la f\u00e1brica, en la acci\u00f3n con gran precio"},"content":{"rendered":"<div class=\"wp-block-columns is-layout-flex wp-container-core-columns-is-layout-9d6595d7 wp-block-columns-is-layout-flex\">\n<div class=\"wp-block-column is-layout-flow wp-block-column-is-layout-flow\">\n<h2 class=\"wp-block-heading\">Premium al por mayor Lavabo de pared Caracter\u00edsticas:<\/h2>\n\n\n\n<ul class=\"wp-block-list\">\n<li><strong>Estilo de venta caliente:<\/strong> Este lavabo de pared al por mayor es un producto de venta caliente en el mercado, que es profundamente amado por los usuarios, con excelente calidad y dise\u00f1o de moda.<\/li>\n\n\n\n<li><strong>Materiales de alta calidad:<\/strong> Fabricado con materiales cer\u00e1micos superiores y combinado con una exquisita tecnolog\u00eda de cocci\u00f3n, este lavabo de pared al por mayor tiene una superficie suave y delicada, una estructura s\u00f3lida y una larga durabilidad.<\/li>\n\n\n\n<li><strong>Inventario adecuado: <\/strong>Nuestro lavabo de pared al por mayor tiene una gran cantidad de reservas puntuales para garantizar una respuesta r\u00e1pida a sus pedidos y una entrega r\u00e1pida para satisfacer las necesidades urgentes de decoraci\u00f3n o de compra al por mayor.<\/li>\n\n\n\n<li><strong>Descuento en el precio: <\/strong>HanYu ofrece precios muy competitivos para lavabo de pared al por mayor. Bienvenido a comprar a granel para disfrutar de m\u00e1s descuentos y reducir el costo total de la decoraci\u00f3n.<\/li>\n<\/ul>\n<\/div>\n\n\n\n<div class=\"wp-block-column is-layout-flow wp-block-column-is-layout-flow\">\n<figure class=\"wp-block-image size-full\"><img fetchpriority=\"high\" decoding=\"async\" width=\"663\" height=\"845\" src=\"https:\/\/www.ceramicbasin.com\/wp-content\/uploads\/2024\/07\/hot-sale-wholesale-wall-hung-basin-in-stock-with-good-price-8.webp\" alt=\"hot-sale-mayorista-lavabo-en-almac\u00e9n-con-buen-precio-8\" class=\"wp-image-3325\" srcset=\"https:\/\/www.ceramicbasin.com\/wp-content\/uploads\/2024\/07\/hot-sale-wholesale-wall-hung-basin-in-stock-with-good-price-8.webp 663w, https:\/\/www.ceramicbasin.com\/wp-content\/uploads\/2024\/07\/hot-sale-wholesale-wall-hung-basin-in-stock-with-good-price-8-235x300.webp 235w, https:\/\/www.ceramicbasin.com\/wp-content\/uploads\/2024\/07\/hot-sale-wholesale-wall-hung-basin-in-stock-with-good-price-8-9x12.webp 9w, https:\/\/www.ceramicbasin.com\/wp-content\/uploads\/2024\/07\/hot-sale-wholesale-wall-hung-basin-in-stock-with-good-price-8-285x363.webp 285w, https:\/\/www.ceramicbasin.com\/wp-content\/uploads\/2024\/07\/hot-sale-wholesale-wall-hung-basin-in-stock-with-good-price-8-518x660.webp 518w, https:\/\/www.ceramicbasin.com\/wp-content\/uploads\/2024\/07\/hot-sale-wholesale-wall-hung-basin-in-stock-with-good-price-8-118x150.webp 118w\" sizes=\"(max-width: 663px) 100vw, 663px\" \/><\/figure>\n<\/div>\n<\/div>","protected":false},"excerpt":{"rendered":"<p>Bienvenido al pedido al por mayor de lavabos murales para ba\u00f1o. Este lavabo de pared al por mayor se ha convertido en la opci\u00f3n preferida de muchos consumidores y proyectos comerciales gracias a su buena reputaci\u00f3n en el mercado. La combinaci\u00f3n de materiales de alta calidad y exquisita artesan\u00eda garantiza la belleza y durabilidad de la cuenca.\u00a0<\/p>\n<table style=\"border-collapse: collapse; width: 358.52pt;\" border=\"0\" width=\"478\" cellspacing=\"0\" cellpadding=\"0\">\n<tbody>\n<tr style=\"height: 17.25pt;\">\n<td class=\"et3\" style=\"height: 17.25pt; width: 125.00pt;\" width=\"166\" height=\"23\">Fabricante<\/td>\n<td class=\"et3\" style=\"width: 234.15pt;\" width=\"312\">HanYu<\/td>\n<\/tr>\n<tr style=\"height: 17.25pt;\">\n<td class=\"et3\" style=\"height: 17.25pt;\" height=\"23\">N\u00ba de modelo<\/td>\n<td class=\"et4\">HY-3078A<\/td>\n<\/tr>\n<tr style=\"height: 17.25pt;\">\n<td class=\"et3\" style=\"height: 17.25pt;\" height=\"23\">Tipo<\/td>\n<td class=\"et5\" style=\"width: 234.15pt;\" width=\"312\">Fregaderos murales<\/td>\n<\/tr>\n<tr style=\"height: 18.00pt;\">\n<td class=\"et3\" style=\"height: 18.00pt;\" height=\"24\">Forma<\/td>\n<td class=\"et3\">Forma rectangular<\/td>\n<\/tr>\n<tr style=\"height: 34.50pt;\">\n<td class=\"et4\" style=\"height: 34.50pt;\" height=\"46\">Color<\/td>\n<td class=\"et5\" style=\"width: 234.15pt;\" width=\"312\">negro\/blanco\/azul\/gris\/rosa\/verde\/marr\u00f3n\/caqui<\/td>\n<\/tr>\n<tr style=\"height: 18.00pt;\">\n<td class=\"et3\" style=\"height: 18.00pt;\" height=\"24\">Dimensi\u00f3n<\/td>\n<td class=\"et5\" style=\"width: 234.15pt;\" width=\"312\">42*29.5*12.5<\/td>\n<\/tr>\n<tr style=\"height: 17.25pt;\">\n<td class=\"et3\" style=\"height: 17.25pt;\" height=\"23\">N.W \/SET<\/td>\n<td class=\"et3\">6.5KGS\/PCS<\/td>\n<\/tr>\n<tr style=\"height: 17.25pt;\">\n<td class=\"et3\" style=\"height: 17.25pt;\" height=\"23\">MOQ<\/td>\n<td class=\"et3\">20 piezas<\/td>\n<\/tr>\n<tr style=\"height: 17.25pt;\">\n<td class=\"et3\" style=\"height: 17.25pt;\" height=\"23\">Opci\u00f3n personalizada<\/td>\n<td class=\"et3\">Color\/Patr\u00f3n\/Tama\u00f1o\/Logotipo\/Embalaje<\/td>\n<\/tr>\n<\/tbody>\n<\/table>\n<p>&nbsp;<\/p>","protected":false},"featured_media":3323,"comment_status":"closed","ping_status":"closed","template":"","meta":{"_acf_changed":false},"product_brand":[],"product_cat":[57],"product_tag":[],"class_list":{"0":"post-3317","1":"product","2":"type-product","3":"status-publish","4":"has-post-thumbnail","6":"product_cat-wholesale-wall-mounted-sinks","8":"first","9":"instock","10":"shipping-taxable","11":"product-type-simple"},"acf":[],"_links":{"self":[{"href":"https:\/\/www.ceramicbasin.com\/es\/wp-json\/wp\/v2\/product\/3317","targetHints":{"allow":["GET"]}}],"collection":[{"href":"https:\/\/www.ceramicbasin.com\/es\/wp-json\/wp\/v2\/product"}],"about":[{"href":"https:\/\/www.ceramicbasin.com\/es\/wp-json\/wp\/v2\/types\/product"}],"replies":[{"embeddable":true,"href":"https:\/\/www.ceramicbasin.com\/es\/wp-json\/wp\/v2\/comments?post=3317"}],"wp:featuredmedia":[{"embeddable":true,"href":"https:\/\/www.ceramicbasin.com\/es\/wp-json\/wp\/v2\/media\/3323"}],"wp:attachment":[{"href":"https:\/\/www.ceramicbasin.com\/es\/wp-json\/wp\/v2\/media?parent=3317"}],"wp:term":[{"taxonomy":"product_brand","embeddable":true,"href":"https:\/\/www.ceramicbasin.com\/es\/wp-json\/wp\/v2\/product_brand?post=3317"},{"taxonomy":"product_cat","embeddable":true,"href":"https:\/\/www.ceramicbasin.com\/es\/wp-json\/wp\/v2\/product_cat?post=3317"},{"taxonomy":"product_tag","embeddable":true,"href":"https:\/\/www.ceramicbasin.com\/es\/wp-json\/wp\/v2\/product_tag?post=3317"}],"curies":[{"name":"wp","href":"https:\/\/api.w.org\/{rel}","templated":true}]}}