{"id":3333,"date":"2024-07-13T07:12:53","date_gmt":"2024-07-13T07:12:53","guid":{"rendered":"https:\/\/www.ceramicbasin.com\/?post_type=product&#038;p=3333"},"modified":"2024-11-02T01:16:50","modified_gmt":"2024-11-02T01:16:50","slug":"factory-supply-small-bathroom-sink","status":"publish","type":"product","link":"https:\/\/www.ceramicbasin.com\/es\/producto\/factory-supply-small-bathroom-sink\/","title":{"rendered":"Suministro de f\u00e1brica peque\u00f1o lavabo de ba\u00f1o para ba\u00f1o peque\u00f1o"},"content":{"rendered":"<div class=\"wp-block-columns is-layout-flex wp-container-core-columns-is-layout-9d6595d7 wp-block-columns-is-layout-flex\">\n<div class=\"wp-block-column is-layout-flow wp-block-column-is-layout-flow\">\n<h2 class=\"wp-block-heading\">Premium Factory Supply Fregadero Peque\u00f1o Caracter\u00edsticas:<\/h2>\n\n\n\n<ul class=\"wp-block-list\">\n<li><strong>Dise\u00f1o de optimizaci\u00f3n del espacio:<\/strong> Este lavabo largo y estrecho colgado de la pared al por mayor es especialmente adecuado para espacios de ba\u00f1o peque\u00f1os, ya que mejora el aprovechamiento del espacio.<\/li>\n\n\n\n<li><strong>Fabricado en porcelana de alta calidad:<\/strong> Nuestros lavabos colgados de la pared se venden al por mayor con arcilla de porcelana seleccionada de alta calidad y se cuecen a altas temperaturas para garantizar que los lavabos tengan una textura s\u00f3lida, una superficie lisa, sean f\u00e1ciles de limpiar y tengan un brillo duradero.<\/li>\n\n\n\n<li><strong>Instalaci\u00f3n mural: <\/strong>El dise\u00f1o montado en la pared no s\u00f3lo ahorra espacio, sino que tambi\u00e9n facilita la limpieza del suelo inferior, manteniendo el cuarto de ba\u00f1o ordenado y creando un ambiente de uso refrescante.<\/li>\n\n\n\n<li><strong>Ahorro en costes de compra a granel: <\/strong>Como fabricante mayorista de lavabos de cer\u00e1mica, HanYu puede ofrecerle precios de compra competitivos para ayudarle a controlar eficazmente los costes de decoraci\u00f3n sin sacrificar la calidad.<\/li>\n<\/ul>\n<\/div>\n\n\n\n<div class=\"wp-block-column is-layout-flow wp-block-column-is-layout-flow\">\n<figure class=\"wp-block-image size-full\"><img fetchpriority=\"high\" decoding=\"async\" width=\"663\" height=\"819\" src=\"https:\/\/www.ceramicbasin.com\/wp-content\/uploads\/2024\/07\/factory-supply-small-bathroom-sink-solutions-for-tiny-bathroom-8.webp\" alt=\"soluciones-de-f\u00e1brica-para-ba\u00f1os-peque\u00f1os-para-ba\u00f1os-peque\u00f1os-8\" class=\"wp-image-3342\" srcset=\"https:\/\/www.ceramicbasin.com\/wp-content\/uploads\/2024\/07\/factory-supply-small-bathroom-sink-solutions-for-tiny-bathroom-8.webp 663w, https:\/\/www.ceramicbasin.com\/wp-content\/uploads\/2024\/07\/factory-supply-small-bathroom-sink-solutions-for-tiny-bathroom-8-243x300.webp 243w, https:\/\/www.ceramicbasin.com\/wp-content\/uploads\/2024\/07\/factory-supply-small-bathroom-sink-solutions-for-tiny-bathroom-8-10x12.webp 10w, https:\/\/www.ceramicbasin.com\/wp-content\/uploads\/2024\/07\/factory-supply-small-bathroom-sink-solutions-for-tiny-bathroom-8-285x352.webp 285w, https:\/\/www.ceramicbasin.com\/wp-content\/uploads\/2024\/07\/factory-supply-small-bathroom-sink-solutions-for-tiny-bathroom-8-534x660.webp 534w, https:\/\/www.ceramicbasin.com\/wp-content\/uploads\/2024\/07\/factory-supply-small-bathroom-sink-solutions-for-tiny-bathroom-8-121x150.webp 121w\" sizes=\"(max-width: 663px) 100vw, 663px\" \/><\/figure>\n<\/div>\n<\/div>","protected":false},"excerpt":{"rendered":"<p>Bienvenido a comprar al por mayor lavabos de cer\u00e1mica. Este lavabo de ba\u00f1o peque\u00f1o suministrado de f\u00e1brica tiene un aspecto moderno, presta m\u00e1s atenci\u00f3n a la practicidad y es f\u00e1cil de limpiar y mantener. El modelo de suministro directo de f\u00e1brica permite a los clientes que compran al por mayor disfrutar de precios m\u00e1s competitivos. Es una soluci\u00f3n bien dise\u00f1ada para espacios de ba\u00f1o peque\u00f1os.<\/p>\n<table style=\"border-collapse: collapse; width: 311.02pt;\" border=\"0\" width=\"311\" cellspacing=\"0\" cellpadding=\"0\">\n<tbody>\n<tr style=\"height: 17.60pt;\">\n<td class=\"et3\" style=\"height: 17.60pt; width: 108.35pt;\" width=\"108\" height=\"17\">Fabricante<\/td>\n<td class=\"et3\" style=\"width: 202.95pt;\" width=\"202\">HanYu<\/td>\n<\/tr>\n<tr style=\"height: 17.60pt;\">\n<td class=\"et3\" style=\"height: 17.60pt;\" height=\"17\">N\u00ba de modelo<\/td>\n<td class=\"et4\">HY3085<\/td>\n<\/tr>\n<tr style=\"height: 17.60pt;\">\n<td class=\"et3\" style=\"height: 17.60pt;\" height=\"17\">Tipo<\/td>\n<td class=\"et3\">Lavabo de pared, Lavabo peque\u00f1o<\/td>\n<\/tr>\n<tr style=\"height: 17.60pt;\">\n<td class=\"et3\" style=\"height: 17.60pt;\" height=\"17\">Forma<\/td>\n<td class=\"et3\">Forma rectangular<\/td>\n<\/tr>\n<tr style=\"height: 17.60pt;\">\n<td class=\"et4\" style=\"height: 17.60pt;\" height=\"17\">Color<\/td>\n<td class=\"et3\">Blanco<\/td>\n<\/tr>\n<tr style=\"height: 18.00pt;\">\n<td class=\"et3\" style=\"height: 18.00pt;\" height=\"18\">Dimensi\u00f3n<\/td>\n<td class=\"et5\" style=\"width: 202.95pt;\" width=\"202\">38*15*8<\/td>\n<\/tr>\n<tr style=\"height: 17.60pt;\">\n<td class=\"et3\" style=\"height: 17.60pt;\" height=\"17\">N.W \/SET<\/td>\n<td class=\"et3\">5KGS\/PCS<\/td>\n<\/tr>\n<tr style=\"height: 17.60pt;\">\n<td class=\"et3\" style=\"height: 17.60pt;\" height=\"17\">MOQ<\/td>\n<td class=\"et3\">20 piezas<\/td>\n<\/tr>\n<tr style=\"height: 17.60pt;\">\n<td class=\"et3\" style=\"height: 17.60pt;\" height=\"17\">Opci\u00f3n personalizada<\/td>\n<td class=\"et3\">Color\/Patr\u00f3n\/Tama\u00f1o\/Logotipo\/Embalaje<\/td>\n<\/tr>\n<\/tbody>\n<\/table>","protected":false},"featured_media":3336,"comment_status":"closed","ping_status":"closed","template":"","meta":{"_acf_changed":false},"product_brand":[],"product_cat":[56],"product_tag":[],"class_list":{"0":"post-3333","1":"product","2":"type-product","3":"status-publish","4":"has-post-thumbnail","6":"product_cat-wholesale-small-bathroom-sinks","8":"first","9":"instock","10":"shipping-taxable","11":"product-type-simple"},"acf":[],"_links":{"self":[{"href":"https:\/\/www.ceramicbasin.com\/es\/wp-json\/wp\/v2\/product\/3333","targetHints":{"allow":["GET"]}}],"collection":[{"href":"https:\/\/www.ceramicbasin.com\/es\/wp-json\/wp\/v2\/product"}],"about":[{"href":"https:\/\/www.ceramicbasin.com\/es\/wp-json\/wp\/v2\/types\/product"}],"replies":[{"embeddable":true,"href":"https:\/\/www.ceramicbasin.com\/es\/wp-json\/wp\/v2\/comments?post=3333"}],"wp:featuredmedia":[{"embeddable":true,"href":"https:\/\/www.ceramicbasin.com\/es\/wp-json\/wp\/v2\/media\/3336"}],"wp:attachment":[{"href":"https:\/\/www.ceramicbasin.com\/es\/wp-json\/wp\/v2\/media?parent=3333"}],"wp:term":[{"taxonomy":"product_brand","embeddable":true,"href":"https:\/\/www.ceramicbasin.com\/es\/wp-json\/wp\/v2\/product_brand?post=3333"},{"taxonomy":"product_cat","embeddable":true,"href":"https:\/\/www.ceramicbasin.com\/es\/wp-json\/wp\/v2\/product_cat?post=3333"},{"taxonomy":"product_tag","embeddable":true,"href":"https:\/\/www.ceramicbasin.com\/es\/wp-json\/wp\/v2\/product_tag?post=3333"}],"curies":[{"name":"wp","href":"https:\/\/api.w.org\/{rel}","templated":true}]}}