{"id":3343,"date":"2024-07-13T07:33:06","date_gmt":"2024-07-13T07:33:06","guid":{"rendered":"https:\/\/www.ceramicbasin.com\/?post_type=product&#038;p=3343"},"modified":"2024-11-02T01:13:00","modified_gmt":"2024-11-02T01:13:00","slug":"custom-wall-mounted-bathroom-sinks","status":"publish","type":"product","link":"https:\/\/www.ceramicbasin.com\/es\/producto\/custom-wall-mounted-bathroom-sinks\/","title":{"rendered":"Lavabos de Cer\u00e1mica al por mayor, Lavabos de Cer\u00e1mica al por mayor, Lavabos de Cer\u00e1mica al por mayor, Lavabos de Cer\u00e1mica al por mayor, Lavabos de Cer\u00e1mica al por mayor"},"content":{"rendered":"<div class=\"wp-block-columns is-layout-flex wp-container-core-columns-is-layout-9d6595d7 wp-block-columns-is-layout-flex\">\n<div class=\"wp-block-column is-layout-flow wp-block-column-is-layout-flow\">\n<h2 class=\"wp-block-heading\">Premium Custom Fregaderos de ba\u00f1o montados en la pared Caracter\u00edsticas:<\/h2>\n\n\n\n<ul class=\"wp-block-list\">\n<li><strong>Exquisito dise\u00f1o redondo: <\/strong>Este lavabo de ba\u00f1o a medida montado en la pared a granel tiene un elegante contorno redondo y l\u00edneas suaves, a\u00f1adiendo una sensaci\u00f3n suave y moderna al espacio, convirti\u00e9ndose en un adorno art\u00edstico en el cuarto de ba\u00f1o.<\/li>\n\n\n\n<li><strong>Fregaderos de alta calidad:<\/strong> Nuestros lavabos de ba\u00f1o montados en pared al por mayor utilizan materiales de alta calidad y combinan una artesan\u00eda exquisita para garantizar que la estructura del lavabo sea estable, la superficie suave y delicada, f\u00e1cil de limpiar y mantener, y duradera.<\/li>\n\n\n\n<li><strong>Ventaja del precio al por mayor: <\/strong>Como fabricante de lavabos de ba\u00f1o, HanYu ofrece precios al por mayor muy competitivos, y las compras al por mayor disfrutan de m\u00e1s descuentos, lo que convierte a los accesorios de ba\u00f1o de alta calidad en su opci\u00f3n ideal bajo control de costes.<\/li>\n\n\n\n<li><strong>Servicio personalizado de gama alta: <\/strong>Proporcionamos un servicio de lavabos murales a medida para garantizar que cada lavabo cumpla los requisitos de dise\u00f1o y espacio de su cuarto de ba\u00f1o y cree un estilo exclusivo.<\/li>\n<\/ul>\n<\/div>\n\n\n\n<div class=\"wp-block-column is-layout-flow wp-block-column-is-layout-flow\">\n<figure class=\"wp-block-image size-full\"><img fetchpriority=\"high\" decoding=\"async\" width=\"1345\" height=\"1786\" src=\"https:\/\/www.ceramicbasin.com\/wp-content\/uploads\/2024\/07\/high-end-custom-wall-mounted-bathroom-sinks-round-shape-6.webp\" alt=\"fregaderos murales de alta gama con forma redonda-6\" class=\"wp-image-3349\" srcset=\"https:\/\/www.ceramicbasin.com\/wp-content\/uploads\/2024\/07\/high-end-custom-wall-mounted-bathroom-sinks-round-shape-6.webp 1345w, https:\/\/www.ceramicbasin.com\/wp-content\/uploads\/2024\/07\/high-end-custom-wall-mounted-bathroom-sinks-round-shape-6-226x300.webp 226w, https:\/\/www.ceramicbasin.com\/wp-content\/uploads\/2024\/07\/high-end-custom-wall-mounted-bathroom-sinks-round-shape-6-768x1020.webp 768w, https:\/\/www.ceramicbasin.com\/wp-content\/uploads\/2024\/07\/high-end-custom-wall-mounted-bathroom-sinks-round-shape-6-9x12.webp 9w, https:\/\/www.ceramicbasin.com\/wp-content\/uploads\/2024\/07\/high-end-custom-wall-mounted-bathroom-sinks-round-shape-6-285x378.webp 285w, https:\/\/www.ceramicbasin.com\/wp-content\/uploads\/2024\/07\/high-end-custom-wall-mounted-bathroom-sinks-round-shape-6-497x660.webp 497w, https:\/\/www.ceramicbasin.com\/wp-content\/uploads\/2024\/07\/high-end-custom-wall-mounted-bathroom-sinks-round-shape-6-113x150.webp 113w\" sizes=\"(max-width: 1345px) 100vw, 1345px\" \/><\/figure>\n<\/div>\n<\/div>","protected":false},"excerpt":{"rendered":"<p>Bienvenido a comprar lavabos de cer\u00e1mica al por mayor. Nuestros lavabos de ba\u00f1o a medida montados en la pared al por mayor utilizan materiales de alta calidad y una artesan\u00eda exquisita para garantizar la durabilidad y la comodidad de limpieza del lavabo. El exquisito dise\u00f1o redondo no s\u00f3lo es hermoso y generoso, sino tambi\u00e9n un s\u00edmbolo de moda de los ba\u00f1os modernos.<\/p>\n<table style=\"border-collapse: collapse; width: 311.02pt;\" border=\"0\" width=\"311\" cellspacing=\"0\" cellpadding=\"0\">\n<tbody>\n<tr style=\"height: 17.60pt;\">\n<td class=\"et3\" style=\"height: 17.60pt; width: 108.35pt;\" width=\"108\" height=\"17\">Fabricante<\/td>\n<td class=\"et3\" style=\"width: 202.95pt;\" width=\"202\">HanYu<\/td>\n<\/tr>\n<tr style=\"height: 17.60pt;\">\n<td class=\"et3\" style=\"height: 17.60pt;\" height=\"17\">N\u00ba de modelo<\/td>\n<td class=\"et4\">HY3105<\/td>\n<\/tr>\n<tr style=\"height: 17.60pt;\">\n<td class=\"et3\" style=\"height: 17.60pt;\" height=\"17\">Tipo<\/td>\n<td class=\"et3\">Lavabo mural<\/td>\n<\/tr>\n<tr style=\"height: 17.60pt;\">\n<td class=\"et3\" style=\"height: 17.60pt;\" height=\"17\">Forma<\/td>\n<td class=\"et3\">Forma redonda<\/td>\n<\/tr>\n<tr style=\"height: 17.60pt;\">\n<td class=\"et4\" style=\"height: 17.60pt;\" height=\"17\">Color<\/td>\n<td class=\"et3\">Blanco<\/td>\n<\/tr>\n<tr style=\"height: 18.00pt;\">\n<td class=\"et3\" style=\"height: 18.00pt;\" height=\"18\">Dimensi\u00f3n<\/td>\n<td class=\"et5\" style=\"width: 202.95pt;\" width=\"202\">44*47*39<\/td>\n<\/tr>\n<tr style=\"height: 17.60pt;\">\n<td class=\"et3\" style=\"height: 17.60pt;\" height=\"17\">N.W \/SET<\/td>\n<td class=\"et3\">19KGS\/PCS<\/td>\n<\/tr>\n<tr style=\"height: 17.60pt;\">\n<td class=\"et3\" style=\"height: 17.60pt;\" height=\"17\">MOQ<\/td>\n<td class=\"et3\">20 piezas<\/td>\n<\/tr>\n<tr style=\"height: 17.60pt;\">\n<td class=\"et3\" style=\"height: 17.60pt;\" height=\"17\">Opci\u00f3n personalizada<\/td>\n<td class=\"et3\">Color\/Patr\u00f3n\/Tama\u00f1o\/Logotipo\/Embalaje<\/td>\n<\/tr>\n<\/tbody>\n<\/table>","protected":false},"featured_media":3345,"comment_status":"closed","ping_status":"closed","template":"","meta":{"_acf_changed":false},"product_brand":[],"product_cat":[57],"product_tag":[],"class_list":{"0":"post-3343","1":"product","2":"type-product","3":"status-publish","4":"has-post-thumbnail","6":"product_cat-wholesale-wall-mounted-sinks","8":"first","9":"instock","10":"shipping-taxable","11":"product-type-simple"},"acf":[],"_links":{"self":[{"href":"https:\/\/www.ceramicbasin.com\/es\/wp-json\/wp\/v2\/product\/3343","targetHints":{"allow":["GET"]}}],"collection":[{"href":"https:\/\/www.ceramicbasin.com\/es\/wp-json\/wp\/v2\/product"}],"about":[{"href":"https:\/\/www.ceramicbasin.com\/es\/wp-json\/wp\/v2\/types\/product"}],"replies":[{"embeddable":true,"href":"https:\/\/www.ceramicbasin.com\/es\/wp-json\/wp\/v2\/comments?post=3343"}],"wp:featuredmedia":[{"embeddable":true,"href":"https:\/\/www.ceramicbasin.com\/es\/wp-json\/wp\/v2\/media\/3345"}],"wp:attachment":[{"href":"https:\/\/www.ceramicbasin.com\/es\/wp-json\/wp\/v2\/media?parent=3343"}],"wp:term":[{"taxonomy":"product_brand","embeddable":true,"href":"https:\/\/www.ceramicbasin.com\/es\/wp-json\/wp\/v2\/product_brand?post=3343"},{"taxonomy":"product_cat","embeddable":true,"href":"https:\/\/www.ceramicbasin.com\/es\/wp-json\/wp\/v2\/product_cat?post=3343"},{"taxonomy":"product_tag","embeddable":true,"href":"https:\/\/www.ceramicbasin.com\/es\/wp-json\/wp\/v2\/product_tag?post=3343"}],"curies":[{"name":"wp","href":"https:\/\/api.w.org\/{rel}","templated":true}]}}