{"id":3358,"date":"2024-07-15T09:50:44","date_gmt":"2024-07-15T09:50:44","guid":{"rendered":"https:\/\/www.ceramicbasin.com\/?post_type=product&#038;p=3358"},"modified":"2024-11-01T10:11:36","modified_gmt":"2024-11-01T10:11:36","slug":"custom-wall-mounted-sinks-in-bulk","status":"publish","type":"product","link":"https:\/\/www.ceramicbasin.com\/es\/producto\/custom-wall-mounted-sinks-in-bulk\/","title":{"rendered":"Fregaderos de pared de alta calidad, lavabos al por mayor"},"content":{"rendered":"<div class=\"wp-block-columns is-layout-flex wp-container-core-columns-is-layout-9d6595d7 wp-block-columns-is-layout-flex\">\n<div class=\"wp-block-column is-layout-flow wp-block-column-is-layout-flow\">\n<h2 class=\"wp-block-heading\">Premium Custom Fregaderos de pared Caracter\u00edsticas:<\/h2>\n\n\n\n<ul class=\"wp-block-list\">\n<li><strong>Dise\u00f1o cl\u00e1sico: <\/strong>Estos lavabos murales a medida a granel presentan un concepto de dise\u00f1o cl\u00e1sico y moderno, de l\u00edneas sencillas y suaves, que combina a la perfecci\u00f3n con cualquier estilo de ba\u00f1o y realza la belleza y la experiencia de uso del espacio.<\/li>\n\n\n\n<li><strong>Entrega r\u00e1pida: <\/strong>Nuestros fregaderos murales a medida a granel disponen de existencias suficientes y pueden enviarse r\u00e1pidamente incluso si se compran en grandes cantidades, lo que satisface las necesidades de proyectos urgentes y acorta el per\u00edodo de construcci\u00f3n.<\/li>\n\n\n\n<li><strong>Personalizaci\u00f3n de m\u00e1xima calidad: <\/strong>Ofrecemos servicios de personalizaci\u00f3n de alta gama para garantizar que cada lavabo mural a granel satisfaga las necesidades de su marca, desde el tama\u00f1o hasta el color, para crear un punto focal \u00fanico en el cuarto de ba\u00f1o.<\/li>\n\n\n\n<li><strong>Asequible: <\/strong>A pesar de su excelente calidad, nuestros lavabos al por mayor son asequibles, y las compras al por mayor disfrutan de m\u00e1s descuentos, por lo que la personalizaci\u00f3n de gama alta ya no est\u00e1 fuera de su alcance y se adapta a todos los presupuestos.<\/li>\n<\/ul>\n<\/div>\n\n\n\n<div class=\"wp-block-column is-layout-flow wp-block-column-is-layout-flow\">\n<figure class=\"wp-block-image size-full\"><img fetchpriority=\"high\" decoding=\"async\" width=\"667\" height=\"959\" src=\"https:\/\/www.ceramicbasin.com\/wp-content\/uploads\/2024\/07\/top-quality-custom-wall-mounted-sinks-in-bulk-with-low-price-8.webp\" alt=\"fregaderos murales personalizados de alta calidad a granel con precio reducido-8\" class=\"wp-image-3366\" srcset=\"https:\/\/www.ceramicbasin.com\/wp-content\/uploads\/2024\/07\/top-quality-custom-wall-mounted-sinks-in-bulk-with-low-price-8.webp 667w, https:\/\/www.ceramicbasin.com\/wp-content\/uploads\/2024\/07\/top-quality-custom-wall-mounted-sinks-in-bulk-with-low-price-8-209x300.webp 209w, https:\/\/www.ceramicbasin.com\/wp-content\/uploads\/2024\/07\/top-quality-custom-wall-mounted-sinks-in-bulk-with-low-price-8-8x12.webp 8w, https:\/\/www.ceramicbasin.com\/wp-content\/uploads\/2024\/07\/top-quality-custom-wall-mounted-sinks-in-bulk-with-low-price-8-285x410.webp 285w, https:\/\/www.ceramicbasin.com\/wp-content\/uploads\/2024\/07\/top-quality-custom-wall-mounted-sinks-in-bulk-with-low-price-8-459x660.webp 459w, https:\/\/www.ceramicbasin.com\/wp-content\/uploads\/2024\/07\/top-quality-custom-wall-mounted-sinks-in-bulk-with-low-price-8-104x150.webp 104w\" sizes=\"(max-width: 667px) 100vw, 667px\" \/><\/figure>\n<\/div>\n<\/div>","protected":false},"excerpt":{"rendered":"<p>Bienvenido a lavabos al por mayor de purchae. Los lavabos murales al por mayor de HanYu est\u00e1n dise\u00f1ados para clientes que buscan un equilibrio entre calidad y rentabilidad. El estilo de dise\u00f1o cl\u00e1sico combinado con una est\u00e9tica moderna hacen de este lavabo de pared una obra de arte en el cuarto de ba\u00f1o. Con un gran inventario, podemos responder r\u00e1pidamente a pedidos de gran volumen, acortar el tiempo de espera y acelerar el progreso del proyecto.<\/p>\n<table style=\"border-collapse: collapse; width: 311.02pt;\" border=\"0\" width=\"311\" cellspacing=\"0\" cellpadding=\"0\">\n<tbody>\n<tr style=\"height: 17.60pt;\">\n<td class=\"et3\" style=\"height: 17.60pt; width: 108.35pt;\" width=\"108\" height=\"17\">Fabricante<\/td>\n<td class=\"et3\" style=\"width: 202.95pt;\" width=\"202\">HanYu<\/td>\n<\/tr>\n<tr style=\"height: 17.60pt;\">\n<td class=\"et3\" style=\"height: 17.60pt;\" height=\"17\">N\u00ba de modelo<\/td>\n<td class=\"et4\">HY3052<\/td>\n<\/tr>\n<tr style=\"height: 17.60pt;\">\n<td class=\"et3\" style=\"height: 17.60pt;\" height=\"17\">Tipo<\/td>\n<td class=\"et3\">Lavabo mural, mini lavabo<\/td>\n<\/tr>\n<tr style=\"height: 17.60pt;\">\n<td class=\"et3\" style=\"height: 17.60pt;\" height=\"17\">Forma<\/td>\n<td class=\"et3\">Forma redonda<\/td>\n<\/tr>\n<tr style=\"height: 17.60pt;\">\n<td class=\"et4\" style=\"height: 17.60pt;\" height=\"17\">Color<\/td>\n<td class=\"et3\">Blanco<\/td>\n<\/tr>\n<tr style=\"height: 18.00pt;\">\n<td class=\"et3\" style=\"height: 18.00pt;\" height=\"18\">Dimensi\u00f3n<\/td>\n<td class=\"et6\" style=\"width: 202.95pt;\" width=\"202\">45*28*15<\/td>\n<\/tr>\n<tr style=\"height: 17.60pt;\">\n<td class=\"et3\" style=\"height: 17.60pt;\" height=\"17\">N.W \/SET<\/td>\n<td class=\"et3\">7.5KGS\/PCS<\/td>\n<\/tr>\n<tr style=\"height: 17.60pt;\">\n<td class=\"et3\" style=\"height: 17.60pt;\" height=\"17\">MOQ<\/td>\n<td class=\"et3\">20 piezas<\/td>\n<\/tr>\n<tr style=\"height: 17.60pt;\">\n<td class=\"et3\" style=\"height: 17.60pt;\" height=\"17\">Opci\u00f3n personalizada<\/td>\n<td class=\"et3\">Color\/Patr\u00f3n\/Tama\u00f1o\/Logotipo\/Embalaje<\/td>\n<\/tr>\n<\/tbody>\n<\/table>","protected":false},"featured_media":3363,"comment_status":"closed","ping_status":"closed","template":"","meta":{"_acf_changed":false},"product_brand":[],"product_cat":[57,56],"product_tag":[],"class_list":{"0":"post-3358","1":"product","2":"type-product","3":"status-publish","4":"has-post-thumbnail","6":"product_cat-wholesale-wall-mounted-sinks","7":"product_cat-wholesale-small-bathroom-sinks","9":"first","10":"instock","11":"shipping-taxable","12":"product-type-simple"},"acf":[],"_links":{"self":[{"href":"https:\/\/www.ceramicbasin.com\/es\/wp-json\/wp\/v2\/product\/3358","targetHints":{"allow":["GET"]}}],"collection":[{"href":"https:\/\/www.ceramicbasin.com\/es\/wp-json\/wp\/v2\/product"}],"about":[{"href":"https:\/\/www.ceramicbasin.com\/es\/wp-json\/wp\/v2\/types\/product"}],"replies":[{"embeddable":true,"href":"https:\/\/www.ceramicbasin.com\/es\/wp-json\/wp\/v2\/comments?post=3358"}],"wp:featuredmedia":[{"embeddable":true,"href":"https:\/\/www.ceramicbasin.com\/es\/wp-json\/wp\/v2\/media\/3363"}],"wp:attachment":[{"href":"https:\/\/www.ceramicbasin.com\/es\/wp-json\/wp\/v2\/media?parent=3358"}],"wp:term":[{"taxonomy":"product_brand","embeddable":true,"href":"https:\/\/www.ceramicbasin.com\/es\/wp-json\/wp\/v2\/product_brand?post=3358"},{"taxonomy":"product_cat","embeddable":true,"href":"https:\/\/www.ceramicbasin.com\/es\/wp-json\/wp\/v2\/product_cat?post=3358"},{"taxonomy":"product_tag","embeddable":true,"href":"https:\/\/www.ceramicbasin.com\/es\/wp-json\/wp\/v2\/product_tag?post=3358"}],"curies":[{"name":"wp","href":"https:\/\/api.w.org\/{rel}","templated":true}]}}