{"id":3368,"date":"2024-07-15T10:04:49","date_gmt":"2024-07-15T10:04:49","guid":{"rendered":"https:\/\/www.ceramicbasin.com\/?post_type=product&#038;p=3368"},"modified":"2024-11-01T10:07:42","modified_gmt":"2024-11-01T10:07:42","slug":"wall-mounted-basins-in-bulk","status":"publish","type":"product","link":"https:\/\/www.ceramicbasin.com\/es\/producto\/wall-mounted-basins-in-bulk\/","title":{"rendered":"Lavabos murales de cer\u00e1mica a granel, lavabos al por mayor"},"content":{"rendered":"<div class=\"wp-block-columns is-layout-flex wp-container-core-columns-is-layout-9d6595d7 wp-block-columns-is-layout-flex\">\n<div class=\"wp-block-column is-layout-flow wp-block-column-is-layout-flow\">\n<h2 class=\"wp-block-heading\">Lavabos murales premium a granel Caracter\u00edsticas:<\/h2>\n\n\n\n<ul class=\"wp-block-list\">\n<li><strong>Servicio de entrega r\u00e1pido:<\/strong> Prometemos una log\u00edstica y una entrega eficaces para garantizar que los grandes pedidos de lavabos al por mayor puedan entregarse r\u00e1pidamente, acelerando el progreso de su proyecto y satisfaciendo las necesidades urgentes de la construcci\u00f3n.<\/li>\n\n\n\n<li><strong>Preparaci\u00f3n de inventarios de gran volumen: <\/strong>Estos lavabos murales a granel disponen de existencias suficientes, y pueden responder de inmediato incluso ante compras al por mayor, sin esperar mucho tiempo a la reposici\u00f3n, lo que acorta el tiempo de espera del proyecto.<\/li>\n\n\n\n<li><strong>Lavabos murales de alta calidad:<\/strong> Estos lavabos murales a granel utilizan materiales de alta calidad y una fina artesan\u00eda. Cada lavabo se somete a un estricto control de calidad para garantizar la durabilidad y la belleza, y mejorar el grado del espacio de ba\u00f1o.<\/li>\n\n\n\n<li><strong>Opciones de personalizaci\u00f3n: <\/strong>Proporcionamos servicios personalizados, desde el color y el tama\u00f1o hasta funciones especiales, para satisfacer sus necesidades personalizadas de lavabos de ba\u00f1o, de modo que cada producto pueda integrarse perfectamente en su concepto de dise\u00f1o.<\/li>\n<\/ul>\n<\/div>\n\n\n\n<div class=\"wp-block-column is-layout-flow wp-block-column-is-layout-flow\">\n<figure class=\"wp-block-image size-full\"><img fetchpriority=\"high\" decoding=\"async\" width=\"601\" height=\"871\" src=\"https:\/\/www.ceramicbasin.com\/wp-content\/uploads\/2024\/07\/fast-delivery-wall-mounted-basins-in-bulk-for-your-project-8.webp\" alt=\"lavabos murales de entrega r\u00e1pida a granel para su proyecto-8\" class=\"wp-image-3376\" srcset=\"https:\/\/www.ceramicbasin.com\/wp-content\/uploads\/2024\/07\/fast-delivery-wall-mounted-basins-in-bulk-for-your-project-8.webp 601w, https:\/\/www.ceramicbasin.com\/wp-content\/uploads\/2024\/07\/fast-delivery-wall-mounted-basins-in-bulk-for-your-project-8-207x300.webp 207w, https:\/\/www.ceramicbasin.com\/wp-content\/uploads\/2024\/07\/fast-delivery-wall-mounted-basins-in-bulk-for-your-project-8-8x12.webp 8w, https:\/\/www.ceramicbasin.com\/wp-content\/uploads\/2024\/07\/fast-delivery-wall-mounted-basins-in-bulk-for-your-project-8-285x413.webp 285w, https:\/\/www.ceramicbasin.com\/wp-content\/uploads\/2024\/07\/fast-delivery-wall-mounted-basins-in-bulk-for-your-project-8-455x660.webp 455w, https:\/\/www.ceramicbasin.com\/wp-content\/uploads\/2024\/07\/fast-delivery-wall-mounted-basins-in-bulk-for-your-project-8-104x150.webp 104w\" sizes=\"(max-width: 601px) 100vw, 601px\" \/><\/figure>\n<\/div>\n<\/div>","protected":false},"excerpt":{"rendered":"<p>Bienvenido a comprar lavabos al por mayor. Nuestros lavabos montados en la pared a granel son cuidadosamente elaborados para garantizar su belleza y durabilidad. Hay una gran cantidad de lavabos de ba\u00f1o de preparaci\u00f3n de inventario, servicio de entrega r\u00e1pida, para satisfacer las necesidades urgentes del proyecto. Tambi\u00e9n ofrecemos servicios personalizados, para que pueda ajustar los detalles del producto de acuerdo a las necesidades del proyecto para lograr una combinaci\u00f3n perfecta en el dise\u00f1o.<\/p>\n<table style=\"border-collapse: collapse; width: 311.02pt;\" border=\"0\" width=\"311\" cellspacing=\"0\" cellpadding=\"0\">\n<tbody>\n<tr style=\"height: 17.60pt;\">\n<td class=\"et3\" style=\"height: 17.60pt; width: 108.35pt;\" width=\"108\" height=\"17\">Fabricante<\/td>\n<td class=\"et3\" style=\"width: 202.95pt;\" width=\"202\">HanYu<\/td>\n<\/tr>\n<tr style=\"height: 17.60pt;\">\n<td class=\"et3\" style=\"height: 17.60pt;\" height=\"17\">N\u00ba de modelo<\/td>\n<td class=\"et4\">HY3062<\/td>\n<\/tr>\n<tr style=\"height: 17.60pt;\">\n<td class=\"et3\" style=\"height: 17.60pt;\" height=\"17\">Tipo<\/td>\n<td class=\"et3\">Lavabo mural<\/td>\n<\/tr>\n<tr style=\"height: 17.60pt;\">\n<td class=\"et3\" style=\"height: 17.60pt;\" height=\"17\">Forma<\/td>\n<td class=\"et3\">Forma redonda<\/td>\n<\/tr>\n<tr style=\"height: 17.60pt;\">\n<td class=\"et4\" style=\"height: 17.60pt;\" height=\"17\">Color<\/td>\n<td class=\"et3\">Blanco<\/td>\n<\/tr>\n<tr style=\"height: 18.00pt;\">\n<td class=\"et3\" style=\"height: 18.00pt;\" height=\"18\">Dimensi\u00f3n<\/td>\n<td class=\"et6\" style=\"width: 202.95pt;\" width=\"202\">43*36*18<\/td>\n<\/tr>\n<tr style=\"height: 17.60pt;\">\n<td class=\"et3\" style=\"height: 17.60pt;\" height=\"17\">N.W \/SET<\/td>\n<td class=\"et3\">9.5KGS\/PCS<\/td>\n<\/tr>\n<tr style=\"height: 17.60pt;\">\n<td class=\"et3\" style=\"height: 17.60pt;\" height=\"17\">MOQ<\/td>\n<td class=\"et3\">20 piezas<\/td>\n<\/tr>\n<tr style=\"height: 17.60pt;\">\n<td class=\"et3\" style=\"height: 17.60pt;\" height=\"17\">Opci\u00f3n personalizada<\/td>\n<td class=\"et3\">Color\/Patr\u00f3n\/Tama\u00f1o\/Logotipo\/Embalaje<\/td>\n<\/tr>\n<\/tbody>\n<\/table>","protected":false},"featured_media":3375,"comment_status":"closed","ping_status":"closed","template":"","meta":{"_acf_changed":false},"product_brand":[],"product_cat":[57],"product_tag":[],"class_list":{"0":"post-3368","1":"product","2":"type-product","3":"status-publish","4":"has-post-thumbnail","6":"product_cat-wholesale-wall-mounted-sinks","8":"first","9":"instock","10":"shipping-taxable","11":"product-type-simple"},"acf":[],"_links":{"self":[{"href":"https:\/\/www.ceramicbasin.com\/es\/wp-json\/wp\/v2\/product\/3368","targetHints":{"allow":["GET"]}}],"collection":[{"href":"https:\/\/www.ceramicbasin.com\/es\/wp-json\/wp\/v2\/product"}],"about":[{"href":"https:\/\/www.ceramicbasin.com\/es\/wp-json\/wp\/v2\/types\/product"}],"replies":[{"embeddable":true,"href":"https:\/\/www.ceramicbasin.com\/es\/wp-json\/wp\/v2\/comments?post=3368"}],"wp:featuredmedia":[{"embeddable":true,"href":"https:\/\/www.ceramicbasin.com\/es\/wp-json\/wp\/v2\/media\/3375"}],"wp:attachment":[{"href":"https:\/\/www.ceramicbasin.com\/es\/wp-json\/wp\/v2\/media?parent=3368"}],"wp:term":[{"taxonomy":"product_brand","embeddable":true,"href":"https:\/\/www.ceramicbasin.com\/es\/wp-json\/wp\/v2\/product_brand?post=3368"},{"taxonomy":"product_cat","embeddable":true,"href":"https:\/\/www.ceramicbasin.com\/es\/wp-json\/wp\/v2\/product_cat?post=3368"},{"taxonomy":"product_tag","embeddable":true,"href":"https:\/\/www.ceramicbasin.com\/es\/wp-json\/wp\/v2\/product_tag?post=3368"}],"curies":[{"name":"wp","href":"https:\/\/api.w.org\/{rel}","templated":true}]}}