{"id":3398,"date":"2024-07-16T09:07:40","date_gmt":"2024-07-16T09:07:40","guid":{"rendered":"https:\/\/www.ceramicbasin.com\/?post_type=product&#038;p=3398"},"modified":"2024-07-23T09:40:45","modified_gmt":"2024-07-23T09:40:45","slug":"wall-hung-ceramic-basins-wholesale","status":"publish","type":"product","link":"https:\/\/www.ceramicbasin.com\/es\/producto\/wall-hung-ceramic-basins-wholesale\/","title":{"rendered":"Lavabos De Cer\u00e1mica Al Por Mayor Con Esmalte F\u00e1cil De Limpiar"},"content":{"rendered":"<div class=\"wp-block-columns is-layout-flex wp-container-core-columns-is-layout-9d6595d7 wp-block-columns-is-layout-flex\">\n<div class=\"wp-block-column is-layout-flow wp-block-column-is-layout-flow\">\n<h2 class=\"wp-block-heading\">Premium Wall Hung Lavabos de cer\u00e1mica al por mayor Caracter\u00edsticas:<\/h2>\n\n\n\n<ul class=\"wp-block-list\">\n<li><strong>Dise\u00f1o moderno: <\/strong>Estos lavabos murales de cer\u00e1mica al por mayor est\u00e1n dise\u00f1ados con una est\u00e9tica moderna, y su forma irregular \u00fanica rompe las limitaciones tradicionales, a\u00f1adiendo una atm\u00f3sfera art\u00edstica y un estilo personalizado al cuarto de ba\u00f1o.<\/li>\n\n\n\n<li><strong>Instalaci\u00f3n mural: <\/strong>El dise\u00f1o suspendido ahorra espacio y es f\u00e1cil de limpiar. Estos lavabos cer\u00e1micos murales a medida son especialmente adecuados para cuartos de ba\u00f1o modernos y compactos, ya que realzan la pulcritud y modernidad del espacio general. La posici\u00f3n del orificio del grifo a la izquierda o a la derecha est\u00e1 disponible para satisfacer las necesidades de las distintas distribuciones de cuartos de ba\u00f1o.<\/li>\n\n\n\n<li><strong>Tratamiento de esmalte f\u00e1cil de limpiar: <\/strong>La superficie de este lavabo de cer\u00e1mica colgado de la pared al por mayor adopta una tecnolog\u00eda especial de esmalte f\u00e1cil de limpiar, que es suave y delicada, las manchas no son f\u00e1ciles de adherir, y f\u00e1cil de limpiar.<\/li>\n\n\n\n<li><strong>Descuento por compra al por mayor: <\/strong>Como fabricante y proveedor profesional de lavabos de cer\u00e1mica, ofrecemos precios muy competitivos, adecuados para proyectos de decoraci\u00f3n a gran escala como hoteles, apartamentos, oficinas, etc.<\/li>\n<\/ul>\n<\/div>\n\n\n\n<div class=\"wp-block-column is-layout-flow wp-block-column-is-layout-flow\">\n<figure class=\"wp-block-image size-full\"><img fetchpriority=\"high\" decoding=\"async\" width=\"653\" height=\"869\" src=\"https:\/\/www.ceramicbasin.com\/wp-content\/uploads\/2024\/07\/modern-wall-hung-ceramic-basins-wholesale-easy-clean-glaze-8.webp\" alt=\"lavabos ceramicos suspendidos modernos - mayorista - facil limpieza - esmalte - 8\" class=\"wp-image-3406\" srcset=\"https:\/\/www.ceramicbasin.com\/wp-content\/uploads\/2024\/07\/modern-wall-hung-ceramic-basins-wholesale-easy-clean-glaze-8.webp 653w, https:\/\/www.ceramicbasin.com\/wp-content\/uploads\/2024\/07\/modern-wall-hung-ceramic-basins-wholesale-easy-clean-glaze-8-225x300.webp 225w, https:\/\/www.ceramicbasin.com\/wp-content\/uploads\/2024\/07\/modern-wall-hung-ceramic-basins-wholesale-easy-clean-glaze-8-9x12.webp 9w, https:\/\/www.ceramicbasin.com\/wp-content\/uploads\/2024\/07\/modern-wall-hung-ceramic-basins-wholesale-easy-clean-glaze-8-285x379.webp 285w, https:\/\/www.ceramicbasin.com\/wp-content\/uploads\/2024\/07\/modern-wall-hung-ceramic-basins-wholesale-easy-clean-glaze-8-496x660.webp 496w, https:\/\/www.ceramicbasin.com\/wp-content\/uploads\/2024\/07\/modern-wall-hung-ceramic-basins-wholesale-easy-clean-glaze-8-113x150.webp 113w\" sizes=\"(max-width: 653px) 100vw, 653px\" \/><\/figure>\n<\/div>\n<\/div>","protected":false},"excerpt":{"rendered":"<p>Este lavabo de cer\u00e1mica suspendido al por mayor adopta un innovador concepto de dise\u00f1o para crear un lavabo de pared de forma irregular. El tratamiento de esmalte de f\u00e1cil limpieza garantiza que la superficie del producto sea suave y f\u00e1cil de limpiar a diario. El dise\u00f1o flexible de la posici\u00f3n de instalaci\u00f3n del grifo hace que la instalaci\u00f3n sea m\u00e1s c\u00f3moda.<\/p>\n<table style=\"border-collapse: collapse; width: 311.02pt;\" border=\"0\" width=\"311\" cellspacing=\"0\" cellpadding=\"0\">\n<tbody>\n<tr style=\"height: 17.60pt;\">\n<td class=\"et3\" style=\"height: 17.60pt; width: 108.35pt;\" width=\"108\" height=\"17\">Fabricante<\/td>\n<td class=\"et3\" style=\"width: 202.95pt;\" width=\"202\">HanYu<\/td>\n<\/tr>\n<tr style=\"height: 17.60pt;\">\n<td class=\"et3\" style=\"height: 17.60pt;\" height=\"17\">N\u00ba de modelo<\/td>\n<td class=\"et4\">HY5011<\/td>\n<\/tr>\n<tr style=\"height: 17.60pt;\">\n<td class=\"et3\" style=\"height: 17.60pt;\" height=\"17\">Tipo<\/td>\n<td class=\"et3\">Lavabo mural<\/td>\n<\/tr>\n<tr style=\"height: 17.60pt;\">\n<td class=\"et3\" style=\"height: 17.60pt;\" height=\"17\">Forma<\/td>\n<td class=\"et2\">Forma irregular<\/td>\n<\/tr>\n<tr style=\"height: 17.60pt;\">\n<td class=\"et4\" style=\"height: 17.60pt;\" height=\"17\">Color<\/td>\n<td class=\"et3\">Blanco<\/td>\n<\/tr>\n<tr style=\"height: 18.00pt;\">\n<td class=\"et3\" style=\"height: 18.00pt;\" height=\"18\">Dimensi\u00f3n<\/td>\n<td class=\"et5\" style=\"width: 202.95pt;\" width=\"202\">55*38*19<\/td>\n<\/tr>\n<tr style=\"height: 17.60pt;\">\n<td class=\"et3\" style=\"height: 17.60pt;\" height=\"17\">N.W \/SET<\/td>\n<td class=\"et3\">11KGS\/PCS<\/td>\n<\/tr>\n<tr style=\"height: 17.60pt;\">\n<td class=\"et3\" style=\"height: 17.60pt;\" height=\"17\">MOQ<\/td>\n<td class=\"et3\">20 piezas<\/td>\n<\/tr>\n<tr style=\"height: 17.60pt;\">\n<td class=\"et3\" style=\"height: 17.60pt;\" height=\"17\">Opci\u00f3n personalizada<\/td>\n<td class=\"et3\">Color\/Patr\u00f3n\/Tama\u00f1o\/Logotipo\/Embalaje<\/td>\n<\/tr>\n<\/tbody>\n<\/table>","protected":false},"featured_media":3402,"comment_status":"closed","ping_status":"closed","template":"","meta":{"_acf_changed":false},"product_brand":[],"product_cat":[57],"product_tag":[],"class_list":{"0":"post-3398","1":"product","2":"type-product","3":"status-publish","4":"has-post-thumbnail","6":"product_cat-wholesale-wall-mounted-sinks","8":"first","9":"instock","10":"shipping-taxable","11":"product-type-simple"},"acf":[],"_links":{"self":[{"href":"https:\/\/www.ceramicbasin.com\/es\/wp-json\/wp\/v2\/product\/3398","targetHints":{"allow":["GET"]}}],"collection":[{"href":"https:\/\/www.ceramicbasin.com\/es\/wp-json\/wp\/v2\/product"}],"about":[{"href":"https:\/\/www.ceramicbasin.com\/es\/wp-json\/wp\/v2\/types\/product"}],"replies":[{"embeddable":true,"href":"https:\/\/www.ceramicbasin.com\/es\/wp-json\/wp\/v2\/comments?post=3398"}],"wp:featuredmedia":[{"embeddable":true,"href":"https:\/\/www.ceramicbasin.com\/es\/wp-json\/wp\/v2\/media\/3402"}],"wp:attachment":[{"href":"https:\/\/www.ceramicbasin.com\/es\/wp-json\/wp\/v2\/media?parent=3398"}],"wp:term":[{"taxonomy":"product_brand","embeddable":true,"href":"https:\/\/www.ceramicbasin.com\/es\/wp-json\/wp\/v2\/product_brand?post=3398"},{"taxonomy":"product_cat","embeddable":true,"href":"https:\/\/www.ceramicbasin.com\/es\/wp-json\/wp\/v2\/product_cat?post=3398"},{"taxonomy":"product_tag","embeddable":true,"href":"https:\/\/www.ceramicbasin.com\/es\/wp-json\/wp\/v2\/product_tag?post=3398"}],"curies":[{"name":"wp","href":"https:\/\/api.w.org\/{rel}","templated":true}]}}