{"id":3407,"date":"2024-07-16T09:19:25","date_gmt":"2024-07-16T09:19:25","guid":{"rendered":"https:\/\/www.ceramicbasin.com\/?post_type=product&#038;p=3407"},"modified":"2024-07-23T09:40:44","modified_gmt":"2024-07-23T09:40:44","slug":"corner-wall-mounted-basin-wholesale","status":"publish","type":"product","link":"https:\/\/www.ceramicbasin.com\/es\/producto\/corner-wall-mounted-basin-wholesale\/","title":{"rendered":"Lavabo de Esquina Triangular al por Mayor para Peque\u00f1o Lavabo de Tocador"},"content":{"rendered":"<div class=\"wp-block-columns is-layout-flex wp-container-core-columns-is-layout-9d6595d7 wp-block-columns-is-layout-flex\">\n<div class=\"wp-block-column is-layout-flow wp-block-column-is-layout-flow\">\n<h2 class=\"wp-block-heading\">Lavabo de esquina Premium montado en la pared al por mayor Caracter\u00edsticas:<\/h2>\n\n\n\n<ul class=\"wp-block-list\">\n<li><strong>Dise\u00f1o que ahorra espacio: <\/strong>El exclusivo dise\u00f1o triangular de este lavabo de esquina montado en la pared se adapta al por mayor a la esquina de la pared y est\u00e1 pensado para ba\u00f1os peque\u00f1os, para aprovechar al m\u00e1ximo el espacio limitado. <\/li>\n\n\n\n<li><strong>Limpio y hermoso: <\/strong>El lavabo montado en la pared no s\u00f3lo ahorra espacio en el suelo, sino que tambi\u00e9n facilita el trabajo de limpieza debajo, manteniendo el cuarto de ba\u00f1o ordenado. <\/li>\n\n\n\n<li><strong>Material cer\u00e1mico de alta calidad: <\/strong>Este lavabo esquinero de pared al por mayor utiliza cer\u00e1mica de alta calidad para garantizar que el producto sea duradero, suave y f\u00e1cil de limpiar. <\/li>\n\n\n\n<li><strong>Suministro de f\u00e1brica:<\/strong> Como proveedor profesional de lavabos de ba\u00f1o, HanYu ofrece precios muy competitivos para compras a gran escala, como hoteles, apartamentos y proyectos residenciales.<\/li>\n<\/ul>\n<\/div>\n\n\n\n<div class=\"wp-block-column is-layout-flow wp-block-column-is-layout-flow\">\n<figure class=\"wp-block-image size-full\"><img fetchpriority=\"high\" decoding=\"async\" width=\"613\" height=\"845\" src=\"https:\/\/www.ceramicbasin.com\/wp-content\/uploads\/2024\/07\/triangle-corner-wall-mounted-basin-wholesale-for-small-vanity-8.jpg\" alt=\"triangle-corner-wall-mounted-basin-wholesale-for-small-vanity-8\" class=\"wp-image-3415\" srcset=\"https:\/\/www.ceramicbasin.com\/wp-content\/uploads\/2024\/07\/triangle-corner-wall-mounted-basin-wholesale-for-small-vanity-8.jpg 613w, https:\/\/www.ceramicbasin.com\/wp-content\/uploads\/2024\/07\/triangle-corner-wall-mounted-basin-wholesale-for-small-vanity-8-218x300.jpg 218w, https:\/\/www.ceramicbasin.com\/wp-content\/uploads\/2024\/07\/triangle-corner-wall-mounted-basin-wholesale-for-small-vanity-8-9x12.jpg 9w, https:\/\/www.ceramicbasin.com\/wp-content\/uploads\/2024\/07\/triangle-corner-wall-mounted-basin-wholesale-for-small-vanity-8-285x393.jpg 285w, https:\/\/www.ceramicbasin.com\/wp-content\/uploads\/2024\/07\/triangle-corner-wall-mounted-basin-wholesale-for-small-vanity-8-479x660.jpg 479w, https:\/\/www.ceramicbasin.com\/wp-content\/uploads\/2024\/07\/triangle-corner-wall-mounted-basin-wholesale-for-small-vanity-8-109x150.jpg 109w\" sizes=\"(max-width: 613px) 100vw, 613px\" \/><\/figure>\n<\/div>\n<\/div>","protected":false},"excerpt":{"rendered":"<p>Este lavabo esquinero de pared al por mayor aprovecha inteligentemente el espacio del cuarto de ba\u00f1o, y el dise\u00f1o de montaje en pared facilita la limpieza. Se han seleccionado materiales cer\u00e1micos de alta calidad para garantizar la durabilidad y f\u00e1cil limpieza del producto. El suministro directo de f\u00e1brica le ayuda a controlar los costes de adquisici\u00f3n.<\/p>\n<table style=\"border-collapse: collapse; width: 311.02pt;\" border=\"0\" width=\"311\" cellspacing=\"0\" cellpadding=\"0\">\n<tbody>\n<tr style=\"height: 17.60pt;\">\n<td class=\"et3\" style=\"height: 17.60pt; width: 108.35pt;\" width=\"108\" height=\"17\">Fabricante<\/td>\n<td class=\"et3\" style=\"width: 202.95pt;\" width=\"202\">HanYu<\/td>\n<\/tr>\n<tr style=\"height: 17.60pt;\">\n<td class=\"et3\" style=\"height: 17.60pt;\" height=\"17\">N\u00ba de modelo<\/td>\n<td class=\"et4\">HY3072<\/td>\n<\/tr>\n<tr style=\"height: 17.60pt;\">\n<td class=\"et3\" style=\"height: 17.60pt;\" height=\"17\">Tipo<\/td>\n<td class=\"et3\">Lavabo de pared,Lavabo de esquina<\/td>\n<\/tr>\n<tr style=\"height: 17.60pt;\">\n<td class=\"et3\" style=\"height: 17.60pt;\" height=\"17\">Forma<\/td>\n<td class=\"et3\">Forma triangular<\/td>\n<\/tr>\n<tr style=\"height: 17.60pt;\">\n<td class=\"et4\" style=\"height: 17.60pt;\" height=\"17\">Color<\/td>\n<td class=\"et3\">Blanco<\/td>\n<\/tr>\n<tr style=\"height: 18.00pt;\">\n<td class=\"et3\" style=\"height: 18.00pt;\" height=\"18\">Dimensi\u00f3n<\/td>\n<td class=\"et6\" style=\"width: 202.95pt;\" width=\"202\">33*33*13<\/td>\n<\/tr>\n<tr style=\"height: 17.60pt;\">\n<td class=\"et3\" style=\"height: 17.60pt;\" height=\"17\">N.W \/SET<\/td>\n<td class=\"et3\">7.3KGS\/PCS<\/td>\n<\/tr>\n<tr style=\"height: 17.60pt;\">\n<td class=\"et3\" style=\"height: 17.60pt;\" height=\"17\">MOQ<\/td>\n<td class=\"et3\">20 piezas<\/td>\n<\/tr>\n<tr style=\"height: 17.60pt;\">\n<td class=\"et3\" style=\"height: 17.60pt;\" height=\"17\">Opci\u00f3n personalizada<\/td>\n<td class=\"et3\">Color\/Patr\u00f3n\/Tama\u00f1o\/Logotipo\/Embalaje<\/td>\n<\/tr>\n<\/tbody>\n<\/table>","protected":false},"featured_media":3414,"comment_status":"closed","ping_status":"closed","template":"","meta":{"_acf_changed":false},"product_brand":[],"product_cat":[57],"product_tag":[],"class_list":{"0":"post-3407","1":"product","2":"type-product","3":"status-publish","4":"has-post-thumbnail","6":"product_cat-wholesale-wall-mounted-sinks","8":"first","9":"instock","10":"shipping-taxable","11":"product-type-simple"},"acf":[],"_links":{"self":[{"href":"https:\/\/www.ceramicbasin.com\/es\/wp-json\/wp\/v2\/product\/3407","targetHints":{"allow":["GET"]}}],"collection":[{"href":"https:\/\/www.ceramicbasin.com\/es\/wp-json\/wp\/v2\/product"}],"about":[{"href":"https:\/\/www.ceramicbasin.com\/es\/wp-json\/wp\/v2\/types\/product"}],"replies":[{"embeddable":true,"href":"https:\/\/www.ceramicbasin.com\/es\/wp-json\/wp\/v2\/comments?post=3407"}],"wp:featuredmedia":[{"embeddable":true,"href":"https:\/\/www.ceramicbasin.com\/es\/wp-json\/wp\/v2\/media\/3414"}],"wp:attachment":[{"href":"https:\/\/www.ceramicbasin.com\/es\/wp-json\/wp\/v2\/media?parent=3407"}],"wp:term":[{"taxonomy":"product_brand","embeddable":true,"href":"https:\/\/www.ceramicbasin.com\/es\/wp-json\/wp\/v2\/product_brand?post=3407"},{"taxonomy":"product_cat","embeddable":true,"href":"https:\/\/www.ceramicbasin.com\/es\/wp-json\/wp\/v2\/product_cat?post=3407"},{"taxonomy":"product_tag","embeddable":true,"href":"https:\/\/www.ceramicbasin.com\/es\/wp-json\/wp\/v2\/product_tag?post=3407"}],"curies":[{"name":"wp","href":"https:\/\/api.w.org\/{rel}","templated":true}]}}