{"id":3416,"date":"2024-07-16T09:49:18","date_gmt":"2024-07-16T09:49:18","guid":{"rendered":"https:\/\/www.ceramicbasin.com\/?post_type=product&#038;p=3416"},"modified":"2024-11-01T09:58:43","modified_gmt":"2024-11-01T09:58:43","slug":"mini-wall-hang-basin-bulk","status":"publish","type":"product","link":"https:\/\/www.ceramicbasin.com\/es\/producto\/mini-wall-hang-basin-bulk\/","title":{"rendered":"Mini Lavabo de Pared a Granel, Peque\u00f1os Lavabos de Ba\u00f1o al por Mayor"},"content":{"rendered":"<div class=\"wp-block-columns is-layout-flex wp-container-core-columns-is-layout-9d6595d7 wp-block-columns-is-layout-flex\">\n<div class=\"wp-block-column is-layout-flow wp-block-column-is-layout-flow\">\n<h2 class=\"wp-block-heading\">Premium Mini Lavabo para colgar en la pared a granel Caracter\u00edsticas:<\/h2>\n\n\n\n<ul class=\"wp-block-list\">\n<li><strong>Dise\u00f1o optimizado para el espacio: <\/strong>Este mini lavabo colgante de pared a granel est\u00e1 dise\u00f1ado para cuartos de ba\u00f1o peque\u00f1os. El lavabo de pared de tama\u00f1o mini ahorra espacio con eficacia y es una opci\u00f3n ideal para peque\u00f1os apartamentos o habitaciones de hotel.<\/li>\n\n\n\n<li><strong>Material cer\u00e1mico de alta calidad: <\/strong>Nuestros peque\u00f1os lavabos de ba\u00f1o al por mayor est\u00e1n fabricados con materias primas cer\u00e1micas de alta calidad y cocidos a altas temperaturas para garantizar que el producto sea duradero, suave, f\u00e1cil de limpiar y mantener, y mantenga una belleza duradera.<\/li>\n\n\n\n<li><strong>Instalaci\u00f3n mural: <\/strong>Este mini lavabo colgante se fija a la pared, lo que no s\u00f3lo ahorra espacio, sino que tambi\u00e9n facilita la limpieza del suelo, mejorando la pulcritud general y la modernidad del cuarto de ba\u00f1o.<\/li>\n\n\n\n<li><strong>Ventaja a granel:<\/strong> Como fabricante profesional de lavabos de cer\u00e1mica, HanYu ofrece lavabos diminutos al por mayor con precios muy competitivos, adecuados para las necesidades de decoraci\u00f3n a gran escala de hoteles, apartamentos y proyectos residenciales.<\/li>\n<\/ul>\n<\/div>\n\n\n\n<div class=\"wp-block-column is-layout-flow wp-block-column-is-layout-flow\">\n<figure class=\"wp-block-image size-full\"><img fetchpriority=\"high\" decoding=\"async\" width=\"607\" height=\"879\" src=\"https:\/\/www.ceramicbasin.com\/wp-content\/uploads\/2024\/07\/factory-supply-mini-wall-hang-basin-bulk-for-tiny-bathroom-8.webp\" alt=\"factory-supply-mini-wall-hang-basin-bulk-for-tiny-bathroom-8\" class=\"wp-image-3424\" srcset=\"https:\/\/www.ceramicbasin.com\/wp-content\/uploads\/2024\/07\/factory-supply-mini-wall-hang-basin-bulk-for-tiny-bathroom-8.webp 607w, https:\/\/www.ceramicbasin.com\/wp-content\/uploads\/2024\/07\/factory-supply-mini-wall-hang-basin-bulk-for-tiny-bathroom-8-207x300.webp 207w, https:\/\/www.ceramicbasin.com\/wp-content\/uploads\/2024\/07\/factory-supply-mini-wall-hang-basin-bulk-for-tiny-bathroom-8-8x12.webp 8w, https:\/\/www.ceramicbasin.com\/wp-content\/uploads\/2024\/07\/factory-supply-mini-wall-hang-basin-bulk-for-tiny-bathroom-8-285x413.webp 285w, https:\/\/www.ceramicbasin.com\/wp-content\/uploads\/2024\/07\/factory-supply-mini-wall-hang-basin-bulk-for-tiny-bathroom-8-456x660.webp 456w, https:\/\/www.ceramicbasin.com\/wp-content\/uploads\/2024\/07\/factory-supply-mini-wall-hang-basin-bulk-for-tiny-bathroom-8-104x150.webp 104w\" sizes=\"(max-width: 607px) 100vw, 607px\" \/><\/figure>\n<\/div>\n<\/div>","protected":false},"excerpt":{"rendered":"<p>Bienvenido a comprar peque\u00f1os lavabos de ba\u00f1o al por mayor. Este mini lavabo de pared al por mayor est\u00e1 dise\u00f1ado para resolver los retos de los cuartos de ba\u00f1o de espacio reducido. Los materiales cer\u00e1micos de alta calidad seleccionados garantizan la durabilidad y f\u00e1cil limpieza del producto. El precio preferente de compra al por mayor le ayuda a controlar los costes.<\/p>\n<table style=\"border-collapse: collapse; width: 311.02pt;\" border=\"0\" width=\"311\" cellspacing=\"0\" cellpadding=\"0\">\n<tbody>\n<tr style=\"height: 17.60pt;\">\n<td class=\"et3\" style=\"height: 17.60pt; width: 108.35pt;\" width=\"108\" height=\"17\">Fabricante<\/td>\n<td class=\"et3\" style=\"width: 202.95pt;\" width=\"202\">HanYu<\/td>\n<\/tr>\n<tr style=\"height: 17.60pt;\">\n<td class=\"et3\" style=\"height: 17.60pt;\" height=\"17\">N\u00ba de modelo<\/td>\n<td class=\"et4\">HY3076<\/td>\n<\/tr>\n<tr style=\"height: 17.60pt;\">\n<td class=\"et3\" style=\"height: 17.60pt;\" height=\"17\">Tipo<\/td>\n<td class=\"et3\">Lavabo de pared, Lavabo peque\u00f1o<\/td>\n<\/tr>\n<tr style=\"height: 17.60pt;\">\n<td class=\"et3\" style=\"height: 17.60pt;\" height=\"17\">Forma<\/td>\n<td class=\"et3\">Forma rectangular<\/td>\n<\/tr>\n<tr style=\"height: 17.60pt;\">\n<td class=\"et4\" style=\"height: 17.60pt;\" height=\"17\">Color<\/td>\n<td class=\"et3\">Blanco<\/td>\n<\/tr>\n<tr style=\"height: 18.00pt;\">\n<td class=\"et3\" style=\"height: 18.00pt;\" height=\"18\">Dimensi\u00f3n<\/td>\n<td class=\"et6\" style=\"width: 202.95pt;\" width=\"202\">31*19*11<\/td>\n<\/tr>\n<tr style=\"height: 17.60pt;\">\n<td class=\"et3\" style=\"height: 17.60pt;\" height=\"17\">N.W \/SET<\/td>\n<td class=\"et3\">5KGS\/PCS<\/td>\n<\/tr>\n<tr style=\"height: 17.60pt;\">\n<td class=\"et3\" style=\"height: 17.60pt;\" height=\"17\">MOQ<\/td>\n<td class=\"et3\">10 unidades<\/td>\n<\/tr>\n<tr style=\"height: 17.60pt;\">\n<td class=\"et3\" style=\"height: 17.60pt;\" height=\"17\">Opci\u00f3n personalizada<\/td>\n<td class=\"et3\">Color\/Patr\u00f3n\/Tama\u00f1o\/Logotipo\/Embalaje<\/td>\n<\/tr>\n<\/tbody>\n<\/table>","protected":false},"featured_media":3421,"comment_status":"closed","ping_status":"closed","template":"","meta":{"_acf_changed":false},"product_brand":[],"product_cat":[56],"product_tag":[],"class_list":{"0":"post-3416","1":"product","2":"type-product","3":"status-publish","4":"has-post-thumbnail","6":"product_cat-wholesale-small-bathroom-sinks","8":"first","9":"instock","10":"shipping-taxable","11":"product-type-simple"},"acf":[],"_links":{"self":[{"href":"https:\/\/www.ceramicbasin.com\/es\/wp-json\/wp\/v2\/product\/3416","targetHints":{"allow":["GET"]}}],"collection":[{"href":"https:\/\/www.ceramicbasin.com\/es\/wp-json\/wp\/v2\/product"}],"about":[{"href":"https:\/\/www.ceramicbasin.com\/es\/wp-json\/wp\/v2\/types\/product"}],"replies":[{"embeddable":true,"href":"https:\/\/www.ceramicbasin.com\/es\/wp-json\/wp\/v2\/comments?post=3416"}],"wp:featuredmedia":[{"embeddable":true,"href":"https:\/\/www.ceramicbasin.com\/es\/wp-json\/wp\/v2\/media\/3421"}],"wp:attachment":[{"href":"https:\/\/www.ceramicbasin.com\/es\/wp-json\/wp\/v2\/media?parent=3416"}],"wp:term":[{"taxonomy":"product_brand","embeddable":true,"href":"https:\/\/www.ceramicbasin.com\/es\/wp-json\/wp\/v2\/product_brand?post=3416"},{"taxonomy":"product_cat","embeddable":true,"href":"https:\/\/www.ceramicbasin.com\/es\/wp-json\/wp\/v2\/product_cat?post=3416"},{"taxonomy":"product_tag","embeddable":true,"href":"https:\/\/www.ceramicbasin.com\/es\/wp-json\/wp\/v2\/product_tag?post=3416"}],"curies":[{"name":"wp","href":"https:\/\/api.w.org\/{rel}","templated":true}]}}