{"id":3453,"date":"2024-07-17T07:15:05","date_gmt":"2024-07-17T07:15:05","guid":{"rendered":"https:\/\/www.ceramicbasin.com\/?post_type=product&#038;p=3453"},"modified":"2024-11-01T09:46:09","modified_gmt":"2024-11-01T09:46:09","slug":"matte-vessel-sink-wholesale","status":"publish","type":"product","link":"https:\/\/www.ceramicbasin.com\/es\/producto\/matte-vessel-sink-wholesale\/","title":{"rendered":"Fregadero Ovalado Al Por Mayor Con Diversos Colores"},"content":{"rendered":"<div class=\"wp-block-columns is-layout-flex wp-container-core-columns-is-layout-9d6595d7 wp-block-columns-is-layout-flex\">\n<div class=\"wp-block-column is-layout-flow wp-block-column-is-layout-flow\">\n<h2 class=\"wp-block-heading\">Premium Matte Vessel Sink Wholesale Caracter\u00edsticas:<\/h2>\n\n\n\n<ul class=\"wp-block-list\">\n<li><strong>Dise\u00f1ado en forma ovalada: <\/strong>Nuestro lavabo de recipiente mate al por mayor cuenta con l\u00edneas suaves que proporcionan un efecto visual suave y moderno al espacio y a\u00f1aden m\u00e1s encanto al cuarto de ba\u00f1o.<\/li>\n\n\n\n<li><strong>Textura mate, tacto agradable:<\/strong> El exclusivo tratamiento mate de la superficie de este fregadero de cubeta al por mayor confiere al lavabo un tacto delicado y suave, que es a la vez bello y duradero, y no deja f\u00e1cilmente manchas de agua ni huellas dactilares.<\/li>\n\n\n\n<li><strong>Selecci\u00f3n de colores: <\/strong>Nuestro fregadero de recipiente mate al por mayor ofrece una amplia gama de opciones de color, desde el blanco cl\u00e1sico al gris moderno, pasando por el azul brillante o el verde, para satisfacer las necesidades de diferentes estilos de dise\u00f1o.<\/li>\n\n\n\n<li><strong>Descuento al por mayor: <\/strong>Como fabricante de fregaderos para recipientes de cer\u00e1mica, ofrecemos precios preferenciales por compras al por mayor para garantizar que usted obtenga productos de alta calidad al coste m\u00e1s competitivo.<\/li>\n<\/ul>\n<\/div>\n\n\n\n<div class=\"wp-block-column is-layout-flow wp-block-column-is-layout-flow\">\n<figure class=\"wp-block-image size-full\"><img fetchpriority=\"high\" decoding=\"async\" width=\"827\" height=\"1248\" src=\"https:\/\/www.ceramicbasin.com\/wp-content\/uploads\/2024\/07\/oval-shape-matte-vessel-sink-wholesale-with-diverse-colors-7.webp\" alt=\"fregadero-matte-de-forma-ovalada-con-colores-diversos-7\" class=\"wp-image-3460\" srcset=\"https:\/\/www.ceramicbasin.com\/wp-content\/uploads\/2024\/07\/oval-shape-matte-vessel-sink-wholesale-with-diverse-colors-7.webp 827w, https:\/\/www.ceramicbasin.com\/wp-content\/uploads\/2024\/07\/oval-shape-matte-vessel-sink-wholesale-with-diverse-colors-7-199x300.webp 199w, https:\/\/www.ceramicbasin.com\/wp-content\/uploads\/2024\/07\/oval-shape-matte-vessel-sink-wholesale-with-diverse-colors-7-768x1159.webp 768w, https:\/\/www.ceramicbasin.com\/wp-content\/uploads\/2024\/07\/oval-shape-matte-vessel-sink-wholesale-with-diverse-colors-7-8x12.webp 8w, https:\/\/www.ceramicbasin.com\/wp-content\/uploads\/2024\/07\/oval-shape-matte-vessel-sink-wholesale-with-diverse-colors-7-285x430.webp 285w, https:\/\/www.ceramicbasin.com\/wp-content\/uploads\/2024\/07\/oval-shape-matte-vessel-sink-wholesale-with-diverse-colors-7-437x660.webp 437w, https:\/\/www.ceramicbasin.com\/wp-content\/uploads\/2024\/07\/oval-shape-matte-vessel-sink-wholesale-with-diverse-colors-7-99x150.webp 99w\" sizes=\"(max-width: 827px) 100vw, 827px\" \/><\/figure>\n<\/div>\n<\/div>","protected":false},"excerpt":{"rendered":"<p>Bienvenido a comprar lavabos de ba\u00f1o al por mayor. Con sus elegantes l\u00edneas y su textura mate, este lavabo de vasija mate al por mayor aporta lujo al espacio del cuarto de ba\u00f1o. La forma especial y hermosa que tiene de hecho es duradera y la mantiene f\u00e1cilmente. Tenemos variedades en color para ofrecer y tenemos precios preferenciales al por mayor, ahorr\u00e1ndole costes de adquisici\u00f3n.<\/p>\n<table style=\"border-collapse: collapse; width: 311.02pt;\" border=\"0\" width=\"311\" cellspacing=\"0\" cellpadding=\"0\">\n<tbody>\n<tr style=\"height: 17.60pt;\">\n<td class=\"et3\" style=\"height: 17.60pt; width: 108.35pt;\" width=\"108\" height=\"17\">Fabricante<\/td>\n<td class=\"et3\" style=\"width: 202.95pt;\" width=\"202\">HanYu<\/td>\n<\/tr>\n<tr style=\"height: 17.60pt;\">\n<td class=\"et3\" style=\"height: 17.60pt;\" height=\"17\">N\u00ba de modelo<\/td>\n<td class=\"et4\">HY3020MW<\/td>\n<\/tr>\n<tr style=\"height: 18.00pt;\">\n<td class=\"et3\" style=\"height: 18.00pt;\" height=\"18\">Tipo<\/td>\n<td class=\"et5\" style=\"width: 202.95pt;\" width=\"202\">Lavabo mate, Lavabo sobre encimera<\/td>\n<\/tr>\n<tr style=\"height: 17.60pt;\">\n<td class=\"et3\" style=\"height: 17.60pt;\" height=\"17\">Forma<\/td>\n<td class=\"et3\">Forma ovalada<\/td>\n<\/tr>\n<tr style=\"height: 36.00pt;\">\n<td class=\"et4\" style=\"height: 36.00pt;\" height=\"36\">Color<\/td>\n<td class=\"et5\" style=\"width: 202.95pt;\" width=\"202\">Negro\/Blanco\/Azul\/Gris\/Rosa\/Verde\/Marr\u00f3n\/Caqui......<\/td>\n<\/tr>\n<tr style=\"height: 18.00pt;\">\n<td class=\"et3\" style=\"height: 18.00pt;\" height=\"18\">Dimensi\u00f3n<\/td>\n<td class=\"et5\" style=\"width: 202.95pt;\" width=\"202\">40*33*14.5<\/td>\n<\/tr>\n<tr style=\"height: 17.60pt;\">\n<td class=\"et3\" style=\"height: 17.60pt;\" height=\"17\">N.W \/SET<\/td>\n<td class=\"et3\">7KGS\/PCS<\/td>\n<\/tr>\n<tr style=\"height: 17.60pt;\">\n<td class=\"et3\" style=\"height: 17.60pt;\" height=\"17\">MOQ<\/td>\n<td class=\"et3\">20 piezas<\/td>\n<\/tr>\n<tr style=\"height: 17.60pt;\">\n<td class=\"et3\" style=\"height: 17.60pt;\" height=\"17\">Opci\u00f3n personalizada<\/td>\n<td class=\"et3\">Color\/Patr\u00f3n\/Tama\u00f1o\/Logotipo\/Embalaje<\/td>\n<\/tr>\n<\/tbody>\n<\/table>","protected":false},"featured_media":3457,"comment_status":"closed","ping_status":"closed","template":"","meta":{"_acf_changed":false},"product_brand":[],"product_cat":[55,50],"product_tag":[],"class_list":{"0":"post-3453","1":"product","2":"type-product","3":"status-publish","4":"has-post-thumbnail","6":"product_cat-wholesale-matte-sinks","7":"product_cat-wholesale-countertop-sinks","9":"first","10":"instock","11":"shipping-taxable","12":"product-type-simple"},"acf":[],"_links":{"self":[{"href":"https:\/\/www.ceramicbasin.com\/es\/wp-json\/wp\/v2\/product\/3453","targetHints":{"allow":["GET"]}}],"collection":[{"href":"https:\/\/www.ceramicbasin.com\/es\/wp-json\/wp\/v2\/product"}],"about":[{"href":"https:\/\/www.ceramicbasin.com\/es\/wp-json\/wp\/v2\/types\/product"}],"replies":[{"embeddable":true,"href":"https:\/\/www.ceramicbasin.com\/es\/wp-json\/wp\/v2\/comments?post=3453"}],"wp:featuredmedia":[{"embeddable":true,"href":"https:\/\/www.ceramicbasin.com\/es\/wp-json\/wp\/v2\/media\/3457"}],"wp:attachment":[{"href":"https:\/\/www.ceramicbasin.com\/es\/wp-json\/wp\/v2\/media?parent=3453"}],"wp:term":[{"taxonomy":"product_brand","embeddable":true,"href":"https:\/\/www.ceramicbasin.com\/es\/wp-json\/wp\/v2\/product_brand?post=3453"},{"taxonomy":"product_cat","embeddable":true,"href":"https:\/\/www.ceramicbasin.com\/es\/wp-json\/wp\/v2\/product_cat?post=3453"},{"taxonomy":"product_tag","embeddable":true,"href":"https:\/\/www.ceramicbasin.com\/es\/wp-json\/wp\/v2\/product_tag?post=3453"}],"curies":[{"name":"wp","href":"https:\/\/api.w.org\/{rel}","templated":true}]}}