{"id":3461,"date":"2024-07-17T07:31:05","date_gmt":"2024-07-17T07:31:05","guid":{"rendered":"https:\/\/www.ceramicbasin.com\/?post_type=product&#038;p=3461"},"modified":"2024-07-23T09:39:15","modified_gmt":"2024-07-23T09:39:15","slug":"round-wholesale-matte-sinks","status":"publish","type":"product","link":"https:\/\/www.ceramicbasin.com\/es\/producto\/round-wholesale-matte-sinks\/","title":{"rendered":"Elegante fregadero redondo mate al por mayor con diversas opciones de color"},"content":{"rendered":"<div class=\"wp-block-columns is-layout-flex wp-container-core-columns-is-layout-9d6595d7 wp-block-columns-is-layout-flex\">\n<div class=\"wp-block-column is-layout-flow wp-block-column-is-layout-flow\">\n<h2 class=\"wp-block-heading\">Fregaderos mate al por mayor de primera calidad Caracter\u00edsticas:<\/h2>\n\n\n\n<ul class=\"wp-block-list\">\n<li><strong>Dise\u00f1o redondo cl\u00e1sico:<\/strong> Estos lavabos mate al por mayor presentan un dise\u00f1o redondo sencillo y elegante, que no s\u00f3lo es bonito, sino que tambi\u00e9n puede integrarse f\u00e1cilmente en diversos estilos de ba\u00f1o.<\/li>\n\n\n\n<li><strong>Tratamiento superficial mate:<\/strong> El innovador revestimiento mate confiere a estos fregaderos mate al por mayor una textura y un tacto \u00fanicos, al tiempo que reduce el reflejo de la luz, crea un ambiente c\u00e1lido y confortable y es f\u00e1cil de limpiar y mantener.<\/li>\n\n\n\n<li><strong>Colores ricos y diversos:<\/strong> HanYu ofrece una gama de opciones de color para los lavabos de ba\u00f1o al por mayor, desde colores neutros discretos a colores brillantes y atrevidos para satisfacer las necesidades de los diferentes estilos de ba\u00f1o.<\/li>\n\n\n\n<li><strong>Descuentos por compras al por mayor: <\/strong>Le ofrecemos fregaderos de ba\u00f1o al por mayor a un precio preferente, para que disfrute del mejor precio y de una alta calidad al comprar en grandes cantidades.<\/li>\n<\/ul>\n<\/div>\n\n\n\n<div class=\"wp-block-column is-layout-flow wp-block-column-is-layout-flow\">\n<figure class=\"wp-block-image size-full\"><img fetchpriority=\"high\" decoding=\"async\" width=\"673\" height=\"878\" src=\"https:\/\/www.ceramicbasin.com\/wp-content\/uploads\/2024\/07\/elegant-round-wholesale-matte-sinks-with-color-options-5.webp\" alt=\"fregadero elegante-redondo-mate-al-mayor-con-opciones-de-color-5\" class=\"wp-image-3466\" srcset=\"https:\/\/www.ceramicbasin.com\/wp-content\/uploads\/2024\/07\/elegant-round-wholesale-matte-sinks-with-color-options-5.webp 673w, https:\/\/www.ceramicbasin.com\/wp-content\/uploads\/2024\/07\/elegant-round-wholesale-matte-sinks-with-color-options-5-230x300.webp 230w, https:\/\/www.ceramicbasin.com\/wp-content\/uploads\/2024\/07\/elegant-round-wholesale-matte-sinks-with-color-options-5-9x12.webp 9w, https:\/\/www.ceramicbasin.com\/wp-content\/uploads\/2024\/07\/elegant-round-wholesale-matte-sinks-with-color-options-5-285x372.webp 285w, https:\/\/www.ceramicbasin.com\/wp-content\/uploads\/2024\/07\/elegant-round-wholesale-matte-sinks-with-color-options-5-506x660.webp 506w, https:\/\/www.ceramicbasin.com\/wp-content\/uploads\/2024\/07\/elegant-round-wholesale-matte-sinks-with-color-options-5-115x150.webp 115w\" sizes=\"(max-width: 673px) 100vw, 673px\" \/><\/figure>\n<\/div>\n<\/div>","protected":false},"excerpt":{"rendered":"<p>Nuestros lavabos mates al por mayor son la primera elecci\u00f3n para la decoraci\u00f3n del espacio de ba\u00f1o con un dise\u00f1o cl\u00e1sico y un moderno tratamiento mate de la superficie. Ofrecemos una variedad de opciones de color, si usted quiere lavabos de ba\u00f1o simples o personalizados, usted puede encontrar una opci\u00f3n satisfactoria aqu\u00ed.<\/p>\n<table style=\"border-collapse: collapse; width: 311.02pt;\" border=\"0\" width=\"311\" cellspacing=\"0\" cellpadding=\"0\">\n<tbody>\n<tr style=\"height: 17.60pt;\">\n<td class=\"et3\" style=\"height: 17.60pt; width: 108.35pt;\" width=\"108\" height=\"17\">Fabricante<\/td>\n<td class=\"et3\" style=\"width: 202.95pt;\" width=\"202\">HanYu<\/td>\n<\/tr>\n<tr style=\"height: 17.60pt;\">\n<td class=\"et3\" style=\"height: 17.60pt;\" height=\"17\">N\u00ba de modelo<\/td>\n<td class=\"et4\">HY8070YF1<\/td>\n<\/tr>\n<tr style=\"height: 18.00pt;\">\n<td class=\"et3\" style=\"height: 18.00pt;\" height=\"18\">Tipo<\/td>\n<td class=\"et5\" style=\"width: 202.95pt;\" width=\"202\">Lavabo mate, Lavabo sobre encimera<\/td>\n<\/tr>\n<tr style=\"height: 17.60pt;\">\n<td class=\"et3\" style=\"height: 17.60pt;\" height=\"17\">Forma<\/td>\n<td class=\"et3\">Forma redonda<\/td>\n<\/tr>\n<tr style=\"height: 36.00pt;\">\n<td class=\"et4\" style=\"height: 36.00pt;\" height=\"36\">Color<\/td>\n<td class=\"et5\" style=\"width: 202.95pt;\" width=\"202\">Negro\/Blanco\/Azul\/Gris\/Rosa\/Verde\/Marr\u00f3n\/Caqui......<\/td>\n<\/tr>\n<tr style=\"height: 18.00pt;\">\n<td class=\"et3\" style=\"height: 18.00pt;\" height=\"18\">Dimensi\u00f3n<\/td>\n<td class=\"et5\" style=\"width: 202.95pt;\" width=\"202\">36.5*36.5*12.5<\/td>\n<\/tr>\n<tr style=\"height: 17.60pt;\">\n<td class=\"et3\" style=\"height: 17.60pt;\" height=\"17\">N.W \/SET<\/td>\n<td class=\"et3\">8KGS\/PCS<\/td>\n<\/tr>\n<tr style=\"height: 17.60pt;\">\n<td class=\"et3\" style=\"height: 17.60pt;\" height=\"17\">MOQ<\/td>\n<td class=\"et3\">20 piezas<\/td>\n<\/tr>\n<tr style=\"height: 17.60pt;\">\n<td class=\"et3\" style=\"height: 17.60pt;\" height=\"17\">Opci\u00f3n personalizada<\/td>\n<td class=\"et3\">Color\/Patr\u00f3n\/Tama\u00f1o\/Logotipo\/Embalaje<\/td>\n<\/tr>\n<\/tbody>\n<\/table>","protected":false},"featured_media":3465,"comment_status":"closed","ping_status":"closed","template":"","meta":{"_acf_changed":false},"product_brand":[],"product_cat":[55,50],"product_tag":[],"class_list":{"0":"post-3461","1":"product","2":"type-product","3":"status-publish","4":"has-post-thumbnail","6":"product_cat-wholesale-matte-sinks","7":"product_cat-wholesale-countertop-sinks","9":"first","10":"instock","11":"shipping-taxable","12":"product-type-simple"},"acf":[],"_links":{"self":[{"href":"https:\/\/www.ceramicbasin.com\/es\/wp-json\/wp\/v2\/product\/3461","targetHints":{"allow":["GET"]}}],"collection":[{"href":"https:\/\/www.ceramicbasin.com\/es\/wp-json\/wp\/v2\/product"}],"about":[{"href":"https:\/\/www.ceramicbasin.com\/es\/wp-json\/wp\/v2\/types\/product"}],"replies":[{"embeddable":true,"href":"https:\/\/www.ceramicbasin.com\/es\/wp-json\/wp\/v2\/comments?post=3461"}],"wp:featuredmedia":[{"embeddable":true,"href":"https:\/\/www.ceramicbasin.com\/es\/wp-json\/wp\/v2\/media\/3465"}],"wp:attachment":[{"href":"https:\/\/www.ceramicbasin.com\/es\/wp-json\/wp\/v2\/media?parent=3461"}],"wp:term":[{"taxonomy":"product_brand","embeddable":true,"href":"https:\/\/www.ceramicbasin.com\/es\/wp-json\/wp\/v2\/product_brand?post=3461"},{"taxonomy":"product_cat","embeddable":true,"href":"https:\/\/www.ceramicbasin.com\/es\/wp-json\/wp\/v2\/product_cat?post=3461"},{"taxonomy":"product_tag","embeddable":true,"href":"https:\/\/www.ceramicbasin.com\/es\/wp-json\/wp\/v2\/product_tag?post=3461"}],"curies":[{"name":"wp","href":"https:\/\/api.w.org\/{rel}","templated":true}]}}