{"id":3467,"date":"2024-07-17T07:45:05","date_gmt":"2024-07-17T07:45:05","guid":{"rendered":"https:\/\/www.ceramicbasin.com\/?post_type=product&#038;p=3467"},"modified":"2024-11-21T08:36:24","modified_gmt":"2024-11-21T08:36:24","slug":"new-design-wholesale-matte-basins","status":"publish","type":"product","link":"https:\/\/www.ceramicbasin.com\/es\/producto\/new-design-wholesale-matte-basins\/","title":{"rendered":"Nuevo dise\u00f1o al por mayor mate lavabos con personalizar el color"},"content":{"rendered":"<div class=\"wp-block-columns is-layout-flex wp-container-core-columns-is-layout-9d6595d7 wp-block-columns-is-layout-flex\">\n<div class=\"wp-block-column is-layout-flow wp-block-column-is-layout-flow\">\n<h2 class=\"wp-block-heading\">Lavabos mates al por mayor de primera calidad Caracter\u00edsticas:<\/h2>\n\n\n\n<ul class=\"wp-block-list\">\n<li><strong>Estilo moderno: <\/strong>Estos lavabos mate al por mayor adoptan las \u00faltimas tendencias de dise\u00f1o. El lavabo redondo mate combina una est\u00e9tica moderna y sencilla, aportando un toque de estilo al espacio de ba\u00f1o.<\/li>\n\n\n\n<li><strong>Textura esmerilada:<\/strong> La superficie de nuestros lavabos mate al por mayor adopta un tratamiento mate, que no s\u00f3lo aumenta la textura del lavabo, sino que tambi\u00e9n tiene las caracter\u00edsticas de ser antideslizante y resistente al desgaste, f\u00e1cil de limpiar y de belleza duradera.<\/li>\n\n\n\n<li><strong>Elecci\u00f3n personalizada: <\/strong>Ofrecemos servicio de personalizaci\u00f3n del color, y podemos combinar los colores seg\u00fan las necesidades espec\u00edficas de los clientes para satisfacer requisitos de dise\u00f1o personalizados.<\/li>\n\n\n\n<li><strong>Adquisici\u00f3n a granel, rentable: <\/strong>El fabricante de lavabos de cer\u00e1mica HanYu le suministra los productos directamente a usted, le ofrecemos precios al por mayor para que su proyecto no pierda calidad a la vez que controla los costes.<\/li>\n<\/ul>\n<\/div>\n\n\n\n<div class=\"wp-block-column is-layout-flow wp-block-column-is-layout-flow\">\n<figure class=\"wp-block-image size-full\"><img fetchpriority=\"high\" decoding=\"async\" width=\"673\" height=\"878\" src=\"https:\/\/www.ceramicbasin.com\/wp-content\/uploads\/2024\/07\/new-design-wholesale-matte-basins-with-customize-color-5.webp\" alt=\"nuevo-dise\u00f1o-mayorista-mate-lavabos-con-color-personalizado-5\" class=\"wp-image-3472\" srcset=\"https:\/\/www.ceramicbasin.com\/wp-content\/uploads\/2024\/07\/new-design-wholesale-matte-basins-with-customize-color-5.webp 673w, https:\/\/www.ceramicbasin.com\/wp-content\/uploads\/2024\/07\/new-design-wholesale-matte-basins-with-customize-color-5-230x300.webp 230w, https:\/\/www.ceramicbasin.com\/wp-content\/uploads\/2024\/07\/new-design-wholesale-matte-basins-with-customize-color-5-9x12.webp 9w, https:\/\/www.ceramicbasin.com\/wp-content\/uploads\/2024\/07\/new-design-wholesale-matte-basins-with-customize-color-5-285x372.webp 285w, https:\/\/www.ceramicbasin.com\/wp-content\/uploads\/2024\/07\/new-design-wholesale-matte-basins-with-customize-color-5-506x660.webp 506w, https:\/\/www.ceramicbasin.com\/wp-content\/uploads\/2024\/07\/new-design-wholesale-matte-basins-with-customize-color-5-115x150.webp 115w\" sizes=\"(max-width: 673px) 100vw, 673px\" \/><\/figure>\n<\/div>\n<\/div>","protected":false},"excerpt":{"rendered":"<p>Bienvenido a comprar lavabos de cer\u00e1mica al por mayor. Nuestros lavabos redondos mate al por mayor de nuevo dise\u00f1o redefinen la est\u00e9tica del cuarto de ba\u00f1o con su exquisita textura mate. Este lavabo mate tiene muy buen tacto y aspecto, y garantiza su durabilidad y f\u00e1cil limpieza para el uso diario. El color puede personalizarse seg\u00fan sus necesidades.<\/p>\n<table style=\"border-collapse: collapse; width: 311.02pt;\" border=\"0\" width=\"311\" cellspacing=\"0\" cellpadding=\"0\">\n<tbody>\n<tr style=\"height: 17.60pt;\">\n<td class=\"et3\" style=\"height: 17.60pt; width: 108.35pt;\" width=\"108\" height=\"17\">Fabricante<\/td>\n<td class=\"et3\" style=\"width: 202.95pt;\" width=\"202\">HanYu<\/td>\n<\/tr>\n<tr style=\"height: 17.60pt;\">\n<td class=\"et3\" style=\"height: 17.60pt;\" height=\"17\">N\u00ba de modelo<\/td>\n<td class=\"et4\">HY8070YB<\/td>\n<\/tr>\n<tr style=\"height: 18.00pt;\">\n<td class=\"et3\" style=\"height: 18.00pt;\" height=\"18\">Tipo<\/td>\n<td class=\"et5\" style=\"width: 202.95pt;\" width=\"202\">Lavabo mate, Lavabo sobre encimera<\/td>\n<\/tr>\n<tr style=\"height: 17.60pt;\">\n<td class=\"et3\" style=\"height: 17.60pt;\" height=\"17\">Forma<\/td>\n<td class=\"et3\">Forma redonda<\/td>\n<\/tr>\n<tr style=\"height: 36.00pt;\">\n<td class=\"et4\" style=\"height: 36.00pt;\" height=\"36\">Color<\/td>\n<td class=\"et5\" style=\"width: 202.95pt;\" width=\"202\">Negro\/Blanco\/Azul\/Gris\/Rosa\/Verde\/Marr\u00f3n\/Caqui......<\/td>\n<\/tr>\n<tr style=\"height: 18.00pt;\">\n<td class=\"et3\" style=\"height: 18.00pt;\" height=\"18\">Dimensi\u00f3n<\/td>\n<td class=\"et5\" style=\"width: 202.95pt;\" width=\"202\">36.5*36.5*12.5<\/td>\n<\/tr>\n<tr style=\"height: 17.60pt;\">\n<td class=\"et3\" style=\"height: 17.60pt;\" height=\"17\">N.W \/SET<\/td>\n<td class=\"et3\">8KGS\/PCS<\/td>\n<\/tr>\n<tr style=\"height: 17.60pt;\">\n<td class=\"et3\" style=\"height: 17.60pt;\" height=\"17\">MOQ<\/td>\n<td class=\"et3\">20 piezas<\/td>\n<\/tr>\n<tr style=\"height: 17.60pt;\">\n<td class=\"et3\" style=\"height: 17.60pt;\" height=\"17\">Opci\u00f3n personalizada<\/td>\n<td class=\"et3\">Color\/Patr\u00f3n\/Tama\u00f1o\/Logotipo\/Embalaje<\/td>\n<\/tr>\n<\/tbody>\n<\/table>","protected":false},"featured_media":3471,"comment_status":"closed","ping_status":"closed","template":"","meta":{"_acf_changed":false},"product_brand":[],"product_cat":[55,50],"product_tag":[],"class_list":{"0":"post-3467","1":"product","2":"type-product","3":"status-publish","4":"has-post-thumbnail","6":"product_cat-wholesale-matte-sinks","7":"product_cat-wholesale-countertop-sinks","9":"first","10":"instock","11":"shipping-taxable","12":"product-type-simple"},"acf":[],"_links":{"self":[{"href":"https:\/\/www.ceramicbasin.com\/es\/wp-json\/wp\/v2\/product\/3467","targetHints":{"allow":["GET"]}}],"collection":[{"href":"https:\/\/www.ceramicbasin.com\/es\/wp-json\/wp\/v2\/product"}],"about":[{"href":"https:\/\/www.ceramicbasin.com\/es\/wp-json\/wp\/v2\/types\/product"}],"replies":[{"embeddable":true,"href":"https:\/\/www.ceramicbasin.com\/es\/wp-json\/wp\/v2\/comments?post=3467"}],"wp:featuredmedia":[{"embeddable":true,"href":"https:\/\/www.ceramicbasin.com\/es\/wp-json\/wp\/v2\/media\/3471"}],"wp:attachment":[{"href":"https:\/\/www.ceramicbasin.com\/es\/wp-json\/wp\/v2\/media?parent=3467"}],"wp:term":[{"taxonomy":"product_brand","embeddable":true,"href":"https:\/\/www.ceramicbasin.com\/es\/wp-json\/wp\/v2\/product_brand?post=3467"},{"taxonomy":"product_cat","embeddable":true,"href":"https:\/\/www.ceramicbasin.com\/es\/wp-json\/wp\/v2\/product_cat?post=3467"},{"taxonomy":"product_tag","embeddable":true,"href":"https:\/\/www.ceramicbasin.com\/es\/wp-json\/wp\/v2\/product_tag?post=3467"}],"curies":[{"name":"wp","href":"https:\/\/api.w.org\/{rel}","templated":true}]}}