{"id":3473,"date":"2024-07-17T07:56:01","date_gmt":"2024-07-17T07:56:01","guid":{"rendered":"https:\/\/www.ceramicbasin.com\/?post_type=product&#038;p=3473"},"modified":"2024-11-02T03:50:50","modified_gmt":"2024-11-02T03:50:50","slug":"modern-custom-matt-basin-in-bulk","status":"publish","type":"product","link":"https:\/\/www.ceramicbasin.com\/es\/producto\/modern-custom-matt-basin-in-bulk\/","title":{"rendered":"Fregaderos de cubeta, fregaderos de cubeta de varios colores al por mayor"},"content":{"rendered":"<div class=\"wp-block-columns is-layout-flex wp-container-core-columns-is-layout-9d6595d7 wp-block-columns-is-layout-flex\">\n<div class=\"wp-block-column is-layout-flow wp-block-column-is-layout-flow\">\n<h2 class=\"wp-block-heading\">Lavabo Premium Custom Matt Caracter\u00edsticas:<\/h2>\n\n\n\n<ul class=\"wp-block-list\">\n<li><strong>Dise\u00f1o exquisito: <\/strong>Este lavabo mate a medida adopta un concepto de dise\u00f1o moderno y combina el tratamiento mate de la superficie para crear un lavabo elegante y de alta gama, adecuado para todo tipo de dise\u00f1os de ba\u00f1os contempor\u00e1neos.<\/li>\n\n\n\n<li><strong>Material duradero, f\u00e1cil de mantener: <\/strong>Nuestros lavabos mate al por mayor est\u00e1n fabricados con materiales cer\u00e1micos de alta calidad. El lavabo mate no solo tiene un aspecto elegante, sino que tambi\u00e9n es f\u00e1cil de limpiar, lo que reduce el trabajo de mantenimiento diario.<\/li>\n\n\n\n<li><strong>Personalizaci\u00f3n ilimitada de colores: <\/strong>Podemos personalizar el color del lavabo mate seg\u00fan sus necesidades para satisfacer requisitos de dise\u00f1o personalizados.<\/li>\n\n\n\n<li><strong>Rentabilidad: <\/strong>HanYu es su fabricante de lavabos de cer\u00e1mica de confianza, que le ofrece precios al por mayor para garantizar que pueda seguir obteniendo productos de alta calidad sin salirse del presupuesto de su proyecto.<\/li>\n<\/ul>\n<\/div>\n\n\n\n<div class=\"wp-block-column is-layout-flow wp-block-column-is-layout-flow\">\n<figure class=\"wp-block-image size-full\"><img fetchpriority=\"high\" decoding=\"async\" width=\"673\" height=\"878\" src=\"https:\/\/www.ceramicbasin.com\/wp-content\/uploads\/2024\/07\/modern-custom-matt-basin-in-bulk-with-unlimited-color-option-5.jpg\" alt=\"modern-custom-matt-basin-in-bulk-with-unlimited-color-option-5\" class=\"wp-image-3478\" srcset=\"https:\/\/www.ceramicbasin.com\/wp-content\/uploads\/2024\/07\/modern-custom-matt-basin-in-bulk-with-unlimited-color-option-5.jpg 673w, https:\/\/www.ceramicbasin.com\/wp-content\/uploads\/2024\/07\/modern-custom-matt-basin-in-bulk-with-unlimited-color-option-5-230x300.jpg 230w, https:\/\/www.ceramicbasin.com\/wp-content\/uploads\/2024\/07\/modern-custom-matt-basin-in-bulk-with-unlimited-color-option-5-9x12.jpg 9w, https:\/\/www.ceramicbasin.com\/wp-content\/uploads\/2024\/07\/modern-custom-matt-basin-in-bulk-with-unlimited-color-option-5-285x372.jpg 285w, https:\/\/www.ceramicbasin.com\/wp-content\/uploads\/2024\/07\/modern-custom-matt-basin-in-bulk-with-unlimited-color-option-5-506x660.jpg 506w, https:\/\/www.ceramicbasin.com\/wp-content\/uploads\/2024\/07\/modern-custom-matt-basin-in-bulk-with-unlimited-color-option-5-115x150.jpg 115w\" sizes=\"(max-width: 673px) 100vw, 673px\" \/><\/figure>\n<\/div>\n<\/div>","protected":false},"excerpt":{"rendered":"<p>Bienvenido a comprar lavabos de recipiente al por mayor. Nuestro moderno lavabo mate a medida al por mayor redefine la est\u00e9tica del ba\u00f1o con innovadores conceptos de dise\u00f1o y la lujosa textura de la superficie mate. Fabricado en cer\u00e1mica de alta calidad, garantiza belleza y durabilidad. Ofrecemos una gran variedad de opciones de color para satisfacer sus requisitos personalizados.<\/p>\n<table style=\"border-collapse: collapse; width: 311.02pt;\" border=\"0\" width=\"311\" cellspacing=\"0\" cellpadding=\"0\">\n<tbody>\n<tr style=\"height: 17.60pt;\">\n<td class=\"et3\" style=\"height: 17.60pt; width: 108.35pt;\" width=\"108\" height=\"17\">Fabricante<\/td>\n<td class=\"et3\" style=\"width: 202.95pt;\" width=\"202\">HanYu<\/td>\n<\/tr>\n<tr style=\"height: 17.60pt;\">\n<td class=\"et3\" style=\"height: 17.60pt;\" height=\"17\">N\u00ba de modelo<\/td>\n<td class=\"et4\">HY8070YH<\/td>\n<\/tr>\n<tr style=\"height: 18.00pt;\">\n<td class=\"et3\" style=\"height: 18.00pt;\" height=\"18\">Tipo<\/td>\n<td class=\"et5\" style=\"width: 202.95pt;\" width=\"202\">Lavabo mate, Lavabo sobre encimera<\/td>\n<\/tr>\n<tr style=\"height: 17.60pt;\">\n<td class=\"et3\" style=\"height: 17.60pt;\" height=\"17\">Forma<\/td>\n<td class=\"et3\">Forma redonda<\/td>\n<\/tr>\n<tr style=\"height: 36.00pt;\">\n<td class=\"et4\" style=\"height: 36.00pt;\" height=\"36\">Color<\/td>\n<td class=\"et5\" style=\"width: 202.95pt;\" width=\"202\">Negro\/Blanco\/Azul\/Gris\/Rosa\/Verde\/Marr\u00f3n\/Caqui......<\/td>\n<\/tr>\n<tr style=\"height: 18.00pt;\">\n<td class=\"et3\" style=\"height: 18.00pt;\" height=\"18\">Dimensi\u00f3n<\/td>\n<td class=\"et5\" style=\"width: 202.95pt;\" width=\"202\">36.5*36.5*12.5<\/td>\n<\/tr>\n<tr style=\"height: 17.60pt;\">\n<td class=\"et3\" style=\"height: 17.60pt;\" height=\"17\">N.W \/SET<\/td>\n<td class=\"et3\">8KGS\/PCS<\/td>\n<\/tr>\n<tr style=\"height: 17.60pt;\">\n<td class=\"et3\" style=\"height: 17.60pt;\" height=\"17\">MOQ<\/td>\n<td class=\"et3\">20 piezas<\/td>\n<\/tr>\n<tr style=\"height: 17.60pt;\">\n<td class=\"et3\" style=\"height: 17.60pt;\" height=\"17\">Opci\u00f3n personalizada<\/td>\n<td class=\"et3\">Color\/Patr\u00f3n\/Tama\u00f1o\/Logotipo\/Embalaje<\/td>\n<\/tr>\n<\/tbody>\n<\/table>","protected":false},"featured_media":3477,"comment_status":"closed","ping_status":"closed","template":"","meta":{"_acf_changed":false},"product_brand":[],"product_cat":[55,50],"product_tag":[],"class_list":{"0":"post-3473","1":"product","2":"type-product","3":"status-publish","4":"has-post-thumbnail","6":"product_cat-wholesale-matte-sinks","7":"product_cat-wholesale-countertop-sinks","9":"first","10":"instock","11":"shipping-taxable","12":"product-type-simple"},"acf":[],"_links":{"self":[{"href":"https:\/\/www.ceramicbasin.com\/es\/wp-json\/wp\/v2\/product\/3473","targetHints":{"allow":["GET"]}}],"collection":[{"href":"https:\/\/www.ceramicbasin.com\/es\/wp-json\/wp\/v2\/product"}],"about":[{"href":"https:\/\/www.ceramicbasin.com\/es\/wp-json\/wp\/v2\/types\/product"}],"replies":[{"embeddable":true,"href":"https:\/\/www.ceramicbasin.com\/es\/wp-json\/wp\/v2\/comments?post=3473"}],"wp:featuredmedia":[{"embeddable":true,"href":"https:\/\/www.ceramicbasin.com\/es\/wp-json\/wp\/v2\/media\/3477"}],"wp:attachment":[{"href":"https:\/\/www.ceramicbasin.com\/es\/wp-json\/wp\/v2\/media?parent=3473"}],"wp:term":[{"taxonomy":"product_brand","embeddable":true,"href":"https:\/\/www.ceramicbasin.com\/es\/wp-json\/wp\/v2\/product_brand?post=3473"},{"taxonomy":"product_cat","embeddable":true,"href":"https:\/\/www.ceramicbasin.com\/es\/wp-json\/wp\/v2\/product_cat?post=3473"},{"taxonomy":"product_tag","embeddable":true,"href":"https:\/\/www.ceramicbasin.com\/es\/wp-json\/wp\/v2\/product_tag?post=3473"}],"curies":[{"name":"wp","href":"https:\/\/api.w.org\/{rel}","templated":true}]}}