{"id":3479,"date":"2024-07-17T08:13:45","date_gmt":"2024-07-17T08:13:45","guid":{"rendered":"https:\/\/www.ceramicbasin.com\/?post_type=product&#038;p=3479"},"modified":"2024-11-02T03:47:19","modified_gmt":"2024-11-02T03:47:19","slug":"porcelain-matte-basin-wholesale","status":"publish","type":"product","link":"https:\/\/www.ceramicbasin.com\/es\/producto\/porcelain-matte-basin-wholesale\/","title":{"rendered":"Lavabo de Porcelana Mate al por mayor Lavabo de Encimera Rectangular"},"content":{"rendered":"<div class=\"wp-block-columns is-layout-flex wp-container-core-columns-is-layout-9d6595d7 wp-block-columns-is-layout-flex\">\n<div class=\"wp-block-column is-layout-flow wp-block-column-is-layout-flow\">\n<h2 class=\"wp-block-heading\">Lavabo mate de primera calidad al por mayor Caracter\u00edsticas:<\/h2>\n\n\n\n<ul class=\"wp-block-list\">\n<li><strong>Material cer\u00e1mico de alta calidad: <\/strong>Nuestro lavabo mate al por mayor est\u00e1 fabricado con materiales cer\u00e1micos seleccionados de alta calidad, que pueden garantizar que el lavabo sea tan bonito como debe ser, con una gran durabilidad y resistencia a las manchas.<\/li>\n\n\n\n<li><strong>Tratamiento superficial mate:<\/strong> Es el exclusivo tratamiento mate de la superficie lo que aporta suavidad al tacto y un lujo discreto a este lavabo de ba\u00f1o al por mayor.<\/li>\n\n\n\n<li><strong>Sentido moderno:<\/strong> Este lavabo mate al por mayor tiene un dise\u00f1o de forma rectangular con l\u00edneas sencillas y duras, que coincide con las tendencias est\u00e9ticas del hogar moderno, y tambi\u00e9n es aplicable a varios estilos de decoraci\u00f3n de ba\u00f1os modernos.<\/li>\n\n\n\n<li><strong>Suministro a granel: <\/strong>Como uno de los fabricantes de lavabo de cer\u00e1mica, vamos a ofrecer lavabo de cer\u00e1mica al por mayor con el precio al por mayor m\u00e1s favorable para los grandes proyectos.<\/li>\n<\/ul>\n<\/div>\n\n\n\n<div class=\"wp-block-column is-layout-flow wp-block-column-is-layout-flow\">\n<figure class=\"wp-block-image size-full\"><img fetchpriority=\"high\" decoding=\"async\" width=\"1345\" height=\"1786\" src=\"https:\/\/www.ceramicbasin.com\/wp-content\/uploads\/2024\/07\/porcelain-matte-basin-wholesale-rectangular-countertop-basin-5.webp\" alt=\"lavabo-mate-de-porcelana-mayorista-rectangular-sobre-encimera-5\" class=\"wp-image-3484\" srcset=\"https:\/\/www.ceramicbasin.com\/wp-content\/uploads\/2024\/07\/porcelain-matte-basin-wholesale-rectangular-countertop-basin-5.webp 1345w, https:\/\/www.ceramicbasin.com\/wp-content\/uploads\/2024\/07\/porcelain-matte-basin-wholesale-rectangular-countertop-basin-5-226x300.webp 226w, https:\/\/www.ceramicbasin.com\/wp-content\/uploads\/2024\/07\/porcelain-matte-basin-wholesale-rectangular-countertop-basin-5-768x1020.webp 768w, https:\/\/www.ceramicbasin.com\/wp-content\/uploads\/2024\/07\/porcelain-matte-basin-wholesale-rectangular-countertop-basin-5-9x12.webp 9w, https:\/\/www.ceramicbasin.com\/wp-content\/uploads\/2024\/07\/porcelain-matte-basin-wholesale-rectangular-countertop-basin-5-285x378.webp 285w, https:\/\/www.ceramicbasin.com\/wp-content\/uploads\/2024\/07\/porcelain-matte-basin-wholesale-rectangular-countertop-basin-5-497x660.webp 497w, https:\/\/www.ceramicbasin.com\/wp-content\/uploads\/2024\/07\/porcelain-matte-basin-wholesale-rectangular-countertop-basin-5-113x150.webp 113w\" sizes=\"(max-width: 1345px) 100vw, 1345px\" \/><\/figure>\n<\/div>\n<\/div>","protected":false},"excerpt":{"rendered":"<p>Bienvenido a comprar lavabos de ba\u00f1o al por mayor. Este lavabo rectangular mate al por mayor combina a la perfecci\u00f3n el dise\u00f1o moderno con la artesan\u00eda tradicional de la cer\u00e1mica. El tratamiento especial de la superficie mate da a la cuenca una textura \u00fanica de lujo. No s\u00f3lo es bonito, sino tambi\u00e9n pr\u00e1ctico y f\u00e1cil de colocar en distintos cuartos de ba\u00f1o.<\/p>\n<table style=\"border-collapse: collapse; width: 311.02pt;\" border=\"0\" width=\"311\" cellspacing=\"0\" cellpadding=\"0\">\n<tbody>\n<tr style=\"height: 17.60pt;\">\n<td class=\"et3\" style=\"height: 17.60pt; width: 108.35pt;\" width=\"108\" height=\"17\">Fabricante<\/td>\n<td class=\"et3\" style=\"width: 202.95pt;\" width=\"202\">HanYu<\/td>\n<\/tr>\n<tr style=\"height: 17.60pt;\">\n<td class=\"et3\" style=\"height: 17.60pt;\" height=\"17\">N\u00ba de modelo<\/td>\n<td class=\"et4\">HY-8064-55MB<\/td>\n<\/tr>\n<tr style=\"height: 18.00pt;\">\n<td class=\"et3\" style=\"height: 18.00pt;\" height=\"18\">Tipo<\/td>\n<td class=\"et5\" style=\"width: 202.95pt;\" width=\"202\">Lavabo mate, Lavabo sobre encimera<\/td>\n<\/tr>\n<tr style=\"height: 17.60pt;\">\n<td class=\"et3\" style=\"height: 17.60pt;\" height=\"17\">Forma<\/td>\n<td class=\"et3\">Forma rectangular<\/td>\n<\/tr>\n<tr style=\"height: 36.00pt;\">\n<td class=\"et4\" style=\"height: 36.00pt;\" height=\"36\">Color<\/td>\n<td class=\"et5\" style=\"width: 202.95pt;\" width=\"202\">Negro\/Blanco\/Azul\/Gris\/Rosa\/Verde\/Marr\u00f3n\/Caqui......<\/td>\n<\/tr>\n<tr style=\"height: 18.00pt;\">\n<td class=\"et3\" style=\"height: 18.00pt;\" height=\"18\">Dimensi\u00f3n<\/td>\n<td class=\"et5\" style=\"width: 202.95pt;\" width=\"202\">55*38*11<\/td>\n<\/tr>\n<tr style=\"height: 17.60pt;\">\n<td class=\"et3\" style=\"height: 17.60pt;\" height=\"17\">N.W \/SET<\/td>\n<td class=\"et3\">12KGS\/PCS<\/td>\n<\/tr>\n<tr style=\"height: 17.60pt;\">\n<td class=\"et3\" style=\"height: 17.60pt;\" height=\"17\">MOQ<\/td>\n<td class=\"et3\">20 piezas<\/td>\n<\/tr>\n<tr style=\"height: 17.60pt;\">\n<td class=\"et3\" style=\"height: 17.60pt;\" height=\"17\">Opci\u00f3n personalizada<\/td>\n<td class=\"et3\">Color\/Patr\u00f3n\/Tama\u00f1o\/Logotipo\/Embalaje<\/td>\n<\/tr>\n<\/tbody>\n<\/table>","protected":false},"featured_media":3480,"comment_status":"closed","ping_status":"closed","template":"","meta":{"_acf_changed":false},"product_brand":[],"product_cat":[55,50],"product_tag":[],"class_list":{"0":"post-3479","1":"product","2":"type-product","3":"status-publish","4":"has-post-thumbnail","6":"product_cat-wholesale-matte-sinks","7":"product_cat-wholesale-countertop-sinks","9":"first","10":"instock","11":"shipping-taxable","12":"product-type-simple"},"acf":[],"_links":{"self":[{"href":"https:\/\/www.ceramicbasin.com\/es\/wp-json\/wp\/v2\/product\/3479","targetHints":{"allow":["GET"]}}],"collection":[{"href":"https:\/\/www.ceramicbasin.com\/es\/wp-json\/wp\/v2\/product"}],"about":[{"href":"https:\/\/www.ceramicbasin.com\/es\/wp-json\/wp\/v2\/types\/product"}],"replies":[{"embeddable":true,"href":"https:\/\/www.ceramicbasin.com\/es\/wp-json\/wp\/v2\/comments?post=3479"}],"wp:featuredmedia":[{"embeddable":true,"href":"https:\/\/www.ceramicbasin.com\/es\/wp-json\/wp\/v2\/media\/3480"}],"wp:attachment":[{"href":"https:\/\/www.ceramicbasin.com\/es\/wp-json\/wp\/v2\/media?parent=3479"}],"wp:term":[{"taxonomy":"product_brand","embeddable":true,"href":"https:\/\/www.ceramicbasin.com\/es\/wp-json\/wp\/v2\/product_brand?post=3479"},{"taxonomy":"product_cat","embeddable":true,"href":"https:\/\/www.ceramicbasin.com\/es\/wp-json\/wp\/v2\/product_cat?post=3479"},{"taxonomy":"product_tag","embeddable":true,"href":"https:\/\/www.ceramicbasin.com\/es\/wp-json\/wp\/v2\/product_tag?post=3479"}],"curies":[{"name":"wp","href":"https:\/\/api.w.org\/{rel}","templated":true}]}}