{"id":3493,"date":"2024-07-17T08:41:50","date_gmt":"2024-07-17T08:41:50","guid":{"rendered":"https:\/\/www.ceramicbasin.com\/?post_type=product&#038;p=3493"},"modified":"2024-11-02T03:36:53","modified_gmt":"2024-11-02T03:36:53","slug":"matte-countertop-sink-wholesale","status":"publish","type":"product","link":"https:\/\/www.ceramicbasin.com\/es\/producto\/matte-countertop-sink-wholesale\/","title":{"rendered":"Fregadero Moderno De Porcelana Para Encimera Al Por Mayor Con Esmalte Mate"},"content":{"rendered":"<div class=\"wp-block-columns is-layout-flex wp-container-core-columns-is-layout-9d6595d7 wp-block-columns-is-layout-flex\">\n<div class=\"wp-block-column is-layout-flow wp-block-column-is-layout-flow\">\n<h2 class=\"wp-block-heading\">Fregadero de Encimera Premium al por mayor Caracter\u00edsticas:<\/h2>\n\n\n\n<ul class=\"wp-block-list\">\n<li><strong>Estilo minimalista moderno:<\/strong> Nuestro fregadero de porcelana para encimera al por mayor utiliza l\u00edneas limpias y un lenguaje de dise\u00f1o moderno para aportar un ambiente elegante y con estilo a cualquier espacio de ba\u00f1o.<\/li>\n\n\n\n<li><strong>Delicado glaseado mate: <\/strong>La delicada capa de esmalte mate que recubre este lavabo de cer\u00e1mica al por mayor hace que se ahogue en el lujo. El tratamiento de esmalte mate mejora no s\u00f3lo el efecto visual de nuestro fregadero al por mayor, sino tambi\u00e9n la superficie por lo que es m\u00e1s f\u00e1cil de limpiar y f\u00e1cil de mantener.<\/li>\n\n\n\n<li><strong>Excelente rendimiento: <\/strong>Basamos nuestro fregadero de porcelana al por mayor en materiales cer\u00e1micos de alta calidad para que el fregadero tenga una excelente durabilidad y resistencia a los ara\u00f1azos y pueda mantener un buen estado incluso despu\u00e9s de un largo tiempo de uso.<\/li>\n\n\n\n<li><strong>Ahorro de costes: <\/strong>Nuestro fregadero de encimera al por mayor combina una est\u00e9tica de dise\u00f1o sencillo con una funcionalidad pr\u00e1ctica, una opci\u00f3n ideal para cuartos de ba\u00f1o con estilo. Lavabos de ba\u00f1o al por mayor a precios razonables, y entrega r\u00e1pida para satisfacer las necesidades de los grandes pedidos al tiempo que garantiza la calidad del producto.<\/li>\n<\/ul>\n<\/div>\n\n\n\n<div class=\"wp-block-column is-layout-flow wp-block-column-is-layout-flow\">\n<figure class=\"wp-block-image size-full\"><img fetchpriority=\"high\" decoding=\"async\" width=\"827\" height=\"1224\" src=\"https:\/\/www.ceramicbasin.com\/wp-content\/uploads\/2024\/07\/modern-porcelain-countertop-sink-wholesale-with-matte-glaze-6.webp\" alt=\"fregadero-sobre-encimera-de-porcelana-moderno-con-esmalte-mate-6\" class=\"wp-image-3499\" srcset=\"https:\/\/www.ceramicbasin.com\/wp-content\/uploads\/2024\/07\/modern-porcelain-countertop-sink-wholesale-with-matte-glaze-6.webp 827w, https:\/\/www.ceramicbasin.com\/wp-content\/uploads\/2024\/07\/modern-porcelain-countertop-sink-wholesale-with-matte-glaze-6-203x300.webp 203w, https:\/\/www.ceramicbasin.com\/wp-content\/uploads\/2024\/07\/modern-porcelain-countertop-sink-wholesale-with-matte-glaze-6-768x1137.webp 768w, https:\/\/www.ceramicbasin.com\/wp-content\/uploads\/2024\/07\/modern-porcelain-countertop-sink-wholesale-with-matte-glaze-6-8x12.webp 8w, https:\/\/www.ceramicbasin.com\/wp-content\/uploads\/2024\/07\/modern-porcelain-countertop-sink-wholesale-with-matte-glaze-6-285x422.webp 285w, https:\/\/www.ceramicbasin.com\/wp-content\/uploads\/2024\/07\/modern-porcelain-countertop-sink-wholesale-with-matte-glaze-6-446x660.webp 446w, https:\/\/www.ceramicbasin.com\/wp-content\/uploads\/2024\/07\/modern-porcelain-countertop-sink-wholesale-with-matte-glaze-6-101x150.webp 101w\" sizes=\"(max-width: 827px) 100vw, 827px\" \/><\/figure>\n<\/div>\n<\/div>","protected":false},"excerpt":{"rendered":"<p>Bienvenido a comprar lavabos de cer\u00e1mica. Nuestro lavabo de encimera de porcelana al por mayor es perfecto para un cuarto de ba\u00f1o de buen gusto, ya que a\u00fana la est\u00e9tica del dise\u00f1o sencillo con la funcionalidad pr\u00e1ctica. El tratamiento de esmalte mate no s\u00f3lo mejora enormemente el efecto visual del lavabo, sino que tambi\u00e9n hace que su superficie sea mucho m\u00e1s f\u00e1cil de limpiar y de mantener.<\/p>\n<table style=\"border-collapse: collapse; width: 311.02pt;\" border=\"0\" width=\"311\" cellspacing=\"0\" cellpadding=\"0\">\n<tbody>\n<tr style=\"height: 17.60pt;\">\n<td class=\"et3\" style=\"height: 17.60pt; width: 108.35pt;\" width=\"108\" height=\"17\">Fabricante<\/td>\n<td class=\"et3\" style=\"width: 202.95pt;\" width=\"202\">HanYu<\/td>\n<\/tr>\n<tr style=\"height: 17.60pt;\">\n<td class=\"et3\" style=\"height: 17.60pt;\" height=\"17\">N\u00ba de modelo<\/td>\n<td class=\"et4\">HY8018AMW<\/td>\n<\/tr>\n<tr style=\"height: 18.00pt;\">\n<td class=\"et3\" style=\"height: 18.00pt;\" height=\"18\">Tipo<\/td>\n<td class=\"et5\" style=\"width: 202.95pt;\" width=\"202\">Lavabo mate, Lavabo sobre encimera<\/td>\n<\/tr>\n<tr style=\"height: 17.60pt;\">\n<td class=\"et3\" style=\"height: 17.60pt;\" height=\"17\">Forma<\/td>\n<td class=\"et3\">Forma rectangular<\/td>\n<\/tr>\n<tr style=\"height: 36.00pt;\">\n<td class=\"et4\" style=\"height: 36.00pt;\" height=\"36\">Color<\/td>\n<td class=\"et5\" style=\"width: 202.95pt;\" width=\"202\">Negro\/Blanco\/Azul\/Gris\/Rosa\/Verde\/Marr\u00f3n\/Caqui......<\/td>\n<\/tr>\n<tr style=\"height: 18.00pt;\">\n<td class=\"et3\" style=\"height: 18.00pt;\" height=\"18\">Dimensi\u00f3n<\/td>\n<td class=\"et5\" style=\"width: 202.95pt;\" width=\"202\">46*32*13.5<\/td>\n<\/tr>\n<tr style=\"height: 17.60pt;\">\n<td class=\"et3\" style=\"height: 17.60pt;\" height=\"17\">N.W \/SET<\/td>\n<td class=\"et3\">8.5KGS\/PCS<\/td>\n<\/tr>\n<tr style=\"height: 17.60pt;\">\n<td class=\"et3\" style=\"height: 17.60pt;\" height=\"17\">MOQ<\/td>\n<td class=\"et3\">20 piezas<\/td>\n<\/tr>\n<tr style=\"height: 17.60pt;\">\n<td class=\"et3\" style=\"height: 17.60pt;\" height=\"17\">Opci\u00f3n personalizada<\/td>\n<td class=\"et3\">Color\/Patr\u00f3n\/Tama\u00f1o\/Logotipo\/Embalaje<\/td>\n<\/tr>\n<\/tbody>\n<\/table>","protected":false},"featured_media":3498,"comment_status":"closed","ping_status":"closed","template":"","meta":{"_acf_changed":false},"product_brand":[],"product_cat":[55,50],"product_tag":[],"class_list":{"0":"post-3493","1":"product","2":"type-product","3":"status-publish","4":"has-post-thumbnail","6":"product_cat-wholesale-matte-sinks","7":"product_cat-wholesale-countertop-sinks","9":"first","10":"instock","11":"shipping-taxable","12":"product-type-simple"},"acf":[],"_links":{"self":[{"href":"https:\/\/www.ceramicbasin.com\/es\/wp-json\/wp\/v2\/product\/3493","targetHints":{"allow":["GET"]}}],"collection":[{"href":"https:\/\/www.ceramicbasin.com\/es\/wp-json\/wp\/v2\/product"}],"about":[{"href":"https:\/\/www.ceramicbasin.com\/es\/wp-json\/wp\/v2\/types\/product"}],"replies":[{"embeddable":true,"href":"https:\/\/www.ceramicbasin.com\/es\/wp-json\/wp\/v2\/comments?post=3493"}],"wp:featuredmedia":[{"embeddable":true,"href":"https:\/\/www.ceramicbasin.com\/es\/wp-json\/wp\/v2\/media\/3498"}],"wp:attachment":[{"href":"https:\/\/www.ceramicbasin.com\/es\/wp-json\/wp\/v2\/media?parent=3493"}],"wp:term":[{"taxonomy":"product_brand","embeddable":true,"href":"https:\/\/www.ceramicbasin.com\/es\/wp-json\/wp\/v2\/product_brand?post=3493"},{"taxonomy":"product_cat","embeddable":true,"href":"https:\/\/www.ceramicbasin.com\/es\/wp-json\/wp\/v2\/product_cat?post=3493"},{"taxonomy":"product_tag","embeddable":true,"href":"https:\/\/www.ceramicbasin.com\/es\/wp-json\/wp\/v2\/product_tag?post=3493"}],"curies":[{"name":"wp","href":"https:\/\/api.w.org\/{rel}","templated":true}]}}