{"id":3502,"date":"2024-07-17T08:55:34","date_gmt":"2024-07-17T08:55:34","guid":{"rendered":"https:\/\/www.ceramicbasin.com\/?post_type=product&#038;p=3502"},"modified":"2024-11-02T03:32:00","modified_gmt":"2024-11-02T03:32:00","slug":"small-matt-basins-wholesale","status":"publish","type":"product","link":"https:\/\/www.ceramicbasin.com\/es\/producto\/small-matt-basins-wholesale\/","title":{"rendered":"Lavabos Murales Peque\u00f1os al por Mayor, Lavabos Murales Compactos"},"content":{"rendered":"<div class=\"wp-block-columns is-layout-flex wp-container-core-columns-is-layout-9d6595d7 wp-block-columns-is-layout-flex\">\n<div class=\"wp-block-column is-layout-flow wp-block-column-is-layout-flow\">\n<h2 class=\"wp-block-heading\">Premium Peque\u00f1os Lavabos Mate al por mayor Caracter\u00edsticas:<\/h2>\n\n\n\n<ul class=\"wp-block-list\">\n<li><strong>Dise\u00f1o que ahorra espacio:<\/strong> Nuestros lavabos mates peque\u00f1os al por mayor est\u00e1n especialmente dise\u00f1ados para cuartos de ba\u00f1o o lavabos compactos, con una peque\u00f1a instalaci\u00f3n mural para aprovechar al m\u00e1ximo el espacio limitado.<\/li>\n\n\n\n<li><strong>Textura mate: <\/strong>El tratamiento mate de la superficie de este lavabo de pared al por mayor le confiere un aire moderno discreto y un toque delicado, adem\u00e1s de ser f\u00e1cil de limpiar y adecuado para familias modernas que persiguen un estilo minimalista.<\/li>\n\n\n\n<li><strong>Materiales cer\u00e1micos de alta calidad: <\/strong>Nuestros peque\u00f1os lavabos mates al por mayor est\u00e1n fabricados con materiales cer\u00e1micos de alta calidad para garantizar que el lavabo tenga una excelente durabilidad y resistencia a las manchas.<\/li>\n\n\n\n<li><strong>Descuento por compra al por mayor: <\/strong>Como fabricante de lavabos de ba\u00f1o, HanYu proporciona a los clientes lavabos de cer\u00e1mica al por mayor de alta calidad y a precios preferentes para ayudarle a reducir los costes de adquisici\u00f3n.<\/li>\n<\/ul>\n<\/div>\n\n\n\n<div class=\"wp-block-column is-layout-flow wp-block-column-is-layout-flow\">\n<figure class=\"wp-block-image size-full\"><img fetchpriority=\"high\" decoding=\"async\" width=\"980\" height=\"1351\" src=\"https:\/\/www.ceramicbasin.com\/wp-content\/uploads\/2024\/07\/wall-mounted-small-matt-basins-wholesale-for-compact-space-6.webp\" alt=\"lavabos murales-peque\u00f1os-matt-al-mayor-para-espacios-compactos-6\" class=\"wp-image-3511\" srcset=\"https:\/\/www.ceramicbasin.com\/wp-content\/uploads\/2024\/07\/wall-mounted-small-matt-basins-wholesale-for-compact-space-6.webp 980w, https:\/\/www.ceramicbasin.com\/wp-content\/uploads\/2024\/07\/wall-mounted-small-matt-basins-wholesale-for-compact-space-6-218x300.webp 218w, https:\/\/www.ceramicbasin.com\/wp-content\/uploads\/2024\/07\/wall-mounted-small-matt-basins-wholesale-for-compact-space-6-768x1059.webp 768w, https:\/\/www.ceramicbasin.com\/wp-content\/uploads\/2024\/07\/wall-mounted-small-matt-basins-wholesale-for-compact-space-6-9x12.webp 9w, https:\/\/www.ceramicbasin.com\/wp-content\/uploads\/2024\/07\/wall-mounted-small-matt-basins-wholesale-for-compact-space-6-285x393.webp 285w, https:\/\/www.ceramicbasin.com\/wp-content\/uploads\/2024\/07\/wall-mounted-small-matt-basins-wholesale-for-compact-space-6-479x660.webp 479w, https:\/\/www.ceramicbasin.com\/wp-content\/uploads\/2024\/07\/wall-mounted-small-matt-basins-wholesale-for-compact-space-6-109x150.webp 109w\" sizes=\"(max-width: 980px) 100vw, 980px\" \/><\/figure>\n<\/div>\n<\/div>","protected":false},"excerpt":{"rendered":"<p>Bienvenido a comprar lavabos de recipiente. Nuestros lavabos mates peque\u00f1os montados en la pared al por mayor est\u00e1n dise\u00f1ados para cuartos de ba\u00f1o con poco espacio. La superficie mate tiene un tacto delicado, lo que garantiza que el lavabo sea a la vez bonito y duradero. Ofrecemos una amplia gama de opciones de personalizaci\u00f3n y podemos ajustar el dise\u00f1o seg\u00fan sus necesidades espec\u00edficas.<\/p>\n<table style=\"border-collapse: collapse; width: 311.02pt;\" border=\"0\" width=\"311\" cellspacing=\"0\" cellpadding=\"0\">\n<tbody>\n<tr style=\"height: 17.60pt;\">\n<td class=\"et3\" style=\"height: 17.60pt; width: 108.35pt;\" width=\"108\" height=\"17\">Fabricante<\/td>\n<td class=\"et3\" style=\"width: 202.95pt;\" width=\"202\">HanYu<\/td>\n<\/tr>\n<tr style=\"height: 17.60pt;\">\n<td class=\"et3\" style=\"height: 17.60pt;\" height=\"17\">N\u00ba de modelo<\/td>\n<td class=\"et4\">HY-3053ALMB<\/td>\n<\/tr>\n<tr style=\"height: 36.00pt;\">\n<td class=\"et3\" style=\"height: 36.00pt;\" height=\"36\">Tipo<\/td>\n<td class=\"et5\" style=\"width: 202.95pt;\" width=\"202\">Lavabo mate, Lavabo de pared, Lavabo peque\u00f1o<\/td>\n<\/tr>\n<tr style=\"height: 17.60pt;\">\n<td class=\"et3\" style=\"height: 17.60pt;\" height=\"17\">Forma<\/td>\n<td class=\"et3\">Forma rectangular<\/td>\n<\/tr>\n<tr style=\"height: 36.00pt;\">\n<td class=\"et4\" style=\"height: 36.00pt;\" height=\"36\">Color<\/td>\n<td class=\"et5\" style=\"width: 202.95pt;\" width=\"202\">Negro\/Blanco\/Azul\/Gris\/Rosa\/Verde\/Marr\u00f3n\/Caqui......<\/td>\n<\/tr>\n<tr style=\"height: 18.00pt;\">\n<td class=\"et3\" style=\"height: 18.00pt;\" height=\"18\">Dimensi\u00f3n<\/td>\n<td class=\"et5\" style=\"width: 202.95pt;\" width=\"202\">40*22*11<\/td>\n<\/tr>\n<tr style=\"height: 17.60pt;\">\n<td class=\"et3\" style=\"height: 17.60pt;\" height=\"17\">N.W \/SET<\/td>\n<td class=\"et3\">8KGS\/PCS<\/td>\n<\/tr>\n<tr style=\"height: 17.60pt;\">\n<td class=\"et3\" style=\"height: 17.60pt;\" height=\"17\">MOQ<\/td>\n<td class=\"et3\">20 piezas<\/td>\n<\/tr>\n<tr style=\"height: 17.60pt;\">\n<td class=\"et3\" style=\"height: 17.60pt;\" height=\"17\">Opci\u00f3n personalizada<\/td>\n<td class=\"et3\">Color\/Patr\u00f3n\/Tama\u00f1o\/Logotipo\/Embalaje<\/td>\n<\/tr>\n<\/tbody>\n<\/table>","protected":false},"featured_media":3507,"comment_status":"closed","ping_status":"closed","template":"","meta":{"_acf_changed":false},"product_brand":[],"product_cat":[55,56],"product_tag":[],"class_list":{"0":"post-3502","1":"product","2":"type-product","3":"status-publish","4":"has-post-thumbnail","6":"product_cat-wholesale-matte-sinks","7":"product_cat-wholesale-small-bathroom-sinks","9":"first","10":"instock","11":"shipping-taxable","12":"product-type-simple"},"acf":[],"_links":{"self":[{"href":"https:\/\/www.ceramicbasin.com\/es\/wp-json\/wp\/v2\/product\/3502","targetHints":{"allow":["GET"]}}],"collection":[{"href":"https:\/\/www.ceramicbasin.com\/es\/wp-json\/wp\/v2\/product"}],"about":[{"href":"https:\/\/www.ceramicbasin.com\/es\/wp-json\/wp\/v2\/types\/product"}],"replies":[{"embeddable":true,"href":"https:\/\/www.ceramicbasin.com\/es\/wp-json\/wp\/v2\/comments?post=3502"}],"wp:featuredmedia":[{"embeddable":true,"href":"https:\/\/www.ceramicbasin.com\/es\/wp-json\/wp\/v2\/media\/3507"}],"wp:attachment":[{"href":"https:\/\/www.ceramicbasin.com\/es\/wp-json\/wp\/v2\/media?parent=3502"}],"wp:term":[{"taxonomy":"product_brand","embeddable":true,"href":"https:\/\/www.ceramicbasin.com\/es\/wp-json\/wp\/v2\/product_brand?post=3502"},{"taxonomy":"product_cat","embeddable":true,"href":"https:\/\/www.ceramicbasin.com\/es\/wp-json\/wp\/v2\/product_cat?post=3502"},{"taxonomy":"product_tag","embeddable":true,"href":"https:\/\/www.ceramicbasin.com\/es\/wp-json\/wp\/v2\/product_tag?post=3502"}],"curies":[{"name":"wp","href":"https:\/\/api.w.org\/{rel}","templated":true}]}}