{"id":3913,"date":"2024-07-23T08:37:41","date_gmt":"2024-07-23T08:37:41","guid":{"rendered":"https:\/\/www.ceramicbasin.com\/?post_type=product&#038;p=3913"},"modified":"2024-12-06T09:22:16","modified_gmt":"2024-12-06T09:22:16","slug":"rose-gold-top-counter-basin-wholesale","status":"publish","type":"product","link":"https:\/\/www.ceramicbasin.com\/es\/producto\/rose-gold-top-counter-basin-wholesale\/","title":{"rendered":"Premium Rose Gold Top Lavabo al por mayor para lavabo"},"content":{"rendered":"<div class=\"wp-block-columns is-layout-flex wp-container-core-columns-is-layout-9d6595d7 wp-block-columns-is-layout-flex\">\n<div class=\"wp-block-column is-layout-flow wp-block-column-is-layout-flow\">\n<h2 class=\"wp-block-heading\">Premium Top Counter Lavabo al por mayor Caracter\u00edsticas:<\/h2>\n\n\n\n<ul class=\"wp-block-list\">\n<li><strong>Exquisito oro rosa:<\/strong> Este lavabo de encimera al por mayor est\u00e1 fabricado con un elegante acabado en oro rosa, que aporta una belleza suave y lujosa al cuarto de ba\u00f1o y realza la sensaci\u00f3n de alta gama del espacio.<\/li>\n\n\n\n<li><strong>Duradera: <\/strong>Nuestros lavabos de tocador al por mayor est\u00e1n fabricados con cer\u00e1mica y metal chapado de alta calidad, lo que garantiza que el lavabo sea resistente y duradero, con una superficie lisa, f\u00e1cil de limpiar y que mantenga una belleza duradera.<\/li>\n\n\n\n<li><strong>Dise\u00f1o de instalaci\u00f3n de encimeras:<\/strong> Estos lavabos de encimera a medida est\u00e1n dise\u00f1ados para instalarse sobre la encimera, ahorrando espacio y facilitando el uso diario, la limpieza y la practicidad y belleza del ba\u00f1o en general.<\/li>\n\n\n\n<li><strong>Suministro r\u00e1pido: <\/strong>Como fabricante de lavabos de ba\u00f1o, contamos con una potente red de producci\u00f3n y log\u00edstica para lavabos de tocador al por mayor que puede responder r\u00e1pidamente a los pedidos y garantizar una entrega r\u00e1pida del producto para las necesidades urgentes de los proyectos.<\/li>\n<\/ul>\n<\/div>\n\n\n\n<div class=\"wp-block-column is-layout-flow wp-block-column-is-layout-flow\">\n<figure class=\"wp-block-image size-full\"><img fetchpriority=\"high\" decoding=\"async\" width=\"827\" height=\"1224\" src=\"https:\/\/www.ceramicbasin.com\/wp-content\/uploads\/2024\/07\/premium-rose-gold-top-counter-basin-wholesale-for-washroom-6.webp\" alt=\"lavabo sobre encimera premium-rosa-oro-mayor-para-lavabo-6\" class=\"wp-image-3925\" srcset=\"https:\/\/www.ceramicbasin.com\/wp-content\/uploads\/2024\/07\/premium-rose-gold-top-counter-basin-wholesale-for-washroom-6.webp 827w, https:\/\/www.ceramicbasin.com\/wp-content\/uploads\/2024\/07\/premium-rose-gold-top-counter-basin-wholesale-for-washroom-6-203x300.webp 203w, https:\/\/www.ceramicbasin.com\/wp-content\/uploads\/2024\/07\/premium-rose-gold-top-counter-basin-wholesale-for-washroom-6-768x1137.webp 768w, https:\/\/www.ceramicbasin.com\/wp-content\/uploads\/2024\/07\/premium-rose-gold-top-counter-basin-wholesale-for-washroom-6-8x12.webp 8w, https:\/\/www.ceramicbasin.com\/wp-content\/uploads\/2024\/07\/premium-rose-gold-top-counter-basin-wholesale-for-washroom-6-285x422.webp 285w, https:\/\/www.ceramicbasin.com\/wp-content\/uploads\/2024\/07\/premium-rose-gold-top-counter-basin-wholesale-for-washroom-6-446x660.webp 446w, https:\/\/www.ceramicbasin.com\/wp-content\/uploads\/2024\/07\/premium-rose-gold-top-counter-basin-wholesale-for-washroom-6-101x150.webp 101w\" sizes=\"(max-width: 827px) 100vw, 827px\" \/><\/figure>\n<\/div>\n<\/div>","protected":false},"excerpt":{"rendered":"<p>Bienvenido a comprar fregaderos de la vanidad al por mayor. Nuestro lavabo de encimera de oro rosa al por mayor est\u00e1 fabricado con materiales de calidad que garantizan su durabilidad y el tipo de m\u00e9todo de instalaci\u00f3n sobre encimera ahorra espacio de forma excelente. Contamos con un eficaz sistema de producci\u00f3n y log\u00edstica capaz de responder a los pedidos en muy poco tiempo y garantizar la entrega puntual de los productos.<\/p>\n<table style=\"border-collapse: collapse; width: 311.02pt;\" border=\"0\" width=\"311\" cellspacing=\"0\" cellpadding=\"0\">\n<tbody>\n<tr style=\"height: 17.60pt;\">\n<td class=\"et3\" style=\"height: 17.60pt; width: 108.35pt;\" width=\"108\" height=\"17\">Fabricante<\/td>\n<td class=\"et3\" style=\"width: 202.95pt;\" width=\"202\">HanYu<\/td>\n<\/tr>\n<tr style=\"height: 17.60pt;\">\n<td class=\"et3\" style=\"height: 17.60pt;\" height=\"17\">N\u00ba de modelo<\/td>\n<td class=\"et4\">HY-8018ARGS<\/td>\n<\/tr>\n<tr style=\"height: 36.00pt;\">\n<td class=\"et3\" style=\"height: 36.00pt;\" height=\"36\">Tipo<\/td>\n<td class=\"et5\" style=\"width: 202.95pt;\" width=\"202\">Lavabo Electrochapado, Lavabo de Encimera<\/td>\n<\/tr>\n<tr style=\"height: 17.60pt;\">\n<td class=\"et3\" style=\"height: 17.60pt;\" height=\"17\">Forma<\/td>\n<td class=\"et3\">Forma rectangular<\/td>\n<\/tr>\n<tr style=\"height: 18.00pt;\">\n<td class=\"et4\" style=\"height: 18.00pt;\" height=\"18\">Color<\/td>\n<td class=\"et5\" style=\"width: 202.95pt;\" width=\"202\">Blanco+ Oro rosa cepillado<\/td>\n<\/tr>\n<tr style=\"height: 18.00pt;\">\n<td class=\"et3\" style=\"height: 18.00pt;\" height=\"18\">Dimensi\u00f3n<\/td>\n<td class=\"et5\" style=\"width: 202.95pt;\" width=\"202\">46*33*14<\/td>\n<\/tr>\n<tr style=\"height: 17.60pt;\">\n<td class=\"et3\" style=\"height: 17.60pt;\" height=\"17\">N.W \/SET<\/td>\n<td class=\"et3\">10KGS\/PCS<\/td>\n<\/tr>\n<tr style=\"height: 17.60pt;\">\n<td class=\"et3\" style=\"height: 17.60pt;\" height=\"17\">MOQ<\/td>\n<td class=\"et3\">20 piezas<\/td>\n<\/tr>\n<tr style=\"height: 17.60pt;\">\n<td class=\"et3\" style=\"height: 17.60pt;\" height=\"17\">Opci\u00f3n personalizada<\/td>\n<td class=\"et3\">Color\/Patr\u00f3n\/Tama\u00f1o\/Logotipo\/Embalaje<\/td>\n<\/tr>\n<\/tbody>\n<\/table>","protected":false},"featured_media":3924,"comment_status":"closed","ping_status":"closed","template":"","meta":{"_acf_changed":false},"product_brand":[],"product_cat":[53,50],"product_tag":[],"class_list":{"0":"post-3913","1":"product","2":"type-product","3":"status-publish","4":"has-post-thumbnail","6":"product_cat-electroplated-bathroom-sinks","7":"product_cat-wholesale-countertop-sinks","9":"first","10":"instock","11":"shipping-taxable","12":"product-type-simple"},"acf":[],"_links":{"self":[{"href":"https:\/\/www.ceramicbasin.com\/es\/wp-json\/wp\/v2\/product\/3913","targetHints":{"allow":["GET"]}}],"collection":[{"href":"https:\/\/www.ceramicbasin.com\/es\/wp-json\/wp\/v2\/product"}],"about":[{"href":"https:\/\/www.ceramicbasin.com\/es\/wp-json\/wp\/v2\/types\/product"}],"replies":[{"embeddable":true,"href":"https:\/\/www.ceramicbasin.com\/es\/wp-json\/wp\/v2\/comments?post=3913"}],"wp:featuredmedia":[{"embeddable":true,"href":"https:\/\/www.ceramicbasin.com\/es\/wp-json\/wp\/v2\/media\/3924"}],"wp:attachment":[{"href":"https:\/\/www.ceramicbasin.com\/es\/wp-json\/wp\/v2\/media?parent=3913"}],"wp:term":[{"taxonomy":"product_brand","embeddable":true,"href":"https:\/\/www.ceramicbasin.com\/es\/wp-json\/wp\/v2\/product_brand?post=3913"},{"taxonomy":"product_cat","embeddable":true,"href":"https:\/\/www.ceramicbasin.com\/es\/wp-json\/wp\/v2\/product_cat?post=3913"},{"taxonomy":"product_tag","embeddable":true,"href":"https:\/\/www.ceramicbasin.com\/es\/wp-json\/wp\/v2\/product_tag?post=3913"}],"curies":[{"name":"wp","href":"https:\/\/api.w.org\/{rel}","templated":true}]}}