{"id":3935,"date":"2024-07-23T08:55:40","date_gmt":"2024-07-23T08:55:40","guid":{"rendered":"https:\/\/www.ceramicbasin.com\/?post_type=product&#038;p=3935"},"modified":"2024-12-06T09:22:16","modified_gmt":"2024-12-06T09:22:16","slug":"silver-finish-basin-wholesale","status":"publish","type":"product","link":"https:\/\/www.ceramicbasin.com\/es\/producto\/silver-finish-basin-wholesale\/","title":{"rendered":"Nuevo Dise\u00f1o Lavabo Acabado Plata Al Por Mayor Con Suministro R\u00e1pido"},"content":{"rendered":"<div class=\"wp-block-columns is-layout-flex wp-container-core-columns-is-layout-9d6595d7 wp-block-columns-is-layout-flex\">\n<div class=\"wp-block-column is-layout-flow wp-block-column-is-layout-flow\">\n<h2 class=\"wp-block-heading\">Lavabo con acabado en plata de primera calidad al por mayor Caracter\u00edsticas:<\/h2>\n\n\n\n<ul class=\"wp-block-list\">\n<li><strong>Dise\u00f1o de moda:<\/strong> El dise\u00f1o de este nuevo lavabo de acabado plateado al por mayor a\u00f1ade un elegante toque moderno al lavabo, mejorando el estilo decorativo de su cuarto de ba\u00f1o o zona de lavado.<\/li>\n\n\n\n<li><strong>Materiales de alta calidad: <\/strong>Estos lavabos de tocador plateados al por mayor est\u00e1n fabricados con materiales cer\u00e1micos de calidad superior para garantizar que el lavabo sea s\u00f3lido y duradero, mientras que su capa exterior tiene un acabado galv\u00e1nico plateado suave y f\u00e1cil de limpiar a diario.<\/li>\n\n\n\n<li><strong>Suministro r\u00e1pido:<\/strong> Como proveedor de fregaderos de cer\u00e1mica, disponemos de una cadena de suministro de respuesta r\u00e1pida que puede procesar r\u00e1pidamente los pedidos y garantizar la entrega puntual de lavabos con acabado plateado al por mayor.<\/li>\n\n\n\n<li><strong>Rentable: <\/strong>Ofrecemos precios m\u00e1s favorables para lavabos al por mayor de grandes pedidos, lo que significa alta calidad pero a un precio razonable para ayudarle a ahorrar costes en grandes proyectos.<\/li>\n<\/ul>\n<\/div>\n\n\n\n<div class=\"wp-block-column is-layout-flow wp-block-column-is-layout-flow\">\n<figure class=\"wp-block-image size-full\"><img fetchpriority=\"high\" decoding=\"async\" width=\"827\" height=\"1224\" src=\"https:\/\/www.ceramicbasin.com\/wp-content\/uploads\/2024\/07\/new-design-silver-finish-basin-wholesale-with-fast-supply-6.jpg\" alt=\"lavabo-acabado-plateado-de-nuevo-dise\u00f1o-con-suministro-r\u00e1pido-6\" class=\"wp-image-3950\" srcset=\"https:\/\/www.ceramicbasin.com\/wp-content\/uploads\/2024\/07\/new-design-silver-finish-basin-wholesale-with-fast-supply-6.jpg 827w, https:\/\/www.ceramicbasin.com\/wp-content\/uploads\/2024\/07\/new-design-silver-finish-basin-wholesale-with-fast-supply-6-203x300.jpg 203w, https:\/\/www.ceramicbasin.com\/wp-content\/uploads\/2024\/07\/new-design-silver-finish-basin-wholesale-with-fast-supply-6-768x1137.jpg 768w, https:\/\/www.ceramicbasin.com\/wp-content\/uploads\/2024\/07\/new-design-silver-finish-basin-wholesale-with-fast-supply-6-8x12.jpg 8w, https:\/\/www.ceramicbasin.com\/wp-content\/uploads\/2024\/07\/new-design-silver-finish-basin-wholesale-with-fast-supply-6-285x422.jpg 285w, https:\/\/www.ceramicbasin.com\/wp-content\/uploads\/2024\/07\/new-design-silver-finish-basin-wholesale-with-fast-supply-6-446x660.jpg 446w, https:\/\/www.ceramicbasin.com\/wp-content\/uploads\/2024\/07\/new-design-silver-finish-basin-wholesale-with-fast-supply-6-101x150.jpg 101w\" sizes=\"(max-width: 827px) 100vw, 827px\" \/><\/figure>\n<\/div>\n<\/div>","protected":false},"excerpt":{"rendered":"<p>Bienvenido a comprar lavabos de tocador al por mayor. Nuestro lavabo de nuevo dise\u00f1o con acabado plateado al por mayor da perfectamente un gran sentido est\u00e9tico al dise\u00f1o moderno a la vez que combina la practicidad. La belleza del acabado plateado galvanoplastia a\u00f1ade un toque moderno al espacio y permite una f\u00e1cil limpieza para mantener su belleza duradera.<\/p>\n<table width=\"311\">\n<tbody>\n<tr>\n<td width=\"108\">Fabricante<\/td>\n<td width=\"202\">HanYu<\/td>\n<\/tr>\n<tr>\n<td>N\u00ba de modelo<\/td>\n<td>HY-8018SS\u00a0<\/td>\n<\/tr>\n<tr>\n<td>Tipo<\/td>\n<td width=\"202\">Lavabo Electrochapado, Lavabo de Encimera<\/td>\n<\/tr>\n<tr>\n<td>Forma<\/td>\n<td>Forma rectangular<\/td>\n<\/tr>\n<tr>\n<td>Color<\/td>\n<td width=\"202\">Blanco + Plata cepillado<\/td>\n<\/tr>\n<tr>\n<td>Dimensi\u00f3n<\/td>\n<td width=\"202\">50*40*15<\/td>\n<\/tr>\n<tr>\n<td>N.W \/SET<\/td>\n<td>11KGS\/PCS<\/td>\n<\/tr>\n<tr>\n<td>MOQ<\/td>\n<td>20 piezas<\/td>\n<\/tr>\n<tr>\n<td>Opci\u00f3n personalizada<\/td>\n<td>Color\/Patr\u00f3n\/Tama\u00f1o\/Logotipo\/Embalaje<\/td>\n<\/tr>\n<\/tbody>\n<\/table>","protected":false},"featured_media":3947,"comment_status":"closed","ping_status":"closed","template":"","meta":{"_acf_changed":false},"product_brand":[],"product_cat":[53,50],"product_tag":[],"class_list":{"0":"post-3935","1":"product","2":"type-product","3":"status-publish","4":"has-post-thumbnail","6":"product_cat-electroplated-bathroom-sinks","7":"product_cat-wholesale-countertop-sinks","9":"first","10":"instock","11":"shipping-taxable","12":"product-type-simple"},"acf":[],"_links":{"self":[{"href":"https:\/\/www.ceramicbasin.com\/es\/wp-json\/wp\/v2\/product\/3935","targetHints":{"allow":["GET"]}}],"collection":[{"href":"https:\/\/www.ceramicbasin.com\/es\/wp-json\/wp\/v2\/product"}],"about":[{"href":"https:\/\/www.ceramicbasin.com\/es\/wp-json\/wp\/v2\/types\/product"}],"replies":[{"embeddable":true,"href":"https:\/\/www.ceramicbasin.com\/es\/wp-json\/wp\/v2\/comments?post=3935"}],"wp:featuredmedia":[{"embeddable":true,"href":"https:\/\/www.ceramicbasin.com\/es\/wp-json\/wp\/v2\/media\/3947"}],"wp:attachment":[{"href":"https:\/\/www.ceramicbasin.com\/es\/wp-json\/wp\/v2\/media?parent=3935"}],"wp:term":[{"taxonomy":"product_brand","embeddable":true,"href":"https:\/\/www.ceramicbasin.com\/es\/wp-json\/wp\/v2\/product_brand?post=3935"},{"taxonomy":"product_cat","embeddable":true,"href":"https:\/\/www.ceramicbasin.com\/es\/wp-json\/wp\/v2\/product_cat?post=3935"},{"taxonomy":"product_tag","embeddable":true,"href":"https:\/\/www.ceramicbasin.com\/es\/wp-json\/wp\/v2\/product_tag?post=3935"}],"curies":[{"name":"wp","href":"https:\/\/api.w.org\/{rel}","templated":true}]}}