{"id":3957,"date":"2024-07-23T09:07:44","date_gmt":"2024-07-23T09:07:44","guid":{"rendered":"https:\/\/www.ceramicbasin.com\/?post_type=product&#038;p=3957"},"modified":"2024-12-06T09:23:55","modified_gmt":"2024-12-06T09:23:55","slug":"wholesale-marble-color-basins","status":"publish","type":"product","link":"https:\/\/www.ceramicbasin.com\/es\/producto\/wholesale-marble-color-basins\/","title":{"rendered":"Lavabos De M\u00e1rmol Al Por Mayor De Entrega R\u00e1pida Con Gran Precio"},"content":{"rendered":"<div class=\"wp-block-columns is-layout-flex wp-container-core-columns-is-layout-9d6595d7 wp-block-columns-is-layout-flex\">\n<div class=\"wp-block-column is-layout-flow wp-block-column-is-layout-flow\">\n<h2 class=\"wp-block-heading\">Premium al por mayor de m\u00e1rmol de color Lavabos Caracter\u00edsticas:<\/h2>\n\n\n\n<ul class=\"wp-block-list\">\n<li><strong>Textura imitaci\u00f3n m\u00e1rmol: <\/strong>Este lavabo personalizado adopta la tecnolog\u00eda de impresi\u00f3n por transferencia de agua, utilizando el color y el dise\u00f1o de textura de imitaci\u00f3n de m\u00e1rmol, aportando belleza natural y textura de alta calidad al lavabo.<\/li>\n\n\n\n<li><strong>Rentable: <\/strong>Los lavabos de m\u00e1rmol de color al por mayor proceden directamente de nuestra f\u00e1brica, lo que elimina intermediarios y le garantiza lavabos de alta calidad a un precio muy competitivo.<\/li>\n\n\n\n<li><strong>Precios flexibles: <\/strong>Ofrecemos servicios de lavabos de ba\u00f1o personalizados para crear lavabos de alta calidad y perfectamente funcionales seg\u00fan sus necesidades.<\/li>\n\n\n\n<li><strong>Servicio eficiente:<\/strong> HanYu cuenta con un sistema de producci\u00f3n y log\u00edstica maduro que puede responder r\u00e1pidamente a las necesidades de los pedidos y garantizar la entrega puntual para cumplir el calendario de los proyectos urgentes.<\/li>\n<\/ul>\n<\/div>\n\n\n\n<div class=\"wp-block-column is-layout-flow wp-block-column-is-layout-flow\">\n<figure class=\"wp-block-image size-full\"><img fetchpriority=\"high\" decoding=\"async\" width=\"980\" height=\"1352\" src=\"https:\/\/www.ceramicbasin.com\/wp-content\/uploads\/2024\/07\/factory-direct-wholesale-marble-color-basins-with-good-price-6.webp\" alt=\"lavabos de m\u00e1rmol al por mayor directos de f\u00e1brica con buen precio-6\" class=\"wp-image-3970\" srcset=\"https:\/\/www.ceramicbasin.com\/wp-content\/uploads\/2024\/07\/factory-direct-wholesale-marble-color-basins-with-good-price-6.webp 980w, https:\/\/www.ceramicbasin.com\/wp-content\/uploads\/2024\/07\/factory-direct-wholesale-marble-color-basins-with-good-price-6-217x300.webp 217w, https:\/\/www.ceramicbasin.com\/wp-content\/uploads\/2024\/07\/factory-direct-wholesale-marble-color-basins-with-good-price-6-768x1060.webp 768w, https:\/\/www.ceramicbasin.com\/wp-content\/uploads\/2024\/07\/factory-direct-wholesale-marble-color-basins-with-good-price-6-9x12.webp 9w, https:\/\/www.ceramicbasin.com\/wp-content\/uploads\/2024\/07\/factory-direct-wholesale-marble-color-basins-with-good-price-6-285x393.webp 285w, https:\/\/www.ceramicbasin.com\/wp-content\/uploads\/2024\/07\/factory-direct-wholesale-marble-color-basins-with-good-price-6-478x660.webp 478w, https:\/\/www.ceramicbasin.com\/wp-content\/uploads\/2024\/07\/factory-direct-wholesale-marble-color-basins-with-good-price-6-109x150.webp 109w\" sizes=\"(max-width: 980px) 100vw, 980px\" \/><\/figure>\n<\/div>\n<\/div>","protected":false},"excerpt":{"rendered":"<p>Estos lavabos de color m\u00e1rmol al por mayor utilizan tecnolog\u00eda de impresi\u00f3n por transferencia de agua que imita la textura y el color de la piedra natural, a\u00f1adiendo una belleza natural \u00fanica y una textura lujosa al espacio del cuarto de ba\u00f1o. Ponemos a su disposici\u00f3n lavabos al por mayor de alta calidad y bajo precio con el modo de venta directa de f\u00e1brica, y suministramos r\u00e1pidamente para satisfacer las necesidades de su proyecto.<\/p>\n<table width=\"311\">\n<tbody>\n<tr>\n<td width=\"108\">Fabricante<\/td>\n<td width=\"202\">HanYu<\/td>\n<\/tr>\n<tr>\n<td>N\u00ba de modelo<\/td>\n<td>HY-8018SS\u00a0<\/td>\n<\/tr>\n<tr>\n<td>Tipo<\/td>\n<td width=\"202\">Lavabo Color M\u00e1rmol, Lavabo Encimera<\/td>\n<\/tr>\n<tr>\n<td>Forma<\/td>\n<td>Forma rectangular<\/td>\n<\/tr>\n<tr>\n<td>Color<\/td>\n<td width=\"202\">Negro<\/td>\n<\/tr>\n<tr>\n<td>Dimensi\u00f3n<\/td>\n<td width=\"202\">50*40*15<\/td>\n<\/tr>\n<tr>\n<td>N.W \/SET<\/td>\n<td>11KGS\/PCS<\/td>\n<\/tr>\n<tr>\n<td>MOQ<\/td>\n<td>20 piezas<\/td>\n<\/tr>\n<tr>\n<td>Opci\u00f3n personalizada<\/td>\n<td>Color\/Patr\u00f3n\/Tama\u00f1o\/Logotipo\/Embalaje<\/td>\n<\/tr>\n<\/tbody>\n<\/table>","protected":false},"featured_media":3965,"comment_status":"closed","ping_status":"closed","template":"","meta":{"_acf_changed":false},"product_brand":[],"product_cat":[54,50],"product_tag":[],"class_list":{"0":"post-3957","1":"product","2":"type-product","3":"status-publish","4":"has-post-thumbnail","6":"product_cat-wholesale-marble-sinks","7":"product_cat-wholesale-countertop-sinks","9":"first","10":"instock","11":"shipping-taxable","12":"product-type-simple"},"acf":[],"_links":{"self":[{"href":"https:\/\/www.ceramicbasin.com\/es\/wp-json\/wp\/v2\/product\/3957","targetHints":{"allow":["GET"]}}],"collection":[{"href":"https:\/\/www.ceramicbasin.com\/es\/wp-json\/wp\/v2\/product"}],"about":[{"href":"https:\/\/www.ceramicbasin.com\/es\/wp-json\/wp\/v2\/types\/product"}],"replies":[{"embeddable":true,"href":"https:\/\/www.ceramicbasin.com\/es\/wp-json\/wp\/v2\/comments?post=3957"}],"wp:featuredmedia":[{"embeddable":true,"href":"https:\/\/www.ceramicbasin.com\/es\/wp-json\/wp\/v2\/media\/3965"}],"wp:attachment":[{"href":"https:\/\/www.ceramicbasin.com\/es\/wp-json\/wp\/v2\/media?parent=3957"}],"wp:term":[{"taxonomy":"product_brand","embeddable":true,"href":"https:\/\/www.ceramicbasin.com\/es\/wp-json\/wp\/v2\/product_brand?post=3957"},{"taxonomy":"product_cat","embeddable":true,"href":"https:\/\/www.ceramicbasin.com\/es\/wp-json\/wp\/v2\/product_cat?post=3957"},{"taxonomy":"product_tag","embeddable":true,"href":"https:\/\/www.ceramicbasin.com\/es\/wp-json\/wp\/v2\/product_tag?post=3957"}],"curies":[{"name":"wp","href":"https:\/\/api.w.org\/{rel}","templated":true}]}}