{"id":4031,"date":"2024-07-24T01:00:54","date_gmt":"2024-07-24T01:00:54","guid":{"rendered":"https:\/\/www.ceramicbasin.com\/?post_type=product&#038;p=4031"},"modified":"2024-12-06T09:23:54","modified_gmt":"2024-12-06T09:23:54","slug":"artificial-marble-sink-wholesale","status":"publish","type":"product","link":"https:\/\/www.ceramicbasin.com\/es\/producto\/artificial-marble-sink-wholesale\/","title":{"rendered":"Fregadero De M\u00e1rmol Artificial Al Por Mayor Fregadero Vessel Para Ba\u00f1o"},"content":{"rendered":"<div class=\"wp-block-columns is-layout-flex wp-container-core-columns-is-layout-9d6595d7 wp-block-columns-is-layout-flex\">\n<div class=\"wp-block-column is-layout-flow wp-block-column-is-layout-flow\">\n<h2 class=\"wp-block-heading\">Fregadero de M\u00e1rmol Premium al por mayor Caracter\u00edsticas:<\/h2>\n\n\n\n<ul class=\"wp-block-list\">\n<li><strong>Textura imitaci\u00f3n m\u00e1rmol:<\/strong> Este fregadero de m\u00e1rmol al por mayor utiliza la tecnolog\u00eda de transferencia de agua para presentar una textura de m\u00e1rmol realista en la superficie, a\u00f1adiendo una sensaci\u00f3n natural de lujo al cuarto de ba\u00f1o.<\/li>\n\n\n\n<li><strong>Duradero y f\u00e1cil de mantener: <\/strong>Nuestro fregadero de m\u00e1rmol artificial al por mayor tiene una buena resistencia a los ara\u00f1azos y las manchas, una limpieza diaria sencilla y mantiene el fregadero brillante y nuevo durante mucho tiempo.<\/li>\n\n\n\n<li><strong>Gran adaptabilidad: <\/strong>Nuestros lavabos de ba\u00f1o al por mayor est\u00e1n disponibles en una gran variedad de tama\u00f1os, formas y colores, que combinan f\u00e1cilmente con diversos estilos de decoraci\u00f3n de ba\u00f1os, ya sea la sencillez moderna o la elegancia cl\u00e1sica.<\/li>\n\n\n\n<li><strong>Producci\u00f3n y entrega r\u00e1pidas: <\/strong>HanYu cuenta con una moderna l\u00ednea de producci\u00f3n y un eficaz sistema log\u00edstico para garantizar que su pedido de lavabos de ba\u00f1o responda con rapidez, se entregue a tiempo y reduzca el tiempo de espera.<\/li>\n<\/ul>\n<\/div>\n\n\n\n<div class=\"wp-block-column is-layout-flow wp-block-column-is-layout-flow\">\n<figure class=\"wp-block-image size-full\"><img fetchpriority=\"high\" decoding=\"async\" width=\"980\" height=\"1245\" src=\"https:\/\/www.ceramicbasin.com\/wp-content\/uploads\/2024\/07\/artificial-marble-sink-wholesale-vessel-sink-for-bathroom-6.jpg\" alt=\"fregadero de m\u00e1rmol artificial al por mayor fregadero de cubeta para ba\u00f1o-6\" class=\"wp-image-4036\" srcset=\"https:\/\/www.ceramicbasin.com\/wp-content\/uploads\/2024\/07\/artificial-marble-sink-wholesale-vessel-sink-for-bathroom-6.jpg 980w, https:\/\/www.ceramicbasin.com\/wp-content\/uploads\/2024\/07\/artificial-marble-sink-wholesale-vessel-sink-for-bathroom-6-236x300.jpg 236w, https:\/\/www.ceramicbasin.com\/wp-content\/uploads\/2024\/07\/artificial-marble-sink-wholesale-vessel-sink-for-bathroom-6-768x976.jpg 768w, https:\/\/www.ceramicbasin.com\/wp-content\/uploads\/2024\/07\/artificial-marble-sink-wholesale-vessel-sink-for-bathroom-6-9x12.jpg 9w, https:\/\/www.ceramicbasin.com\/wp-content\/uploads\/2024\/07\/artificial-marble-sink-wholesale-vessel-sink-for-bathroom-6-285x362.jpg 285w, https:\/\/www.ceramicbasin.com\/wp-content\/uploads\/2024\/07\/artificial-marble-sink-wholesale-vessel-sink-for-bathroom-6-520x660.jpg 520w, https:\/\/www.ceramicbasin.com\/wp-content\/uploads\/2024\/07\/artificial-marble-sink-wholesale-vessel-sink-for-bathroom-6-118x150.jpg 118w\" sizes=\"(max-width: 980px) 100vw, 980px\" \/><\/figure>\n<\/div>\n<\/div>","protected":false},"excerpt":{"rendered":"<p>Bienvenido a comprar al por mayor fregaderos de recipiente. Nuestro lavabo de m\u00e1rmol artificial al por mayor ofrece una soluci\u00f3n duradera y elegante para el espacio del ba\u00f1o. La textura del m\u00e1rmol simulado confiere al lavabo una belleza natural, mientras que su material s\u00f3lido garantiza la durabilidad del producto.<\/p>\n<table style=\"border-collapse: collapse; width: 311.02pt;\" border=\"0\" width=\"311\" cellspacing=\"0\" cellpadding=\"0\">\n<tbody>\n<tr style=\"height: 17.60pt;\">\n<td class=\"et3\" style=\"height: 17.60pt; width: 108.35pt;\" width=\"108\" height=\"17\">Fabricante<\/td>\n<td class=\"et3\" style=\"width: 202.95pt;\" width=\"202\">HanYu<\/td>\n<\/tr>\n<tr style=\"height: 17.60pt;\">\n<td class=\"et3\" style=\"height: 17.60pt;\" height=\"17\">N\u00ba de modelo<\/td>\n<td class=\"et4\">HY-8064-75D83<\/td>\n<\/tr>\n<tr style=\"height: 36.00pt;\">\n<td class=\"et3\" style=\"height: 36.00pt;\" height=\"36\">Tipo<\/td>\n<td class=\"et5\" style=\"width: 202.95pt;\" width=\"202\">Lavabo Color M\u00e1rmol, Lavabo Encimera<\/td>\n<\/tr>\n<tr style=\"height: 17.60pt;\">\n<td class=\"et3\" style=\"height: 17.60pt;\" height=\"17\">Forma<\/td>\n<td class=\"et3\">Forma rectangular<\/td>\n<\/tr>\n<tr style=\"height: 18.00pt;\">\n<td class=\"et4\" style=\"height: 18.00pt;\" height=\"18\">Color<\/td>\n<td class=\"et5\" style=\"width: 202.95pt;\" width=\"202\">Negro<\/td>\n<\/tr>\n<tr style=\"height: 18.00pt;\">\n<td class=\"et3\" style=\"height: 18.00pt;\" height=\"18\">Dimensi\u00f3n<\/td>\n<td class=\"et5\" style=\"width: 202.95pt;\" width=\"202\">75*38*13<\/td>\n<\/tr>\n<tr style=\"height: 17.60pt;\">\n<td class=\"et3\" style=\"height: 17.60pt;\" height=\"17\">N.W \/SET<\/td>\n<td class=\"et3\">17KGS\/PCS<\/td>\n<\/tr>\n<tr style=\"height: 17.60pt;\">\n<td class=\"et3\" style=\"height: 17.60pt;\" height=\"17\">MOQ<\/td>\n<td class=\"et3\">20 piezas<\/td>\n<\/tr>\n<tr style=\"height: 17.60pt;\">\n<td class=\"et3\" style=\"height: 17.60pt;\" height=\"17\">Opci\u00f3n personalizada<\/td>\n<td class=\"et3\">Color\/Patr\u00f3n\/Tama\u00f1o\/Logotipo\/Embalaje<\/td>\n<\/tr>\n<\/tbody>\n<\/table>","protected":false},"featured_media":4032,"comment_status":"closed","ping_status":"closed","template":"","meta":{"_acf_changed":false},"product_brand":[],"product_cat":[54,50],"product_tag":[],"class_list":{"0":"post-4031","1":"product","2":"type-product","3":"status-publish","4":"has-post-thumbnail","6":"product_cat-wholesale-marble-sinks","7":"product_cat-wholesale-countertop-sinks","9":"first","10":"instock","11":"shipping-taxable","12":"product-type-simple"},"acf":[],"_links":{"self":[{"href":"https:\/\/www.ceramicbasin.com\/es\/wp-json\/wp\/v2\/product\/4031","targetHints":{"allow":["GET"]}}],"collection":[{"href":"https:\/\/www.ceramicbasin.com\/es\/wp-json\/wp\/v2\/product"}],"about":[{"href":"https:\/\/www.ceramicbasin.com\/es\/wp-json\/wp\/v2\/types\/product"}],"replies":[{"embeddable":true,"href":"https:\/\/www.ceramicbasin.com\/es\/wp-json\/wp\/v2\/comments?post=4031"}],"wp:featuredmedia":[{"embeddable":true,"href":"https:\/\/www.ceramicbasin.com\/es\/wp-json\/wp\/v2\/media\/4032"}],"wp:attachment":[{"href":"https:\/\/www.ceramicbasin.com\/es\/wp-json\/wp\/v2\/media?parent=4031"}],"wp:term":[{"taxonomy":"product_brand","embeddable":true,"href":"https:\/\/www.ceramicbasin.com\/es\/wp-json\/wp\/v2\/product_brand?post=4031"},{"taxonomy":"product_cat","embeddable":true,"href":"https:\/\/www.ceramicbasin.com\/es\/wp-json\/wp\/v2\/product_cat?post=4031"},{"taxonomy":"product_tag","embeddable":true,"href":"https:\/\/www.ceramicbasin.com\/es\/wp-json\/wp\/v2\/product_tag?post=4031"}],"curies":[{"name":"wp","href":"https:\/\/api.w.org\/{rel}","templated":true}]}}