{"id":4038,"date":"2024-07-24T01:24:32","date_gmt":"2024-07-24T01:24:32","guid":{"rendered":"https:\/\/www.ceramicbasin.com\/?post_type=product&#038;p=4038"},"modified":"2024-12-06T09:23:54","modified_gmt":"2024-12-06T09:23:54","slug":"custom-marble-sink-artificial","status":"publish","type":"product","link":"https:\/\/www.ceramicbasin.com\/es\/producto\/custom-marble-sink-artificial\/","title":{"rendered":"Fregadero de m\u00e1rmol personalizado de alta calidad con textura artificial"},"content":{"rendered":"<div class=\"wp-block-columns is-layout-flex wp-container-core-columns-is-layout-9d6595d7 wp-block-columns-is-layout-flex\">\n<div class=\"wp-block-column is-layout-flow wp-block-column-is-layout-flow\">\n<h2 class=\"wp-block-heading\">Fregadero de m\u00e1rmol Premium Custom Caracter\u00edsticas:<\/h2>\n\n\n\n<ul class=\"wp-block-list\">\n<li><strong>Textura realista: <\/strong>Nuestro fregadero de m\u00e1rmol a medida utiliza una avanzada tecnolog\u00eda de transferencia de agua para reproducir con precisi\u00f3n la textura natural del m\u00e1rmol, haciendo que la superficie del fregadero presente una textura delicada y realista, igual que el m\u00e1rmol aut\u00e9ntico.<\/li>\n\n\n\n<li><strong>Materiales de alta calidad: <\/strong>Este fregadero de m\u00e1rmol artificial al por mayor utiliza materiales cer\u00e1micos de alto rendimiento para garantizar que el fregadero tenga una excelente resistencia al desgaste, al agrietamiento y a la corrosi\u00f3n, y tenga una larga vida \u00fatil.<\/li>\n\n\n\n<li><strong>Dise\u00f1o personalizado: <\/strong>Ofrecemos servicios personalizados de fregaderos de m\u00e1rmol a medida, y podemos personalizar fregaderos de diferentes tama\u00f1os, formas y estilos seg\u00fan los requisitos especiales de los clientes para satisfacer las necesidades de su marca.<\/li>\n\n\n\n<li><strong>Materiales respetuosos con el medio ambiente, seguros y saludables: <\/strong>Nuestros lavabos de ba\u00f1o al por mayor utilizan materias primas inocuas y respetuosas con el medio ambiente, cumplen las normas internacionales de seguridad y garantizan que los usuarios no corran riesgos para la salud en su uso prolongado.<\/li>\n<\/ul>\n<\/div>\n\n\n\n<div class=\"wp-block-column is-layout-flow wp-block-column-is-layout-flow\">\n<figure class=\"wp-block-image size-full\"><img fetchpriority=\"high\" decoding=\"async\" width=\"915\" height=\"1214\" src=\"https:\/\/www.ceramicbasin.com\/wp-content\/uploads\/2024\/07\/high-quality-custom-marble-sink-with-artificial-texture-6.webp\" alt=\"fregadero de m\u00e1rmol personalizado de alta calidad con textura artificial-6\" class=\"wp-image-4044\" srcset=\"https:\/\/www.ceramicbasin.com\/wp-content\/uploads\/2024\/07\/high-quality-custom-marble-sink-with-artificial-texture-6.webp 915w, https:\/\/www.ceramicbasin.com\/wp-content\/uploads\/2024\/07\/high-quality-custom-marble-sink-with-artificial-texture-6-226x300.webp 226w, https:\/\/www.ceramicbasin.com\/wp-content\/uploads\/2024\/07\/high-quality-custom-marble-sink-with-artificial-texture-6-768x1019.webp 768w, https:\/\/www.ceramicbasin.com\/wp-content\/uploads\/2024\/07\/high-quality-custom-marble-sink-with-artificial-texture-6-9x12.webp 9w, https:\/\/www.ceramicbasin.com\/wp-content\/uploads\/2024\/07\/high-quality-custom-marble-sink-with-artificial-texture-6-285x378.webp 285w, https:\/\/www.ceramicbasin.com\/wp-content\/uploads\/2024\/07\/high-quality-custom-marble-sink-with-artificial-texture-6-497x660.webp 497w, https:\/\/www.ceramicbasin.com\/wp-content\/uploads\/2024\/07\/high-quality-custom-marble-sink-with-artificial-texture-6-113x150.webp 113w\" sizes=\"(max-width: 915px) 100vw, 915px\" \/><\/figure>\n<\/div>\n<\/div>","protected":false},"excerpt":{"rendered":"<p>Nuestro fregadero de m\u00e1rmol a medida utiliza tecnolog\u00eda de transferencia de agua para reproducir con precisi\u00f3n la textura natural del m\u00e1rmol, adecuada para cualquier estilo de dise\u00f1o de ba\u00f1o. Los materiales seleccionados no solo son resistentes y duraderos, sino tambi\u00e9n ecol\u00f3gicos y saludables.<\/p>\n<table style=\"border-collapse: collapse; width: 311.02pt;\" border=\"0\" width=\"311\" cellspacing=\"0\" cellpadding=\"0\">\n<tbody>\n<tr style=\"height: 17.60pt;\">\n<td class=\"et3\" style=\"height: 17.60pt; width: 108.35pt;\" width=\"108\" height=\"17\">Fabricante<\/td>\n<td class=\"et3\" style=\"width: 202.95pt;\" width=\"202\">HanYu<\/td>\n<\/tr>\n<tr style=\"height: 17.60pt;\">\n<td class=\"et3\" style=\"height: 17.60pt;\" height=\"17\">N\u00ba de modelo<\/td>\n<td class=\"et4\">HY-8065-55D106<\/td>\n<\/tr>\n<tr style=\"height: 36.00pt;\">\n<td class=\"et3\" style=\"height: 36.00pt;\" height=\"36\">Tipo<\/td>\n<td class=\"et5\" style=\"width: 202.95pt;\" width=\"202\">Lavabo Color M\u00e1rmol, Lavabo Encimera<\/td>\n<\/tr>\n<tr style=\"height: 17.60pt;\">\n<td class=\"et3\" style=\"height: 17.60pt;\" height=\"17\">Forma<\/td>\n<td class=\"et3\">Forma rectangular<\/td>\n<\/tr>\n<tr style=\"height: 18.00pt;\">\n<td class=\"et4\" style=\"height: 18.00pt;\" height=\"18\">Color<\/td>\n<td class=\"et5\" style=\"width: 202.95pt;\" width=\"202\">Azul<\/td>\n<\/tr>\n<tr style=\"height: 18.00pt;\">\n<td class=\"et3\" style=\"height: 18.00pt;\" height=\"18\">Dimensi\u00f3n<\/td>\n<td class=\"et5\" style=\"width: 202.95pt;\" width=\"202\">65*45*11<\/td>\n<\/tr>\n<tr style=\"height: 17.60pt;\">\n<td class=\"et3\" style=\"height: 17.60pt;\" height=\"17\">N.W \/SET<\/td>\n<td class=\"et3\">14.5KGS\/PCS<\/td>\n<\/tr>\n<tr style=\"height: 17.60pt;\">\n<td class=\"et3\" style=\"height: 17.60pt;\" height=\"17\">MOQ<\/td>\n<td class=\"et3\">20 piezas<\/td>\n<\/tr>\n<tr style=\"height: 17.60pt;\">\n<td class=\"et3\" style=\"height: 17.60pt;\" height=\"17\">Opci\u00f3n personalizada<\/td>\n<td class=\"et3\">Color\/Patr\u00f3n\/Tama\u00f1o\/Logotipo\/Embalaje<\/td>\n<\/tr>\n<\/tbody>\n<\/table>","protected":false},"featured_media":4039,"comment_status":"closed","ping_status":"closed","template":"","meta":{"_acf_changed":false},"product_brand":[],"product_cat":[54,50],"product_tag":[],"class_list":{"0":"post-4038","1":"product","2":"type-product","3":"status-publish","4":"has-post-thumbnail","6":"product_cat-wholesale-marble-sinks","7":"product_cat-wholesale-countertop-sinks","9":"first","10":"instock","11":"shipping-taxable","12":"product-type-simple"},"acf":[],"_links":{"self":[{"href":"https:\/\/www.ceramicbasin.com\/es\/wp-json\/wp\/v2\/product\/4038","targetHints":{"allow":["GET"]}}],"collection":[{"href":"https:\/\/www.ceramicbasin.com\/es\/wp-json\/wp\/v2\/product"}],"about":[{"href":"https:\/\/www.ceramicbasin.com\/es\/wp-json\/wp\/v2\/types\/product"}],"replies":[{"embeddable":true,"href":"https:\/\/www.ceramicbasin.com\/es\/wp-json\/wp\/v2\/comments?post=4038"}],"wp:featuredmedia":[{"embeddable":true,"href":"https:\/\/www.ceramicbasin.com\/es\/wp-json\/wp\/v2\/media\/4039"}],"wp:attachment":[{"href":"https:\/\/www.ceramicbasin.com\/es\/wp-json\/wp\/v2\/media?parent=4038"}],"wp:term":[{"taxonomy":"product_brand","embeddable":true,"href":"https:\/\/www.ceramicbasin.com\/es\/wp-json\/wp\/v2\/product_brand?post=4038"},{"taxonomy":"product_cat","embeddable":true,"href":"https:\/\/www.ceramicbasin.com\/es\/wp-json\/wp\/v2\/product_cat?post=4038"},{"taxonomy":"product_tag","embeddable":true,"href":"https:\/\/www.ceramicbasin.com\/es\/wp-json\/wp\/v2\/product_tag?post=4038"}],"curies":[{"name":"wp","href":"https:\/\/api.w.org\/{rel}","templated":true}]}}