{"id":4317,"date":"2024-07-26T03:24:27","date_gmt":"2024-07-26T03:24:27","guid":{"rendered":"https:\/\/www.ceramicbasin.com\/?post_type=product&#038;p=4317"},"modified":"2024-07-26T04:10:06","modified_gmt":"2024-07-26T04:10:06","slug":"custom-undermount-sinks-in-bulk","status":"publish","type":"product","link":"https:\/\/www.ceramicbasin.com\/es\/producto\/custom-undermount-sinks-in-bulk\/","title":{"rendered":"Fregaderos a medida de entrega r\u00e1pida a granel para el cuarto de ba\u00f1o"},"content":{"rendered":"<div class=\"wp-block-columns is-layout-flex wp-container-core-columns-is-layout-9d6595d7 wp-block-columns-is-layout-flex\">\n<div class=\"wp-block-column is-layout-flow wp-block-column-is-layout-flow\">\n<h2 class=\"wp-block-heading\">Premium Custom Fregaderos Caracter\u00edsticas:<\/h2>\n\n\n\n<ul class=\"wp-block-list\">\n<li><strong>Duradera: <\/strong>Nuestros fregaderos bajo encimera a medida se fabrican con materias primas cer\u00e1micas de alta calidad y se cuecen a altas temperaturas para garantizar que los productos tengan una dureza y una resistencia a la corrosi\u00f3n extremadamente altas, sean duraderos y f\u00e1ciles de limpiar.<\/li>\n\n\n\n<li><strong>Entrega r\u00e1pida:<\/strong> Prometemos una log\u00edstica y distribuci\u00f3n eficaces para garantizar que nuestros fregaderos bajo encimera personalizados a granel se entreguen r\u00e1pidamente, acelerando el progreso de su proyecto y satisfaciendo las necesidades urgentes de la construcci\u00f3n.<\/li>\n\n\n\n<li><strong>Opciones de personalizaci\u00f3n: <\/strong>Proporcionamos servicios personalizados para lavabos de ba\u00f1o a medida en una variedad de tama\u00f1os, formas y colores para asegurar que cada lavabo bajo encimera pueda encajar perfectamente con el estilo de decoraci\u00f3n de su ba\u00f1o y sus necesidades personales.<\/li>\n\n\n\n<li><strong>Descuento por compra al por mayor: <\/strong>Como fabricante profesional, ofrecemos precios muy competitivos para fregaderos bajo encimera al por mayor, y disfrutamos de m\u00e1s descuentos por compras al por mayor, lo que resulta id\u00f3neo para grandes proyectos como hoteles, apartamentos, oficinas, etc.<\/li>\n<\/ul>\n<\/div>\n\n\n\n<div class=\"wp-block-column is-layout-flow wp-block-column-is-layout-flow\">\n<figure class=\"wp-block-image size-full\"><img fetchpriority=\"high\" decoding=\"async\" width=\"604\" height=\"836\" src=\"https:\/\/www.ceramicbasin.com\/wp-content\/uploads\/2024\/07\/fast-delivery-custom-undermount-sinks-in-bulk-for-bathroom-2.webp\" alt=\"fast-delivery-custom-undermount-sinks-in-bulk-for-bathroom-2\" class=\"wp-image-4319\" srcset=\"https:\/\/www.ceramicbasin.com\/wp-content\/uploads\/2024\/07\/fast-delivery-custom-undermount-sinks-in-bulk-for-bathroom-2.webp 604w, https:\/\/www.ceramicbasin.com\/wp-content\/uploads\/2024\/07\/fast-delivery-custom-undermount-sinks-in-bulk-for-bathroom-2-217x300.webp 217w, https:\/\/www.ceramicbasin.com\/wp-content\/uploads\/2024\/07\/fast-delivery-custom-undermount-sinks-in-bulk-for-bathroom-2-9x12.webp 9w, https:\/\/www.ceramicbasin.com\/wp-content\/uploads\/2024\/07\/fast-delivery-custom-undermount-sinks-in-bulk-for-bathroom-2-285x394.webp 285w, https:\/\/www.ceramicbasin.com\/wp-content\/uploads\/2024\/07\/fast-delivery-custom-undermount-sinks-in-bulk-for-bathroom-2-477x660.webp 477w, https:\/\/www.ceramicbasin.com\/wp-content\/uploads\/2024\/07\/fast-delivery-custom-undermount-sinks-in-bulk-for-bathroom-2-108x150.webp 108w\" sizes=\"(max-width: 604px) 100vw, 604px\" \/><\/figure>\n<\/div>\n<\/div>","protected":false},"excerpt":{"rendered":"<p>Nuestros fregaderos bajo encimera a medida est\u00e1n fabricados con materiales cer\u00e1micos de alta calidad que son duraderos y f\u00e1ciles de limpiar. Podemos realizar entregas r\u00e1pidas para garantizar que los pedidos grandes puedan llegar r\u00e1pidamente a la obra.<\/p>\n<table style=\"border-collapse: collapse; width: 311.02pt;\" border=\"0\" width=\"311\" cellspacing=\"0\" cellpadding=\"0\">\n<tbody>\n<tr style=\"height: 17.60pt;\">\n<td class=\"et3\" style=\"height: 17.60pt; width: 108.35pt;\" width=\"108\" height=\"17\">Fabricante<\/td>\n<td class=\"et3\" style=\"width: 202.95pt;\" width=\"202\">HanYu<\/td>\n<\/tr>\n<tr style=\"height: 17.60pt;\">\n<td class=\"et3\" style=\"height: 17.60pt;\" height=\"17\">N\u00ba de modelo<\/td>\n<td class=\"et4\">HY-3026<\/td>\n<\/tr>\n<tr style=\"height: 18.00pt;\">\n<td class=\"et3\" style=\"height: 18.00pt;\" height=\"18\">Tipo<\/td>\n<td class=\"et5\" style=\"width: 202.95pt;\" width=\"202\">Lavabos bajo encimera<\/td>\n<\/tr>\n<tr style=\"height: 17.60pt;\">\n<td class=\"et3\" style=\"height: 17.60pt;\" height=\"17\">Forma<\/td>\n<td class=\"et3\">Forma rectangular<\/td>\n<\/tr>\n<tr style=\"height: 18.00pt;\">\n<td class=\"et4\" style=\"height: 18.00pt;\" height=\"18\">Color<\/td>\n<td class=\"et5\" style=\"width: 202.95pt;\" width=\"202\">Blanco<\/td>\n<\/tr>\n<tr style=\"height: 18.00pt;\">\n<td class=\"et3\" style=\"height: 18.00pt;\" height=\"18\">Dimensi\u00f3n<\/td>\n<td class=\"et5\" style=\"width: 202.95pt;\" width=\"202\">47*35.5*19.5<\/td>\n<\/tr>\n<tr style=\"height: 17.60pt;\">\n<td class=\"et3\" style=\"height: 17.60pt;\" height=\"17\">N.W \/SET<\/td>\n<td class=\"et3\">7.5KGS\/PCS<\/td>\n<\/tr>\n<tr style=\"height: 17.60pt;\">\n<td class=\"et3\" style=\"height: 17.60pt;\" height=\"17\">MOQ<\/td>\n<td class=\"et3\">20 piezas<\/td>\n<\/tr>\n<tr style=\"height: 17.60pt;\">\n<td class=\"et3\" style=\"height: 17.60pt;\" height=\"17\">Opci\u00f3n personalizada<\/td>\n<td class=\"et3\">Color\/Patr\u00f3n\/Tama\u00f1o\/Logotipo\/Embalaje<\/td>\n<\/tr>\n<\/tbody>\n<\/table>","protected":false},"featured_media":4325,"comment_status":"closed","ping_status":"closed","template":"","meta":{"_acf_changed":false},"product_brand":[],"product_cat":[59],"product_tag":[],"class_list":{"0":"post-4317","1":"product","2":"type-product","3":"status-publish","4":"has-post-thumbnail","6":"product_cat-wholesale-undermount-sinks","8":"first","9":"instock","10":"shipping-taxable","11":"product-type-simple"},"acf":[],"_links":{"self":[{"href":"https:\/\/www.ceramicbasin.com\/es\/wp-json\/wp\/v2\/product\/4317","targetHints":{"allow":["GET"]}}],"collection":[{"href":"https:\/\/www.ceramicbasin.com\/es\/wp-json\/wp\/v2\/product"}],"about":[{"href":"https:\/\/www.ceramicbasin.com\/es\/wp-json\/wp\/v2\/types\/product"}],"replies":[{"embeddable":true,"href":"https:\/\/www.ceramicbasin.com\/es\/wp-json\/wp\/v2\/comments?post=4317"}],"wp:featuredmedia":[{"embeddable":true,"href":"https:\/\/www.ceramicbasin.com\/es\/wp-json\/wp\/v2\/media\/4325"}],"wp:attachment":[{"href":"https:\/\/www.ceramicbasin.com\/es\/wp-json\/wp\/v2\/media?parent=4317"}],"wp:term":[{"taxonomy":"product_brand","embeddable":true,"href":"https:\/\/www.ceramicbasin.com\/es\/wp-json\/wp\/v2\/product_brand?post=4317"},{"taxonomy":"product_cat","embeddable":true,"href":"https:\/\/www.ceramicbasin.com\/es\/wp-json\/wp\/v2\/product_cat?post=4317"},{"taxonomy":"product_tag","embeddable":true,"href":"https:\/\/www.ceramicbasin.com\/es\/wp-json\/wp\/v2\/product_tag?post=4317"}],"curies":[{"name":"wp","href":"https:\/\/api.w.org\/{rel}","templated":true}]}}