{"id":4346,"date":"2024-07-26T06:48:45","date_gmt":"2024-07-26T06:48:45","guid":{"rendered":"https:\/\/www.ceramicbasin.com\/?post_type=product&#038;p=4346"},"modified":"2024-11-04T08:14:13","modified_gmt":"2024-11-04T08:14:13","slug":"drop-in-sinks-wholesale","status":"publish","type":"product","link":"https:\/\/www.ceramicbasin.com\/es\/producto\/drop-in-sinks-wholesale\/","title":{"rendered":"Fregaderos de calidad al por mayor para cuartos de ba\u00f1o"},"content":{"rendered":"<div class=\"wp-block-columns is-layout-flex wp-container-core-columns-is-layout-9d6595d7 wp-block-columns-is-layout-flex\">\n<div class=\"wp-block-column is-layout-flow wp-block-column-is-layout-flow\">\n<h2 class=\"wp-block-heading\">Premium Drop In Fregaderos Caracter\u00edsticas al por mayor:<\/h2>\n\n\n\n<ul class=\"wp-block-list\">\n<li><strong>Porcelana de alta calidad:<\/strong> Los materiales de calidad de nuestros fregaderos al por mayor son de alta calidad, robustos, duraderos y con una excelente resistencia a los ara\u00f1azos y al desgaste. Nuestros lavabos al por mayor pueden garantizar un uso prolongado sin da\u00f1ar f\u00e1cilmente su aspecto.<\/li>\n\n\n\n<li><strong>Dise\u00f1o de moda: <\/strong>Dise\u00f1o moderno y sencillo, con l\u00edneas suaves adecuado para varios tipos de cuartos de ba\u00f1o. Si desea a\u00f1adir elegancia y moda a su cuarto de ba\u00f1o, nuestros lavabos al por mayor ser\u00e1n perfectos.<\/li>\n\n\n\n<li><strong>F\u00e1cil instalaci\u00f3n: <\/strong>Gracias a este dise\u00f1o empotrado, los fregaderos encastrables al por mayor facilitan y agilizan el proceso de instalaci\u00f3n sin necesidad de herramientas o conocimientos complicados; por lo tanto, ahorran tiempo y costes de instalaci\u00f3n.<\/li>\n\n\n\n<li><strong>F\u00e1cil limpieza: <\/strong>La superficie lisa de nuestros lavabos al por mayor ha sido especialmente tratada para resistir las manchas y el moho. Como tal, detiene eficazmente la acumulaci\u00f3n de cal y manchas para una mayor comodidad y libertad de preocupaciones en la limpieza y el mantenimiento.<\/li>\n<\/ul>\n<\/div>\n\n\n\n<div class=\"wp-block-column is-layout-flow wp-block-column-is-layout-flow\">\n<figure class=\"wp-block-image size-full\"><img fetchpriority=\"high\" decoding=\"async\" width=\"980\" height=\"1351\" src=\"https:\/\/www.ceramicbasin.com\/wp-content\/uploads\/2024\/07\/durable-and-premium-drop-in-sinks-wholesale-for-bathrooms-5.webp\" alt=\"fregaderos-sumergibles-mayoristas-duraderos-para-ba\u00f1os-5\" class=\"wp-image-4351\" srcset=\"https:\/\/www.ceramicbasin.com\/wp-content\/uploads\/2024\/07\/durable-and-premium-drop-in-sinks-wholesale-for-bathrooms-5.webp 980w, https:\/\/www.ceramicbasin.com\/wp-content\/uploads\/2024\/07\/durable-and-premium-drop-in-sinks-wholesale-for-bathrooms-5-218x300.webp 218w, https:\/\/www.ceramicbasin.com\/wp-content\/uploads\/2024\/07\/durable-and-premium-drop-in-sinks-wholesale-for-bathrooms-5-768x1059.webp 768w, https:\/\/www.ceramicbasin.com\/wp-content\/uploads\/2024\/07\/durable-and-premium-drop-in-sinks-wholesale-for-bathrooms-5-9x12.webp 9w, https:\/\/www.ceramicbasin.com\/wp-content\/uploads\/2024\/07\/durable-and-premium-drop-in-sinks-wholesale-for-bathrooms-5-285x393.webp 285w, https:\/\/www.ceramicbasin.com\/wp-content\/uploads\/2024\/07\/durable-and-premium-drop-in-sinks-wholesale-for-bathrooms-5-479x660.webp 479w, https:\/\/www.ceramicbasin.com\/wp-content\/uploads\/2024\/07\/durable-and-premium-drop-in-sinks-wholesale-for-bathrooms-5-109x150.webp 109w\" sizes=\"(max-width: 980px) 100vw, 980px\" \/><\/figure>\n<\/div>\n<\/div>\n\n\n\n<p><\/p>","protected":false},"excerpt":{"rendered":"<p>Bienvenido a comprar lavabos al por mayor. El material de los lavabos al por mayor es cer\u00e1mica de alta calidad, firme y duradera. Adem\u00e1s, la resistencia a los ara\u00f1azos y al desgaste es muy excelente, para evitar da\u00f1ar el producto aunque se haya utilizado durante mucho tiempo. Estilo de dise\u00f1o moderno y sencillo, l\u00ednea de apariencia suave y adecuada para todo tipo de decoraci\u00f3n de ba\u00f1o.<\/p>\n<table style=\"border-collapse: collapse; width: 311.02pt;\" border=\"0\" width=\"311\" cellspacing=\"0\" cellpadding=\"0\">\n<tbody>\n<tr style=\"height: 17.60pt;\">\n<td class=\"et3\" style=\"height: 17.60pt; width: 108.35pt;\" width=\"108\" height=\"17\">Fabricante<\/td>\n<td class=\"et3\" style=\"width: 202.95pt;\" width=\"202\">HanYu<\/td>\n<\/tr>\n<tr style=\"height: 17.60pt;\">\n<td class=\"et3\" style=\"height: 17.60pt;\" height=\"17\">N\u00ba de modelo<\/td>\n<td class=\"et4\">HY-5402<\/td>\n<\/tr>\n<tr style=\"height: 18.00pt;\">\n<td class=\"et3\" style=\"height: 18.00pt;\" height=\"18\">Tipo<\/td>\n<td class=\"et5\" style=\"width: 202.95pt;\" width=\"202\">Cubeta de ca\u00edda<\/td>\n<\/tr>\n<tr style=\"height: 17.60pt;\">\n<td class=\"et3\" style=\"height: 17.60pt;\" height=\"17\">Forma<\/td>\n<td class=\"et3\">Forma rectangular<\/td>\n<\/tr>\n<tr style=\"height: 18.00pt;\">\n<td class=\"et4\" style=\"height: 18.00pt;\" height=\"18\">Color<\/td>\n<td class=\"et5\" style=\"width: 202.95pt;\" width=\"202\">Blanco<\/td>\n<\/tr>\n<tr style=\"height: 18.00pt;\">\n<td class=\"et3\" style=\"height: 18.00pt;\" height=\"18\">Dimensi\u00f3n<\/td>\n<td class=\"et5\" style=\"width: 202.95pt;\" width=\"202\">46*33*17<\/td>\n<\/tr>\n<tr style=\"height: 17.60pt;\">\n<td class=\"et3\" style=\"height: 17.60pt;\" height=\"17\">N.W \/SET<\/td>\n<td class=\"et3\">10KGS\/PCS<\/td>\n<\/tr>\n<tr style=\"height: 17.60pt;\">\n<td class=\"et3\" style=\"height: 17.60pt;\" height=\"17\">MOQ<\/td>\n<td class=\"et3\">20 piezas<\/td>\n<\/tr>\n<tr style=\"height: 17.60pt;\">\n<td class=\"et3\" style=\"height: 17.60pt;\" height=\"17\">Opci\u00f3n personalizada<\/td>\n<td class=\"et3\">Color\/Patr\u00f3n\/Tama\u00f1o\/Logotipo\/Embalaje<\/td>\n<\/tr>\n<\/tbody>\n<\/table>","protected":false},"featured_media":4353,"comment_status":"closed","ping_status":"closed","template":"","meta":{"_acf_changed":false},"product_brand":[],"product_cat":[51],"product_tag":[],"class_list":{"0":"post-4346","1":"product","2":"type-product","3":"status-publish","4":"has-post-thumbnail","6":"product_cat-wholesale-drop-in-sinks","8":"first","9":"instock","10":"shipping-taxable","11":"product-type-simple"},"acf":[],"_links":{"self":[{"href":"https:\/\/www.ceramicbasin.com\/es\/wp-json\/wp\/v2\/product\/4346","targetHints":{"allow":["GET"]}}],"collection":[{"href":"https:\/\/www.ceramicbasin.com\/es\/wp-json\/wp\/v2\/product"}],"about":[{"href":"https:\/\/www.ceramicbasin.com\/es\/wp-json\/wp\/v2\/types\/product"}],"replies":[{"embeddable":true,"href":"https:\/\/www.ceramicbasin.com\/es\/wp-json\/wp\/v2\/comments?post=4346"}],"wp:featuredmedia":[{"embeddable":true,"href":"https:\/\/www.ceramicbasin.com\/es\/wp-json\/wp\/v2\/media\/4353"}],"wp:attachment":[{"href":"https:\/\/www.ceramicbasin.com\/es\/wp-json\/wp\/v2\/media?parent=4346"}],"wp:term":[{"taxonomy":"product_brand","embeddable":true,"href":"https:\/\/www.ceramicbasin.com\/es\/wp-json\/wp\/v2\/product_brand?post=4346"},{"taxonomy":"product_cat","embeddable":true,"href":"https:\/\/www.ceramicbasin.com\/es\/wp-json\/wp\/v2\/product_cat?post=4346"},{"taxonomy":"product_tag","embeddable":true,"href":"https:\/\/www.ceramicbasin.com\/es\/wp-json\/wp\/v2\/product_tag?post=4346"}],"curies":[{"name":"wp","href":"https:\/\/api.w.org\/{rel}","templated":true}]}}