{"id":4354,"date":"2024-07-26T07:02:00","date_gmt":"2024-07-26T07:02:00","guid":{"rendered":"https:\/\/www.ceramicbasin.com\/?post_type=product&#038;p=4354"},"modified":"2024-11-04T08:08:30","modified_gmt":"2024-11-04T08:08:30","slug":"wholesale-in-counter-basin","status":"publish","type":"product","link":"https:\/\/www.ceramicbasin.com\/es\/producto\/wholesale-in-counter-basin\/","title":{"rendered":"Comprar al por mayor de alta calidad en la cuenca del contador para su proyecto"},"content":{"rendered":"<div class=\"wp-block-columns is-layout-flex wp-container-core-columns-is-layout-9d6595d7 wp-block-columns-is-layout-flex\">\n<div class=\"wp-block-column is-layout-flow wp-block-column-is-layout-flow\">\n<h2 class=\"wp-block-heading\">Premium al por mayor en el lavabo del contador Caracter\u00edsticas:<\/h2>\n\n\n\n<ul class=\"wp-block-list\">\n<li><strong>Material de alta calidad: <\/strong>Nuestro lavabo de encimera al por mayor est\u00e1 fabricado con material cer\u00e1mico de alta calidad, que es lo suficientemente robusto y duradero como para resistir altas temperaturas, ara\u00f1azos y desgaste para garantizar una larga vida \u00fatil.<\/li>\n\n\n\n<li><strong>Dise\u00f1o exquisito: <\/strong>Con el estilo de dise\u00f1o moderno, este lavabo de cer\u00e1mica al por mayor tiene un dise\u00f1o sin esfuerzo pero elegante, que ser\u00eda apropiado para cualquier estilo de decoraci\u00f3n diferente de ba\u00f1os y aseos. Enriquece el sabor general del lugar.<\/li>\n\n\n\n<li><strong>F\u00e1cil de instalar: <\/strong>La instalaci\u00f3n de este lavabo de encimera al por mayor es muy r\u00e1pida y f\u00e1cil. Es adecuado para diferentes tipos de materiales de la encimera de la vanidad, y es f\u00e1cil de instalar. Por lo tanto, es adecuado para diversos proyectos comerciales o distribuidores.<\/li>\n\n\n\n<li><strong>F\u00e1cil de mantener: <\/strong>La superficie de este fregadero de cer\u00e1mica al por mayor es uniforme y fina. Resistente a la suciedad y el moho, hace que la limpieza sea un trabajo f\u00e1cil y ayuda a mantenerlo limpio como nuevo, ahorr\u00e1ndole tiempo y energ\u00eda en la limpieza y el mantenimiento diarios.<\/li>\n<\/ul>\n<\/div>\n\n\n\n<div class=\"wp-block-column is-layout-flow wp-block-column-is-layout-flow\">\n<figure class=\"wp-block-image size-full\"><img fetchpriority=\"high\" decoding=\"async\" width=\"980\" height=\"1351\" src=\"https:\/\/www.ceramicbasin.com\/wp-content\/uploads\/2024\/07\/buy-high-quality-wholesale-in-counter-basin-for-your-project-6.webp\" alt=\"comprar-mayor-calidad-en-encimera-para-su-proyecto-5\" class=\"wp-image-4360\" srcset=\"https:\/\/www.ceramicbasin.com\/wp-content\/uploads\/2024\/07\/buy-high-quality-wholesale-in-counter-basin-for-your-project-6.webp 980w, https:\/\/www.ceramicbasin.com\/wp-content\/uploads\/2024\/07\/buy-high-quality-wholesale-in-counter-basin-for-your-project-6-218x300.webp 218w, https:\/\/www.ceramicbasin.com\/wp-content\/uploads\/2024\/07\/buy-high-quality-wholesale-in-counter-basin-for-your-project-6-768x1059.webp 768w, https:\/\/www.ceramicbasin.com\/wp-content\/uploads\/2024\/07\/buy-high-quality-wholesale-in-counter-basin-for-your-project-6-9x12.webp 9w, https:\/\/www.ceramicbasin.com\/wp-content\/uploads\/2024\/07\/buy-high-quality-wholesale-in-counter-basin-for-your-project-6-285x393.webp 285w, https:\/\/www.ceramicbasin.com\/wp-content\/uploads\/2024\/07\/buy-high-quality-wholesale-in-counter-basin-for-your-project-6-479x660.webp 479w, https:\/\/www.ceramicbasin.com\/wp-content\/uploads\/2024\/07\/buy-high-quality-wholesale-in-counter-basin-for-your-project-6-109x150.webp 109w\" sizes=\"(max-width: 980px) 100vw, 980px\" \/><\/figure>\n<\/div>\n<\/div>\n\n\n\n<p><\/p>","protected":false},"excerpt":{"rendered":"<p>Bienvenido a comprar fregaderos de cer\u00e1mica de nosotros. Nuestro lavabo de encimera al por mayor est\u00e1 hecho de porcelana de alta calidad con caracter\u00edsticas robustas y duraderas, resistente a altas temperaturas, ara\u00f1azos y desgaste, asegurando una larga vida \u00fatil del producto. Exquisito estilo de dise\u00f1o moderno, simple y elegante, adecuado para ba\u00f1os y aseos en varios estilos de decoraci\u00f3n, promoviendo el gusto total del espacio.<\/p>\n<table style=\"border-collapse: collapse; width: 311.02pt;\" border=\"0\" width=\"311\" cellspacing=\"0\" cellpadding=\"0\">\n<tbody>\n<tr style=\"height: 17.60pt;\">\n<td class=\"et3\" style=\"height: 17.60pt; width: 108.35pt;\" width=\"108\" height=\"17\">Fabricante<\/td>\n<td class=\"et3\" style=\"width: 202.95pt;\" width=\"202\">HanYu<\/td>\n<\/tr>\n<tr style=\"height: 17.60pt;\">\n<td class=\"et3\" style=\"height: 17.60pt;\" height=\"17\">N\u00ba de modelo<\/td>\n<td class=\"et4\">HY-5401A<\/td>\n<\/tr>\n<tr style=\"height: 18.00pt;\">\n<td class=\"et3\" style=\"height: 18.00pt;\" height=\"18\">Tipo<\/td>\n<td class=\"et5\" style=\"width: 202.95pt;\" width=\"202\">Cubeta de ca\u00edda<\/td>\n<\/tr>\n<tr style=\"height: 17.60pt;\">\n<td class=\"et3\" style=\"height: 17.60pt;\" height=\"17\">Forma<\/td>\n<td class=\"et3\">Forma rectangular<\/td>\n<\/tr>\n<tr style=\"height: 18.00pt;\">\n<td class=\"et4\" style=\"height: 18.00pt;\" height=\"18\">Color<\/td>\n<td class=\"et5\" style=\"width: 202.95pt;\" width=\"202\">Blanco<\/td>\n<\/tr>\n<tr style=\"height: 18.00pt;\">\n<td class=\"et3\" style=\"height: 18.00pt;\" height=\"18\">Dimensi\u00f3n<\/td>\n<td class=\"et5\" style=\"width: 202.95pt;\" width=\"202\">50.5*39*14<\/td>\n<\/tr>\n<tr style=\"height: 17.60pt;\">\n<td class=\"et3\" style=\"height: 17.60pt;\" height=\"17\">N.W \/SET<\/td>\n<td class=\"et3\">11KGS\/PCS<\/td>\n<\/tr>\n<tr style=\"height: 17.60pt;\">\n<td class=\"et3\" style=\"height: 17.60pt;\" height=\"17\">MOQ<\/td>\n<td class=\"et3\">20 piezas<\/td>\n<\/tr>\n<tr style=\"height: 17.60pt;\">\n<td class=\"et3\" style=\"height: 17.60pt;\" height=\"17\">Opci\u00f3n personalizada<\/td>\n<td class=\"et3\">Color\/Patr\u00f3n\/Tama\u00f1o\/Logotipo\/Embalaje<\/td>\n<\/tr>\n<\/tbody>\n<\/table>","protected":false},"featured_media":4361,"comment_status":"closed","ping_status":"closed","template":"","meta":{"_acf_changed":false},"product_brand":[],"product_cat":[51],"product_tag":[],"class_list":{"0":"post-4354","1":"product","2":"type-product","3":"status-publish","4":"has-post-thumbnail","6":"product_cat-wholesale-drop-in-sinks","8":"first","9":"instock","10":"shipping-taxable","11":"product-type-simple"},"acf":[],"_links":{"self":[{"href":"https:\/\/www.ceramicbasin.com\/es\/wp-json\/wp\/v2\/product\/4354","targetHints":{"allow":["GET"]}}],"collection":[{"href":"https:\/\/www.ceramicbasin.com\/es\/wp-json\/wp\/v2\/product"}],"about":[{"href":"https:\/\/www.ceramicbasin.com\/es\/wp-json\/wp\/v2\/types\/product"}],"replies":[{"embeddable":true,"href":"https:\/\/www.ceramicbasin.com\/es\/wp-json\/wp\/v2\/comments?post=4354"}],"wp:featuredmedia":[{"embeddable":true,"href":"https:\/\/www.ceramicbasin.com\/es\/wp-json\/wp\/v2\/media\/4361"}],"wp:attachment":[{"href":"https:\/\/www.ceramicbasin.com\/es\/wp-json\/wp\/v2\/media?parent=4354"}],"wp:term":[{"taxonomy":"product_brand","embeddable":true,"href":"https:\/\/www.ceramicbasin.com\/es\/wp-json\/wp\/v2\/product_brand?post=4354"},{"taxonomy":"product_cat","embeddable":true,"href":"https:\/\/www.ceramicbasin.com\/es\/wp-json\/wp\/v2\/product_cat?post=4354"},{"taxonomy":"product_tag","embeddable":true,"href":"https:\/\/www.ceramicbasin.com\/es\/wp-json\/wp\/v2\/product_tag?post=4354"}],"curies":[{"name":"wp","href":"https:\/\/api.w.org\/{rel}","templated":true}]}}