{"id":4362,"date":"2024-07-26T07:16:14","date_gmt":"2024-07-26T07:16:14","guid":{"rendered":"https:\/\/www.ceramicbasin.com\/?post_type=product&#038;p=4362"},"modified":"2024-07-26T07:29:51","modified_gmt":"2024-07-26T07:29:51","slug":"wholesale-wash-basin-semi-recessed","status":"publish","type":"product","link":"https:\/\/www.ceramicbasin.com\/es\/producto\/wholesale-wash-basin-semi-recessed\/","title":{"rendered":"Mayorista Lavabo semi-encastrado con agujero para grifo"},"content":{"rendered":"<div class=\"wp-block-columns is-layout-flex wp-container-core-columns-is-layout-9d6595d7 wp-block-columns-is-layout-flex\">\n<div class=\"wp-block-column is-layout-flow wp-block-column-is-layout-flow\">\n<h2 class=\"wp-block-heading\">Lavabo Premium al por mayor Caracter\u00edsticas:<\/h2>\n\n\n\n<ul class=\"wp-block-list\">\n<li><strong>Material de alta calidad: <\/strong>Nuestro lavabo semi-encastrado al por mayor est\u00e1 hecho de cer\u00e1mica de alta calidad, que es robusta y duradera, con una excelente resistencia a los ara\u00f1azos y al desgaste, lo que garantiza la fiabilidad a largo plazo.<\/li>\n\n\n\n<li><strong>Dise\u00f1o semiempotrado: <\/strong>El dise\u00f1o semiempotrado de este lavabo al por mayor ahorra espacio y es f\u00e1cil de instalar. Se adapta a varias encimeras y distribuciones de ba\u00f1o, mejorando el aprovechamiento del espacio y la est\u00e9tica.<\/li>\n\n\n\n<li><strong>Orificio reservado para el grifo: <\/strong>Este lavabo semiempotrado est\u00e1 dise\u00f1ado con un orificio reservado para el grifo, que resulta c\u00f3modo para que los usuarios instalen varios tipos de grifos para satisfacer las necesidades de diferentes clientes.<\/li>\n\n\n\n<li><strong>F\u00e1cil de limpiar: <\/strong>Nuestro fregadero de cer\u00e1mica al por mayor tiene un esmalte liso, que es resistente a las manchas y al moho, f\u00e1cil de limpiar y mantener, garantizando la higiene y el orden en el uso diario.<\/li>\n<\/ul>\n<\/div>\n\n\n\n<div class=\"wp-block-column is-layout-flow wp-block-column-is-layout-flow\">\n<figure class=\"wp-block-image size-full\"><img fetchpriority=\"high\" decoding=\"async\" width=\"682\" height=\"967\" src=\"https:\/\/www.ceramicbasin.com\/wp-content\/uploads\/2024\/07\/wholesale-wash-basin-semi-recessed-basin-with-faucet-hole-5.webp\" alt=\"venta al por mayor lavabo-semi-encastrado-con-agujero-de-grifo-5\" class=\"wp-image-4367\" srcset=\"https:\/\/www.ceramicbasin.com\/wp-content\/uploads\/2024\/07\/wholesale-wash-basin-semi-recessed-basin-with-faucet-hole-5.webp 682w, https:\/\/www.ceramicbasin.com\/wp-content\/uploads\/2024\/07\/wholesale-wash-basin-semi-recessed-basin-with-faucet-hole-5-212x300.webp 212w, https:\/\/www.ceramicbasin.com\/wp-content\/uploads\/2024\/07\/wholesale-wash-basin-semi-recessed-basin-with-faucet-hole-5-8x12.webp 8w, https:\/\/www.ceramicbasin.com\/wp-content\/uploads\/2024\/07\/wholesale-wash-basin-semi-recessed-basin-with-faucet-hole-5-285x404.webp 285w, https:\/\/www.ceramicbasin.com\/wp-content\/uploads\/2024\/07\/wholesale-wash-basin-semi-recessed-basin-with-faucet-hole-5-465x660.webp 465w, https:\/\/www.ceramicbasin.com\/wp-content\/uploads\/2024\/07\/wholesale-wash-basin-semi-recessed-basin-with-faucet-hole-5-106x150.webp 106w\" sizes=\"(max-width: 682px) 100vw, 682px\" \/><\/figure>\n<\/div>\n<\/div>\n\n\n\n<p><\/p>","protected":false},"excerpt":{"rendered":"<p>Este lavabo semiencastrado al por mayor est\u00e1 fabricado con material cer\u00e1mico de alta calidad, que es robusto y duradero, con una excelente resistencia a los ara\u00f1azos y al desgaste, lo que garantiza su fiabilidad a largo plazo. El exclusivo dise\u00f1o semiempotrado ahorra espacio y es f\u00e1cil de instalar. Se adapta a varias encimeras y distribuciones de ba\u00f1o, mejorando el aprovechamiento del espacio y la est\u00e9tica.<\/p>\n<table style=\"border-collapse: collapse; width: 311.02pt;\" border=\"0\" width=\"311\" cellspacing=\"0\" cellpadding=\"0\">\n<tbody>\n<tr style=\"height: 17.60pt;\">\n<td class=\"et3\" style=\"height: 17.60pt; width: 108.35pt;\" width=\"108\" height=\"17\">Fabricante<\/td>\n<td class=\"et3\" style=\"width: 202.95pt;\" width=\"202\">HanYu<\/td>\n<\/tr>\n<tr style=\"height: 17.60pt;\">\n<td class=\"et3\" style=\"height: 17.60pt;\" height=\"17\">N\u00ba de modelo<\/td>\n<td class=\"et4\">HY-5307<\/td>\n<\/tr>\n<tr style=\"height: 18.00pt;\">\n<td class=\"et3\" style=\"height: 18.00pt;\" height=\"18\">Tipo<\/td>\n<td class=\"et5\" style=\"width: 202.95pt;\" width=\"202\">Lavabo semi-encastrado<\/td>\n<\/tr>\n<tr style=\"height: 17.60pt;\">\n<td class=\"et3\" style=\"height: 17.60pt;\" height=\"17\">Forma<\/td>\n<td class=\"et3\">Forma rectangular<\/td>\n<\/tr>\n<tr style=\"height: 18.00pt;\">\n<td class=\"et4\" style=\"height: 18.00pt;\" height=\"18\">Color<\/td>\n<td class=\"et5\" style=\"width: 202.95pt;\" width=\"202\">Blanco<\/td>\n<\/tr>\n<tr style=\"height: 18.00pt;\">\n<td class=\"et3\" style=\"height: 18.00pt;\" height=\"18\">Dimensi\u00f3n<\/td>\n<td class=\"et5\" style=\"width: 202.95pt;\" width=\"202\">40*40*14<\/td>\n<\/tr>\n<tr style=\"height: 17.60pt;\">\n<td class=\"et3\" style=\"height: 17.60pt;\" height=\"17\">N.W \/SET<\/td>\n<td class=\"et3\">8KGS\/PCS<\/td>\n<\/tr>\n<tr style=\"height: 17.60pt;\">\n<td class=\"et3\" style=\"height: 17.60pt;\" height=\"17\">MOQ<\/td>\n<td class=\"et3\">20 piezas<\/td>\n<\/tr>\n<tr style=\"height: 17.60pt;\">\n<td class=\"et3\" style=\"height: 17.60pt;\" height=\"17\">Opci\u00f3n personalizada<\/td>\n<td class=\"et3\">Color\/Patr\u00f3n\/Tama\u00f1o\/Logotipo\/Embalaje<\/td>\n<\/tr>\n<\/tbody>\n<\/table>","protected":false},"featured_media":4368,"comment_status":"closed","ping_status":"closed","template":"","meta":{"_acf_changed":false},"product_brand":[],"product_cat":[58],"product_tag":[],"class_list":{"0":"post-4362","1":"product","2":"type-product","3":"status-publish","4":"has-post-thumbnail","6":"product_cat-wholesale-semi-recessed-sinks","8":"first","9":"instock","10":"shipping-taxable","11":"product-type-simple"},"acf":[],"_links":{"self":[{"href":"https:\/\/www.ceramicbasin.com\/es\/wp-json\/wp\/v2\/product\/4362","targetHints":{"allow":["GET"]}}],"collection":[{"href":"https:\/\/www.ceramicbasin.com\/es\/wp-json\/wp\/v2\/product"}],"about":[{"href":"https:\/\/www.ceramicbasin.com\/es\/wp-json\/wp\/v2\/types\/product"}],"replies":[{"embeddable":true,"href":"https:\/\/www.ceramicbasin.com\/es\/wp-json\/wp\/v2\/comments?post=4362"}],"wp:featuredmedia":[{"embeddable":true,"href":"https:\/\/www.ceramicbasin.com\/es\/wp-json\/wp\/v2\/media\/4368"}],"wp:attachment":[{"href":"https:\/\/www.ceramicbasin.com\/es\/wp-json\/wp\/v2\/media?parent=4362"}],"wp:term":[{"taxonomy":"product_brand","embeddable":true,"href":"https:\/\/www.ceramicbasin.com\/es\/wp-json\/wp\/v2\/product_brand?post=4362"},{"taxonomy":"product_cat","embeddable":true,"href":"https:\/\/www.ceramicbasin.com\/es\/wp-json\/wp\/v2\/product_cat?post=4362"},{"taxonomy":"product_tag","embeddable":true,"href":"https:\/\/www.ceramicbasin.com\/es\/wp-json\/wp\/v2\/product_tag?post=4362"}],"curies":[{"name":"wp","href":"https:\/\/api.w.org\/{rel}","templated":true}]}}