{"id":4369,"date":"2024-07-26T07:30:19","date_gmt":"2024-07-26T07:30:19","guid":{"rendered":"https:\/\/www.ceramicbasin.com\/?post_type=product&#038;p=4369"},"modified":"2024-11-04T08:00:54","modified_gmt":"2024-11-04T08:00:54","slug":"factory-supply-wash-basin","status":"publish","type":"product","link":"https:\/\/www.ceramicbasin.com\/es\/producto\/factory-supply-wash-basin\/","title":{"rendered":"Suministro de f\u00e1brica Lavabo, fregaderos semi-encastrados al por mayor"},"content":{"rendered":"<div class=\"wp-block-columns is-layout-flex wp-container-core-columns-is-layout-9d6595d7 wp-block-columns-is-layout-flex\">\n<div class=\"wp-block-column is-layout-flow wp-block-column-is-layout-flow\">\n<h2 class=\"wp-block-heading\">Premium Factory Supply Lavabo Caracter\u00edsticas:<\/h2>\n\n\n\n<ul class=\"wp-block-list\">\n<li><strong>Cer\u00e1mica de excelente calidad: <\/strong>Nuestro lavabo de suministro de f\u00e1brica est\u00e1 fabricado con material cer\u00e1mico de alta calidad, robusto, duradero, resistente a los ara\u00f1azos y al desgaste para garantizar una fiabilidad y belleza duraderas.<\/li>\n\n\n\n<li><strong>Dise\u00f1o semiempotrado:<\/strong> Estos lavabos semiempotrados al por mayor ahorran mucho espacio y son muy f\u00e1ciles de instalar. Es adecuado para diversas encimeras y dise\u00f1os de ba\u00f1o, promueve el uso y la belleza del espacio.<\/li>\n\n\n\n<li><strong>F\u00e1cil de limpiar: <\/strong>La superficie lisa y delicada del lavabo suministrado de f\u00e1brica no se mancha ni se enmohece, por lo que su limpieza resulta muy sencilla. Adem\u00e1s, puede conservarse f\u00e1cilmente como nuevo y reduce el tiempo y la energ\u00eda necesarios para limpiarlo a diario.<\/li>\n\n\n\n<li><strong>Especificaciones diversificadas: <\/strong>Ofrecemos varios tama\u00f1os y especificaciones de dise\u00f1o para lavabos de ba\u00f1o al por mayor, para satisfacer las diferentes necesidades de los clientes y se puede utilizar en diversos hogares y proyectos comerciales. Bienvenido a la investigaci\u00f3n y la personalizaci\u00f3n.<\/li>\n<\/ul>\n<\/div>\n\n\n\n<div class=\"wp-block-column is-layout-flow wp-block-column-is-layout-flow\">\n<figure class=\"wp-block-image size-full\"><img fetchpriority=\"high\" decoding=\"async\" width=\"775\" height=\"946\" src=\"https:\/\/www.ceramicbasin.com\/wp-content\/uploads\/2024\/07\/factory-supply-wash-basin-semi-recessed-basin-wholesale-1.webp\" alt=\"f\u00e1brica-suministro-semi lavabo-encastrado-mayorista-1\" class=\"wp-image-4370\" srcset=\"https:\/\/www.ceramicbasin.com\/wp-content\/uploads\/2024\/07\/factory-supply-wash-basin-semi-recessed-basin-wholesale-1.webp 775w, https:\/\/www.ceramicbasin.com\/wp-content\/uploads\/2024\/07\/factory-supply-wash-basin-semi-recessed-basin-wholesale-1-246x300.webp 246w, https:\/\/www.ceramicbasin.com\/wp-content\/uploads\/2024\/07\/factory-supply-wash-basin-semi-recessed-basin-wholesale-1-768x937.webp 768w, https:\/\/www.ceramicbasin.com\/wp-content\/uploads\/2024\/07\/factory-supply-wash-basin-semi-recessed-basin-wholesale-1-10x12.webp 10w, https:\/\/www.ceramicbasin.com\/wp-content\/uploads\/2024\/07\/factory-supply-wash-basin-semi-recessed-basin-wholesale-1-285x348.webp 285w, https:\/\/www.ceramicbasin.com\/wp-content\/uploads\/2024\/07\/factory-supply-wash-basin-semi-recessed-basin-wholesale-1-541x660.webp 541w, https:\/\/www.ceramicbasin.com\/wp-content\/uploads\/2024\/07\/factory-supply-wash-basin-semi-recessed-basin-wholesale-1-123x150.webp 123w\" sizes=\"(max-width: 775px) 100vw, 775px\" \/><\/figure>\n<\/div>\n<\/div>\n\n\n\n<p><\/p>","protected":false},"excerpt":{"rendered":"<p>Bienvenido a comprar lavabos de ba\u00f1o. Nuestro lavabo de suministro de f\u00e1brica adopta un dise\u00f1o semi-colgado, robusto, duradero, resistente a los ara\u00f1azos, resistente al desgaste, la fiabilidad de larga duraci\u00f3n y la belleza, adaptarse a diversas encimeras y dise\u00f1o de ba\u00f1o.<\/p>\n<table style=\"border-collapse: collapse; width: 311.02pt;\" border=\"0\" width=\"311\" cellspacing=\"0\" cellpadding=\"0\">\n<tbody>\n<tr style=\"height: 17.60pt;\">\n<td class=\"et3\" style=\"height: 17.60pt; width: 108.35pt;\" width=\"108\" height=\"17\">Fabricante<\/td>\n<td class=\"et3\" style=\"width: 202.95pt;\" width=\"202\">HanYu<\/td>\n<\/tr>\n<tr style=\"height: 17.60pt;\">\n<td class=\"et3\" style=\"height: 17.60pt;\" height=\"17\">N\u00ba de modelo<\/td>\n<td class=\"et4\">HY-5072<\/td>\n<\/tr>\n<tr style=\"height: 18.00pt;\">\n<td class=\"et3\" style=\"height: 18.00pt;\" height=\"18\">Tipo<\/td>\n<td class=\"et5\" style=\"width: 202.95pt;\" width=\"202\">Lavabo semi-encastrado<\/td>\n<\/tr>\n<tr style=\"height: 17.60pt;\">\n<td class=\"et3\" style=\"height: 17.60pt;\" height=\"17\">Forma<\/td>\n<td class=\"et3\">Forma rectangular<\/td>\n<\/tr>\n<tr style=\"height: 18.00pt;\">\n<td class=\"et4\" style=\"height: 18.00pt;\" height=\"18\">Color<\/td>\n<td class=\"et5\" style=\"width: 202.95pt;\" width=\"202\">Blanco<\/td>\n<\/tr>\n<tr style=\"height: 18.00pt;\">\n<td class=\"et3\" style=\"height: 18.00pt;\" height=\"18\">Dimensi\u00f3n<\/td>\n<td class=\"et5\" style=\"width: 202.95pt;\" width=\"202\">60*50*20<\/td>\n<\/tr>\n<tr style=\"height: 17.60pt;\">\n<td class=\"et3\" style=\"height: 17.60pt;\" height=\"17\">N.W \/SET<\/td>\n<td class=\"et3\">14KGS\/PCS<\/td>\n<\/tr>\n<tr style=\"height: 17.60pt;\">\n<td class=\"et3\" style=\"height: 17.60pt;\" height=\"17\">MOQ<\/td>\n<td class=\"et3\">20 piezas<\/td>\n<\/tr>\n<tr style=\"height: 17.60pt;\">\n<td class=\"et3\" style=\"height: 17.60pt;\" height=\"17\">Opci\u00f3n personalizada<\/td>\n<td class=\"et3\">Color\/Patr\u00f3n\/Tama\u00f1o\/Logotipo\/Embalaje<\/td>\n<\/tr>\n<\/tbody>\n<\/table>","protected":false},"featured_media":4373,"comment_status":"closed","ping_status":"closed","template":"","meta":{"_acf_changed":false},"product_brand":[],"product_cat":[58],"product_tag":[],"class_list":{"0":"post-4369","1":"product","2":"type-product","3":"status-publish","4":"has-post-thumbnail","6":"product_cat-wholesale-semi-recessed-sinks","8":"first","9":"instock","10":"shipping-taxable","11":"product-type-simple"},"acf":[],"_links":{"self":[{"href":"https:\/\/www.ceramicbasin.com\/es\/wp-json\/wp\/v2\/product\/4369","targetHints":{"allow":["GET"]}}],"collection":[{"href":"https:\/\/www.ceramicbasin.com\/es\/wp-json\/wp\/v2\/product"}],"about":[{"href":"https:\/\/www.ceramicbasin.com\/es\/wp-json\/wp\/v2\/types\/product"}],"replies":[{"embeddable":true,"href":"https:\/\/www.ceramicbasin.com\/es\/wp-json\/wp\/v2\/comments?post=4369"}],"wp:featuredmedia":[{"embeddable":true,"href":"https:\/\/www.ceramicbasin.com\/es\/wp-json\/wp\/v2\/media\/4373"}],"wp:attachment":[{"href":"https:\/\/www.ceramicbasin.com\/es\/wp-json\/wp\/v2\/media?parent=4369"}],"wp:term":[{"taxonomy":"product_brand","embeddable":true,"href":"https:\/\/www.ceramicbasin.com\/es\/wp-json\/wp\/v2\/product_brand?post=4369"},{"taxonomy":"product_cat","embeddable":true,"href":"https:\/\/www.ceramicbasin.com\/es\/wp-json\/wp\/v2\/product_cat?post=4369"},{"taxonomy":"product_tag","embeddable":true,"href":"https:\/\/www.ceramicbasin.com\/es\/wp-json\/wp\/v2\/product_tag?post=4369"}],"curies":[{"name":"wp","href":"https:\/\/api.w.org\/{rel}","templated":true}]}}