{"id":4378,"date":"2024-07-26T07:43:40","date_gmt":"2024-07-26T07:43:40","guid":{"rendered":"https:\/\/www.ceramicbasin.com\/?post_type=product&#038;p=4378"},"modified":"2024-11-04T07:55:21","modified_gmt":"2024-11-04T07:55:21","slug":"wholesale-ceramic-basins","status":"publish","type":"product","link":"https:\/\/www.ceramicbasin.com\/es\/producto\/wholesale-ceramic-basins\/","title":{"rendered":"Mayorista Lavabos de Cer\u00e1mica Semiencastrados Fast Supply"},"content":{"rendered":"<div class=\"wp-block-columns is-layout-flex wp-container-core-columns-is-layout-9d6595d7 wp-block-columns-is-layout-flex\">\n<div class=\"wp-block-column is-layout-flow wp-block-column-is-layout-flow\">\n<h2 class=\"wp-block-heading\">Lavabos de cer\u00e1mica al por mayor de primera calidad Caracter\u00edsticas:<\/h2>\n\n\n\n<ul class=\"wp-block-list\">\n<li><strong>Material cer\u00e1mico de alta calidad: <\/strong>Nuestros lavabos de cer\u00e1mica al por mayor tienen una excelente robustez y durabilidad con material cer\u00e1mico de alta calidad, que es resistente a los ara\u00f1azos y al desgaste para proporcionar belleza y fiabilidad a largo plazo.<\/li>\n\n\n\n<li><strong>Dise\u00f1o semiempotrado: <\/strong>Este lavabo de cer\u00e1mica al por mayor est\u00e1 dise\u00f1ado semi-empotrado, ahorrando espacio y siendo f\u00e1cil de instalar, adecuado para varios dise\u00f1os de ba\u00f1o para mejorar el uso de los espacios, mejorando a\u00fan m\u00e1s la belleza general.<\/li>\n\n\n\n<li><strong>Multiespecificaci\u00f3n: <\/strong>Vendemos al por mayor lavabos de cer\u00e1mica en diferentes tama\u00f1os y dise\u00f1os para satisfacer las necesidades de los requisitos de los diferentes clientes o diversos proyectos que son adecuados para los hogares, hoteles o lugares comerciales.<\/li>\n\n\n\n<li><strong>Suministro r\u00e1pido: <\/strong>Somos un fabricante profesional de lavabos de cer\u00e1mica que est\u00e1 bien equipado con un eficiente sistema de producci\u00f3n y log\u00edstica para garantizar un suministro r\u00e1pido y satisfacer sus necesidades de compra al por mayor de lavabos al por mayor a tiempo.<\/li>\n<\/ul>\n<\/div>\n\n\n\n<div class=\"wp-block-column is-layout-flow wp-block-column-is-layout-flow\">\n<figure class=\"wp-block-image size-full\"><img fetchpriority=\"high\" decoding=\"async\" width=\"679\" height=\"931\" src=\"https:\/\/www.ceramicbasin.com\/wp-content\/uploads\/2024\/07\/wholesale-ceramic-basin-semi-recessed-basin-for-bathroom-9.webp\" alt=\"mayorista-lavabos-ceramica-semi-lavabo-encastrado-para-ba\u00f1o-9\" class=\"wp-image-4386\" srcset=\"https:\/\/www.ceramicbasin.com\/wp-content\/uploads\/2024\/07\/wholesale-ceramic-basin-semi-recessed-basin-for-bathroom-9.webp 679w, https:\/\/www.ceramicbasin.com\/wp-content\/uploads\/2024\/07\/wholesale-ceramic-basin-semi-recessed-basin-for-bathroom-9-219x300.webp 219w, https:\/\/www.ceramicbasin.com\/wp-content\/uploads\/2024\/07\/wholesale-ceramic-basin-semi-recessed-basin-for-bathroom-9-9x12.webp 9w, https:\/\/www.ceramicbasin.com\/wp-content\/uploads\/2024\/07\/wholesale-ceramic-basin-semi-recessed-basin-for-bathroom-9-285x391.webp 285w, https:\/\/www.ceramicbasin.com\/wp-content\/uploads\/2024\/07\/wholesale-ceramic-basin-semi-recessed-basin-for-bathroom-9-481x660.webp 481w, https:\/\/www.ceramicbasin.com\/wp-content\/uploads\/2024\/07\/wholesale-ceramic-basin-semi-recessed-basin-for-bathroom-9-109x150.webp 109w\" sizes=\"(max-width: 679px) 100vw, 679px\" \/><\/figure>\n<\/div>\n<\/div>\n\n\n\n<p><\/p>","protected":false},"excerpt":{"rendered":"<p>Bienvenido a comprar al por mayor lavabos de ba\u00f1o de f\u00e1brica. Semiencastrados para ahorrar espacio, nuestros lavabos de cer\u00e1mica al por mayor fabricados con material cer\u00e1mico de alta calidad son robustos y duraderos, resistentes a los ara\u00f1azos y al desgaste, asegurando belleza y fiabilidad a largo plazo. Este lavabo es f\u00e1cil de instalar, adecuado para varios dise\u00f1os de cuarto de ba\u00f1o, y viene en diferentes tama\u00f1os y estilos para atender a diversos clientes y proyectos.<\/p>\n<table style=\"border-collapse: collapse; width: 311.02pt;\" border=\"0\" width=\"311\" cellspacing=\"0\" cellpadding=\"0\">\n<tbody>\n<tr style=\"height: 17.60pt;\">\n<td class=\"et3\" style=\"height: 17.60pt; width: 108.35pt;\" width=\"108\" height=\"17\">Fabricante<\/td>\n<td class=\"et3\" style=\"width: 202.95pt;\" width=\"202\">HanYu<\/td>\n<\/tr>\n<tr style=\"height: 17.60pt;\">\n<td class=\"et3\" style=\"height: 17.60pt;\" height=\"17\">N\u00ba de modelo<\/td>\n<td class=\"et4\">HY-401A<\/td>\n<\/tr>\n<tr style=\"height: 18.00pt;\">\n<td class=\"et3\" style=\"height: 18.00pt;\" height=\"18\">Tipo<\/td>\n<td class=\"et5\" style=\"width: 202.95pt;\" width=\"202\">Lavabo semi-encastrado<\/td>\n<\/tr>\n<tr style=\"height: 17.60pt;\">\n<td class=\"et3\" style=\"height: 17.60pt;\" height=\"17\">Forma<\/td>\n<td class=\"et3\">Forma rectangular<\/td>\n<\/tr>\n<tr style=\"height: 18.00pt;\">\n<td class=\"et4\" style=\"height: 18.00pt;\" height=\"18\">Color<\/td>\n<td class=\"et5\" style=\"width: 202.95pt;\" width=\"202\">Blanco<\/td>\n<\/tr>\n<tr style=\"height: 18.00pt;\">\n<td class=\"et3\" style=\"height: 18.00pt;\" height=\"18\">Dimensi\u00f3n<\/td>\n<td class=\"et5\" style=\"width: 202.95pt;\" width=\"202\">47*37*13<\/td>\n<\/tr>\n<tr style=\"height: 17.60pt;\">\n<td class=\"et3\" style=\"height: 17.60pt;\" height=\"17\">N.W \/SET<\/td>\n<td class=\"et3\">12KGS\/PCS<\/td>\n<\/tr>\n<tr style=\"height: 17.60pt;\">\n<td class=\"et3\" style=\"height: 17.60pt;\" height=\"17\">MOQ<\/td>\n<td class=\"et3\">20 piezas<\/td>\n<\/tr>\n<tr style=\"height: 17.60pt;\">\n<td class=\"et3\" style=\"height: 17.60pt;\" height=\"17\">Opci\u00f3n personalizada<\/td>\n<td class=\"et3\">Color\/Patr\u00f3n\/Tama\u00f1o\/Logotipo\/Embalaje<\/td>\n<\/tr>\n<\/tbody>\n<\/table>","protected":false},"featured_media":4379,"comment_status":"closed","ping_status":"closed","template":"","meta":{"_acf_changed":false},"product_brand":[],"product_cat":[58],"product_tag":[],"class_list":{"0":"post-4378","1":"product","2":"type-product","3":"status-publish","4":"has-post-thumbnail","6":"product_cat-wholesale-semi-recessed-sinks","8":"first","9":"instock","10":"shipping-taxable","11":"product-type-simple"},"acf":[],"_links":{"self":[{"href":"https:\/\/www.ceramicbasin.com\/es\/wp-json\/wp\/v2\/product\/4378","targetHints":{"allow":["GET"]}}],"collection":[{"href":"https:\/\/www.ceramicbasin.com\/es\/wp-json\/wp\/v2\/product"}],"about":[{"href":"https:\/\/www.ceramicbasin.com\/es\/wp-json\/wp\/v2\/types\/product"}],"replies":[{"embeddable":true,"href":"https:\/\/www.ceramicbasin.com\/es\/wp-json\/wp\/v2\/comments?post=4378"}],"wp:featuredmedia":[{"embeddable":true,"href":"https:\/\/www.ceramicbasin.com\/es\/wp-json\/wp\/v2\/media\/4379"}],"wp:attachment":[{"href":"https:\/\/www.ceramicbasin.com\/es\/wp-json\/wp\/v2\/media?parent=4378"}],"wp:term":[{"taxonomy":"product_brand","embeddable":true,"href":"https:\/\/www.ceramicbasin.com\/es\/wp-json\/wp\/v2\/product_brand?post=4378"},{"taxonomy":"product_cat","embeddable":true,"href":"https:\/\/www.ceramicbasin.com\/es\/wp-json\/wp\/v2\/product_cat?post=4378"},{"taxonomy":"product_tag","embeddable":true,"href":"https:\/\/www.ceramicbasin.com\/es\/wp-json\/wp\/v2\/product_tag?post=4378"}],"curies":[{"name":"wp","href":"https:\/\/api.w.org\/{rel}","templated":true}]}}