{"id":4387,"date":"2024-07-26T07:58:23","date_gmt":"2024-07-26T07:58:23","guid":{"rendered":"https:\/\/www.ceramicbasin.com\/?post_type=product&#038;p=4387"},"modified":"2024-12-06T09:22:48","modified_gmt":"2024-12-06T09:22:48","slug":"exquisite-wholesale-glass-sinks","status":"publish","type":"product","link":"https:\/\/www.ceramicbasin.com\/es\/producto\/exquisite-wholesale-glass-sinks\/","title":{"rendered":"Exquisito fregaderos de cristal al por mayor con varias opciones de colores"},"content":{"rendered":"<div class=\"wp-block-columns is-layout-flex wp-container-core-columns-is-layout-9d6595d7 wp-block-columns-is-layout-flex\">\n<div class=\"wp-block-column is-layout-flow wp-block-column-is-layout-flow\">\n<h2 class=\"wp-block-heading\">Fregaderos de cristal al por mayor de primera calidad Caracter\u00edsticas:<\/h2>\n\n\n\n<ul class=\"wp-block-list\">\n<li><strong>Material exquisito: <\/strong>Este lavabo al por mayor est\u00e1 hecho de material de vidrio de alta calidad, con gran transparencia y brillo resplandeciente, mostrando un efecto visual \u00fanico y un sentido moderno.<\/li>\n\n\n\n<li><strong>M\u00faltiples opciones de color: <\/strong>Nuestros lavabos de cristal al por mayor ofrecen una variedad de opciones de color para satisfacer diferentes estilos de decoraci\u00f3n y preferencias personales, a\u00f1adiendo color y personalidad al cuarto de ba\u00f1o.<\/li>\n\n\n\n<li><strong>Dise\u00f1o de moda: <\/strong>Estos lavabos de cristal al por mayor tienen un estilo de dise\u00f1o elegante y moderno, adecuado para varias distribuciones de cuartos de ba\u00f1o, y realzan la belleza general y el grado del espacio.<\/li>\n\n\n\n<li><strong>F\u00e1cil de limpiar: <\/strong>La superficie lisa de cristal es resistente a las manchas y al moho, y es f\u00e1cil de limpiar y mantener, lo que garantiza la higiene y el orden en el uso diario. Bienvenido a la compra y fregadero de cristal personalizado.<\/li>\n<\/ul>\n<\/div>\n\n\n\n<div class=\"wp-block-column is-layout-flow wp-block-column-is-layout-flow\">\n<figure class=\"wp-block-image size-full\"><img fetchpriority=\"high\" decoding=\"async\" width=\"1031\" height=\"1375\" src=\"https:\/\/www.ceramicbasin.com\/wp-content\/uploads\/2024\/07\/exquisite-wholesale-glass-sinks-with-various-colors-options-8_\u526f\u672c.jpg\" alt=\"exquisito-mayorista-fregaderos-de-vidrio-con-opciones-de-varios-colores-8_\u526f\u672c\" class=\"wp-image-4396\" srcset=\"https:\/\/www.ceramicbasin.com\/wp-content\/uploads\/2024\/07\/exquisite-wholesale-glass-sinks-with-various-colors-options-8_\u526f\u672c.jpg 1031w, https:\/\/www.ceramicbasin.com\/wp-content\/uploads\/2024\/07\/exquisite-wholesale-glass-sinks-with-various-colors-options-8_\u526f\u672c-225x300.jpg 225w, https:\/\/www.ceramicbasin.com\/wp-content\/uploads\/2024\/07\/exquisite-wholesale-glass-sinks-with-various-colors-options-8_\u526f\u672c-768x1024.jpg 768w, https:\/\/www.ceramicbasin.com\/wp-content\/uploads\/2024\/07\/exquisite-wholesale-glass-sinks-with-various-colors-options-8_\u526f\u672c-9x12.jpg 9w, https:\/\/www.ceramicbasin.com\/wp-content\/uploads\/2024\/07\/exquisite-wholesale-glass-sinks-with-various-colors-options-8_\u526f\u672c-285x380.jpg 285w, https:\/\/www.ceramicbasin.com\/wp-content\/uploads\/2024\/07\/exquisite-wholesale-glass-sinks-with-various-colors-options-8_\u526f\u672c-495x660.jpg 495w, https:\/\/www.ceramicbasin.com\/wp-content\/uploads\/2024\/07\/exquisite-wholesale-glass-sinks-with-various-colors-options-8_\u526f\u672c-112x150.jpg 112w\" sizes=\"(max-width: 1031px) 100vw, 1031px\" \/><\/figure>\n<\/div>\n<\/div>\n\n\n\n<p><\/p>","protected":false},"excerpt":{"rendered":"<p>Nuestros lavabos de cristal al por mayor est\u00e1n hechos de material de vidrio de alta calidad, con alta transparencia y brillo brillante, mostrando un efecto visual \u00fanico y sentido moderno. Proporcionar una variedad de opciones de color para satisfacer diferentes estilos de decoraci\u00f3n, a\u00f1adiendo color y personalidad al cuarto de ba\u00f1o.<\/p>\n<table style=\"border-collapse: collapse; width: 311.02pt;\" border=\"0\" width=\"311\" cellspacing=\"0\" cellpadding=\"0\">\n<tbody>\n<tr style=\"height: 17.60pt;\">\n<td class=\"et3\" style=\"height: 17.60pt; width: 108.35pt;\" width=\"108\" height=\"17\">Fabricante<\/td>\n<td class=\"et3\" style=\"width: 202.95pt;\" width=\"202\">HanYu<\/td>\n<\/tr>\n<tr style=\"height: 17.60pt;\">\n<td class=\"et3\" style=\"height: 17.60pt;\" height=\"17\">N\u00ba de modelo<\/td>\n<td class=\"et4\">HY-GL36\/ HY-GL36D<\/td>\n<\/tr>\n<tr style=\"height: 18.00pt;\">\n<td class=\"et3\" style=\"height: 18.00pt;\" height=\"18\">Tipo<\/td>\n<td class=\"et5\" style=\"width: 202.95pt;\" width=\"202\">Lavabo de cristal<\/td>\n<\/tr>\n<tr style=\"height: 17.60pt;\">\n<td class=\"et3\" style=\"height: 17.60pt;\" height=\"17\">Forma<\/td>\n<td class=\"et3\">Forma redonda<\/td>\n<\/tr>\n<tr style=\"height: 36.00pt;\">\n<td class=\"et4\" style=\"height: 36.00pt;\" height=\"36\">Color<\/td>\n<td class=\"et5\" style=\"width: 202.95pt;\" width=\"202\">negro\/blanco\/azul\/gris\/rosa\/verde\/marr\u00f3n\/caqui<\/td>\n<\/tr>\n<tr style=\"height: 36.00pt;\">\n<td class=\"et3\" style=\"height: 36.00pt;\" height=\"36\">Dimensi\u00f3n<\/td>\n<td class=\"et5\" style=\"width: 202.95pt;\" width=\"202\">36*36*11.5<br \/>40*40*12.0<\/td>\n<\/tr>\n<tr style=\"height: 17.60pt;\">\n<td class=\"et3\" style=\"height: 17.60pt;\" height=\"17\">N.W \/SET<\/td>\n<td class=\"et3\">7KGS\/PCS<\/td>\n<\/tr>\n<tr style=\"height: 17.60pt;\">\n<td class=\"et3\" style=\"height: 17.60pt;\" height=\"17\">MOQ<\/td>\n<td class=\"et3\">20 piezas<\/td>\n<\/tr>\n<tr style=\"height: 17.60pt;\">\n<td class=\"et3\" style=\"height: 17.60pt;\" height=\"17\">Opci\u00f3n personalizada<\/td>\n<td class=\"et3\">Color\/Patr\u00f3n\/Tama\u00f1o\/Logotipo\/Embalaje<\/td>\n<\/tr>\n<\/tbody>\n<\/table>","protected":false},"featured_media":4424,"comment_status":"closed","ping_status":"closed","template":"","meta":{"_acf_changed":false},"product_brand":[],"product_cat":[52,50],"product_tag":[],"class_list":{"0":"post-4387","1":"product","2":"type-product","3":"status-publish","4":"has-post-thumbnail","6":"product_cat-wholesale-glass-vessel-sinks","7":"product_cat-wholesale-countertop-sinks","9":"first","10":"instock","11":"shipping-taxable","12":"product-type-simple"},"acf":[],"_links":{"self":[{"href":"https:\/\/www.ceramicbasin.com\/es\/wp-json\/wp\/v2\/product\/4387","targetHints":{"allow":["GET"]}}],"collection":[{"href":"https:\/\/www.ceramicbasin.com\/es\/wp-json\/wp\/v2\/product"}],"about":[{"href":"https:\/\/www.ceramicbasin.com\/es\/wp-json\/wp\/v2\/types\/product"}],"replies":[{"embeddable":true,"href":"https:\/\/www.ceramicbasin.com\/es\/wp-json\/wp\/v2\/comments?post=4387"}],"wp:featuredmedia":[{"embeddable":true,"href":"https:\/\/www.ceramicbasin.com\/es\/wp-json\/wp\/v2\/media\/4424"}],"wp:attachment":[{"href":"https:\/\/www.ceramicbasin.com\/es\/wp-json\/wp\/v2\/media?parent=4387"}],"wp:term":[{"taxonomy":"product_brand","embeddable":true,"href":"https:\/\/www.ceramicbasin.com\/es\/wp-json\/wp\/v2\/product_brand?post=4387"},{"taxonomy":"product_cat","embeddable":true,"href":"https:\/\/www.ceramicbasin.com\/es\/wp-json\/wp\/v2\/product_cat?post=4387"},{"taxonomy":"product_tag","embeddable":true,"href":"https:\/\/www.ceramicbasin.com\/es\/wp-json\/wp\/v2\/product_tag?post=4387"}],"curies":[{"name":"wp","href":"https:\/\/api.w.org\/{rel}","templated":true}]}}