{"id":4397,"date":"2024-07-26T08:13:43","date_gmt":"2024-07-26T08:13:43","guid":{"rendered":"https:\/\/www.ceramicbasin.com\/?post_type=product&#038;p=4397"},"modified":"2024-12-06T09:22:48","modified_gmt":"2024-12-06T09:22:48","slug":"bulk-order-and-custom-glass-sinks","status":"publish","type":"product","link":"https:\/\/www.ceramicbasin.com\/es\/producto\/bulk-order-and-custom-glass-sinks\/","title":{"rendered":"Pedidos a granel y fregaderos de cristal personalizados con varios colores"},"content":{"rendered":"<div class=\"wp-block-columns is-layout-flex wp-container-core-columns-is-layout-9d6595d7 wp-block-columns-is-layout-flex\">\n<div class=\"wp-block-column is-layout-flow wp-block-column-is-layout-flow\">\n<h2 class=\"wp-block-heading\">Premium Custom Glass Fregaderos Caracter\u00edsticas:<\/h2>\n\n\n\n<ul class=\"wp-block-list\">\n<li><strong>Dise\u00f1o de moda: <\/strong>Nuestros lavabos de cristal fatory supply tienen un dise\u00f1o moderno y a la moda con l\u00edneas suaves, adecuado para varias distribuciones de cuartos de ba\u00f1o, y realzan la belleza general y el grado del espacio.<\/li>\n\n\n\n<li><strong>Material de vidrio de alta calidad: <\/strong>Estos fregaderos de cristal personalizados a granel est\u00e1n hechos de cristal de alta calidad con gran transparencia y delicada textura, que tiene excelentes efectos visuales y sentido moderno, garantizando la durabilidad y belleza del producto.<\/li>\n\n\n\n<li><strong>M\u00faltiples opciones de color: <\/strong>Nuestros lavabos de cristal al por mayor ofrecen una amplia gama de opciones de color, desde el cl\u00e1sico transparente a los colores de moda, para satisfacer diferentes estilos de decoraci\u00f3n y preferencias personales, a\u00f1adiendo colores \u00fanicos y personalidad al cuarto de ba\u00f1o.<\/li>\n\n\n\n<li><strong>Servicio personalizado:<\/strong> Apoyo a los fregaderos de cristal personalizados, satisfacer con flexibilidad las necesidades especiales de los clientes. Ya se trate de tama\u00f1o, forma o color, la personalizaci\u00f3n se puede hacer de acuerdo a sus necesidades.<\/li>\n<\/ul>\n<\/div>\n\n\n\n<div class=\"wp-block-column is-layout-flow wp-block-column-is-layout-flow\">\n<figure class=\"wp-block-image size-full\"><img fetchpriority=\"high\" decoding=\"async\" width=\"975\" height=\"1301\" src=\"https:\/\/www.ceramicbasin.com\/wp-content\/uploads\/2024\/07\/bulk-order-and-custom-glass-sinks-with-various-colors-10.jpg\" alt=\"fregaderos de cristal a granel y personalizados con varios colores-10\" class=\"wp-image-4407\" srcset=\"https:\/\/www.ceramicbasin.com\/wp-content\/uploads\/2024\/07\/bulk-order-and-custom-glass-sinks-with-various-colors-10.jpg 975w, https:\/\/www.ceramicbasin.com\/wp-content\/uploads\/2024\/07\/bulk-order-and-custom-glass-sinks-with-various-colors-10-225x300.jpg 225w, https:\/\/www.ceramicbasin.com\/wp-content\/uploads\/2024\/07\/bulk-order-and-custom-glass-sinks-with-various-colors-10-768x1025.jpg 768w, https:\/\/www.ceramicbasin.com\/wp-content\/uploads\/2024\/07\/bulk-order-and-custom-glass-sinks-with-various-colors-10-9x12.jpg 9w, https:\/\/www.ceramicbasin.com\/wp-content\/uploads\/2024\/07\/bulk-order-and-custom-glass-sinks-with-various-colors-10-285x380.jpg 285w, https:\/\/www.ceramicbasin.com\/wp-content\/uploads\/2024\/07\/bulk-order-and-custom-glass-sinks-with-various-colors-10-495x660.jpg 495w, https:\/\/www.ceramicbasin.com\/wp-content\/uploads\/2024\/07\/bulk-order-and-custom-glass-sinks-with-various-colors-10-112x150.jpg 112w\" sizes=\"(max-width: 975px) 100vw, 975px\" \/><\/figure>\n<\/div>\n<\/div>\n\n\n\n<p><\/p>","protected":false},"excerpt":{"rendered":"<p>Bienvenido a comprar fregaderos de cristal de suministro de f\u00e1brica. Nuestros fregaderos de cristal personalizados est\u00e1n hechos de vidrio de alta calidad con alta transparencia y textura delicada, excelente en efecto visual y lleno de modernidad. Ofrece una amplia gama de colores, desde el cl\u00e1sico transparente al color de moda, para satisfacer la preferencia de estilo de decoraci\u00f3n en diferentes aspectos.<\/p>\n<table style=\"border-collapse: collapse; width: 311.02pt;\" border=\"0\" width=\"311\" cellspacing=\"0\" cellpadding=\"0\">\n<tbody>\n<tr style=\"height: 17.60pt;\">\n<td class=\"et3\" style=\"height: 17.60pt; width: 108.35pt;\" width=\"108\" height=\"17\">Fabricante<\/td>\n<td class=\"et3\" style=\"width: 202.95pt;\" width=\"202\">HanYu<\/td>\n<\/tr>\n<tr style=\"height: 17.60pt;\">\n<td class=\"et3\" style=\"height: 17.60pt;\" height=\"17\">N\u00ba de modelo<\/td>\n<td class=\"et4\">HY-GL44AM<\/td>\n<\/tr>\n<tr style=\"height: 18.00pt;\">\n<td class=\"et3\" style=\"height: 18.00pt;\" height=\"18\">Tipo<\/td>\n<td class=\"et5\" style=\"width: 202.95pt;\" width=\"202\">Lavabo de cristal<\/td>\n<\/tr>\n<tr style=\"height: 17.60pt;\">\n<td class=\"et3\" style=\"height: 17.60pt;\" height=\"17\">Forma<\/td>\n<td class=\"et3\">Forma redonda<\/td>\n<\/tr>\n<tr style=\"height: 36.00pt;\">\n<td class=\"et4\" style=\"height: 36.00pt;\" height=\"36\">Color<\/td>\n<td class=\"et5\" style=\"width: 202.95pt;\" width=\"202\">negro\/blanco\/azul\/gris\/rosa\/verde\/marr\u00f3n\/caqui<\/td>\n<\/tr>\n<tr style=\"height: 18.00pt;\">\n<td class=\"et3\" style=\"height: 18.00pt;\" height=\"18\">Dimensi\u00f3n<\/td>\n<td class=\"et5\" style=\"width: 202.95pt;\" width=\"202\">44*44*11.5<\/td>\n<\/tr>\n<tr style=\"height: 17.60pt;\">\n<td class=\"et3\" style=\"height: 17.60pt;\" height=\"17\">N.W \/SET<\/td>\n<td class=\"et3\">7.5KGS\/PCS<\/td>\n<\/tr>\n<tr style=\"height: 17.60pt;\">\n<td class=\"et3\" style=\"height: 17.60pt;\" height=\"17\">MOQ<\/td>\n<td class=\"et3\">20 piezas<\/td>\n<\/tr>\n<tr style=\"height: 17.60pt;\">\n<td class=\"et3\" style=\"height: 17.60pt;\" height=\"17\">Opci\u00f3n personalizada<\/td>\n<td class=\"et3\">Color\/Patr\u00f3n\/Tama\u00f1o\/Logotipo\/Embalaje<\/td>\n<\/tr>\n<\/tbody>\n<\/table>","protected":false},"featured_media":4426,"comment_status":"closed","ping_status":"closed","template":"","meta":{"_acf_changed":false},"product_brand":[],"product_cat":[52,50],"product_tag":[],"class_list":{"0":"post-4397","1":"product","2":"type-product","3":"status-publish","4":"has-post-thumbnail","6":"product_cat-wholesale-glass-vessel-sinks","7":"product_cat-wholesale-countertop-sinks","9":"first","10":"instock","11":"shipping-taxable","12":"product-type-simple"},"acf":[],"_links":{"self":[{"href":"https:\/\/www.ceramicbasin.com\/es\/wp-json\/wp\/v2\/product\/4397","targetHints":{"allow":["GET"]}}],"collection":[{"href":"https:\/\/www.ceramicbasin.com\/es\/wp-json\/wp\/v2\/product"}],"about":[{"href":"https:\/\/www.ceramicbasin.com\/es\/wp-json\/wp\/v2\/types\/product"}],"replies":[{"embeddable":true,"href":"https:\/\/www.ceramicbasin.com\/es\/wp-json\/wp\/v2\/comments?post=4397"}],"wp:featuredmedia":[{"embeddable":true,"href":"https:\/\/www.ceramicbasin.com\/es\/wp-json\/wp\/v2\/media\/4426"}],"wp:attachment":[{"href":"https:\/\/www.ceramicbasin.com\/es\/wp-json\/wp\/v2\/media?parent=4397"}],"wp:term":[{"taxonomy":"product_brand","embeddable":true,"href":"https:\/\/www.ceramicbasin.com\/es\/wp-json\/wp\/v2\/product_brand?post=4397"},{"taxonomy":"product_cat","embeddable":true,"href":"https:\/\/www.ceramicbasin.com\/es\/wp-json\/wp\/v2\/product_cat?post=4397"},{"taxonomy":"product_tag","embeddable":true,"href":"https:\/\/www.ceramicbasin.com\/es\/wp-json\/wp\/v2\/product_tag?post=4397"}],"curies":[{"name":"wp","href":"https:\/\/api.w.org\/{rel}","templated":true}]}}