{"id":4408,"date":"2024-07-26T08:26:55","date_gmt":"2024-07-26T08:26:55","guid":{"rendered":"https:\/\/www.ceramicbasin.com\/?post_type=product&#038;p=4408"},"modified":"2024-12-06T09:22:47","modified_gmt":"2024-12-06T09:22:47","slug":"wholesale-glass-vessel-sink","status":"publish","type":"product","link":"https:\/\/www.ceramicbasin.com\/es\/producto\/wholesale-glass-vessel-sink\/","title":{"rendered":"Venta al por mayor de lavabos de cristal para cuartos de ba\u00f1o"},"content":{"rendered":"<div class=\"wp-block-columns is-layout-flex wp-container-core-columns-is-layout-9d6595d7 wp-block-columns-is-layout-flex\">\n<div class=\"wp-block-column is-layout-flow wp-block-column-is-layout-flow\">\n<h2 class=\"wp-block-heading\">Fregadero de vidrio al por mayor de primera calidad Caracter\u00edsticas:<\/h2>\n\n\n\n<ul class=\"wp-block-list\">\n<li><strong>Material de vidrio de alta calidad:<\/strong> Nuestro fregadero de vidrio al por mayor est\u00e1 hecho de material de vidrio de alta calidad, ligero de peso, y con alta transparencia y brillo, mostrando un efecto visual de alta gama y sentido moderno, garantizando la durabilidad y la belleza del producto.<\/li>\n\n\n\n<li><strong>Variedad de colores: <\/strong>Hay diferentes colores disponibles para este recipiente de cristal al por mayor, desde el cl\u00e1sico transparente al colorido y de moda para satisfacer los diferentes estilos de ba\u00f1o y preferencias personales.<\/li>\n\n\n\n<li><strong>Dise\u00f1o exquisito: <\/strong>Este lavabo de vidrio al por mayor est\u00e1 dise\u00f1ado en un estilo moderno, con l\u00edneas hermosas y adecuado para todo tipo de dise\u00f1o de ba\u00f1o, promoviendo el grado de belleza del espacio en su conjunto.<\/li>\n\n\n\n<li><strong>F\u00e1cil de limpiar: <\/strong>Con una superficie de cristal liso, este recipiente de cristal es resistente a las manchas y al moho, f\u00e1cil de limpiar y mantener, lo que garantiza la higiene y el orden en el uso diario.<\/li>\n<\/ul>\n<\/div>\n\n\n\n<div class=\"wp-block-column is-layout-flow wp-block-column-is-layout-flow\">\n<figure class=\"wp-block-image size-full\"><img fetchpriority=\"high\" decoding=\"async\" width=\"975\" height=\"1300\" src=\"https:\/\/www.ceramicbasin.com\/wp-content\/uploads\/2024\/07\/premium-wholesale-glass-vessel-sink-bowls-for-bathrooms-9.webp\" alt=\"premium-mayorista-fregadero-de-vidrio-lavabos-para-ba\u00f1os-9\" class=\"wp-image-4417\" srcset=\"https:\/\/www.ceramicbasin.com\/wp-content\/uploads\/2024\/07\/premium-wholesale-glass-vessel-sink-bowls-for-bathrooms-9.webp 975w, https:\/\/www.ceramicbasin.com\/wp-content\/uploads\/2024\/07\/premium-wholesale-glass-vessel-sink-bowls-for-bathrooms-9-225x300.webp 225w, https:\/\/www.ceramicbasin.com\/wp-content\/uploads\/2024\/07\/premium-wholesale-glass-vessel-sink-bowls-for-bathrooms-9-768x1024.webp 768w, https:\/\/www.ceramicbasin.com\/wp-content\/uploads\/2024\/07\/premium-wholesale-glass-vessel-sink-bowls-for-bathrooms-9-9x12.webp 9w, https:\/\/www.ceramicbasin.com\/wp-content\/uploads\/2024\/07\/premium-wholesale-glass-vessel-sink-bowls-for-bathrooms-9-285x380.webp 285w, https:\/\/www.ceramicbasin.com\/wp-content\/uploads\/2024\/07\/premium-wholesale-glass-vessel-sink-bowls-for-bathrooms-9-495x660.webp 495w, https:\/\/www.ceramicbasin.com\/wp-content\/uploads\/2024\/07\/premium-wholesale-glass-vessel-sink-bowls-for-bathrooms-9-113x150.webp 113w\" sizes=\"(max-width: 975px) 100vw, 975px\" \/><\/figure>\n<\/div>\n<\/div>\n\n\n\n<p><\/p>","protected":false},"excerpt":{"rendered":"<p>Bienvenido a comprar lavabos de vidrio al por mayor. Este lavabo de vidrio al por mayor es de material de vidrio de alta calidad, alta transparencia y alto brillo, que muestra efectos visuales de alta calidad y un sentido moderno. Con un dise\u00f1o moderno y de moda y abundantes opciones de color, se ha convertido en la primera opci\u00f3n para lavabos de ba\u00f1o de alta calidad.<\/p>\n<table style=\"border-collapse: collapse; width: 311.02pt;\" border=\"0\" width=\"311\" cellspacing=\"0\" cellpadding=\"0\">\n<tbody>\n<tr style=\"height: 17.60pt;\">\n<td class=\"et3\" style=\"height: 17.60pt; width: 108.35pt;\" width=\"108\" height=\"17\">Fabricante<\/td>\n<td class=\"et3\" style=\"width: 202.95pt;\" width=\"202\">HanYu<\/td>\n<\/tr>\n<tr style=\"height: 17.60pt;\">\n<td class=\"et3\" style=\"height: 17.60pt;\" height=\"17\">N\u00ba de modelo<\/td>\n<td class=\"et4\">HY-GL37<\/td>\n<\/tr>\n<tr style=\"height: 18.00pt;\">\n<td class=\"et3\" style=\"height: 18.00pt;\" height=\"18\">Tipo<\/td>\n<td class=\"et5\" style=\"width: 202.95pt;\" width=\"202\">Lavabo de cristal<\/td>\n<\/tr>\n<tr style=\"height: 17.60pt;\">\n<td class=\"et3\" style=\"height: 17.60pt;\" height=\"17\">Forma<\/td>\n<td class=\"et3\">Forma redonda<\/td>\n<\/tr>\n<tr style=\"height: 36.00pt;\">\n<td class=\"et4\" style=\"height: 36.00pt;\" height=\"36\">Color<\/td>\n<td class=\"et5\" style=\"width: 202.95pt;\" width=\"202\">negro\/blanco\/azul\/gris\/rosa\/verde\/marr\u00f3n\/caqui<\/td>\n<\/tr>\n<tr style=\"height: 18.00pt;\">\n<td class=\"et3\" style=\"height: 18.00pt;\" height=\"18\">Dimensi\u00f3n<\/td>\n<td class=\"et5\" style=\"width: 202.95pt;\" width=\"202\">46*46*12.5<\/td>\n<\/tr>\n<tr style=\"height: 17.60pt;\">\n<td class=\"et3\" style=\"height: 17.60pt;\" height=\"17\">N.W \/SET<\/td>\n<td class=\"et3\">8KGS\/PCS<\/td>\n<\/tr>\n<tr style=\"height: 17.60pt;\">\n<td class=\"et3\" style=\"height: 17.60pt;\" height=\"17\">MOQ<\/td>\n<td class=\"et3\">20 piezas<\/td>\n<\/tr>\n<tr style=\"height: 17.60pt;\">\n<td class=\"et3\" style=\"height: 17.60pt;\" height=\"17\">Opci\u00f3n personalizada<\/td>\n<td class=\"et3\">Color\/Patr\u00f3n\/Tama\u00f1o\/Logotipo\/Embalaje<\/td>\n<\/tr>\n<\/tbody>\n<\/table>","protected":false},"featured_media":4425,"comment_status":"closed","ping_status":"closed","template":"","meta":{"_acf_changed":false},"product_brand":[],"product_cat":[52,50],"product_tag":[],"class_list":{"0":"post-4408","1":"product","2":"type-product","3":"status-publish","4":"has-post-thumbnail","6":"product_cat-wholesale-glass-vessel-sinks","7":"product_cat-wholesale-countertop-sinks","9":"first","10":"instock","11":"shipping-taxable","12":"product-type-simple"},"acf":[],"_links":{"self":[{"href":"https:\/\/www.ceramicbasin.com\/es\/wp-json\/wp\/v2\/product\/4408","targetHints":{"allow":["GET"]}}],"collection":[{"href":"https:\/\/www.ceramicbasin.com\/es\/wp-json\/wp\/v2\/product"}],"about":[{"href":"https:\/\/www.ceramicbasin.com\/es\/wp-json\/wp\/v2\/types\/product"}],"replies":[{"embeddable":true,"href":"https:\/\/www.ceramicbasin.com\/es\/wp-json\/wp\/v2\/comments?post=4408"}],"wp:featuredmedia":[{"embeddable":true,"href":"https:\/\/www.ceramicbasin.com\/es\/wp-json\/wp\/v2\/media\/4425"}],"wp:attachment":[{"href":"https:\/\/www.ceramicbasin.com\/es\/wp-json\/wp\/v2\/media?parent=4408"}],"wp:term":[{"taxonomy":"product_brand","embeddable":true,"href":"https:\/\/www.ceramicbasin.com\/es\/wp-json\/wp\/v2\/product_brand?post=4408"},{"taxonomy":"product_cat","embeddable":true,"href":"https:\/\/www.ceramicbasin.com\/es\/wp-json\/wp\/v2\/product_cat?post=4408"},{"taxonomy":"product_tag","embeddable":true,"href":"https:\/\/www.ceramicbasin.com\/es\/wp-json\/wp\/v2\/product_tag?post=4408"}],"curies":[{"name":"wp","href":"https:\/\/api.w.org\/{rel}","templated":true}]}}