{"id":4637,"date":"2024-08-07T05:50:22","date_gmt":"2024-08-07T05:50:22","guid":{"rendered":"https:\/\/www.ceramicbasin.com\/?post_type=product&#038;p=4637"},"modified":"2024-11-04T07:32:37","modified_gmt":"2024-11-04T07:32:37","slug":"bathroom-sink-wholesale-countertop","status":"publish","type":"product","link":"https:\/\/www.ceramicbasin.com\/es\/producto\/bathroom-sink-wholesale-countertop\/","title":{"rendered":"Fregadero De Porcelana Al Por Mayor, Fregaderos Redondos De Encimera"},"content":{"rendered":"<div class=\"wp-block-columns is-layout-flex wp-container-core-columns-is-layout-9d6595d7 wp-block-columns-is-layout-flex\">\n<div class=\"wp-block-column is-layout-flow wp-block-column-is-layout-flow\">\n<h2 class=\"wp-block-heading\">Premium Fregadero de Ba\u00f1o al por mayor Caracter\u00edsticas:<\/h2>\n\n\n\n<ul class=\"wp-block-list\">\n<li><strong>Dise\u00f1o sencillo: <\/strong>Nuestro lavabo de cer\u00e1mica al por mayor utiliza l\u00edneas limpias y un lenguaje de dise\u00f1o moderno para ofrecer elegancia y belleza.<\/li>\n\n\n\n<li><strong>Esmalte de f\u00e1cil limpieza:<\/strong> Este fregadero de encimera al por mayor utiliza un esmalte brillante f\u00e1cil de limpiar, que no deja manchas de agua ni suciedad.<\/li>\n\n\n\n<li><strong>Excelente material: <\/strong>Nuestros lavabos de ba\u00f1o al por mayor est\u00e1n fabricados con materiales cer\u00e1micos de alta calidad para garantizar una excelente durabilidad y resistencia a los ara\u00f1azos, y se mantienen en buen estado tras un uso prolongado.<\/li>\n\n\n\n<li><strong>Ahorro de costes: <\/strong>Nuestro lavabo de ba\u00f1o de cer\u00e1mica al por mayor es ideal para proyectos especiales y renovaciones de ba\u00f1o. Precio al por mayor lavabo del ba\u00f1o es razonable, y la entrega r\u00e1pida, para garantizar la calidad del producto, al mismo tiempo para satisfacer las necesidades de grandes pedidos.<\/li>\n<\/ul>\n<\/div>\n\n\n\n<div class=\"wp-block-column is-layout-flow wp-block-column-is-layout-flow\">\n<figure class=\"wp-block-image size-full\"><img fetchpriority=\"high\" decoding=\"async\" width=\"750\" height=\"750\" src=\"https:\/\/www.ceramicbasin.com\/wp-content\/uploads\/2024\/08\/Porcelain-Bathroom-Sink-Wholesale-Countertop-Round-Sinks-1.webp\" alt=\"Fregadero de Porcelana al por mayor Fregaderos Redondos de Encimera-1\" class=\"wp-image-4638\" srcset=\"https:\/\/www.ceramicbasin.com\/wp-content\/uploads\/2024\/08\/Porcelain-Bathroom-Sink-Wholesale-Countertop-Round-Sinks-1.webp 750w, https:\/\/www.ceramicbasin.com\/wp-content\/uploads\/2024\/08\/Porcelain-Bathroom-Sink-Wholesale-Countertop-Round-Sinks-1-300x300.webp 300w, https:\/\/www.ceramicbasin.com\/wp-content\/uploads\/2024\/08\/Porcelain-Bathroom-Sink-Wholesale-Countertop-Round-Sinks-1-150x150.webp 150w, https:\/\/www.ceramicbasin.com\/wp-content\/uploads\/2024\/08\/Porcelain-Bathroom-Sink-Wholesale-Countertop-Round-Sinks-1-12x12.webp 12w, https:\/\/www.ceramicbasin.com\/wp-content\/uploads\/2024\/08\/Porcelain-Bathroom-Sink-Wholesale-Countertop-Round-Sinks-1-285x285.webp 285w, https:\/\/www.ceramicbasin.com\/wp-content\/uploads\/2024\/08\/Porcelain-Bathroom-Sink-Wholesale-Countertop-Round-Sinks-1-270x270.webp 270w, https:\/\/www.ceramicbasin.com\/wp-content\/uploads\/2024\/08\/Porcelain-Bathroom-Sink-Wholesale-Countertop-Round-Sinks-1-540x540.webp 540w, https:\/\/www.ceramicbasin.com\/wp-content\/uploads\/2024\/08\/Porcelain-Bathroom-Sink-Wholesale-Countertop-Round-Sinks-1-660x660.webp 660w\" sizes=\"(max-width: 750px) 100vw, 750px\" \/><\/figure>\n<\/div>\n<\/div>","protected":false},"excerpt":{"rendered":"<p>Bienvenido a comprar o fregadero de ba\u00f1o personalizado al por mayor de lavabo fabricante. Este lavabo redondo de porcelana para encimera al por mayor combina una est\u00e9tica de dise\u00f1o sencillo con una funci\u00f3n pr\u00e1ctica y est\u00e1 fabricado en cer\u00e1mica de calidad, duradera y f\u00e1cil de limpiar. Es la primera elecci\u00f3n para un cuarto de ba\u00f1o sencillo.<\/p>\n<table style=\"border-collapse: collapse; width: 311.02pt;\" border=\"0\" width=\"311\" cellspacing=\"0\" cellpadding=\"0\">\n<tbody>\n<tr style=\"height: 17.60pt;\">\n<td class=\"et3\" style=\"height: 17.60pt; width: 108.35pt;\" width=\"108\" height=\"17\">Fabricante<\/td>\n<td class=\"et3\" style=\"width: 202.95pt;\" width=\"202\">HanYu<\/td>\n<\/tr>\n<tr style=\"height: 17.60pt;\">\n<td class=\"et3\" style=\"height: 17.60pt;\" height=\"17\">N\u00ba de modelo<\/td>\n<td class=\"et4\">HY-404<\/td>\n<\/tr>\n<tr style=\"height: 18.00pt;\">\n<td class=\"et3\" style=\"height: 18.00pt;\" height=\"18\">Tipo<\/td>\n<td class=\"et5\" style=\"width: 202.95pt;\" width=\"202\">Lavabo sobre encimera<\/td>\n<\/tr>\n<tr style=\"height: 17.60pt;\">\n<td class=\"et3\" style=\"height: 17.60pt;\" height=\"17\">Forma<\/td>\n<td class=\"et3\">Forma redonda<\/td>\n<\/tr>\n<tr style=\"height: 18.00pt;\">\n<td class=\"et4\" style=\"height: 18.00pt;\" height=\"18\">Color<\/td>\n<td class=\"et5\" style=\"width: 202.95pt;\" width=\"202\">Blanco<\/td>\n<\/tr>\n<tr style=\"height: 18.00pt;\">\n<td class=\"et3\" style=\"height: 18.00pt;\" height=\"18\">Dimensi\u00f3n<\/td>\n<td class=\"et5\" style=\"width: 202.95pt;\" width=\"202\">46*46*16.5<\/td>\n<\/tr>\n<tr style=\"height: 17.60pt;\">\n<td class=\"et3\" style=\"height: 17.60pt;\" height=\"17\">N.W \/SET<\/td>\n<td class=\"et3\">13KGS\/PCS<\/td>\n<\/tr>\n<tr style=\"height: 17.60pt;\">\n<td class=\"et3\" style=\"height: 17.60pt;\" height=\"17\">MOQ<\/td>\n<td class=\"et3\">20 piezas<\/td>\n<\/tr>\n<tr style=\"height: 17.60pt;\">\n<td class=\"et3\" style=\"height: 17.60pt;\" height=\"17\">Opci\u00f3n personalizada<\/td>\n<td class=\"et3\">Color\/Patr\u00f3n\/Tama\u00f1o\/Logotipo\/Embalaje<\/td>\n<\/tr>\n<\/tbody>\n<\/table>","protected":false},"featured_media":4641,"comment_status":"closed","ping_status":"closed","template":"","meta":{"_acf_changed":false},"product_brand":[],"product_cat":[50],"product_tag":[],"class_list":{"0":"post-4637","1":"product","2":"type-product","3":"status-publish","4":"has-post-thumbnail","6":"product_cat-wholesale-countertop-sinks","8":"first","9":"instock","10":"shipping-taxable","11":"product-type-simple"},"acf":[],"_links":{"self":[{"href":"https:\/\/www.ceramicbasin.com\/es\/wp-json\/wp\/v2\/product\/4637","targetHints":{"allow":["GET"]}}],"collection":[{"href":"https:\/\/www.ceramicbasin.com\/es\/wp-json\/wp\/v2\/product"}],"about":[{"href":"https:\/\/www.ceramicbasin.com\/es\/wp-json\/wp\/v2\/types\/product"}],"replies":[{"embeddable":true,"href":"https:\/\/www.ceramicbasin.com\/es\/wp-json\/wp\/v2\/comments?post=4637"}],"wp:featuredmedia":[{"embeddable":true,"href":"https:\/\/www.ceramicbasin.com\/es\/wp-json\/wp\/v2\/media\/4641"}],"wp:attachment":[{"href":"https:\/\/www.ceramicbasin.com\/es\/wp-json\/wp\/v2\/media?parent=4637"}],"wp:term":[{"taxonomy":"product_brand","embeddable":true,"href":"https:\/\/www.ceramicbasin.com\/es\/wp-json\/wp\/v2\/product_brand?post=4637"},{"taxonomy":"product_cat","embeddable":true,"href":"https:\/\/www.ceramicbasin.com\/es\/wp-json\/wp\/v2\/product_cat?post=4637"},{"taxonomy":"product_tag","embeddable":true,"href":"https:\/\/www.ceramicbasin.com\/es\/wp-json\/wp\/v2\/product_tag?post=4637"}],"curies":[{"name":"wp","href":"https:\/\/api.w.org\/{rel}","templated":true}]}}