{"id":4644,"date":"2024-08-07T06:18:39","date_gmt":"2024-08-07T06:18:39","guid":{"rendered":"https:\/\/www.ceramicbasin.com\/?post_type=product&#038;p=4644"},"modified":"2024-11-04T07:28:34","modified_gmt":"2024-11-04T07:28:34","slug":"countertop-basin-wholesale","status":"publish","type":"product","link":"https:\/\/www.ceramicbasin.com\/es\/producto\/countertop-basin-wholesale\/","title":{"rendered":"Cubeta de Porcelana al por mayor, duradera y exquisita"},"content":{"rendered":"<div class=\"wp-block-columns is-layout-flex wp-container-core-columns-is-layout-9d6595d7 wp-block-columns-is-layout-flex\">\n<div class=\"wp-block-column is-layout-flow wp-block-column-is-layout-flow\">\n<h2 class=\"wp-block-heading\">Lavabo de Encimera Premium al por mayor Caracter\u00edsticas:<\/h2>\n\n\n\n<ul class=\"wp-block-list\">\n<li><strong>Dise\u00f1o exquisito: <\/strong>Este lavabo de encimera al por mayor tiene un dise\u00f1o moderno en l\u00ednea de cuenco, sencillo y bello, que a\u00f1ade una est\u00e9tica elegante y sofisticada al espacio de ba\u00f1o.<\/li>\n\n\n\n<li><strong>Esmalte f\u00e1cil de limpiar: <\/strong>Este lavabo de ba\u00f1o al por mayor utiliza un esmalte brillante que no deja huellas, manchas de agua ni suciedad, y es f\u00e1cil de limpiar.<\/li>\n\n\n\n<li><strong>Materiales de calidad:<\/strong> Nuestros lavabos de ba\u00f1o al por mayor est\u00e1n fabricados con materiales cer\u00e1micos de alta calidad para una excelente durabilidad y resistencia a los ara\u00f1azos, y pueden utilizar cualquier producto de limpieza.<\/li>\n\n\n\n<li><strong>Entrega r\u00e1pida:<\/strong> Nuestro lavabo de encimera al por mayor es ideal para proyectos profesionales y renovaciones de cuartos de ba\u00f1o a precios razonables y entrega r\u00e1pida para satisfacer las necesidades de grandes pedidos y garantizar una alta calidad.<\/li>\n<\/ul>\n<\/div>\n\n\n\n<div class=\"wp-block-column is-layout-flow wp-block-column-is-layout-flow\">\n<figure class=\"wp-block-image size-full\"><img fetchpriority=\"high\" decoding=\"async\" width=\"750\" height=\"750\" src=\"https:\/\/www.ceramicbasin.com\/wp-content\/uploads\/2024\/08\/Porcelain-Countertop-Basin-Wholesale-Durable-and-Exquisite-1.webp\" alt=\"Lavabo de Encimera de Porcelana al por Mayor, Duradero y Exquisito-1\" class=\"wp-image-4645\" srcset=\"https:\/\/www.ceramicbasin.com\/wp-content\/uploads\/2024\/08\/Porcelain-Countertop-Basin-Wholesale-Durable-and-Exquisite-1.webp 750w, https:\/\/www.ceramicbasin.com\/wp-content\/uploads\/2024\/08\/Porcelain-Countertop-Basin-Wholesale-Durable-and-Exquisite-1-300x300.webp 300w, https:\/\/www.ceramicbasin.com\/wp-content\/uploads\/2024\/08\/Porcelain-Countertop-Basin-Wholesale-Durable-and-Exquisite-1-150x150.webp 150w, https:\/\/www.ceramicbasin.com\/wp-content\/uploads\/2024\/08\/Porcelain-Countertop-Basin-Wholesale-Durable-and-Exquisite-1-12x12.webp 12w, https:\/\/www.ceramicbasin.com\/wp-content\/uploads\/2024\/08\/Porcelain-Countertop-Basin-Wholesale-Durable-and-Exquisite-1-285x285.webp 285w, https:\/\/www.ceramicbasin.com\/wp-content\/uploads\/2024\/08\/Porcelain-Countertop-Basin-Wholesale-Durable-and-Exquisite-1-270x270.webp 270w, https:\/\/www.ceramicbasin.com\/wp-content\/uploads\/2024\/08\/Porcelain-Countertop-Basin-Wholesale-Durable-and-Exquisite-1-540x540.webp 540w, https:\/\/www.ceramicbasin.com\/wp-content\/uploads\/2024\/08\/Porcelain-Countertop-Basin-Wholesale-Durable-and-Exquisite-1-660x660.webp 660w\" sizes=\"(max-width: 750px) 100vw, 750px\" \/><\/figure>\n<\/div>\n<\/div>","protected":false},"excerpt":{"rendered":"<p>Bienvenido a comprar lavabos de ba\u00f1o al por mayor. Este lavabo de encimera de cer\u00e1mica al por mayor est\u00e1 hecho de cer\u00e1mica de calidad, y combina un dise\u00f1o sencillo en forma de cuenco con una funci\u00f3n pr\u00e1ctica, lo que garantiza que sea duradero, resistente a los ara\u00f1azos y f\u00e1cil de limpiar. Podemos personalizar los lavabos seg\u00fan sus necesidades.<\/p>\n<table style=\"border-collapse: collapse; width: 311.02pt;\" border=\"0\" width=\"311\" cellspacing=\"0\" cellpadding=\"0\">\n<tbody>\n<tr style=\"height: 17.60pt;\">\n<td class=\"et3\" style=\"height: 17.60pt; width: 108.35pt;\" width=\"108\" height=\"17\">Fabricante<\/td>\n<td class=\"et3\" style=\"width: 202.95pt;\" width=\"202\">HanYu<\/td>\n<\/tr>\n<tr style=\"height: 17.60pt;\">\n<td class=\"et3\" style=\"height: 17.60pt;\" height=\"17\">N\u00ba de modelo<\/td>\n<td class=\"et4\">HY-3002A<\/td>\n<\/tr>\n<tr style=\"height: 18.00pt;\">\n<td class=\"et3\" style=\"height: 18.00pt;\" height=\"18\">Tipo<\/td>\n<td class=\"et5\" style=\"width: 202.95pt;\" width=\"202\">Lavabo sobre encimera<\/td>\n<\/tr>\n<tr style=\"height: 17.60pt;\">\n<td class=\"et3\" style=\"height: 17.60pt;\" height=\"17\">Forma<\/td>\n<td class=\"et3\">Forma redonda<\/td>\n<\/tr>\n<tr style=\"height: 18.00pt;\">\n<td class=\"et4\" style=\"height: 18.00pt;\" height=\"18\">Color<\/td>\n<td class=\"et5\" style=\"width: 202.95pt;\" width=\"202\">Blanco<\/td>\n<\/tr>\n<tr style=\"height: 18.00pt;\">\n<td class=\"et3\" style=\"height: 18.00pt;\" height=\"18\">Dimensi\u00f3n<\/td>\n<td class=\"et5\" style=\"width: 202.95pt;\" width=\"202\">31*31*14<\/td>\n<\/tr>\n<tr style=\"height: 17.60pt;\">\n<td class=\"et3\" style=\"height: 17.60pt;\" height=\"17\">N.W \/SET<\/td>\n<td class=\"et3\">6KGS\/PCS<\/td>\n<\/tr>\n<tr style=\"height: 17.60pt;\">\n<td class=\"et3\" style=\"height: 17.60pt;\" height=\"17\">MOQ<\/td>\n<td class=\"et3\">20 piezas<\/td>\n<\/tr>\n<tr style=\"height: 17.60pt;\">\n<td class=\"et3\" style=\"height: 17.60pt;\" height=\"17\">Opci\u00f3n personalizada<\/td>\n<td class=\"et3\">Color\/Patr\u00f3n\/Tama\u00f1o\/Logotipo\/Embalaje<\/td>\n<\/tr>\n<\/tbody>\n<\/table>","protected":false},"featured_media":4648,"comment_status":"closed","ping_status":"closed","template":"","meta":{"_acf_changed":false},"product_brand":[],"product_cat":[50],"product_tag":[],"class_list":{"0":"post-4644","1":"product","2":"type-product","3":"status-publish","4":"has-post-thumbnail","6":"product_cat-wholesale-countertop-sinks","8":"first","9":"instock","10":"shipping-taxable","11":"product-type-simple"},"acf":[],"_links":{"self":[{"href":"https:\/\/www.ceramicbasin.com\/es\/wp-json\/wp\/v2\/product\/4644","targetHints":{"allow":["GET"]}}],"collection":[{"href":"https:\/\/www.ceramicbasin.com\/es\/wp-json\/wp\/v2\/product"}],"about":[{"href":"https:\/\/www.ceramicbasin.com\/es\/wp-json\/wp\/v2\/types\/product"}],"replies":[{"embeddable":true,"href":"https:\/\/www.ceramicbasin.com\/es\/wp-json\/wp\/v2\/comments?post=4644"}],"wp:featuredmedia":[{"embeddable":true,"href":"https:\/\/www.ceramicbasin.com\/es\/wp-json\/wp\/v2\/media\/4648"}],"wp:attachment":[{"href":"https:\/\/www.ceramicbasin.com\/es\/wp-json\/wp\/v2\/media?parent=4644"}],"wp:term":[{"taxonomy":"product_brand","embeddable":true,"href":"https:\/\/www.ceramicbasin.com\/es\/wp-json\/wp\/v2\/product_brand?post=4644"},{"taxonomy":"product_cat","embeddable":true,"href":"https:\/\/www.ceramicbasin.com\/es\/wp-json\/wp\/v2\/product_cat?post=4644"},{"taxonomy":"product_tag","embeddable":true,"href":"https:\/\/www.ceramicbasin.com\/es\/wp-json\/wp\/v2\/product_tag?post=4644"}],"curies":[{"name":"wp","href":"https:\/\/api.w.org\/{rel}","templated":true}]}}