{"id":4671,"date":"2024-08-12T07:41:23","date_gmt":"2024-08-12T07:41:23","guid":{"rendered":"https:\/\/www.ceramicbasin.com\/?post_type=product&#038;p=4671"},"modified":"2024-11-04T07:25:21","modified_gmt":"2024-11-04T07:25:21","slug":"factory-wholesale-ceramic-washbasin","status":"publish","type":"product","link":"https:\/\/www.ceramicbasin.com\/es\/producto\/factory-wholesale-ceramic-washbasin\/","title":{"rendered":"Lavabo de cer\u00e1mica al por mayor de f\u00e1brica, fregadero sobre encimera"},"content":{"rendered":"<div class=\"wp-block-columns is-layout-flex wp-container-core-columns-is-layout-9d6595d7 wp-block-columns-is-layout-flex\">\n<div class=\"wp-block-column is-layout-flow wp-block-column-is-layout-flow\">\n<h2 class=\"wp-block-heading\">Lavabo de cer\u00e1mica de primera calidad al por mayor Caracter\u00edsticas:<\/h2>\n\n\n\n<ul class=\"wp-block-list\">\n<li><strong>Dise\u00f1o \u00fanico:<\/strong> Estos lavabos de cer\u00e1mica al por mayor con una art\u00edstica forma de cuenco y entrada de desag\u00fce cuadrada a\u00f1aden una elegancia inigualable al espacio de ba\u00f1o.<\/li>\n\n\n\n<li><strong>Esmalte de f\u00e1cil limpieza: <\/strong>F\u00e1cil de limpiar, el esmalte del fregadero sobre encimera al por mayor no dejar\u00e1 huellas, suciedad ni marcas de manchas de agua.<\/li>\n\n\n\n<li><strong>Excelente durabilidad: <\/strong>Nuestros lavabos de cer\u00e1mica al por mayor est\u00e1n fabricados con materiales cer\u00e1micos de primera calidad, que cuentan con una excelente resistencia a los ara\u00f1azos y durabilidad. Con una excelente resistencia qu\u00edmica, son lavables con cualquier tipo de detergente.<\/li>\n\n\n\n<li><strong>Entrega r\u00e1pida: <\/strong>Nuestros fregaderos sobre encimera al por mayor son perfectos para proyectos profesionales y renovaciones de cuartos de ba\u00f1o, manchas de agua o entregas r\u00e1pidas a precios razonables que pueden satisfacer r\u00e1pidamente los requisitos de pedidos al por mayor de su proyecto.<\/li>\n<\/ul>\n<\/div>\n\n\n\n<div class=\"wp-block-column is-layout-flow wp-block-column-is-layout-flow\">\n<figure class=\"wp-block-image size-full\"><img fetchpriority=\"high\" decoding=\"async\" width=\"750\" height=\"750\" src=\"https:\/\/www.ceramicbasin.com\/wp-content\/uploads\/2024\/08\/Factory-Supply-Wholesale-Ceramic-Washbasin-Above-Counter-Sink-1.webp\" alt=\"Suministro de f\u00e1brica al por mayor lavabo de cer\u00e1mica, fregadero sobre encimera-1\" class=\"wp-image-4672\" srcset=\"https:\/\/www.ceramicbasin.com\/wp-content\/uploads\/2024\/08\/Factory-Supply-Wholesale-Ceramic-Washbasin-Above-Counter-Sink-1.webp 750w, https:\/\/www.ceramicbasin.com\/wp-content\/uploads\/2024\/08\/Factory-Supply-Wholesale-Ceramic-Washbasin-Above-Counter-Sink-1-300x300.webp 300w, https:\/\/www.ceramicbasin.com\/wp-content\/uploads\/2024\/08\/Factory-Supply-Wholesale-Ceramic-Washbasin-Above-Counter-Sink-1-150x150.webp 150w, https:\/\/www.ceramicbasin.com\/wp-content\/uploads\/2024\/08\/Factory-Supply-Wholesale-Ceramic-Washbasin-Above-Counter-Sink-1-12x12.webp 12w, https:\/\/www.ceramicbasin.com\/wp-content\/uploads\/2024\/08\/Factory-Supply-Wholesale-Ceramic-Washbasin-Above-Counter-Sink-1-285x285.webp 285w, https:\/\/www.ceramicbasin.com\/wp-content\/uploads\/2024\/08\/Factory-Supply-Wholesale-Ceramic-Washbasin-Above-Counter-Sink-1-270x270.webp 270w, https:\/\/www.ceramicbasin.com\/wp-content\/uploads\/2024\/08\/Factory-Supply-Wholesale-Ceramic-Washbasin-Above-Counter-Sink-1-540x540.webp 540w, https:\/\/www.ceramicbasin.com\/wp-content\/uploads\/2024\/08\/Factory-Supply-Wholesale-Ceramic-Washbasin-Above-Counter-Sink-1-660x660.webp 660w\" sizes=\"(max-width: 750px) 100vw, 750px\" \/><\/figure>\n<\/div>\n<\/div>","protected":false},"excerpt":{"rendered":"<p>Bienvenido a comprar lavabos sobre encimera al por mayor. Nuestros lavabos de cer\u00e1mica al por mayor en forma de cuenco con esmalte de f\u00e1cil limpieza, son f\u00e1ciles de limpiar sin dejar huellas dactilares, suciedad o manchas de agua en la superficie. Est\u00e1n fabricados en cer\u00e1mica de alta calidad y tienen una resistencia a los ara\u00f1azos y una durabilidad de primera clase. Con una excelente resistencia qu\u00edmica, permite aplicar cualquier detergente qu\u00edmico para su limpieza.<\/p>\n<table style=\"border-collapse: collapse; width: 311.02pt;\" border=\"0\" width=\"311\" cellspacing=\"0\" cellpadding=\"0\">\n<tbody>\n<tr style=\"height: 17.60pt;\">\n<td class=\"et3\" style=\"height: 17.60pt; width: 108.35pt;\" width=\"108\" height=\"17\">Fabricante<\/td>\n<td class=\"et3\" style=\"width: 202.95pt;\" width=\"202\">HanYu<\/td>\n<\/tr>\n<tr style=\"height: 17.60pt;\">\n<td class=\"et3\" style=\"height: 17.60pt;\" height=\"17\">N\u00ba de modelo<\/td>\n<td class=\"et4\">HY-8002<\/td>\n<\/tr>\n<tr style=\"height: 18.00pt;\">\n<td class=\"et3\" style=\"height: 18.00pt;\" height=\"18\">Tipo<\/td>\n<td class=\"et5\" style=\"width: 202.95pt;\" width=\"202\">Lavabo sobre encimera<\/td>\n<\/tr>\n<tr style=\"height: 17.60pt;\">\n<td class=\"et3\" style=\"height: 17.60pt;\" height=\"17\">Forma<\/td>\n<td class=\"et3\">Forma redonda<\/td>\n<\/tr>\n<tr style=\"height: 18.00pt;\">\n<td class=\"et4\" style=\"height: 18.00pt;\" height=\"18\">Color<\/td>\n<td class=\"et5\" style=\"width: 202.95pt;\" width=\"202\">Blanco<\/td>\n<\/tr>\n<tr style=\"height: 18.00pt;\">\n<td class=\"et3\" style=\"height: 18.00pt;\" height=\"18\">Dimensi\u00f3n<\/td>\n<td class=\"et5\" style=\"width: 202.95pt;\" width=\"202\">40*40*13<\/td>\n<\/tr>\n<tr style=\"height: 17.60pt;\">\n<td class=\"et3\" style=\"height: 17.60pt;\" height=\"17\">N.W \/SET<\/td>\n<td class=\"et3\">8KGS\/PCS<\/td>\n<\/tr>\n<tr style=\"height: 17.60pt;\">\n<td class=\"et3\" style=\"height: 17.60pt;\" height=\"17\">MOQ<\/td>\n<td class=\"et3\">20 piezas<\/td>\n<\/tr>\n<tr style=\"height: 17.60pt;\">\n<td class=\"et3\" style=\"height: 17.60pt;\" height=\"17\">Opci\u00f3n personalizada<\/td>\n<td class=\"et3\">Color\/Patr\u00f3n\/Tama\u00f1o\/Logotipo\/Embalaje<\/td>\n<\/tr>\n<\/tbody>\n<\/table>","protected":false},"featured_media":4675,"comment_status":"closed","ping_status":"closed","template":"","meta":{"_acf_changed":false},"product_brand":[],"product_cat":[50],"product_tag":[],"class_list":{"0":"post-4671","1":"product","2":"type-product","3":"status-publish","4":"has-post-thumbnail","6":"product_cat-wholesale-countertop-sinks","8":"first","9":"instock","10":"shipping-taxable","11":"product-type-simple"},"acf":[],"_links":{"self":[{"href":"https:\/\/www.ceramicbasin.com\/es\/wp-json\/wp\/v2\/product\/4671","targetHints":{"allow":["GET"]}}],"collection":[{"href":"https:\/\/www.ceramicbasin.com\/es\/wp-json\/wp\/v2\/product"}],"about":[{"href":"https:\/\/www.ceramicbasin.com\/es\/wp-json\/wp\/v2\/types\/product"}],"replies":[{"embeddable":true,"href":"https:\/\/www.ceramicbasin.com\/es\/wp-json\/wp\/v2\/comments?post=4671"}],"wp:featuredmedia":[{"embeddable":true,"href":"https:\/\/www.ceramicbasin.com\/es\/wp-json\/wp\/v2\/media\/4675"}],"wp:attachment":[{"href":"https:\/\/www.ceramicbasin.com\/es\/wp-json\/wp\/v2\/media?parent=4671"}],"wp:term":[{"taxonomy":"product_brand","embeddable":true,"href":"https:\/\/www.ceramicbasin.com\/es\/wp-json\/wp\/v2\/product_brand?post=4671"},{"taxonomy":"product_cat","embeddable":true,"href":"https:\/\/www.ceramicbasin.com\/es\/wp-json\/wp\/v2\/product_cat?post=4671"},{"taxonomy":"product_tag","embeddable":true,"href":"https:\/\/www.ceramicbasin.com\/es\/wp-json\/wp\/v2\/product_tag?post=4671"}],"curies":[{"name":"wp","href":"https:\/\/api.w.org\/{rel}","templated":true}]}}