{"id":4749,"date":"2024-08-17T06:42:46","date_gmt":"2024-08-17T06:42:46","guid":{"rendered":"https:\/\/www.ceramicbasin.com\/?post_type=product&#038;p=4749"},"modified":"2024-11-04T09:01:25","modified_gmt":"2024-11-04T09:01:25","slug":"porcelain-wall-hung-basin-wholesale","status":"publish","type":"product","link":"https:\/\/www.ceramicbasin.com\/es\/producto\/porcelain-wall-hung-basin-wholesale\/","title":{"rendered":"Lavabo de Porcelana Colgado de la Pared al por Mayor, Lavabos de Ba\u00f1o Estrechos"},"content":{"rendered":"<div class=\"wp-block-columns is-layout-flex wp-container-core-columns-is-layout-9d6595d7 wp-block-columns-is-layout-flex\">\n<div class=\"wp-block-column is-layout-flow wp-block-column-is-layout-flow\">\n<h2 class=\"wp-block-heading\">Lavabo de porcelana de primera calidad colgado de la pared al por mayor Caracter\u00edsticas<\/h2>\n\n\n\n<ul class=\"wp-block-list\">\n<li><strong>Dise\u00f1o estrecho y compacto: <\/strong>Este lavabo suspendido al por mayor adopta un dise\u00f1o estrecho, para cuartos de ba\u00f1o o habitaciones peque\u00f1as con el fin de ahorrar m\u00e1s espacio, lo que resulta id\u00f3neo para cuartos de ba\u00f1o de residencias modernas, hoteles y locales comerciales.<\/li>\n\n\n\n<li><strong>Material cer\u00e1mico de alta calidad: <\/strong>Estos lavabos de ba\u00f1o estrechos al por mayor est\u00e1n hechos de materiales cer\u00e1micos de alta calidad cocidos a altas temperaturas para garantizar que los productos tengan una excelente durabilidad, y la superficie es lisa y delicada, antiincrustante y resistente a los ara\u00f1azos. Esto garantiza que despu\u00e9s de un uso prolongado permanezca limpio y brillante, f\u00e1cil de limpiar y de mantener.<\/li>\n\n\n\n<li><strong>Dise\u00f1o para instalaci\u00f3n en pared: <\/strong>ahorra espacio en el suelo y es f\u00e1cil de instalar. Mientras tanto, este lavabo colgado de la pared al por mayor crea un efecto visual simple y generoso, haciendo que el cuarto de ba\u00f1o parezca m\u00e1s espacioso y ordenado, y la altura se puede ajustar libremente para aumentar la comodidad de uso si es necesario.<\/li>\n\n\n\n<li><strong>Venta al por mayor y personalizaci\u00f3n: <\/strong>Estos lavabos de ba\u00f1o al por mayor son flexibles al servicio al por mayor y personalizaci\u00f3n. Es compatible con m\u00faltiples personalizaciones de tama\u00f1o, color y estilo para satisfacer diversas necesidades de dise\u00f1o de proyectos y puede satisfacer diversos estilos de decoraci\u00f3n de interiores.<\/li>\n<\/ul>\n<\/div>\n\n\n\n<div class=\"wp-block-column is-layout-flow wp-block-column-is-layout-flow\">\n<figure class=\"wp-block-image size-full\"><img fetchpriority=\"high\" decoding=\"async\" width=\"573\" height=\"800\" src=\"https:\/\/www.ceramicbasin.com\/wp-content\/uploads\/2024\/08\/Porcelain-washbasin-factory-wall-hung-wash-basin.7.webp\" alt=\"Lavabo de Porcelana Colgado de la Pared al por Mayor, Lavabos de Ba\u00f1o Estrechos\" class=\"wp-image-4755\" srcset=\"https:\/\/www.ceramicbasin.com\/wp-content\/uploads\/2024\/08\/Porcelain-washbasin-factory-wall-hung-wash-basin.7.webp 573w, https:\/\/www.ceramicbasin.com\/wp-content\/uploads\/2024\/08\/Porcelain-washbasin-factory-wall-hung-wash-basin.7-215x300.webp 215w, https:\/\/www.ceramicbasin.com\/wp-content\/uploads\/2024\/08\/Porcelain-washbasin-factory-wall-hung-wash-basin.7-9x12.webp 9w, https:\/\/www.ceramicbasin.com\/wp-content\/uploads\/2024\/08\/Porcelain-washbasin-factory-wall-hung-wash-basin.7-285x398.webp 285w, https:\/\/www.ceramicbasin.com\/wp-content\/uploads\/2024\/08\/Porcelain-washbasin-factory-wall-hung-wash-basin.7-473x660.webp 473w, https:\/\/www.ceramicbasin.com\/wp-content\/uploads\/2024\/08\/Porcelain-washbasin-factory-wall-hung-wash-basin.7-107x150.webp 107w\" sizes=\"(max-width: 573px) 100vw, 573px\" \/><\/figure>\n<\/div>\n<\/div>","protected":false},"excerpt":{"rendered":"<p>Bienvenido a comprar lavabos de ba\u00f1o peque\u00f1os al por mayor. Este lavabo colgado de la pared al por mayor est\u00e1 dise\u00f1ado con compacidad con el fin de ahorrar espacio peque\u00f1o, est\u00e1 hecho de material cer\u00e1mico de alta calidad que es durable y f\u00e1cil de limpiar. Su m\u00e9todo de instalaci\u00f3n en la pared mejora la utilizaci\u00f3n del espacio del cuarto de ba\u00f1o, y es adecuado para varios estilos de ba\u00f1os modernos.<\/p>\n<table style=\"border-collapse: collapse; width: 358.52pt;\" border=\"0\" width=\"478\" cellspacing=\"0\" cellpadding=\"0\">\n<tbody>\n<tr style=\"height: 17.25pt;\">\n<td class=\"et3\" style=\"height: 17.25pt; width: 125.00pt;\" width=\"166\" height=\"23\">Fabricante<\/td>\n<td class=\"et3\" style=\"width: 234.15pt;\" width=\"312\">HanYu<\/td>\n<\/tr>\n<tr style=\"height: 17.25pt;\">\n<td class=\"et3\" style=\"height: 17.25pt;\" height=\"23\">N\u00ba de modelo<\/td>\n<td class=\"et4\">HY-3043L<\/td>\n<\/tr>\n<tr style=\"height: 17.25pt;\">\n<td class=\"et3\" style=\"height: 17.25pt;\" height=\"23\">Tipo<\/td>\n<td class=\"et5\" style=\"width: 234.15pt;\" width=\"312\">Lavabos de pared<\/td>\n<\/tr>\n<tr style=\"height: 18.00pt;\">\n<td class=\"et3\" style=\"height: 18.00pt;\" height=\"24\">Forma<\/td>\n<td class=\"et3\">Forma rectangular<\/td>\n<\/tr>\n<tr style=\"height: 34.50pt;\">\n<td class=\"et4\" style=\"height: 34.50pt;\" height=\"46\">Color<\/td>\n<td class=\"et5\" style=\"width: 234.15pt;\" width=\"312\">negro\/blanco\/azul\/gris\/rosa\/verde\/marr\u00f3n\/caqui<\/td>\n<\/tr>\n<tr style=\"height: 18.00pt;\">\n<td class=\"et3\" style=\"height: 18.00pt;\" height=\"24\">Dimensi\u00f3n<\/td>\n<td class=\"et5\" style=\"width: 234.15pt;\" width=\"312\">45.5*25*12<\/td>\n<\/tr>\n<tr style=\"height: 17.25pt;\">\n<td class=\"et3\" style=\"height: 17.25pt;\" height=\"23\">N.W \/SET<\/td>\n<td class=\"et3\">7KGS\/PCS<\/td>\n<\/tr>\n<tr style=\"height: 17.25pt;\">\n<td class=\"et3\" style=\"height: 17.25pt;\" height=\"23\">MOQ<\/td>\n<td class=\"et3\">20 piezas<\/td>\n<\/tr>\n<tr style=\"height: 17.25pt;\">\n<td class=\"et3\" style=\"height: 17.25pt;\" height=\"23\">Opci\u00f3n personalizada<\/td>\n<td class=\"et3\">Color\/Patr\u00f3n\/Tama\u00f1o\/Logotipo\/Embalaje<\/td>\n<\/tr>\n<\/tbody>\n<\/table>","protected":false},"featured_media":4752,"comment_status":"closed","ping_status":"closed","template":"","meta":{"_acf_changed":false},"product_brand":[],"product_cat":[56],"product_tag":[],"class_list":{"0":"post-4749","1":"product","2":"type-product","3":"status-publish","4":"has-post-thumbnail","6":"product_cat-wholesale-small-bathroom-sinks","8":"first","9":"instock","10":"shipping-taxable","11":"product-type-simple"},"acf":[],"_links":{"self":[{"href":"https:\/\/www.ceramicbasin.com\/es\/wp-json\/wp\/v2\/product\/4749","targetHints":{"allow":["GET"]}}],"collection":[{"href":"https:\/\/www.ceramicbasin.com\/es\/wp-json\/wp\/v2\/product"}],"about":[{"href":"https:\/\/www.ceramicbasin.com\/es\/wp-json\/wp\/v2\/types\/product"}],"replies":[{"embeddable":true,"href":"https:\/\/www.ceramicbasin.com\/es\/wp-json\/wp\/v2\/comments?post=4749"}],"wp:featuredmedia":[{"embeddable":true,"href":"https:\/\/www.ceramicbasin.com\/es\/wp-json\/wp\/v2\/media\/4752"}],"wp:attachment":[{"href":"https:\/\/www.ceramicbasin.com\/es\/wp-json\/wp\/v2\/media?parent=4749"}],"wp:term":[{"taxonomy":"product_brand","embeddable":true,"href":"https:\/\/www.ceramicbasin.com\/es\/wp-json\/wp\/v2\/product_brand?post=4749"},{"taxonomy":"product_cat","embeddable":true,"href":"https:\/\/www.ceramicbasin.com\/es\/wp-json\/wp\/v2\/product_cat?post=4749"},{"taxonomy":"product_tag","embeddable":true,"href":"https:\/\/www.ceramicbasin.com\/es\/wp-json\/wp\/v2\/product_tag?post=4749"}],"curies":[{"name":"wp","href":"https:\/\/api.w.org\/{rel}","templated":true}]}}