{"id":4757,"date":"2024-08-17T07:17:37","date_gmt":"2024-08-17T07:17:37","guid":{"rendered":"https:\/\/www.ceramicbasin.com\/?post_type=product&#038;p=4757"},"modified":"2025-09-11T03:02:14","modified_gmt":"2025-09-11T03:02:14","slug":"corner-wall-hang-basin-wholesale","status":"publish","type":"product","link":"https:\/\/www.ceramicbasin.com\/es\/producto\/corner-wall-hang-basin-wholesale\/","title":{"rendered":"Lavabo Esquinero de Pared de Calidad al por Mayor, Lavabo Esquinero a Medida"},"content":{"rendered":"<div class=\"wp-block-columns is-layout-flex wp-container-core-columns-is-layout-9d6595d7 wp-block-columns-is-layout-flex\">\n<div class=\"wp-block-column is-layout-flow wp-block-column-is-layout-flow\">\n<h2 class=\"wp-block-heading\">Lavabo de Esquina Premium para Colgar en la Pared al por Mayor Caracter\u00edsticas<\/h2>\n\n\n\n<ul class=\"wp-block-list\">\n<li><strong>Dise\u00f1o esquinero que ahorra espacio:<\/strong> Este lavabo esquinero colgante de pared al por mayor est\u00e1 dise\u00f1ado para ba\u00f1os peque\u00f1os o espacios compactos, aprovechando al m\u00e1ximo la posici\u00f3n esquinera y mejorando la eficiencia del uso del espacio. Es muy adecuado para lugares como viviendas, hoteles y edificios comerciales que necesitan ahorrar espacio.<\/li>\n\n\n\n<li><strong>Productos cer\u00e1micos cocidos a alta temperatura:<\/strong> Nuestro fregadero esquinero a medida est\u00e1 hecho de cer\u00e1mica de alta calidad, cocida a alta temperatura con una superficie lisa y elegante. Tiene buena resistencia a los ara\u00f1azos, resistencia a las manchas y durabilidad, lo que garantiza que nunca perder\u00e1 su brillo y resplandor despu\u00e9s de un uso prolongado, y se puede mantener limpio y mantener f\u00e1cilmente.<\/li>\n\n\n\n<li><strong>Instalaci\u00f3n mural:<\/strong> El dise\u00f1o montado en la pared de este lavabo colgante de esquina al por mayor no s\u00f3lo ahorra espacio en el suelo, sino que tambi\u00e9n mejora la amplitud visual general del cuarto de ba\u00f1o. Es sencillo y bonito, f\u00e1cil de instalar y se adapta a diferentes requisitos de altura, lo que hace que la zona para lavarse las manos sea m\u00e1s pr\u00e1ctica y moderna.<\/li>\n\n\n\n<li><strong>Apoyo a los servicios personalizados: <\/strong>Proporcionamos servicios personalizados para fregaderos de esquina a medida en una variedad de tama\u00f1os, colores y formas, que se pueden adaptar seg\u00fan los diferentes requisitos del proyecto para satisfacer los requisitos de dise\u00f1o personalizado de la decoraci\u00f3n del hogar, proyectos hoteleros o proyectos comerciales.<\/li>\n<\/ul>\n<\/div>\n\n\n\n<div class=\"wp-block-column is-layout-flow wp-block-column-is-layout-flow\">\n<figure class=\"wp-block-image size-full\"><img fetchpriority=\"high\" decoding=\"async\" width=\"573\" height=\"800\" src=\"https:\/\/www.ceramicbasin.com\/wp-content\/uploads\/2024\/08\/Wholesale-wash-basin-supplier-wall-hanging-ceramic-basin.webp\" alt=\"Suministro de la f\u00e1brica de la esquina de la pared colgar lavabo al por mayor para cuarto de ba\u00f1o\" class=\"wp-image-4765\" srcset=\"https:\/\/www.ceramicbasin.com\/wp-content\/uploads\/2024\/08\/Wholesale-wash-basin-supplier-wall-hanging-ceramic-basin.webp 573w, https:\/\/www.ceramicbasin.com\/wp-content\/uploads\/2024\/08\/Wholesale-wash-basin-supplier-wall-hanging-ceramic-basin-215x300.webp 215w, https:\/\/www.ceramicbasin.com\/wp-content\/uploads\/2024\/08\/Wholesale-wash-basin-supplier-wall-hanging-ceramic-basin-9x12.webp 9w, https:\/\/www.ceramicbasin.com\/wp-content\/uploads\/2024\/08\/Wholesale-wash-basin-supplier-wall-hanging-ceramic-basin-285x398.webp 285w, https:\/\/www.ceramicbasin.com\/wp-content\/uploads\/2024\/08\/Wholesale-wash-basin-supplier-wall-hanging-ceramic-basin-473x660.webp 473w, https:\/\/www.ceramicbasin.com\/wp-content\/uploads\/2024\/08\/Wholesale-wash-basin-supplier-wall-hanging-ceramic-basin-107x150.webp 107w\" sizes=\"(max-width: 573px) 100vw, 573px\" \/><\/figure>\n<\/div>\n<\/div>","protected":false},"excerpt":{"rendered":"<p>Bienvenido al lavabo de esquina personalizado. El lavabo de esquina colgado de la pared al por mayor es un dise\u00f1o de esquina que ahorra espacio y est\u00e1 hecho de material cer\u00e1mico de alta calidad con gran durabilidad y resistencia a las manchas. El dise\u00f1o colgado de la pared no s\u00f3lo ahorra espacio, sino que tambi\u00e9n mejora el aspecto general del cuarto de ba\u00f1o. Se puede personalizar y utilizar en diversos entornos dom\u00e9sticos y comerciales.<\/p>\n<table style=\"border-collapse: collapse; width: 358.52pt;\" border=\"0\" width=\"478\" cellspacing=\"0\" cellpadding=\"0\">\n<tbody>\n<tr style=\"height: 17.25pt;\">\n<td class=\"et3\" style=\"height: 17.25pt; width: 125.00pt;\" width=\"166\" height=\"23\">Fabricante<\/td>\n<td class=\"et3\" style=\"width: 234.15pt;\" width=\"312\">HanYu<\/td>\n<\/tr>\n<tr style=\"height: 17.25pt;\">\n<td class=\"et3\" style=\"height: 17.25pt;\" height=\"23\">N\u00ba de modelo<\/td>\n<td class=\"et4\">HY-3042<\/td>\n<\/tr>\n<tr style=\"height: 17.25pt;\">\n<td class=\"et3\" style=\"height: 17.25pt;\" height=\"23\">Tipo<\/td>\n<td class=\"et5\" style=\"width: 234.15pt;\" width=\"312\">Fregaderos murales, lavabos peque\u00f1os<\/td>\n<\/tr>\n<tr style=\"height: 18.00pt;\">\n<td class=\"et3\" style=\"height: 18.00pt;\" height=\"24\">Forma<\/td>\n<td class=\"et3\">Forma redonda<\/td>\n<\/tr>\n<tr style=\"height: 34.50pt;\">\n<td class=\"et4\" style=\"height: 34.50pt;\" height=\"46\">Color<\/td>\n<td class=\"et5\" style=\"width: 234.15pt;\" width=\"312\">negro\/blanco\/azul\/gris\/rosa\/verde\/marr\u00f3n\/caqui<\/td>\n<\/tr>\n<tr style=\"height: 18.00pt;\">\n<td class=\"et3\" style=\"height: 18.00pt;\" height=\"24\">Dimensi\u00f3n<\/td>\n<td class=\"et5\" style=\"width: 234.15pt;\" width=\"312\">31*43*12.5<\/td>\n<\/tr>\n<tr style=\"height: 17.25pt;\">\n<td class=\"et3\" style=\"height: 17.25pt;\" height=\"23\">N.W \/SET<\/td>\n<td class=\"et3\">7KGS\/PCS<\/td>\n<\/tr>\n<tr style=\"height: 17.25pt;\">\n<td class=\"et3\" style=\"height: 17.25pt;\" height=\"23\">MOQ<\/td>\n<td class=\"et3\">20 piezas<\/td>\n<\/tr>\n<tr style=\"height: 17.25pt;\">\n<td class=\"et3\" style=\"height: 17.25pt;\" height=\"23\">Opci\u00f3n personalizada<\/td>\n<td class=\"et3\">Color\/Patr\u00f3n\/Tama\u00f1o\/Logotipo\/Embalaje<\/td>\n<\/tr>\n<\/tbody>\n<\/table>","protected":false},"featured_media":4761,"comment_status":"closed","ping_status":"closed","template":"","meta":{"_acf_changed":false},"product_brand":[],"product_cat":[56,57],"product_tag":[],"class_list":{"0":"post-4757","1":"product","2":"type-product","3":"status-publish","4":"has-post-thumbnail","6":"product_cat-wholesale-small-bathroom-sinks","7":"product_cat-wholesale-wall-mounted-sinks","9":"first","10":"instock","11":"shipping-taxable","12":"product-type-simple"},"acf":[],"_links":{"self":[{"href":"https:\/\/www.ceramicbasin.com\/es\/wp-json\/wp\/v2\/product\/4757","targetHints":{"allow":["GET"]}}],"collection":[{"href":"https:\/\/www.ceramicbasin.com\/es\/wp-json\/wp\/v2\/product"}],"about":[{"href":"https:\/\/www.ceramicbasin.com\/es\/wp-json\/wp\/v2\/types\/product"}],"replies":[{"embeddable":true,"href":"https:\/\/www.ceramicbasin.com\/es\/wp-json\/wp\/v2\/comments?post=4757"}],"wp:featuredmedia":[{"embeddable":true,"href":"https:\/\/www.ceramicbasin.com\/es\/wp-json\/wp\/v2\/media\/4761"}],"wp:attachment":[{"href":"https:\/\/www.ceramicbasin.com\/es\/wp-json\/wp\/v2\/media?parent=4757"}],"wp:term":[{"taxonomy":"product_brand","embeddable":true,"href":"https:\/\/www.ceramicbasin.com\/es\/wp-json\/wp\/v2\/product_brand?post=4757"},{"taxonomy":"product_cat","embeddable":true,"href":"https:\/\/www.ceramicbasin.com\/es\/wp-json\/wp\/v2\/product_cat?post=4757"},{"taxonomy":"product_tag","embeddable":true,"href":"https:\/\/www.ceramicbasin.com\/es\/wp-json\/wp\/v2\/product_tag?post=4757"}],"curies":[{"name":"wp","href":"https:\/\/api.w.org\/{rel}","templated":true}]}}