{"id":4838,"date":"2024-08-19T06:35:44","date_gmt":"2024-08-19T06:35:44","guid":{"rendered":"https:\/\/www.ceramicbasin.com\/?post_type=product&#038;p=4838"},"modified":"2024-11-04T08:49:36","modified_gmt":"2024-11-04T08:49:36","slug":"porcelain-bathroom-sinks-wholesale","status":"publish","type":"product","link":"https:\/\/www.ceramicbasin.com\/es\/producto\/porcelain-bathroom-sinks-wholesale\/","title":{"rendered":"Lavabos de Porcelana al por mayor, Lavabos redondos de encimera"},"content":{"rendered":"<div class=\"wp-block-columns is-layout-flex wp-container-core-columns-is-layout-9d6595d7 wp-block-columns-is-layout-flex\">\n<div class=\"wp-block-column is-layout-flow wp-block-column-is-layout-flow\">\n<h2 class=\"wp-block-heading\">Premium Porcelana Fregaderos de Ba\u00f1o al por mayor Caracter\u00edsticas:<\/h2>\n\n\n\n<ul class=\"wp-block-list\">\n<li><strong>Dise\u00f1o redondo cl\u00e1sico: <\/strong>La forma de estos lavabos de porcelana al por mayor est\u00e1 dise\u00f1ada en un estilo sencillo y elegante. Las l\u00edneas redondeadas dan al espacio de ba\u00f1o un ambiente armonioso, mientras que se adapta perfectamente a cualquier estilo de decoraci\u00f3n de ba\u00f1o, desde la simplicidad moderna hasta el estilo tradicional.<\/li>\n\n\n\n<li><strong>Material de porcelana de alta calidad: <\/strong>La calidad del material porcel\u00e1nico que compone nuestros lavabos redondos de encimera al por mayor es soberbia. Cocido a altas temperaturas, su superficie es suave y delicada, con una excelente resistencia al desgaste y a las manchas. Minimiza la frecuencia de limpieza porque no consume mucha mancha en su superficie.<\/li>\n\n\n\n<li><strong>Dise\u00f1o que ahorra espacio: <\/strong>Estos lavabos de porcelana al por mayor no s\u00f3lo son visualmente exquisitos y bellos, sino que tambi\u00e9n aprovechan al m\u00e1ximo el espacio de la encimera. Se pueden instalar en cuartos de ba\u00f1o de cualquier tama\u00f1o, especialmente en espacios reducidos. Mejora la utilizaci\u00f3n del espacio sin comprometer ninguna funci\u00f3n pr\u00e1ctica.<\/li>\n\n\n\n<li><strong>Servicios mayoristas y personalizados: <\/strong>Ofrecemos precio de compra al por mayor y servicio a medida para lavabos redondos de encimera, capaces de configurarse seg\u00fan los requisitos concretos de los clientes para adaptarse al estilo y las necesidades funcionales de los distintos proyectos.<\/li>\n<\/ul>\n<\/div>\n\n\n\n<div class=\"wp-block-column is-layout-flow wp-block-column-is-layout-flow\">\n<figure class=\"wp-block-image size-full\"><img fetchpriority=\"high\" decoding=\"async\" width=\"800\" height=\"800\" src=\"https:\/\/www.ceramicbasin.com\/wp-content\/uploads\/2024\/08\/White-Washroom-Ceramic-Sinkcustom-sink-countertopporcelain-bathroom-sink-6.webp\" alt=\"Lavabos de Porcelana al por mayor, Lavabos redondos de encimera\" class=\"wp-image-4844\" srcset=\"https:\/\/www.ceramicbasin.com\/wp-content\/uploads\/2024\/08\/White-Washroom-Ceramic-Sinkcustom-sink-countertopporcelain-bathroom-sink-6.webp 800w, https:\/\/www.ceramicbasin.com\/wp-content\/uploads\/2024\/08\/White-Washroom-Ceramic-Sinkcustom-sink-countertopporcelain-bathroom-sink-6-300x300.webp 300w, https:\/\/www.ceramicbasin.com\/wp-content\/uploads\/2024\/08\/White-Washroom-Ceramic-Sinkcustom-sink-countertopporcelain-bathroom-sink-6-150x150.webp 150w, https:\/\/www.ceramicbasin.com\/wp-content\/uploads\/2024\/08\/White-Washroom-Ceramic-Sinkcustom-sink-countertopporcelain-bathroom-sink-6-768x768.webp 768w, https:\/\/www.ceramicbasin.com\/wp-content\/uploads\/2024\/08\/White-Washroom-Ceramic-Sinkcustom-sink-countertopporcelain-bathroom-sink-6-12x12.webp 12w, https:\/\/www.ceramicbasin.com\/wp-content\/uploads\/2024\/08\/White-Washroom-Ceramic-Sinkcustom-sink-countertopporcelain-bathroom-sink-6-285x285.webp 285w, https:\/\/www.ceramicbasin.com\/wp-content\/uploads\/2024\/08\/White-Washroom-Ceramic-Sinkcustom-sink-countertopporcelain-bathroom-sink-6-270x270.webp 270w, https:\/\/www.ceramicbasin.com\/wp-content\/uploads\/2024\/08\/White-Washroom-Ceramic-Sinkcustom-sink-countertopporcelain-bathroom-sink-6-540x540.webp 540w, https:\/\/www.ceramicbasin.com\/wp-content\/uploads\/2024\/08\/White-Washroom-Ceramic-Sinkcustom-sink-countertopporcelain-bathroom-sink-6-660x660.webp 660w\" sizes=\"(max-width: 800px) 100vw, 800px\" \/><\/figure>\n<\/div>\n<\/div>","protected":false},"excerpt":{"rendered":"<p>Bienvenido a comprar al por mayor lavabos redondos de encimera. Nuestros lavabos de ba\u00f1o de porcelana al por mayor se adaptan a muchos tipos de estilos de ba\u00f1o con su dise\u00f1o simple y atmosf\u00e9rica, hecha de material de porcelana de alta calidad con una superficie lisa, resistente al desgaste, y f\u00e1cil de limpiar.<\/p>\n<table style=\"border-collapse: collapse; width: 358.52pt;\" border=\"0\" width=\"478\" cellspacing=\"0\" cellpadding=\"0\">\n<tbody>\n<tr style=\"height: 17.25pt;\">\n<td class=\"et3\" style=\"height: 17.25pt; width: 125.00pt;\" width=\"166\" height=\"23\">Fabricante<\/td>\n<td class=\"et3\" style=\"width: 234.15pt;\" width=\"312\">HanYu<\/td>\n<\/tr>\n<tr style=\"height: 17.25pt;\">\n<td class=\"et3\" style=\"height: 17.25pt;\" height=\"23\">N\u00ba de modelo<\/td>\n<td class=\"et4\">HY-8070<\/td>\n<\/tr>\n<tr style=\"height: 17.25pt;\">\n<td class=\"et3\" style=\"height: 17.25pt;\" height=\"23\">Tipo<\/td>\n<td class=\"et5\" style=\"width: 234.15pt;\" width=\"312\">Lavabos sobre encimera<\/td>\n<\/tr>\n<tr style=\"height: 18.00pt;\">\n<td class=\"et3\" style=\"height: 18.00pt;\" height=\"24\">Forma<\/td>\n<td class=\"et3\">Forma redonda<\/td>\n<\/tr>\n<tr style=\"height: 34.50pt;\">\n<td class=\"et4\" style=\"height: 34.50pt;\" height=\"46\">Color<\/td>\n<td class=\"et5\" style=\"width: 234.15pt;\" width=\"312\">negro\/blanco\/azul\/gris\/rosa\/verde\/marr\u00f3n\/caqui<\/td>\n<\/tr>\n<tr style=\"height: 18.00pt;\">\n<td class=\"et3\" style=\"height: 18.00pt;\" height=\"24\">Dimensi\u00f3n<\/td>\n<td class=\"et5\" style=\"width: 234.15pt;\" width=\"312\">36*36*11.5<\/td>\n<\/tr>\n<tr style=\"height: 17.25pt;\">\n<td class=\"et3\" style=\"height: 17.25pt;\" height=\"23\">N.W \/SET<\/td>\n<td class=\"et3\">10KGS\/PCS<\/td>\n<\/tr>\n<tr style=\"height: 17.25pt;\">\n<td class=\"et3\" style=\"height: 17.25pt;\" height=\"23\">MOQ<\/td>\n<td class=\"et3\">20 piezas<\/td>\n<\/tr>\n<tr style=\"height: 17.25pt;\">\n<td class=\"et3\" style=\"height: 17.25pt;\" height=\"23\">Opci\u00f3n personalizada<\/td>\n<td class=\"et3\">Color\/Patr\u00f3n\/Tama\u00f1o\/Logotipo\/Embalaje<\/td>\n<\/tr>\n<\/tbody>\n<\/table>","protected":false},"featured_media":4839,"comment_status":"closed","ping_status":"closed","template":"","meta":{"_acf_changed":false},"product_brand":[],"product_cat":[50],"product_tag":[],"class_list":{"0":"post-4838","1":"product","2":"type-product","3":"status-publish","4":"has-post-thumbnail","6":"product_cat-wholesale-countertop-sinks","8":"first","9":"instock","10":"shipping-taxable","11":"product-type-simple"},"acf":[],"_links":{"self":[{"href":"https:\/\/www.ceramicbasin.com\/es\/wp-json\/wp\/v2\/product\/4838","targetHints":{"allow":["GET"]}}],"collection":[{"href":"https:\/\/www.ceramicbasin.com\/es\/wp-json\/wp\/v2\/product"}],"about":[{"href":"https:\/\/www.ceramicbasin.com\/es\/wp-json\/wp\/v2\/types\/product"}],"replies":[{"embeddable":true,"href":"https:\/\/www.ceramicbasin.com\/es\/wp-json\/wp\/v2\/comments?post=4838"}],"wp:featuredmedia":[{"embeddable":true,"href":"https:\/\/www.ceramicbasin.com\/es\/wp-json\/wp\/v2\/media\/4839"}],"wp:attachment":[{"href":"https:\/\/www.ceramicbasin.com\/es\/wp-json\/wp\/v2\/media?parent=4838"}],"wp:term":[{"taxonomy":"product_brand","embeddable":true,"href":"https:\/\/www.ceramicbasin.com\/es\/wp-json\/wp\/v2\/product_brand?post=4838"},{"taxonomy":"product_cat","embeddable":true,"href":"https:\/\/www.ceramicbasin.com\/es\/wp-json\/wp\/v2\/product_cat?post=4838"},{"taxonomy":"product_tag","embeddable":true,"href":"https:\/\/www.ceramicbasin.com\/es\/wp-json\/wp\/v2\/product_tag?post=4838"}],"curies":[{"name":"wp","href":"https:\/\/api.w.org\/{rel}","templated":true}]}}